{"id":3446,"date":"2026-04-21T10:48:26","date_gmt":"2026-04-21T07:48:26","guid":{"rendered":"https:\/\/getama.ee\/?post_type=product&#038;p=3446"},"modified":"2026-04-21T10:48:26","modified_gmt":"2026-04-21T07:48:26","slug":"wh-pb-3-l-skeileri-kaepide","status":"publish","type":"product","link":"https:\/\/getama.ee\/en\/toode\/wh-pb-3-l-skeileri-kaepide\/","title":{"rendered":"W&#038;H PB-3 L skeileri k\u00e4epide"},"content":{"rendered":"","protected":false},"excerpt":{"rendered":"<p data-start=\"550\" data-end=\"839\"><strong>PB\u20113 L<\/strong> k\u00e4epide \u00fchendab ergonoomilise disaini, kerge konstruktsiooni ja suurep\u00e4rase funktsionaalsuse, v\u00f5imaldades hambaarstil t\u00f6\u00f6tada kauem ilma v\u00e4simuseta. K\u00e4epide on\u00a0termodesinfitseeritav\u00a0ja autoklaavitav kuni 135 \u00b0C, tagades k\u00f5rge h\u00fcgieenitaseme ning pika t\u00f6\u00f6ea.<\/p>\n<p data-start=\"841\" data-end=\"1188\">Integreeritud <strong data-start=\"855\" data-end=\"893\">LED-valgustusr\u00f5ngas <\/strong>(5 LED-dioodi) pakub p\u00e4evavalguse kvaliteediga valgustust, mis peegeldab t\u00e4pselt patsiendi hambav\u00e4rvi ja v\u00f5imaldab paremini n\u00e4ha kontraste ka keerukates piirkondades.<\/p>\n<p data-start=\"1190\" data-end=\"1323\">PB\u20113 skeileri k\u00e4epide on \u00fchilduv Pyon 2 ja Tigon s\u00fcsteemidega ning sobib laiale W&amp;H Piezo otsikute valikule, sealhulgas:<\/p>\n<ul data-start=\"1325\" data-end=\"1501\">\n<li data-section-id=\"avhusw\" data-start=\"1325\" data-end=\"1367\">Hambakatu ja hambakivi eemaldamiseks<\/li>\n<li data-section-id=\"o8o5ge\" data-start=\"1368\" data-end=\"1390\">Parodontaalne ravi<\/li>\n<li data-section-id=\"jp9uqb\" data-start=\"1391\" data-end=\"1422\">Endodontilised protseduurid<\/li>\n<li data-section-id=\"1o1xszt\" data-start=\"1423\" data-end=\"1453\">Implantaatide pinnahooldus<\/li>\n<li data-section-id=\"q5pfdu\" data-start=\"1454\" data-end=\"1501\">Restauratiivsed ja kaariese-preparatsioonid<\/li>\n<\/ul>\n<p data-start=\"1503\" data-end=\"1651\">Integreeritud <strong data-start=\"1517\" data-end=\"1534\">spray-s\u00fcsteem<\/strong> tagab \u00fchtlase jahutuse otse ravipiirkonda, v\u00e4hendades patsiendi ebamugavust ja toetades ohutut ultraheli kasutust.<\/p>\n","protected":false},"featured_media":3447,"comment_status":"open","ping_status":"closed","template":"","meta":{"_acf_changed":false,"_gspb_post_css":""},"product_brand":[49],"product_cat":[32],"product_tag":[],"class_list":{"0":"post-3446","1":"product","2":"type-product","3":"status-publish","4":"has-post-thumbnail","6":"product_brand-wh","7":"product_cat-skeilerid","9":"first","10":"instock","11":"taxable","12":"shipping-taxable","13":"purchasable","14":"product-type-simple"},"acf":[],"yoast_head":"<!-- This site is optimized with the Yoast SEO plugin v27.1.1 - https:\/\/yoast.com\/product\/yoast-seo-wordpress\/ -->\n<title>W&amp;H PB-3 L skeileri k\u00e4epide | Getama<\/title>\n<meta name=\"description\" content=\"W&amp;H PB-3 L skeileri k\u00e4epide | Getama\" \/>\n<meta name=\"robots\" content=\"index, follow, max-snippet:-1, max-image-preview:large, max-video-preview:-1\" \/>\n<link rel=\"canonical\" href=\"https:\/\/getama.ee\/en\/toode\/wh-pb-3-l-skeileri-kaepide\/\" \/>\n<meta property=\"og:locale\" content=\"en_US\" \/>\n<meta property=\"og:type\" content=\"article\" \/>\n<meta property=\"og:title\" content=\"W&amp;H PB-3 L skeileri k\u00e4epide | Getama\" \/>\n<meta property=\"og:description\" content=\"W&amp;H PB-3 L skeileri k\u00e4epide | Getama\" \/>\n<meta property=\"og:url\" content=\"https:\/\/getama.ee\/en\/toode\/wh-pb-3-l-skeileri-kaepide\/\" \/>\n<meta property=\"og:site_name\" content=\"Getama\" \/>\n<meta property=\"article:publisher\" content=\"https:\/\/www.facebook.com\/GetamaOU\" \/>\n<meta property=\"og:image\" content=\"https:\/\/getama.ee\/wp-content\/uploads\/2026\/04\/PB-3-L-skeileri-kaepide.png\" \/>\n\t<meta property=\"og:image:width\" content=\"1000\" \/>\n\t<meta property=\"og:image:height\" content=\"1000\" \/>\n\t<meta property=\"og:image:type\" content=\"image\/png\" \/>\n<meta name=\"twitter:card\" content=\"summary_large_image\" \/>\n<meta name=\"twitter:label1\" content=\"Est. reading time\" \/>\n\t<meta name=\"twitter:data1\" content=\"1 minute\" \/>\n<script type=\"application\/ld+json\" class=\"yoast-schema-graph\">{\"@context\":\"https:\/\/schema.org\",\"@graph\":[{\"@type\":[\"WebPage\",\"ItemPage\"],\"@id\":\"https:\/\/getama.ee\/en\/toode\/wh-pb-3-l-skeileri-kaepide\/\",\"url\":\"https:\/\/getama.ee\/en\/toode\/wh-pb-3-l-skeileri-kaepide\/\",\"name\":\"W&H PB-3 L skeileri k\u00e4epide | Getama\",\"isPartOf\":{\"@id\":\"https:\/\/getama.ee\/en\/#website\"},\"primaryImageOfPage\":{\"@id\":\"https:\/\/getama.ee\/en\/toode\/wh-pb-3-l-skeileri-kaepide\/#primaryimage\"},\"image\":{\"@id\":\"https:\/\/getama.ee\/en\/toode\/wh-pb-3-l-skeileri-kaepide\/#primaryimage\"},\"thumbnailUrl\":\"https:\/\/getama.ee\/wp-content\/uploads\/2026\/04\/PB-3-L-skeileri-kaepide.png\",\"datePublished\":\"2026-04-21T07:48:26+00:00\",\"description\":\"W&H PB-3 L skeileri k\u00e4epide | Getama\",\"breadcrumb\":{\"@id\":\"https:\/\/getama.ee\/en\/toode\/wh-pb-3-l-skeileri-kaepide\/#breadcrumb\"},\"inLanguage\":\"en-US\",\"potentialAction\":[{\"@type\":\"ReadAction\",\"target\":[\"https:\/\/getama.ee\/en\/toode\/wh-pb-3-l-skeileri-kaepide\/\"]}]},{\"@type\":\"ImageObject\",\"inLanguage\":\"en-US\",\"@id\":\"https:\/\/getama.ee\/en\/toode\/wh-pb-3-l-skeileri-kaepide\/#primaryimage\",\"url\":\"https:\/\/getama.ee\/wp-content\/uploads\/2026\/04\/PB-3-L-skeileri-kaepide.png\",\"contentUrl\":\"https:\/\/getama.ee\/wp-content\/uploads\/2026\/04\/PB-3-L-skeileri-kaepide.png\",\"width\":1000,\"height\":1000},{\"@type\":\"BreadcrumbList\",\"@id\":\"https:\/\/getama.ee\/en\/toode\/wh-pb-3-l-skeileri-kaepide\/#breadcrumb\",\"itemListElement\":[{\"@type\":\"ListItem\",\"position\":1,\"name\":\"Esileht\",\"item\":\"https:\/\/getama.ee\/en\/\"},{\"@type\":\"ListItem\",\"position\":2,\"name\":\"Pood\",\"item\":\"https:\/\/getama.ee\/pood\/\"},{\"@type\":\"ListItem\",\"position\":3,\"name\":\"W&#038;H PB-3 L skeileri k\u00e4epide\"}]},{\"@type\":\"WebSite\",\"@id\":\"https:\/\/getama.ee\/en\/#website\",\"url\":\"https:\/\/getama.ee\/en\/\",\"name\":\"Getama\",\"description\":\"Aitame sisustada Sinu hambakliiniku.\",\"publisher\":{\"@id\":\"https:\/\/getama.ee\/en\/#organization\"},\"potentialAction\":[{\"@type\":\"SearchAction\",\"target\":{\"@type\":\"EntryPoint\",\"urlTemplate\":\"https:\/\/getama.ee\/en\/?s={search_term_string}\"},\"query-input\":{\"@type\":\"PropertyValueSpecification\",\"valueRequired\":true,\"valueName\":\"search_term_string\"}}],\"inLanguage\":\"en-US\"},{\"@type\":\"Organization\",\"@id\":\"https:\/\/getama.ee\/en\/#organization\",\"name\":\"Getama O\u00dc\",\"url\":\"https:\/\/getama.ee\/en\/\",\"logo\":{\"@type\":\"ImageObject\",\"inLanguage\":\"en-US\",\"@id\":\"https:\/\/getama.ee\/en\/#\/schema\/logo\/image\/\",\"url\":\"https:\/\/getama.ee\/wp-content\/uploads\/2025\/07\/cropped-Getama-icon.png\",\"contentUrl\":\"https:\/\/getama.ee\/wp-content\/uploads\/2025\/07\/cropped-Getama-icon.png\",\"width\":512,\"height\":512,\"caption\":\"Getama O\u00dc\"},\"image\":{\"@id\":\"https:\/\/getama.ee\/en\/#\/schema\/logo\/image\/\"},\"sameAs\":[\"https:\/\/www.facebook.com\/GetamaOU\",\"https:\/\/www.linkedin.com\/company\/getama\"]}]}<\/script>\n<!-- \/ Yoast SEO plugin. -->","yoast_head_json":{"title":"W&H PB-3 L skeileri k\u00e4epide | Getama","description":"W&H PB-3 L skeileri k\u00e4epide | Getama","robots":{"index":"index","follow":"follow","max-snippet":"max-snippet:-1","max-image-preview":"max-image-preview:large","max-video-preview":"max-video-preview:-1"},"canonical":"https:\/\/getama.ee\/en\/toode\/wh-pb-3-l-skeileri-kaepide\/","og_locale":"en_US","og_type":"article","og_title":"W&H PB-3 L skeileri k\u00e4epide | Getama","og_description":"W&H PB-3 L skeileri k\u00e4epide | Getama","og_url":"https:\/\/getama.ee\/en\/toode\/wh-pb-3-l-skeileri-kaepide\/","og_site_name":"Getama","article_publisher":"https:\/\/www.facebook.com\/GetamaOU","og_image":[{"width":1000,"height":1000,"url":"https:\/\/getama.ee\/wp-content\/uploads\/2026\/04\/PB-3-L-skeileri-kaepide.png","type":"image\/png"}],"twitter_card":"summary_large_image","twitter_misc":{"Est. reading time":"1 minute"},"schema":{"@context":"https:\/\/schema.org","@graph":[{"@type":["WebPage","ItemPage"],"@id":"https:\/\/getama.ee\/en\/toode\/wh-pb-3-l-skeileri-kaepide\/","url":"https:\/\/getama.ee\/en\/toode\/wh-pb-3-l-skeileri-kaepide\/","name":"W&H PB-3 L skeileri k\u00e4epide | Getama","isPartOf":{"@id":"https:\/\/getama.ee\/en\/#website"},"primaryImageOfPage":{"@id":"https:\/\/getama.ee\/en\/toode\/wh-pb-3-l-skeileri-kaepide\/#primaryimage"},"image":{"@id":"https:\/\/getama.ee\/en\/toode\/wh-pb-3-l-skeileri-kaepide\/#primaryimage"},"thumbnailUrl":"https:\/\/getama.ee\/wp-content\/uploads\/2026\/04\/PB-3-L-skeileri-kaepide.png","datePublished":"2026-04-21T07:48:26+00:00","description":"W&H PB-3 L skeileri k\u00e4epide | Getama","breadcrumb":{"@id":"https:\/\/getama.ee\/en\/toode\/wh-pb-3-l-skeileri-kaepide\/#breadcrumb"},"inLanguage":"en-US","potentialAction":[{"@type":"ReadAction","target":["https:\/\/getama.ee\/en\/toode\/wh-pb-3-l-skeileri-kaepide\/"]}]},{"@type":"ImageObject","inLanguage":"en-US","@id":"https:\/\/getama.ee\/en\/toode\/wh-pb-3-l-skeileri-kaepide\/#primaryimage","url":"https:\/\/getama.ee\/wp-content\/uploads\/2026\/04\/PB-3-L-skeileri-kaepide.png","contentUrl":"https:\/\/getama.ee\/wp-content\/uploads\/2026\/04\/PB-3-L-skeileri-kaepide.png","width":1000,"height":1000},{"@type":"BreadcrumbList","@id":"https:\/\/getama.ee\/en\/toode\/wh-pb-3-l-skeileri-kaepide\/#breadcrumb","itemListElement":[{"@type":"ListItem","position":1,"name":"Esileht","item":"https:\/\/getama.ee\/en\/"},{"@type":"ListItem","position":2,"name":"Pood","item":"https:\/\/getama.ee\/pood\/"},{"@type":"ListItem","position":3,"name":"W&#038;H PB-3 L skeileri k\u00e4epide"}]},{"@type":"WebSite","@id":"https:\/\/getama.ee\/en\/#website","url":"https:\/\/getama.ee\/en\/","name":"Getama","description":"Aitame sisustada Sinu hambakliiniku.","publisher":{"@id":"https:\/\/getama.ee\/en\/#organization"},"potentialAction":[{"@type":"SearchAction","target":{"@type":"EntryPoint","urlTemplate":"https:\/\/getama.ee\/en\/?s={search_term_string}"},"query-input":{"@type":"PropertyValueSpecification","valueRequired":true,"valueName":"search_term_string"}}],"inLanguage":"en-US"},{"@type":"Organization","@id":"https:\/\/getama.ee\/en\/#organization","name":"Getama O\u00dc","url":"https:\/\/getama.ee\/en\/","logo":{"@type":"ImageObject","inLanguage":"en-US","@id":"https:\/\/getama.ee\/en\/#\/schema\/logo\/image\/","url":"https:\/\/getama.ee\/wp-content\/uploads\/2025\/07\/cropped-Getama-icon.png","contentUrl":"https:\/\/getama.ee\/wp-content\/uploads\/2025\/07\/cropped-Getama-icon.png","width":512,"height":512,"caption":"Getama O\u00dc"},"image":{"@id":"https:\/\/getama.ee\/en\/#\/schema\/logo\/image\/"},"sameAs":["https:\/\/www.facebook.com\/GetamaOU","https:\/\/www.linkedin.com\/company\/getama"]}]}},"_links":{"self":[{"href":"https:\/\/getama.ee\/en\/wp-json\/wp\/v2\/product\/3446","targetHints":{"allow":["GET"]}}],"collection":[{"href":"https:\/\/getama.ee\/en\/wp-json\/wp\/v2\/product"}],"about":[{"href":"https:\/\/getama.ee\/en\/wp-json\/wp\/v2\/types\/product"}],"replies":[{"embeddable":true,"href":"https:\/\/getama.ee\/en\/wp-json\/wp\/v2\/comments?post=3446"}],"wp:featuredmedia":[{"embeddable":true,"href":"https:\/\/getama.ee\/en\/wp-json\/wp\/v2\/media\/3447"}],"wp:attachment":[{"href":"https:\/\/getama.ee\/en\/wp-json\/wp\/v2\/media?parent=3446"}],"wp:term":[{"taxonomy":"product_brand","embeddable":true,"href":"https:\/\/getama.ee\/en\/wp-json\/wp\/v2\/product_brand?post=3446"},{"taxonomy":"product_cat","embeddable":true,"href":"https:\/\/getama.ee\/en\/wp-json\/wp\/v2\/product_cat?post=3446"},{"taxonomy":"product_tag","embeddable":true,"href":"https:\/\/getama.ee\/en\/wp-json\/wp\/v2\/product_tag?post=3446"}],"curies":[{"name":"wp","href":"https:\/\/api.w.org\/{rel}","templated":true}]}}