{"id":3432,"date":"2026-04-22T10:44:58","date_gmt":"2026-04-22T07:44:58","guid":{"rendered":"https:\/\/getama.ee\/?post_type=product&#038;p=3432"},"modified":"2026-04-27T10:47:02","modified_gmt":"2026-04-27T07:47:02","slug":"luzzani-minilight-3f","status":"publish","type":"product","link":"https:\/\/getama.ee\/en\/toode\/luzzani-minilight-3f\/","title":{"rendered":"Luzzani MiniLight 3F"},"content":{"rendered":"","protected":false},"excerpt":{"rendered":"<p data-start=\"70\" data-end=\"356\"><strong>Luzzani MiniLight 3F<\/strong> Stylus pustel on varustatud kolme p\u00f5hifunktsiooniga &#8211; vesi, \u00f5hk ja k\u00fclmsprei &#8211; \u00a0v\u00f5imaldades t\u00e4pset ja paindlikku kasutust erinevates protseduurides. Ergonoomiline disain tagab parema n\u00e4htavuse t\u00f6\u00f6piirkonnas ning mugava k\u00e4sitsemise ka pikema t\u00f6\u00f6p\u00e4eva jooksul.<\/p>\n<p data-start=\"358\" data-end=\"636\">Pustli eemaldatav otsik ja k\u00e4epide muudavad selle puhastamise ja hooldamise lihtsaks ning v\u00f5imaldavad t\u00e4ielikku steriliseerimist autoklaavis kuni 134 \u00b0C juures. Vastupidav roostevabast terasest konstruktsioon koos paindliku silikoonvoolikuga tagab pika kasutusea ja t\u00f6\u00f6kindluse.<\/p>\n<p data-start=\"638\" data-end=\"754\">Lisaks on pustel varustatud p\u00f6\u00f6ratava otsikuga, mis v\u00f5imaldab vee ja \u00f5hu voolu t\u00e4pselt suunata vastavalt vajadusele.<\/p>\n","protected":false},"featured_media":3536,"comment_status":"open","ping_status":"closed","template":"","meta":{"_acf_changed":false,"_gspb_post_css":""},"product_brand":[158],"product_cat":[30,157],"product_tag":[],"class_list":{"0":"post-3432","1":"product","2":"type-product","3":"status-publish","4":"has-post-thumbnail","6":"product_brand-luzzanidental","7":"product_cat-hambaraviotsikud","8":"product_cat-ohuveepustlid","10":"first","11":"instock","12":"taxable","13":"shipping-taxable","14":"purchasable","15":"product-type-simple"},"acf":[],"yoast_head":"<!-- This site is optimized with the Yoast SEO plugin v27.1.1 - https:\/\/yoast.com\/product\/yoast-seo-wordpress\/ -->\n<title>Luzzani MiniLight 3F | Getama<\/title>\n<meta name=\"description\" content=\"Luzzani MiniLight 3F | Getama\" \/>\n<meta name=\"robots\" content=\"index, follow, max-snippet:-1, max-image-preview:large, max-video-preview:-1\" \/>\n<link rel=\"canonical\" href=\"https:\/\/getama.ee\/en\/toode\/luzzani-minilight-3f\/\" \/>\n<meta property=\"og:locale\" content=\"en_US\" \/>\n<meta property=\"og:type\" content=\"article\" \/>\n<meta property=\"og:title\" content=\"Luzzani MiniLight 3F | Getama\" \/>\n<meta property=\"og:description\" content=\"Luzzani MiniLight 3F | Getama\" \/>\n<meta property=\"og:url\" content=\"https:\/\/getama.ee\/en\/toode\/luzzani-minilight-3f\/\" \/>\n<meta property=\"og:site_name\" content=\"Getama\" \/>\n<meta property=\"article:publisher\" content=\"https:\/\/www.facebook.com\/GetamaOU\" \/>\n<meta property=\"article:modified_time\" content=\"2026-04-27T07:47:02+00:00\" \/>\n<meta property=\"og:image\" content=\"https:\/\/getama.ee\/wp-content\/uploads\/2026\/04\/LUZZANI-PUSTEL-OIGE-1.png\" \/>\n\t<meta property=\"og:image:width\" content=\"1000\" \/>\n\t<meta property=\"og:image:height\" content=\"1000\" \/>\n\t<meta property=\"og:image:type\" content=\"image\/png\" \/>\n<meta name=\"twitter:card\" content=\"summary_large_image\" \/>\n<meta name=\"twitter:label1\" content=\"Est. reading time\" \/>\n\t<meta name=\"twitter:data1\" content=\"1 minute\" \/>\n<script type=\"application\/ld+json\" class=\"yoast-schema-graph\">{\"@context\":\"https:\/\/schema.org\",\"@graph\":[{\"@type\":[\"WebPage\",\"ItemPage\"],\"@id\":\"https:\/\/getama.ee\/en\/toode\/luzzani-minilight-3f\/\",\"url\":\"https:\/\/getama.ee\/en\/toode\/luzzani-minilight-3f\/\",\"name\":\"Luzzani MiniLight 3F | Getama\",\"isPartOf\":{\"@id\":\"https:\/\/getama.ee\/en\/#website\"},\"primaryImageOfPage\":{\"@id\":\"https:\/\/getama.ee\/en\/toode\/luzzani-minilight-3f\/#primaryimage\"},\"image\":{\"@id\":\"https:\/\/getama.ee\/en\/toode\/luzzani-minilight-3f\/#primaryimage\"},\"thumbnailUrl\":\"https:\/\/getama.ee\/wp-content\/uploads\/2026\/04\/LUZZANI-PUSTEL-OIGE-1.png\",\"datePublished\":\"2026-04-22T07:44:58+00:00\",\"dateModified\":\"2026-04-27T07:47:02+00:00\",\"description\":\"Luzzani MiniLight 3F | Getama\",\"breadcrumb\":{\"@id\":\"https:\/\/getama.ee\/en\/toode\/luzzani-minilight-3f\/#breadcrumb\"},\"inLanguage\":\"en-US\",\"potentialAction\":[{\"@type\":\"ReadAction\",\"target\":[\"https:\/\/getama.ee\/en\/toode\/luzzani-minilight-3f\/\"]}]},{\"@type\":\"ImageObject\",\"inLanguage\":\"en-US\",\"@id\":\"https:\/\/getama.ee\/en\/toode\/luzzani-minilight-3f\/#primaryimage\",\"url\":\"https:\/\/getama.ee\/wp-content\/uploads\/2026\/04\/LUZZANI-PUSTEL-OIGE-1.png\",\"contentUrl\":\"https:\/\/getama.ee\/wp-content\/uploads\/2026\/04\/LUZZANI-PUSTEL-OIGE-1.png\",\"width\":1000,\"height\":1000},{\"@type\":\"BreadcrumbList\",\"@id\":\"https:\/\/getama.ee\/en\/toode\/luzzani-minilight-3f\/#breadcrumb\",\"itemListElement\":[{\"@type\":\"ListItem\",\"position\":1,\"name\":\"Esileht\",\"item\":\"https:\/\/getama.ee\/en\/\"},{\"@type\":\"ListItem\",\"position\":2,\"name\":\"Pood\",\"item\":\"https:\/\/getama.ee\/pood\/\"},{\"@type\":\"ListItem\",\"position\":3,\"name\":\"Luzzani MiniLight 3F\"}]},{\"@type\":\"WebSite\",\"@id\":\"https:\/\/getama.ee\/en\/#website\",\"url\":\"https:\/\/getama.ee\/en\/\",\"name\":\"Getama\",\"description\":\"Aitame sisustada Sinu hambakliiniku.\",\"publisher\":{\"@id\":\"https:\/\/getama.ee\/en\/#organization\"},\"potentialAction\":[{\"@type\":\"SearchAction\",\"target\":{\"@type\":\"EntryPoint\",\"urlTemplate\":\"https:\/\/getama.ee\/en\/?s={search_term_string}\"},\"query-input\":{\"@type\":\"PropertyValueSpecification\",\"valueRequired\":true,\"valueName\":\"search_term_string\"}}],\"inLanguage\":\"en-US\"},{\"@type\":\"Organization\",\"@id\":\"https:\/\/getama.ee\/en\/#organization\",\"name\":\"Getama O\u00dc\",\"url\":\"https:\/\/getama.ee\/en\/\",\"logo\":{\"@type\":\"ImageObject\",\"inLanguage\":\"en-US\",\"@id\":\"https:\/\/getama.ee\/en\/#\/schema\/logo\/image\/\",\"url\":\"https:\/\/getama.ee\/wp-content\/uploads\/2025\/07\/cropped-Getama-icon.png\",\"contentUrl\":\"https:\/\/getama.ee\/wp-content\/uploads\/2025\/07\/cropped-Getama-icon.png\",\"width\":512,\"height\":512,\"caption\":\"Getama O\u00dc\"},\"image\":{\"@id\":\"https:\/\/getama.ee\/en\/#\/schema\/logo\/image\/\"},\"sameAs\":[\"https:\/\/www.facebook.com\/GetamaOU\",\"https:\/\/www.linkedin.com\/company\/getama\"]}]}<\/script>\n<!-- \/ Yoast SEO plugin. -->","yoast_head_json":{"title":"Luzzani MiniLight 3F | Getama","description":"Luzzani MiniLight 3F | Getama","robots":{"index":"index","follow":"follow","max-snippet":"max-snippet:-1","max-image-preview":"max-image-preview:large","max-video-preview":"max-video-preview:-1"},"canonical":"https:\/\/getama.ee\/en\/toode\/luzzani-minilight-3f\/","og_locale":"en_US","og_type":"article","og_title":"Luzzani MiniLight 3F | Getama","og_description":"Luzzani MiniLight 3F | Getama","og_url":"https:\/\/getama.ee\/en\/toode\/luzzani-minilight-3f\/","og_site_name":"Getama","article_publisher":"https:\/\/www.facebook.com\/GetamaOU","article_modified_time":"2026-04-27T07:47:02+00:00","og_image":[{"width":1000,"height":1000,"url":"https:\/\/getama.ee\/wp-content\/uploads\/2026\/04\/LUZZANI-PUSTEL-OIGE-1.png","type":"image\/png"}],"twitter_card":"summary_large_image","twitter_misc":{"Est. reading time":"1 minute"},"schema":{"@context":"https:\/\/schema.org","@graph":[{"@type":["WebPage","ItemPage"],"@id":"https:\/\/getama.ee\/en\/toode\/luzzani-minilight-3f\/","url":"https:\/\/getama.ee\/en\/toode\/luzzani-minilight-3f\/","name":"Luzzani MiniLight 3F | Getama","isPartOf":{"@id":"https:\/\/getama.ee\/en\/#website"},"primaryImageOfPage":{"@id":"https:\/\/getama.ee\/en\/toode\/luzzani-minilight-3f\/#primaryimage"},"image":{"@id":"https:\/\/getama.ee\/en\/toode\/luzzani-minilight-3f\/#primaryimage"},"thumbnailUrl":"https:\/\/getama.ee\/wp-content\/uploads\/2026\/04\/LUZZANI-PUSTEL-OIGE-1.png","datePublished":"2026-04-22T07:44:58+00:00","dateModified":"2026-04-27T07:47:02+00:00","description":"Luzzani MiniLight 3F | Getama","breadcrumb":{"@id":"https:\/\/getama.ee\/en\/toode\/luzzani-minilight-3f\/#breadcrumb"},"inLanguage":"en-US","potentialAction":[{"@type":"ReadAction","target":["https:\/\/getama.ee\/en\/toode\/luzzani-minilight-3f\/"]}]},{"@type":"ImageObject","inLanguage":"en-US","@id":"https:\/\/getama.ee\/en\/toode\/luzzani-minilight-3f\/#primaryimage","url":"https:\/\/getama.ee\/wp-content\/uploads\/2026\/04\/LUZZANI-PUSTEL-OIGE-1.png","contentUrl":"https:\/\/getama.ee\/wp-content\/uploads\/2026\/04\/LUZZANI-PUSTEL-OIGE-1.png","width":1000,"height":1000},{"@type":"BreadcrumbList","@id":"https:\/\/getama.ee\/en\/toode\/luzzani-minilight-3f\/#breadcrumb","itemListElement":[{"@type":"ListItem","position":1,"name":"Esileht","item":"https:\/\/getama.ee\/en\/"},{"@type":"ListItem","position":2,"name":"Pood","item":"https:\/\/getama.ee\/pood\/"},{"@type":"ListItem","position":3,"name":"Luzzani MiniLight 3F"}]},{"@type":"WebSite","@id":"https:\/\/getama.ee\/en\/#website","url":"https:\/\/getama.ee\/en\/","name":"Getama","description":"Aitame sisustada Sinu hambakliiniku.","publisher":{"@id":"https:\/\/getama.ee\/en\/#organization"},"potentialAction":[{"@type":"SearchAction","target":{"@type":"EntryPoint","urlTemplate":"https:\/\/getama.ee\/en\/?s={search_term_string}"},"query-input":{"@type":"PropertyValueSpecification","valueRequired":true,"valueName":"search_term_string"}}],"inLanguage":"en-US"},{"@type":"Organization","@id":"https:\/\/getama.ee\/en\/#organization","name":"Getama O\u00dc","url":"https:\/\/getama.ee\/en\/","logo":{"@type":"ImageObject","inLanguage":"en-US","@id":"https:\/\/getama.ee\/en\/#\/schema\/logo\/image\/","url":"https:\/\/getama.ee\/wp-content\/uploads\/2025\/07\/cropped-Getama-icon.png","contentUrl":"https:\/\/getama.ee\/wp-content\/uploads\/2025\/07\/cropped-Getama-icon.png","width":512,"height":512,"caption":"Getama O\u00dc"},"image":{"@id":"https:\/\/getama.ee\/en\/#\/schema\/logo\/image\/"},"sameAs":["https:\/\/www.facebook.com\/GetamaOU","https:\/\/www.linkedin.com\/company\/getama"]}]}},"_links":{"self":[{"href":"https:\/\/getama.ee\/en\/wp-json\/wp\/v2\/product\/3432","targetHints":{"allow":["GET"]}}],"collection":[{"href":"https:\/\/getama.ee\/en\/wp-json\/wp\/v2\/product"}],"about":[{"href":"https:\/\/getama.ee\/en\/wp-json\/wp\/v2\/types\/product"}],"replies":[{"embeddable":true,"href":"https:\/\/getama.ee\/en\/wp-json\/wp\/v2\/comments?post=3432"}],"wp:featuredmedia":[{"embeddable":true,"href":"https:\/\/getama.ee\/en\/wp-json\/wp\/v2\/media\/3536"}],"wp:attachment":[{"href":"https:\/\/getama.ee\/en\/wp-json\/wp\/v2\/media?parent=3432"}],"wp:term":[{"taxonomy":"product_brand","embeddable":true,"href":"https:\/\/getama.ee\/en\/wp-json\/wp\/v2\/product_brand?post=3432"},{"taxonomy":"product_cat","embeddable":true,"href":"https:\/\/getama.ee\/en\/wp-json\/wp\/v2\/product_cat?post=3432"},{"taxonomy":"product_tag","embeddable":true,"href":"https:\/\/getama.ee\/en\/wp-json\/wp\/v2\/product_tag?post=3432"}],"curies":[{"name":"wp","href":"https:\/\/api.w.org\/{rel}","templated":true}]}}