{"id":3298,"date":"2026-02-27T13:21:01","date_gmt":"2026-02-27T10:21:01","guid":{"rendered":"https:\/\/getama.ee\/?post_type=product&#038;p=3298"},"modified":"2026-02-27T13:21:01","modified_gmt":"2026-02-27T10:21:01","slug":"4-tek-hambaravikompressor-eco-2e","status":"publish","type":"product","link":"https:\/\/getama.ee\/en\/toode\/4-tek-hambaravikompressor-eco-2e\/","title":{"rendered":"4-TEK hambaravikompressor ECO 2E"},"content":{"rendered":"","protected":false},"excerpt":{"rendered":"<p><strong data-start=\"0\" data-end=\"15\" data-is-only-node=\"\">4Tek ECO 2E<\/strong> on usaldusv\u00e4\u00e4rne ja kompaktne \u00f5livaba hambaravikompressor integreeritud \u00f5hukuivatiga, mis tagab puhta ja kuiva suru\u00f5hu igap\u00e4evaseks kliiniliseks t\u00f6\u00f6ks. Seade sobib kuni kahele hambaravitoolile ning pakub stabiilset j\u00f5udlust t\u00e4nu 1,5 HP mootorile ja 50-liitrisele mahutile.<\/p>\n<p>Maksimaalne t\u00f6\u00f6r\u00f5hk kuni 8 bar ja kuni 200 l\/min tootlikkus tagavad sujuva t\u00f6\u00f6 ka intensiivse kasutuse korral. Integreeritud kuivati v\u00e4hendab niiskust \u00f5hus, pikendades seadmete eluiga ja aidates s\u00e4ilitada k\u00f5rged h\u00fcgieenistandardid.<\/p>\n","protected":false},"featured_media":3299,"comment_status":"open","ping_status":"closed","template":"","meta":{"_acf_changed":false,"_gspb_post_css":""},"product_brand":[57],"product_cat":[41],"product_tag":[],"class_list":{"0":"post-3298","1":"product","2":"type-product","3":"status-publish","4":"has-post-thumbnail","6":"product_brand-4-tek","7":"product_cat-kompressorid","9":"first","10":"instock","11":"taxable","12":"shipping-taxable","13":"purchasable","14":"product-type-simple"},"acf":[],"yoast_head":"<!-- This site is optimized with the Yoast SEO plugin v27.1.1 - https:\/\/yoast.com\/product\/yoast-seo-wordpress\/ -->\n<title>4-TEK hambaravikompressor ECO 2E | Getama<\/title>\n<meta name=\"description\" content=\"4-TEK hambaravikompressor ECO 2E | Getama\" \/>\n<meta name=\"robots\" content=\"index, follow, max-snippet:-1, max-image-preview:large, max-video-preview:-1\" \/>\n<link rel=\"canonical\" href=\"https:\/\/getama.ee\/en\/toode\/4-tek-hambaravikompressor-eco-2e\/\" \/>\n<meta property=\"og:locale\" content=\"en_US\" \/>\n<meta property=\"og:type\" content=\"article\" \/>\n<meta property=\"og:title\" content=\"4-TEK hambaravikompressor ECO 2E | Getama\" \/>\n<meta property=\"og:description\" content=\"4-TEK hambaravikompressor ECO 2E | Getama\" \/>\n<meta property=\"og:url\" content=\"https:\/\/getama.ee\/en\/toode\/4-tek-hambaravikompressor-eco-2e\/\" \/>\n<meta property=\"og:site_name\" content=\"Getama\" \/>\n<meta property=\"article:publisher\" content=\"https:\/\/www.facebook.com\/GetamaOU\" \/>\n<meta property=\"og:image\" content=\"https:\/\/getama.ee\/wp-content\/uploads\/2026\/02\/4TEK-ECO-E2.png\" \/>\n\t<meta property=\"og:image:width\" content=\"1000\" \/>\n\t<meta property=\"og:image:height\" content=\"1000\" \/>\n\t<meta property=\"og:image:type\" content=\"image\/png\" \/>\n<meta name=\"twitter:card\" content=\"summary_large_image\" \/>\n<meta name=\"twitter:label1\" content=\"Est. reading time\" \/>\n\t<meta name=\"twitter:data1\" content=\"1 minute\" \/>\n<script type=\"application\/ld+json\" class=\"yoast-schema-graph\">{\"@context\":\"https:\/\/schema.org\",\"@graph\":[{\"@type\":[\"WebPage\",\"ItemPage\"],\"@id\":\"https:\/\/getama.ee\/en\/toode\/4-tek-hambaravikompressor-eco-2e\/\",\"url\":\"https:\/\/getama.ee\/en\/toode\/4-tek-hambaravikompressor-eco-2e\/\",\"name\":\"4-TEK hambaravikompressor ECO 2E | Getama\",\"isPartOf\":{\"@id\":\"https:\/\/getama.ee\/en\/#website\"},\"primaryImageOfPage\":{\"@id\":\"https:\/\/getama.ee\/en\/toode\/4-tek-hambaravikompressor-eco-2e\/#primaryimage\"},\"image\":{\"@id\":\"https:\/\/getama.ee\/en\/toode\/4-tek-hambaravikompressor-eco-2e\/#primaryimage\"},\"thumbnailUrl\":\"https:\/\/getama.ee\/wp-content\/uploads\/2026\/02\/4TEK-ECO-E2.png\",\"datePublished\":\"2026-02-27T10:21:01+00:00\",\"description\":\"4-TEK hambaravikompressor ECO 2E | Getama\",\"breadcrumb\":{\"@id\":\"https:\/\/getama.ee\/en\/toode\/4-tek-hambaravikompressor-eco-2e\/#breadcrumb\"},\"inLanguage\":\"en-US\",\"potentialAction\":[{\"@type\":\"ReadAction\",\"target\":[\"https:\/\/getama.ee\/en\/toode\/4-tek-hambaravikompressor-eco-2e\/\"]}]},{\"@type\":\"ImageObject\",\"inLanguage\":\"en-US\",\"@id\":\"https:\/\/getama.ee\/en\/toode\/4-tek-hambaravikompressor-eco-2e\/#primaryimage\",\"url\":\"https:\/\/getama.ee\/wp-content\/uploads\/2026\/02\/4TEK-ECO-E2.png\",\"contentUrl\":\"https:\/\/getama.ee\/wp-content\/uploads\/2026\/02\/4TEK-ECO-E2.png\",\"width\":1000,\"height\":1000},{\"@type\":\"BreadcrumbList\",\"@id\":\"https:\/\/getama.ee\/en\/toode\/4-tek-hambaravikompressor-eco-2e\/#breadcrumb\",\"itemListElement\":[{\"@type\":\"ListItem\",\"position\":1,\"name\":\"Esileht\",\"item\":\"https:\/\/getama.ee\/en\/\"},{\"@type\":\"ListItem\",\"position\":2,\"name\":\"Pood\",\"item\":\"https:\/\/getama.ee\/pood\/\"},{\"@type\":\"ListItem\",\"position\":3,\"name\":\"4-TEK hambaravikompressor ECO 2E\"}]},{\"@type\":\"WebSite\",\"@id\":\"https:\/\/getama.ee\/en\/#website\",\"url\":\"https:\/\/getama.ee\/en\/\",\"name\":\"Getama\",\"description\":\"Aitame sisustada Sinu hambakliiniku.\",\"publisher\":{\"@id\":\"https:\/\/getama.ee\/en\/#organization\"},\"potentialAction\":[{\"@type\":\"SearchAction\",\"target\":{\"@type\":\"EntryPoint\",\"urlTemplate\":\"https:\/\/getama.ee\/en\/?s={search_term_string}\"},\"query-input\":{\"@type\":\"PropertyValueSpecification\",\"valueRequired\":true,\"valueName\":\"search_term_string\"}}],\"inLanguage\":\"en-US\"},{\"@type\":\"Organization\",\"@id\":\"https:\/\/getama.ee\/en\/#organization\",\"name\":\"Getama O\u00dc\",\"url\":\"https:\/\/getama.ee\/en\/\",\"logo\":{\"@type\":\"ImageObject\",\"inLanguage\":\"en-US\",\"@id\":\"https:\/\/getama.ee\/en\/#\/schema\/logo\/image\/\",\"url\":\"https:\/\/getama.ee\/wp-content\/uploads\/2025\/07\/cropped-Getama-icon.png\",\"contentUrl\":\"https:\/\/getama.ee\/wp-content\/uploads\/2025\/07\/cropped-Getama-icon.png\",\"width\":512,\"height\":512,\"caption\":\"Getama O\u00dc\"},\"image\":{\"@id\":\"https:\/\/getama.ee\/en\/#\/schema\/logo\/image\/\"},\"sameAs\":[\"https:\/\/www.facebook.com\/GetamaOU\",\"https:\/\/www.linkedin.com\/company\/getama\"]}]}<\/script>\n<!-- \/ Yoast SEO plugin. -->","yoast_head_json":{"title":"4-TEK hambaravikompressor ECO 2E | Getama","description":"4-TEK hambaravikompressor ECO 2E | Getama","robots":{"index":"index","follow":"follow","max-snippet":"max-snippet:-1","max-image-preview":"max-image-preview:large","max-video-preview":"max-video-preview:-1"},"canonical":"https:\/\/getama.ee\/en\/toode\/4-tek-hambaravikompressor-eco-2e\/","og_locale":"en_US","og_type":"article","og_title":"4-TEK hambaravikompressor ECO 2E | Getama","og_description":"4-TEK hambaravikompressor ECO 2E | Getama","og_url":"https:\/\/getama.ee\/en\/toode\/4-tek-hambaravikompressor-eco-2e\/","og_site_name":"Getama","article_publisher":"https:\/\/www.facebook.com\/GetamaOU","og_image":[{"width":1000,"height":1000,"url":"https:\/\/getama.ee\/wp-content\/uploads\/2026\/02\/4TEK-ECO-E2.png","type":"image\/png"}],"twitter_card":"summary_large_image","twitter_misc":{"Est. reading time":"1 minute"},"schema":{"@context":"https:\/\/schema.org","@graph":[{"@type":["WebPage","ItemPage"],"@id":"https:\/\/getama.ee\/en\/toode\/4-tek-hambaravikompressor-eco-2e\/","url":"https:\/\/getama.ee\/en\/toode\/4-tek-hambaravikompressor-eco-2e\/","name":"4-TEK hambaravikompressor ECO 2E | Getama","isPartOf":{"@id":"https:\/\/getama.ee\/en\/#website"},"primaryImageOfPage":{"@id":"https:\/\/getama.ee\/en\/toode\/4-tek-hambaravikompressor-eco-2e\/#primaryimage"},"image":{"@id":"https:\/\/getama.ee\/en\/toode\/4-tek-hambaravikompressor-eco-2e\/#primaryimage"},"thumbnailUrl":"https:\/\/getama.ee\/wp-content\/uploads\/2026\/02\/4TEK-ECO-E2.png","datePublished":"2026-02-27T10:21:01+00:00","description":"4-TEK hambaravikompressor ECO 2E | Getama","breadcrumb":{"@id":"https:\/\/getama.ee\/en\/toode\/4-tek-hambaravikompressor-eco-2e\/#breadcrumb"},"inLanguage":"en-US","potentialAction":[{"@type":"ReadAction","target":["https:\/\/getama.ee\/en\/toode\/4-tek-hambaravikompressor-eco-2e\/"]}]},{"@type":"ImageObject","inLanguage":"en-US","@id":"https:\/\/getama.ee\/en\/toode\/4-tek-hambaravikompressor-eco-2e\/#primaryimage","url":"https:\/\/getama.ee\/wp-content\/uploads\/2026\/02\/4TEK-ECO-E2.png","contentUrl":"https:\/\/getama.ee\/wp-content\/uploads\/2026\/02\/4TEK-ECO-E2.png","width":1000,"height":1000},{"@type":"BreadcrumbList","@id":"https:\/\/getama.ee\/en\/toode\/4-tek-hambaravikompressor-eco-2e\/#breadcrumb","itemListElement":[{"@type":"ListItem","position":1,"name":"Esileht","item":"https:\/\/getama.ee\/en\/"},{"@type":"ListItem","position":2,"name":"Pood","item":"https:\/\/getama.ee\/pood\/"},{"@type":"ListItem","position":3,"name":"4-TEK hambaravikompressor ECO 2E"}]},{"@type":"WebSite","@id":"https:\/\/getama.ee\/en\/#website","url":"https:\/\/getama.ee\/en\/","name":"Getama","description":"Aitame sisustada Sinu hambakliiniku.","publisher":{"@id":"https:\/\/getama.ee\/en\/#organization"},"potentialAction":[{"@type":"SearchAction","target":{"@type":"EntryPoint","urlTemplate":"https:\/\/getama.ee\/en\/?s={search_term_string}"},"query-input":{"@type":"PropertyValueSpecification","valueRequired":true,"valueName":"search_term_string"}}],"inLanguage":"en-US"},{"@type":"Organization","@id":"https:\/\/getama.ee\/en\/#organization","name":"Getama O\u00dc","url":"https:\/\/getama.ee\/en\/","logo":{"@type":"ImageObject","inLanguage":"en-US","@id":"https:\/\/getama.ee\/en\/#\/schema\/logo\/image\/","url":"https:\/\/getama.ee\/wp-content\/uploads\/2025\/07\/cropped-Getama-icon.png","contentUrl":"https:\/\/getama.ee\/wp-content\/uploads\/2025\/07\/cropped-Getama-icon.png","width":512,"height":512,"caption":"Getama O\u00dc"},"image":{"@id":"https:\/\/getama.ee\/en\/#\/schema\/logo\/image\/"},"sameAs":["https:\/\/www.facebook.com\/GetamaOU","https:\/\/www.linkedin.com\/company\/getama"]}]}},"_links":{"self":[{"href":"https:\/\/getama.ee\/en\/wp-json\/wp\/v2\/product\/3298","targetHints":{"allow":["GET"]}}],"collection":[{"href":"https:\/\/getama.ee\/en\/wp-json\/wp\/v2\/product"}],"about":[{"href":"https:\/\/getama.ee\/en\/wp-json\/wp\/v2\/types\/product"}],"replies":[{"embeddable":true,"href":"https:\/\/getama.ee\/en\/wp-json\/wp\/v2\/comments?post=3298"}],"wp:featuredmedia":[{"embeddable":true,"href":"https:\/\/getama.ee\/en\/wp-json\/wp\/v2\/media\/3299"}],"wp:attachment":[{"href":"https:\/\/getama.ee\/en\/wp-json\/wp\/v2\/media?parent=3298"}],"wp:term":[{"taxonomy":"product_brand","embeddable":true,"href":"https:\/\/getama.ee\/en\/wp-json\/wp\/v2\/product_brand?post=3298"},{"taxonomy":"product_cat","embeddable":true,"href":"https:\/\/getama.ee\/en\/wp-json\/wp\/v2\/product_cat?post=3298"},{"taxonomy":"product_tag","embeddable":true,"href":"https:\/\/getama.ee\/en\/wp-json\/wp\/v2\/product_tag?post=3298"}],"curies":[{"name":"wp","href":"https:\/\/api.w.org\/{rel}","templated":true}]}}