{"id":3097,"date":"2025-11-17T12:13:30","date_gmt":"2025-11-17T09:13:30","guid":{"rendered":"https:\/\/getama.ee\/?post_type=product&#038;p=3097"},"modified":"2026-04-02T14:27:44","modified_gmt":"2026-04-02T11:27:44","slug":"woodpecker-woodpex-v-apekslokaator","status":"publish","type":"product","link":"https:\/\/getama.ee\/en\/toode\/woodpecker-woodpex-v-apekslokaator\/","title":{"rendered":"Woodpecker Woodpex V apekslokaator"},"content":{"rendered":"","protected":false},"excerpt":{"rendered":"<article class=\"text-token-text-primary w-full focus:outline-none [--shadow-height:45px] has-data-writing-block:pointer-events-none has-data-writing-block:-mt-(--shadow-height) has-data-writing-block:pt-(--shadow-height) [&amp;:has([data-writing-block])&gt;*]:pointer-events-auto scroll-mt-(--header-height)\" dir=\"auto\" style=\"font-style: normal; font-variant-caps: normal; font-weight: 400; letter-spacing: normal; orphans: auto; text-align: start; text-indent: 0px; text-transform: none; white-space: normal; widows: auto; word-spacing: 0px; -webkit-text-size-adjust: auto; -webkit-text-stroke-width: 0px; text-decoration: none; caret-color: #000000; color: #000000;\" tabindex=\"-1\" data-turn-id=\"6ff5c312-577f-4410-abde-400c59302ca1\" data-testid=\"conversation-turn-27\" data-scroll-anchor=\"false\" data-turn=\"user\">\n<div class=\"text-base my-auto mx-auto pt-12 [--thread-content-margin:--spacing(4)] thread-sm:[--thread-content-margin:--spacing(6)] thread-lg:[--thread-content-margin:--spacing(16)] px-(--thread-content-margin)\">\n<div class=\"[--thread-content-max-width:40rem] thread-lg:[--thread-content-max-width:48rem] mx-auto max-w-(--thread-content-max-width) flex-1 group\/turn-messages focus-visible:outline-hidden relative flex w-full min-w-0 flex-col\" tabindex=\"-1\">\n<div class=\"flex max-w-full flex-col grow\">\n<div class=\"min-h-8 text-message relative flex w-full flex-col items-end gap-2 text-start break-words whitespace-normal [.text-message+&amp;]:mt-1\" dir=\"auto\" data-message-author-role=\"user\" data-message-id=\"6ff5c312-577f-4410-abde-400c59302ca1\">\n<div class=\"flex w-full flex-col gap-1 empty:hidden items-end rtl:items-start\">\n<div class=\"user-message-bubble-color relative rounded-[18px] px-4 py-1.5 data-[multiline]:py-3 max-w-[var(--user-chat-width,70%)]\">\n<div class=\"whitespace-pre-wrap\">Uus<strong> Woodpex V<\/strong> apekslokaator asendab Woodpex III Pro ja DPEX III Pro mudeleid.<br data-start=\"77\" data-end=\"80\" \/>Woodpex V on t\u00e4psem, t\u00e4iustatud ning seda saab \u00fchendada m\u00f5ne Woodpeckeri endodontilise mootori juurde kombineeritud t\u00f6\u00f6ks.<\/div>\n<\/div>\n<\/div>\n<\/div>\n<\/div>\n<\/div>\n<\/div>\n<\/article>\n<article class=\"text-token-text-primary w-full focus:outline-none [--shadow-height:45px] has-data-writing-block:pointer-events-none has-data-writing-block:-mt-(--shadow-height) has-data-writing-block:pt-(--shadow-height) [&amp;:has([data-writing-block])&gt;*]:pointer-events-auto scroll-mt-[calc(var(--header-height)+min(200px,max(70px,20svh)))]\" dir=\"auto\" style=\"font-style: normal; font-variant-caps: normal; font-weight: 400; letter-spacing: normal; orphans: auto; text-align: start; text-indent: 0px; text-transform: none; white-space: normal; widows: auto; word-spacing: 0px; -webkit-text-size-adjust: auto; -webkit-text-stroke-width: 0px; text-decoration: none; caret-color: #000000; color: #000000;\" tabindex=\"-1\" data-turn-id=\"request-WEB:78112fca-a109-42fa-9e25-2421bb599854-13\" data-testid=\"conversation-turn-28\" data-scroll-anchor=\"true\" data-turn=\"assistant\">\n<ul>\n<li class=\"sr-only\"><span style=\"font-weight: 400; font-size: 16px;\">Seade on modernse ja elegantse disainiga, varustatud suure ekraani ja stabiilse metallalusega.<\/span><\/li>\n<li class=\"sr-only\">Uuendatud algoritm tagab t\u00f6\u00f6kindluse ja parema h\u00e4iresignaalide t\u00f5rje.<\/li>\n<li class=\"sr-only\">Raadiolainete tehnoloogia v\u00f5imaldab t\u00e4pselt m\u00f5\u00f5ta vere v\u00f5i j\u00e4\u00e4kpulbi olemasolu juurekanalis.<\/li>\n<li class=\"sr-only\">M\u00f5\u00f5tmiste t\u00e4psus on kuni 97,71% ning tulemused ei s\u00f5ltu hamba t\u00fc\u00fcbist, sobides l\u00f5ike-, kihv-, ees- ja purihammastele.<\/li>\n<li class=\"sr-only\">Kallutatav ja hele LCD-ekraan v\u00f5imaldab failide j\u00e4lgimist erinevates v\u00e4rvides, lisades ohutust helisignaalide abil.<\/li>\n<li class=\"sr-only\">Automaatne kalibreerimiss\u00fcsteem tagab t\u00e4psemad m\u00f5\u00f5tmised.<\/li>\n<li class=\"sr-only\">Tarvikud on autoklaavitavad, mis kindlustab h\u00fcgieenilise kasutuse.<\/li>\n<\/ul>\n<\/article>\n","protected":false},"featured_media":3102,"comment_status":"open","ping_status":"closed","template":"","meta":{"_acf_changed":false,"_gspb_post_css":""},"product_brand":[54],"product_cat":[35],"product_tag":[],"class_list":{"0":"post-3097","1":"product","2":"type-product","3":"status-publish","4":"has-post-thumbnail","6":"product_brand-woodpecker","7":"product_cat-endodontia","9":"first","10":"instock","11":"taxable","12":"shipping-taxable","13":"purchasable","14":"product-type-simple"},"acf":[],"yoast_head":"<!-- This site is optimized with the Yoast SEO plugin v27.1.1 - https:\/\/yoast.com\/product\/yoast-seo-wordpress\/ -->\n<title>Woodpecker Woodpex V apekslokaator | Getama<\/title>\n<meta name=\"description\" content=\"Woodpecker Woodpex V apekslokaator | Getama\" \/>\n<meta name=\"robots\" content=\"index, follow, max-snippet:-1, max-image-preview:large, max-video-preview:-1\" \/>\n<link rel=\"canonical\" href=\"https:\/\/getama.ee\/en\/toode\/woodpecker-woodpex-v-apekslokaator\/\" \/>\n<meta property=\"og:locale\" content=\"en_US\" \/>\n<meta property=\"og:type\" content=\"article\" \/>\n<meta property=\"og:title\" content=\"Woodpecker Woodpex V apekslokaator | Getama\" \/>\n<meta property=\"og:description\" content=\"Woodpecker Woodpex V apekslokaator | Getama\" \/>\n<meta property=\"og:url\" content=\"https:\/\/getama.ee\/en\/toode\/woodpecker-woodpex-v-apekslokaator\/\" \/>\n<meta property=\"og:site_name\" content=\"Getama\" \/>\n<meta property=\"article:publisher\" content=\"https:\/\/www.facebook.com\/GetamaOU\" \/>\n<meta property=\"article:modified_time\" content=\"2026-04-02T11:27:44+00:00\" \/>\n<meta property=\"og:image\" content=\"https:\/\/getama.ee\/wp-content\/uploads\/2025\/11\/1.png\" \/>\n\t<meta property=\"og:image:width\" content=\"500\" \/>\n\t<meta property=\"og:image:height\" content=\"500\" \/>\n\t<meta property=\"og:image:type\" content=\"image\/png\" \/>\n<meta name=\"twitter:card\" content=\"summary_large_image\" \/>\n<meta name=\"twitter:label1\" content=\"Est. reading time\" \/>\n\t<meta name=\"twitter:data1\" content=\"1 minute\" \/>\n<script type=\"application\/ld+json\" class=\"yoast-schema-graph\">{\"@context\":\"https:\/\/schema.org\",\"@graph\":[{\"@type\":[\"WebPage\",\"ItemPage\"],\"@id\":\"https:\/\/getama.ee\/en\/toode\/woodpecker-woodpex-v-apekslokaator\/\",\"url\":\"https:\/\/getama.ee\/en\/toode\/woodpecker-woodpex-v-apekslokaator\/\",\"name\":\"Woodpecker Woodpex V apekslokaator | Getama\",\"isPartOf\":{\"@id\":\"https:\/\/getama.ee\/en\/#website\"},\"primaryImageOfPage\":{\"@id\":\"https:\/\/getama.ee\/en\/toode\/woodpecker-woodpex-v-apekslokaator\/#primaryimage\"},\"image\":{\"@id\":\"https:\/\/getama.ee\/en\/toode\/woodpecker-woodpex-v-apekslokaator\/#primaryimage\"},\"thumbnailUrl\":\"https:\/\/getama.ee\/wp-content\/uploads\/2025\/11\/1.png\",\"datePublished\":\"2025-11-17T09:13:30+00:00\",\"dateModified\":\"2026-04-02T11:27:44+00:00\",\"description\":\"Woodpecker Woodpex V apekslokaator | Getama\",\"breadcrumb\":{\"@id\":\"https:\/\/getama.ee\/en\/toode\/woodpecker-woodpex-v-apekslokaator\/#breadcrumb\"},\"inLanguage\":\"en-US\",\"potentialAction\":[{\"@type\":\"ReadAction\",\"target\":[\"https:\/\/getama.ee\/en\/toode\/woodpecker-woodpex-v-apekslokaator\/\"]}]},{\"@type\":\"ImageObject\",\"inLanguage\":\"en-US\",\"@id\":\"https:\/\/getama.ee\/en\/toode\/woodpecker-woodpex-v-apekslokaator\/#primaryimage\",\"url\":\"https:\/\/getama.ee\/wp-content\/uploads\/2025\/11\/1.png\",\"contentUrl\":\"https:\/\/getama.ee\/wp-content\/uploads\/2025\/11\/1.png\",\"width\":500,\"height\":500},{\"@type\":\"BreadcrumbList\",\"@id\":\"https:\/\/getama.ee\/en\/toode\/woodpecker-woodpex-v-apekslokaator\/#breadcrumb\",\"itemListElement\":[{\"@type\":\"ListItem\",\"position\":1,\"name\":\"Esileht\",\"item\":\"https:\/\/getama.ee\/en\/\"},{\"@type\":\"ListItem\",\"position\":2,\"name\":\"Pood\",\"item\":\"https:\/\/getama.ee\/pood\/\"},{\"@type\":\"ListItem\",\"position\":3,\"name\":\"Woodpecker Woodpex V apekslokaator\"}]},{\"@type\":\"WebSite\",\"@id\":\"https:\/\/getama.ee\/en\/#website\",\"url\":\"https:\/\/getama.ee\/en\/\",\"name\":\"Getama\",\"description\":\"Aitame sisustada Sinu hambakliiniku.\",\"publisher\":{\"@id\":\"https:\/\/getama.ee\/en\/#organization\"},\"potentialAction\":[{\"@type\":\"SearchAction\",\"target\":{\"@type\":\"EntryPoint\",\"urlTemplate\":\"https:\/\/getama.ee\/en\/?s={search_term_string}\"},\"query-input\":{\"@type\":\"PropertyValueSpecification\",\"valueRequired\":true,\"valueName\":\"search_term_string\"}}],\"inLanguage\":\"en-US\"},{\"@type\":\"Organization\",\"@id\":\"https:\/\/getama.ee\/en\/#organization\",\"name\":\"Getama O\u00dc\",\"url\":\"https:\/\/getama.ee\/en\/\",\"logo\":{\"@type\":\"ImageObject\",\"inLanguage\":\"en-US\",\"@id\":\"https:\/\/getama.ee\/en\/#\/schema\/logo\/image\/\",\"url\":\"https:\/\/getama.ee\/wp-content\/uploads\/2025\/07\/cropped-Getama-icon.png\",\"contentUrl\":\"https:\/\/getama.ee\/wp-content\/uploads\/2025\/07\/cropped-Getama-icon.png\",\"width\":512,\"height\":512,\"caption\":\"Getama O\u00dc\"},\"image\":{\"@id\":\"https:\/\/getama.ee\/en\/#\/schema\/logo\/image\/\"},\"sameAs\":[\"https:\/\/www.facebook.com\/GetamaOU\",\"https:\/\/www.linkedin.com\/company\/getama\"]}]}<\/script>\n<!-- \/ Yoast SEO plugin. -->","yoast_head_json":{"title":"Woodpecker Woodpex V apekslokaator | Getama","description":"Woodpecker Woodpex V apekslokaator | Getama","robots":{"index":"index","follow":"follow","max-snippet":"max-snippet:-1","max-image-preview":"max-image-preview:large","max-video-preview":"max-video-preview:-1"},"canonical":"https:\/\/getama.ee\/en\/toode\/woodpecker-woodpex-v-apekslokaator\/","og_locale":"en_US","og_type":"article","og_title":"Woodpecker Woodpex V apekslokaator | Getama","og_description":"Woodpecker Woodpex V apekslokaator | Getama","og_url":"https:\/\/getama.ee\/en\/toode\/woodpecker-woodpex-v-apekslokaator\/","og_site_name":"Getama","article_publisher":"https:\/\/www.facebook.com\/GetamaOU","article_modified_time":"2026-04-02T11:27:44+00:00","og_image":[{"width":500,"height":500,"url":"https:\/\/getama.ee\/wp-content\/uploads\/2025\/11\/1.png","type":"image\/png"}],"twitter_card":"summary_large_image","twitter_misc":{"Est. reading time":"1 minute"},"schema":{"@context":"https:\/\/schema.org","@graph":[{"@type":["WebPage","ItemPage"],"@id":"https:\/\/getama.ee\/en\/toode\/woodpecker-woodpex-v-apekslokaator\/","url":"https:\/\/getama.ee\/en\/toode\/woodpecker-woodpex-v-apekslokaator\/","name":"Woodpecker Woodpex V apekslokaator | Getama","isPartOf":{"@id":"https:\/\/getama.ee\/en\/#website"},"primaryImageOfPage":{"@id":"https:\/\/getama.ee\/en\/toode\/woodpecker-woodpex-v-apekslokaator\/#primaryimage"},"image":{"@id":"https:\/\/getama.ee\/en\/toode\/woodpecker-woodpex-v-apekslokaator\/#primaryimage"},"thumbnailUrl":"https:\/\/getama.ee\/wp-content\/uploads\/2025\/11\/1.png","datePublished":"2025-11-17T09:13:30+00:00","dateModified":"2026-04-02T11:27:44+00:00","description":"Woodpecker Woodpex V apekslokaator | Getama","breadcrumb":{"@id":"https:\/\/getama.ee\/en\/toode\/woodpecker-woodpex-v-apekslokaator\/#breadcrumb"},"inLanguage":"en-US","potentialAction":[{"@type":"ReadAction","target":["https:\/\/getama.ee\/en\/toode\/woodpecker-woodpex-v-apekslokaator\/"]}]},{"@type":"ImageObject","inLanguage":"en-US","@id":"https:\/\/getama.ee\/en\/toode\/woodpecker-woodpex-v-apekslokaator\/#primaryimage","url":"https:\/\/getama.ee\/wp-content\/uploads\/2025\/11\/1.png","contentUrl":"https:\/\/getama.ee\/wp-content\/uploads\/2025\/11\/1.png","width":500,"height":500},{"@type":"BreadcrumbList","@id":"https:\/\/getama.ee\/en\/toode\/woodpecker-woodpex-v-apekslokaator\/#breadcrumb","itemListElement":[{"@type":"ListItem","position":1,"name":"Esileht","item":"https:\/\/getama.ee\/en\/"},{"@type":"ListItem","position":2,"name":"Pood","item":"https:\/\/getama.ee\/pood\/"},{"@type":"ListItem","position":3,"name":"Woodpecker Woodpex V apekslokaator"}]},{"@type":"WebSite","@id":"https:\/\/getama.ee\/en\/#website","url":"https:\/\/getama.ee\/en\/","name":"Getama","description":"Aitame sisustada Sinu hambakliiniku.","publisher":{"@id":"https:\/\/getama.ee\/en\/#organization"},"potentialAction":[{"@type":"SearchAction","target":{"@type":"EntryPoint","urlTemplate":"https:\/\/getama.ee\/en\/?s={search_term_string}"},"query-input":{"@type":"PropertyValueSpecification","valueRequired":true,"valueName":"search_term_string"}}],"inLanguage":"en-US"},{"@type":"Organization","@id":"https:\/\/getama.ee\/en\/#organization","name":"Getama O\u00dc","url":"https:\/\/getama.ee\/en\/","logo":{"@type":"ImageObject","inLanguage":"en-US","@id":"https:\/\/getama.ee\/en\/#\/schema\/logo\/image\/","url":"https:\/\/getama.ee\/wp-content\/uploads\/2025\/07\/cropped-Getama-icon.png","contentUrl":"https:\/\/getama.ee\/wp-content\/uploads\/2025\/07\/cropped-Getama-icon.png","width":512,"height":512,"caption":"Getama O\u00dc"},"image":{"@id":"https:\/\/getama.ee\/en\/#\/schema\/logo\/image\/"},"sameAs":["https:\/\/www.facebook.com\/GetamaOU","https:\/\/www.linkedin.com\/company\/getama"]}]}},"_links":{"self":[{"href":"https:\/\/getama.ee\/en\/wp-json\/wp\/v2\/product\/3097","targetHints":{"allow":["GET"]}}],"collection":[{"href":"https:\/\/getama.ee\/en\/wp-json\/wp\/v2\/product"}],"about":[{"href":"https:\/\/getama.ee\/en\/wp-json\/wp\/v2\/types\/product"}],"replies":[{"embeddable":true,"href":"https:\/\/getama.ee\/en\/wp-json\/wp\/v2\/comments?post=3097"}],"wp:featuredmedia":[{"embeddable":true,"href":"https:\/\/getama.ee\/en\/wp-json\/wp\/v2\/media\/3102"}],"wp:attachment":[{"href":"https:\/\/getama.ee\/en\/wp-json\/wp\/v2\/media?parent=3097"}],"wp:term":[{"taxonomy":"product_brand","embeddable":true,"href":"https:\/\/getama.ee\/en\/wp-json\/wp\/v2\/product_brand?post=3097"},{"taxonomy":"product_cat","embeddable":true,"href":"https:\/\/getama.ee\/en\/wp-json\/wp\/v2\/product_cat?post=3097"},{"taxonomy":"product_tag","embeddable":true,"href":"https:\/\/getama.ee\/en\/wp-json\/wp\/v2\/product_tag?post=3097"}],"curies":[{"name":"wp","href":"https:\/\/api.w.org\/{rel}","templated":true}]}}