{"id":3056,"date":"2025-11-17T12:47:15","date_gmt":"2025-11-17T09:47:15","guid":{"rendered":"https:\/\/getama.ee\/?post_type=product&#038;p=3056"},"modified":"2025-11-17T12:47:15","modified_gmt":"2025-11-17T09:47:15","slug":"woodpecker-endo-gt","status":"publish","type":"product","link":"https:\/\/getama.ee\/en\/toode\/woodpecker-endo-gt\/","title":{"rendered":"Woodpecker Endo GT"},"content":{"rendered":"","protected":false},"excerpt":{"rendered":"<p data-start=\"118\" data-end=\"194\"><strong data-start=\"121\" data-end=\"192\">Woodpecker Endo GT Pro <\/strong>\u2013 Endomootor sisseehitatud apeksilokaatoriga<\/p>\n<p data-start=\"196\" data-end=\"591\">Woodpecker Endo GT Pro \u00fchendab endas tipptasemel endomootori ja t\u00e4pse sisseehitatud apeksilokaatori, pakkudes maksimaalset kontrolli, ohutust ja efektiivsust igas endodontilises protseduuris.\u00a0T\u00e4nu intelligentsele p\u00f6\u00f6rdemomendi juhtimisele, reaalajas m\u00f5\u00f5tmistele ja uuenduslikule LED-valgustusega 8 mm kontranurgale tagab seade erakordse t\u00e4psuse ka k\u00f5ige keerukamates juurekanalites.<\/p>\n<ul>\n<li><strong data-start=\"168\" data-end=\"207\">8 mm \u00fcli\u00f5huke LED kontranurk:<\/strong> Sisseehitatud LED-valgustus tagab suurep\u00e4rase n\u00e4htavuse \u2013 h\u00fcvasti pimedad t\u00f6\u00f6alad.<\/li>\n<li data-start=\"293\" data-end=\"418\"><strong data-start=\"298\" data-end=\"315\">Tark t\u00f6\u00f6voog:<\/strong> Uuenda failis\u00fcsteeme WiFi v\u00f5i USB kaudu ning kohanda ravi enam kui 30 programmeeritava protokolliga.<\/li>\n<li data-start=\"293\" data-end=\"418\"><strong data-start=\"425\" data-end=\"450\">Uue p\u00f5lvkonna liides:<\/strong> 6-tolline HD puuteekraan, mida on lihtne kasutada igas valgustingimuses.<\/li>\n<li data-start=\"293\" data-end=\"418\"><strong data-start=\"530\" data-end=\"575\">Juhtmevaba magnetiline dokk-laadimisjaam:<\/strong> Kiire ja mugav laadimine ilma juhtmeteta \u2013 alati t\u00f6\u00f6valmis.<\/li>\n<li data-start=\"293\" data-end=\"418\"><strong data-start=\"643\" data-end=\"668\">Kohandatav failiteek:<\/strong> Salvesta ja halda failis\u00e4tteid lihtsalt ja s\u00fcsteemselt.<\/li>\n<li data-start=\"293\" data-end=\"418\"><strong data-start=\"732\" data-end=\"761\">Mitmek\u00fclgsed t\u00f6\u00f6re\u017eiimid:<\/strong> T-Mode, Torquesense\u00a0ja muud spetsiaalsed seadistused erinevate protseduuride jaoks.<\/li>\n<li data-start=\"859\" data-end=\"974\"><strong data-start=\"864\" data-end=\"906\">Intelligentne p\u00f6\u00f6rdemomendi juhtimine:<\/strong> Automaatne kohandamine maksimaalse t\u00e4psuse ja ohutuse tagamiseks.<\/li>\n<li data-start=\"975\" data-end=\"1092\"><strong data-start=\"980\" data-end=\"1013\">Sisseehitatud apeksilokaator:<\/strong> Tagab t\u00e4pse juurekanali pikkuse m\u00e4\u00e4ramise ja usaldusv\u00e4\u00e4rsed raviresultaadid.<\/li>\n<\/ul>\n<hr data-start=\"1219\" data-end=\"1222\" \/>\n","protected":false},"featured_media":3057,"comment_status":"open","ping_status":"closed","template":"","meta":{"_acf_changed":false,"_gspb_post_css":""},"product_brand":[54],"product_cat":[35],"product_tag":[],"class_list":{"0":"post-3056","1":"product","2":"type-product","3":"status-publish","4":"has-post-thumbnail","6":"product_brand-woodpecker","7":"product_cat-endodontia","9":"first","10":"instock","11":"taxable","12":"shipping-taxable","13":"purchasable","14":"product-type-simple"},"acf":[],"yoast_head":"<!-- This site is optimized with the Yoast SEO plugin v27.1.1 - https:\/\/yoast.com\/product\/yoast-seo-wordpress\/ -->\n<title>Woodpecker Endo GT | Getama<\/title>\n<meta name=\"description\" content=\"Woodpecker Endo GT | Getama\" \/>\n<meta name=\"robots\" content=\"index, follow, max-snippet:-1, max-image-preview:large, max-video-preview:-1\" \/>\n<link rel=\"canonical\" href=\"https:\/\/getama.ee\/en\/toode\/woodpecker-endo-gt\/\" \/>\n<meta property=\"og:locale\" content=\"en_US\" \/>\n<meta property=\"og:type\" content=\"article\" \/>\n<meta property=\"og:title\" content=\"Woodpecker Endo GT | Getama\" \/>\n<meta property=\"og:description\" content=\"Woodpecker Endo GT | Getama\" \/>\n<meta property=\"og:url\" content=\"https:\/\/getama.ee\/en\/toode\/woodpecker-endo-gt\/\" \/>\n<meta property=\"og:site_name\" content=\"Getama\" \/>\n<meta property=\"article:publisher\" content=\"https:\/\/www.facebook.com\/GetamaOU\" \/>\n<meta property=\"og:image\" content=\"https:\/\/getama.ee\/wp-content\/uploads\/2025\/10\/2-10.png\" \/>\n\t<meta property=\"og:image:width\" content=\"1000\" \/>\n\t<meta property=\"og:image:height\" content=\"1000\" \/>\n\t<meta property=\"og:image:type\" content=\"image\/png\" \/>\n<meta name=\"twitter:card\" content=\"summary_large_image\" \/>\n<meta name=\"twitter:label1\" content=\"Est. reading time\" \/>\n\t<meta name=\"twitter:data1\" content=\"1 minute\" \/>\n<script type=\"application\/ld+json\" class=\"yoast-schema-graph\">{\"@context\":\"https:\/\/schema.org\",\"@graph\":[{\"@type\":[\"WebPage\",\"ItemPage\"],\"@id\":\"https:\/\/getama.ee\/en\/toode\/woodpecker-endo-gt\/\",\"url\":\"https:\/\/getama.ee\/en\/toode\/woodpecker-endo-gt\/\",\"name\":\"Woodpecker Endo GT | Getama\",\"isPartOf\":{\"@id\":\"https:\/\/getama.ee\/en\/#website\"},\"primaryImageOfPage\":{\"@id\":\"https:\/\/getama.ee\/en\/toode\/woodpecker-endo-gt\/#primaryimage\"},\"image\":{\"@id\":\"https:\/\/getama.ee\/en\/toode\/woodpecker-endo-gt\/#primaryimage\"},\"thumbnailUrl\":\"https:\/\/getama.ee\/wp-content\/uploads\/2025\/10\/2-10.png\",\"datePublished\":\"2025-11-17T09:47:15+00:00\",\"description\":\"Woodpecker Endo GT | Getama\",\"breadcrumb\":{\"@id\":\"https:\/\/getama.ee\/en\/toode\/woodpecker-endo-gt\/#breadcrumb\"},\"inLanguage\":\"en-US\",\"potentialAction\":[{\"@type\":\"ReadAction\",\"target\":[\"https:\/\/getama.ee\/en\/toode\/woodpecker-endo-gt\/\"]}]},{\"@type\":\"ImageObject\",\"inLanguage\":\"en-US\",\"@id\":\"https:\/\/getama.ee\/en\/toode\/woodpecker-endo-gt\/#primaryimage\",\"url\":\"https:\/\/getama.ee\/wp-content\/uploads\/2025\/10\/2-10.png\",\"contentUrl\":\"https:\/\/getama.ee\/wp-content\/uploads\/2025\/10\/2-10.png\",\"width\":1000,\"height\":1000},{\"@type\":\"BreadcrumbList\",\"@id\":\"https:\/\/getama.ee\/en\/toode\/woodpecker-endo-gt\/#breadcrumb\",\"itemListElement\":[{\"@type\":\"ListItem\",\"position\":1,\"name\":\"Esileht\",\"item\":\"https:\/\/getama.ee\/en\/\"},{\"@type\":\"ListItem\",\"position\":2,\"name\":\"Pood\",\"item\":\"https:\/\/getama.ee\/pood\/\"},{\"@type\":\"ListItem\",\"position\":3,\"name\":\"Woodpecker Endo GT\"}]},{\"@type\":\"WebSite\",\"@id\":\"https:\/\/getama.ee\/en\/#website\",\"url\":\"https:\/\/getama.ee\/en\/\",\"name\":\"Getama\",\"description\":\"Aitame sisustada Sinu hambakliiniku.\",\"publisher\":{\"@id\":\"https:\/\/getama.ee\/en\/#organization\"},\"potentialAction\":[{\"@type\":\"SearchAction\",\"target\":{\"@type\":\"EntryPoint\",\"urlTemplate\":\"https:\/\/getama.ee\/en\/?s={search_term_string}\"},\"query-input\":{\"@type\":\"PropertyValueSpecification\",\"valueRequired\":true,\"valueName\":\"search_term_string\"}}],\"inLanguage\":\"en-US\"},{\"@type\":\"Organization\",\"@id\":\"https:\/\/getama.ee\/en\/#organization\",\"name\":\"Getama O\u00dc\",\"url\":\"https:\/\/getama.ee\/en\/\",\"logo\":{\"@type\":\"ImageObject\",\"inLanguage\":\"en-US\",\"@id\":\"https:\/\/getama.ee\/en\/#\/schema\/logo\/image\/\",\"url\":\"https:\/\/getama.ee\/wp-content\/uploads\/2025\/07\/cropped-Getama-icon.png\",\"contentUrl\":\"https:\/\/getama.ee\/wp-content\/uploads\/2025\/07\/cropped-Getama-icon.png\",\"width\":512,\"height\":512,\"caption\":\"Getama O\u00dc\"},\"image\":{\"@id\":\"https:\/\/getama.ee\/en\/#\/schema\/logo\/image\/\"},\"sameAs\":[\"https:\/\/www.facebook.com\/GetamaOU\",\"https:\/\/www.linkedin.com\/company\/getama\"]}]}<\/script>\n<!-- \/ Yoast SEO plugin. -->","yoast_head_json":{"title":"Woodpecker Endo GT | Getama","description":"Woodpecker Endo GT | Getama","robots":{"index":"index","follow":"follow","max-snippet":"max-snippet:-1","max-image-preview":"max-image-preview:large","max-video-preview":"max-video-preview:-1"},"canonical":"https:\/\/getama.ee\/en\/toode\/woodpecker-endo-gt\/","og_locale":"en_US","og_type":"article","og_title":"Woodpecker Endo GT | Getama","og_description":"Woodpecker Endo GT | Getama","og_url":"https:\/\/getama.ee\/en\/toode\/woodpecker-endo-gt\/","og_site_name":"Getama","article_publisher":"https:\/\/www.facebook.com\/GetamaOU","og_image":[{"width":1000,"height":1000,"url":"https:\/\/getama.ee\/wp-content\/uploads\/2025\/10\/2-10.png","type":"image\/png"}],"twitter_card":"summary_large_image","twitter_misc":{"Est. reading time":"1 minute"},"schema":{"@context":"https:\/\/schema.org","@graph":[{"@type":["WebPage","ItemPage"],"@id":"https:\/\/getama.ee\/en\/toode\/woodpecker-endo-gt\/","url":"https:\/\/getama.ee\/en\/toode\/woodpecker-endo-gt\/","name":"Woodpecker Endo GT | Getama","isPartOf":{"@id":"https:\/\/getama.ee\/en\/#website"},"primaryImageOfPage":{"@id":"https:\/\/getama.ee\/en\/toode\/woodpecker-endo-gt\/#primaryimage"},"image":{"@id":"https:\/\/getama.ee\/en\/toode\/woodpecker-endo-gt\/#primaryimage"},"thumbnailUrl":"https:\/\/getama.ee\/wp-content\/uploads\/2025\/10\/2-10.png","datePublished":"2025-11-17T09:47:15+00:00","description":"Woodpecker Endo GT | Getama","breadcrumb":{"@id":"https:\/\/getama.ee\/en\/toode\/woodpecker-endo-gt\/#breadcrumb"},"inLanguage":"en-US","potentialAction":[{"@type":"ReadAction","target":["https:\/\/getama.ee\/en\/toode\/woodpecker-endo-gt\/"]}]},{"@type":"ImageObject","inLanguage":"en-US","@id":"https:\/\/getama.ee\/en\/toode\/woodpecker-endo-gt\/#primaryimage","url":"https:\/\/getama.ee\/wp-content\/uploads\/2025\/10\/2-10.png","contentUrl":"https:\/\/getama.ee\/wp-content\/uploads\/2025\/10\/2-10.png","width":1000,"height":1000},{"@type":"BreadcrumbList","@id":"https:\/\/getama.ee\/en\/toode\/woodpecker-endo-gt\/#breadcrumb","itemListElement":[{"@type":"ListItem","position":1,"name":"Esileht","item":"https:\/\/getama.ee\/en\/"},{"@type":"ListItem","position":2,"name":"Pood","item":"https:\/\/getama.ee\/pood\/"},{"@type":"ListItem","position":3,"name":"Woodpecker Endo GT"}]},{"@type":"WebSite","@id":"https:\/\/getama.ee\/en\/#website","url":"https:\/\/getama.ee\/en\/","name":"Getama","description":"Aitame sisustada Sinu hambakliiniku.","publisher":{"@id":"https:\/\/getama.ee\/en\/#organization"},"potentialAction":[{"@type":"SearchAction","target":{"@type":"EntryPoint","urlTemplate":"https:\/\/getama.ee\/en\/?s={search_term_string}"},"query-input":{"@type":"PropertyValueSpecification","valueRequired":true,"valueName":"search_term_string"}}],"inLanguage":"en-US"},{"@type":"Organization","@id":"https:\/\/getama.ee\/en\/#organization","name":"Getama O\u00dc","url":"https:\/\/getama.ee\/en\/","logo":{"@type":"ImageObject","inLanguage":"en-US","@id":"https:\/\/getama.ee\/en\/#\/schema\/logo\/image\/","url":"https:\/\/getama.ee\/wp-content\/uploads\/2025\/07\/cropped-Getama-icon.png","contentUrl":"https:\/\/getama.ee\/wp-content\/uploads\/2025\/07\/cropped-Getama-icon.png","width":512,"height":512,"caption":"Getama O\u00dc"},"image":{"@id":"https:\/\/getama.ee\/en\/#\/schema\/logo\/image\/"},"sameAs":["https:\/\/www.facebook.com\/GetamaOU","https:\/\/www.linkedin.com\/company\/getama"]}]}},"_links":{"self":[{"href":"https:\/\/getama.ee\/en\/wp-json\/wp\/v2\/product\/3056","targetHints":{"allow":["GET"]}}],"collection":[{"href":"https:\/\/getama.ee\/en\/wp-json\/wp\/v2\/product"}],"about":[{"href":"https:\/\/getama.ee\/en\/wp-json\/wp\/v2\/types\/product"}],"replies":[{"embeddable":true,"href":"https:\/\/getama.ee\/en\/wp-json\/wp\/v2\/comments?post=3056"}],"wp:featuredmedia":[{"embeddable":true,"href":"https:\/\/getama.ee\/en\/wp-json\/wp\/v2\/media\/3057"}],"wp:attachment":[{"href":"https:\/\/getama.ee\/en\/wp-json\/wp\/v2\/media?parent=3056"}],"wp:term":[{"taxonomy":"product_brand","embeddable":true,"href":"https:\/\/getama.ee\/en\/wp-json\/wp\/v2\/product_brand?post=3056"},{"taxonomy":"product_cat","embeddable":true,"href":"https:\/\/getama.ee\/en\/wp-json\/wp\/v2\/product_cat?post=3056"},{"taxonomy":"product_tag","embeddable":true,"href":"https:\/\/getama.ee\/en\/wp-json\/wp\/v2\/product_tag?post=3056"}],"curies":[{"name":"wp","href":"https:\/\/api.w.org\/{rel}","templated":true}]}}