{"id":3042,"date":"2025-11-17T12:48:30","date_gmt":"2025-11-17T09:48:30","guid":{"rendered":"https:\/\/getama.ee\/?post_type=product&#038;p=3042"},"modified":"2025-11-17T12:48:30","modified_gmt":"2025-11-17T09:48:30","slug":"euronda-euromatic-termosulgur","status":"publish","type":"product","link":"https:\/\/getama.ee\/en\/toode\/euronda-euromatic-termosulgur\/","title":{"rendered":"Euronda Euromatic termosulgur"},"content":{"rendered":"","protected":false},"excerpt":{"rendered":"<p data-start=\"180\" data-end=\"376\"><strong data-start=\"180\" data-end=\"193\">Euronda Euromatic<\/strong> on ideaalne termosulgur suurtes kogustes pakkide t\u00f6\u00f6tlemiseks. Seade valideerib iga tihendatud pakendi, tagades maksimaalse ajas\u00e4\u00e4stu t\u00e4nu mitme lintseali kiirusele 8 m\/min.\u00a0Suure 2,8-tollise puuteekraaniga kasutajaliides on intuitiivne ja juhendab kiiresti l\u00e4bi men\u00fc\u00fcvalikute. Ekraan on spetsiaalselt t\u00f6\u00f6deldud, et t\u00f5rjuda baktereid. Sisseehitatud printer tr\u00fckib pakendile olulised j\u00e4lgitavad andmed (tootmisinfo, partii, operaator, kehtivusaeg). K\u00f5ik tihendusandmed on v\u00f5imalik standardse USB, SD-kaardi v\u00f5i Etherneti kaudu arvutisse \u00fcle kanda.<\/p>\n<ul>\n<li data-start=\"370\" data-end=\"417\">Mitmeribaline sulgemine kiirusega 8 m\/min<\/li>\n<li data-start=\"370\" data-end=\"417\">Iga koti valideerimine tagamaks kvaliteetse tulemuse<\/li>\n<li data-start=\"370\" data-end=\"417\">2,8\u2033 puutetundlik ekraan antibakteriaalse kattega<\/li>\n<li data-start=\"370\" data-end=\"417\">Sisseehitatud printer (tr\u00fckib tootmiskuup\u00e4eva, partii, operaatori ja k\u00f5lblikkusaja)<\/li>\n<li data-start=\"370\" data-end=\"417\">Andmeedastus USB, SD-kaardi ja Etherneti kaudu<\/li>\n<\/ul>\n","protected":false},"featured_media":3068,"comment_status":"open","ping_status":"closed","template":"","meta":{"_acf_changed":false,"_gspb_post_css":""},"product_brand":[50],"product_cat":[39],"product_tag":[],"class_list":{"0":"post-3042","1":"product","2":"type-product","3":"status-publish","4":"has-post-thumbnail","6":"product_brand-euronda","7":"product_cat-pakkeseadmed","9":"first","10":"instock","11":"taxable","12":"shipping-taxable","13":"purchasable","14":"product-type-simple"},"acf":[],"yoast_head":"<!-- This site is optimized with the Yoast SEO plugin v27.1.1 - https:\/\/yoast.com\/product\/yoast-seo-wordpress\/ -->\n<title>Euronda Euromatic termosulgur | Getama<\/title>\n<meta name=\"description\" content=\"Euronda Euromatic termosulgur | Getama\" \/>\n<meta name=\"robots\" content=\"index, follow, max-snippet:-1, max-image-preview:large, max-video-preview:-1\" \/>\n<link rel=\"canonical\" href=\"https:\/\/getama.ee\/en\/toode\/euronda-euromatic-termosulgur\/\" \/>\n<meta property=\"og:locale\" content=\"en_US\" \/>\n<meta property=\"og:type\" content=\"article\" \/>\n<meta property=\"og:title\" content=\"Euronda Euromatic termosulgur | Getama\" \/>\n<meta property=\"og:description\" content=\"Euronda Euromatic termosulgur | Getama\" \/>\n<meta property=\"og:url\" content=\"https:\/\/getama.ee\/en\/toode\/euronda-euromatic-termosulgur\/\" \/>\n<meta property=\"og:site_name\" content=\"Getama\" \/>\n<meta property=\"article:publisher\" content=\"https:\/\/www.facebook.com\/GetamaOU\" \/>\n<meta property=\"og:image\" content=\"https:\/\/getama.ee\/wp-content\/uploads\/2025\/10\/1-11.png\" \/>\n\t<meta property=\"og:image:width\" content=\"1000\" \/>\n\t<meta property=\"og:image:height\" content=\"1000\" \/>\n\t<meta property=\"og:image:type\" content=\"image\/png\" \/>\n<meta name=\"twitter:card\" content=\"summary_large_image\" \/>\n<meta name=\"twitter:label1\" content=\"Est. reading time\" \/>\n\t<meta name=\"twitter:data1\" content=\"1 minute\" \/>\n<script type=\"application\/ld+json\" class=\"yoast-schema-graph\">{\"@context\":\"https:\/\/schema.org\",\"@graph\":[{\"@type\":[\"WebPage\",\"ItemPage\"],\"@id\":\"https:\/\/getama.ee\/en\/toode\/euronda-euromatic-termosulgur\/\",\"url\":\"https:\/\/getama.ee\/en\/toode\/euronda-euromatic-termosulgur\/\",\"name\":\"Euronda Euromatic termosulgur | Getama\",\"isPartOf\":{\"@id\":\"https:\/\/getama.ee\/en\/#website\"},\"primaryImageOfPage\":{\"@id\":\"https:\/\/getama.ee\/en\/toode\/euronda-euromatic-termosulgur\/#primaryimage\"},\"image\":{\"@id\":\"https:\/\/getama.ee\/en\/toode\/euronda-euromatic-termosulgur\/#primaryimage\"},\"thumbnailUrl\":\"https:\/\/getama.ee\/wp-content\/uploads\/2025\/10\/1-11.png\",\"datePublished\":\"2025-11-17T09:48:30+00:00\",\"description\":\"Euronda Euromatic termosulgur | Getama\",\"breadcrumb\":{\"@id\":\"https:\/\/getama.ee\/en\/toode\/euronda-euromatic-termosulgur\/#breadcrumb\"},\"inLanguage\":\"en-US\",\"potentialAction\":[{\"@type\":\"ReadAction\",\"target\":[\"https:\/\/getama.ee\/en\/toode\/euronda-euromatic-termosulgur\/\"]}]},{\"@type\":\"ImageObject\",\"inLanguage\":\"en-US\",\"@id\":\"https:\/\/getama.ee\/en\/toode\/euronda-euromatic-termosulgur\/#primaryimage\",\"url\":\"https:\/\/getama.ee\/wp-content\/uploads\/2025\/10\/1-11.png\",\"contentUrl\":\"https:\/\/getama.ee\/wp-content\/uploads\/2025\/10\/1-11.png\",\"width\":1000,\"height\":1000},{\"@type\":\"BreadcrumbList\",\"@id\":\"https:\/\/getama.ee\/en\/toode\/euronda-euromatic-termosulgur\/#breadcrumb\",\"itemListElement\":[{\"@type\":\"ListItem\",\"position\":1,\"name\":\"Esileht\",\"item\":\"https:\/\/getama.ee\/en\/\"},{\"@type\":\"ListItem\",\"position\":2,\"name\":\"Pood\",\"item\":\"https:\/\/getama.ee\/pood\/\"},{\"@type\":\"ListItem\",\"position\":3,\"name\":\"Euronda Euromatic termosulgur\"}]},{\"@type\":\"WebSite\",\"@id\":\"https:\/\/getama.ee\/en\/#website\",\"url\":\"https:\/\/getama.ee\/en\/\",\"name\":\"Getama\",\"description\":\"Aitame sisustada Sinu hambakliiniku.\",\"publisher\":{\"@id\":\"https:\/\/getama.ee\/en\/#organization\"},\"potentialAction\":[{\"@type\":\"SearchAction\",\"target\":{\"@type\":\"EntryPoint\",\"urlTemplate\":\"https:\/\/getama.ee\/en\/?s={search_term_string}\"},\"query-input\":{\"@type\":\"PropertyValueSpecification\",\"valueRequired\":true,\"valueName\":\"search_term_string\"}}],\"inLanguage\":\"en-US\"},{\"@type\":\"Organization\",\"@id\":\"https:\/\/getama.ee\/en\/#organization\",\"name\":\"Getama O\u00dc\",\"url\":\"https:\/\/getama.ee\/en\/\",\"logo\":{\"@type\":\"ImageObject\",\"inLanguage\":\"en-US\",\"@id\":\"https:\/\/getama.ee\/en\/#\/schema\/logo\/image\/\",\"url\":\"https:\/\/getama.ee\/wp-content\/uploads\/2025\/07\/cropped-Getama-icon.png\",\"contentUrl\":\"https:\/\/getama.ee\/wp-content\/uploads\/2025\/07\/cropped-Getama-icon.png\",\"width\":512,\"height\":512,\"caption\":\"Getama O\u00dc\"},\"image\":{\"@id\":\"https:\/\/getama.ee\/en\/#\/schema\/logo\/image\/\"},\"sameAs\":[\"https:\/\/www.facebook.com\/GetamaOU\",\"https:\/\/www.linkedin.com\/company\/getama\"]}]}<\/script>\n<!-- \/ Yoast SEO plugin. -->","yoast_head_json":{"title":"Euronda Euromatic termosulgur | Getama","description":"Euronda Euromatic termosulgur | Getama","robots":{"index":"index","follow":"follow","max-snippet":"max-snippet:-1","max-image-preview":"max-image-preview:large","max-video-preview":"max-video-preview:-1"},"canonical":"https:\/\/getama.ee\/en\/toode\/euronda-euromatic-termosulgur\/","og_locale":"en_US","og_type":"article","og_title":"Euronda Euromatic termosulgur | Getama","og_description":"Euronda Euromatic termosulgur | Getama","og_url":"https:\/\/getama.ee\/en\/toode\/euronda-euromatic-termosulgur\/","og_site_name":"Getama","article_publisher":"https:\/\/www.facebook.com\/GetamaOU","og_image":[{"width":1000,"height":1000,"url":"https:\/\/getama.ee\/wp-content\/uploads\/2025\/10\/1-11.png","type":"image\/png"}],"twitter_card":"summary_large_image","twitter_misc":{"Est. reading time":"1 minute"},"schema":{"@context":"https:\/\/schema.org","@graph":[{"@type":["WebPage","ItemPage"],"@id":"https:\/\/getama.ee\/en\/toode\/euronda-euromatic-termosulgur\/","url":"https:\/\/getama.ee\/en\/toode\/euronda-euromatic-termosulgur\/","name":"Euronda Euromatic termosulgur | Getama","isPartOf":{"@id":"https:\/\/getama.ee\/en\/#website"},"primaryImageOfPage":{"@id":"https:\/\/getama.ee\/en\/toode\/euronda-euromatic-termosulgur\/#primaryimage"},"image":{"@id":"https:\/\/getama.ee\/en\/toode\/euronda-euromatic-termosulgur\/#primaryimage"},"thumbnailUrl":"https:\/\/getama.ee\/wp-content\/uploads\/2025\/10\/1-11.png","datePublished":"2025-11-17T09:48:30+00:00","description":"Euronda Euromatic termosulgur | Getama","breadcrumb":{"@id":"https:\/\/getama.ee\/en\/toode\/euronda-euromatic-termosulgur\/#breadcrumb"},"inLanguage":"en-US","potentialAction":[{"@type":"ReadAction","target":["https:\/\/getama.ee\/en\/toode\/euronda-euromatic-termosulgur\/"]}]},{"@type":"ImageObject","inLanguage":"en-US","@id":"https:\/\/getama.ee\/en\/toode\/euronda-euromatic-termosulgur\/#primaryimage","url":"https:\/\/getama.ee\/wp-content\/uploads\/2025\/10\/1-11.png","contentUrl":"https:\/\/getama.ee\/wp-content\/uploads\/2025\/10\/1-11.png","width":1000,"height":1000},{"@type":"BreadcrumbList","@id":"https:\/\/getama.ee\/en\/toode\/euronda-euromatic-termosulgur\/#breadcrumb","itemListElement":[{"@type":"ListItem","position":1,"name":"Esileht","item":"https:\/\/getama.ee\/en\/"},{"@type":"ListItem","position":2,"name":"Pood","item":"https:\/\/getama.ee\/pood\/"},{"@type":"ListItem","position":3,"name":"Euronda Euromatic termosulgur"}]},{"@type":"WebSite","@id":"https:\/\/getama.ee\/en\/#website","url":"https:\/\/getama.ee\/en\/","name":"Getama","description":"Aitame sisustada Sinu hambakliiniku.","publisher":{"@id":"https:\/\/getama.ee\/en\/#organization"},"potentialAction":[{"@type":"SearchAction","target":{"@type":"EntryPoint","urlTemplate":"https:\/\/getama.ee\/en\/?s={search_term_string}"},"query-input":{"@type":"PropertyValueSpecification","valueRequired":true,"valueName":"search_term_string"}}],"inLanguage":"en-US"},{"@type":"Organization","@id":"https:\/\/getama.ee\/en\/#organization","name":"Getama O\u00dc","url":"https:\/\/getama.ee\/en\/","logo":{"@type":"ImageObject","inLanguage":"en-US","@id":"https:\/\/getama.ee\/en\/#\/schema\/logo\/image\/","url":"https:\/\/getama.ee\/wp-content\/uploads\/2025\/07\/cropped-Getama-icon.png","contentUrl":"https:\/\/getama.ee\/wp-content\/uploads\/2025\/07\/cropped-Getama-icon.png","width":512,"height":512,"caption":"Getama O\u00dc"},"image":{"@id":"https:\/\/getama.ee\/en\/#\/schema\/logo\/image\/"},"sameAs":["https:\/\/www.facebook.com\/GetamaOU","https:\/\/www.linkedin.com\/company\/getama"]}]}},"_links":{"self":[{"href":"https:\/\/getama.ee\/en\/wp-json\/wp\/v2\/product\/3042","targetHints":{"allow":["GET"]}}],"collection":[{"href":"https:\/\/getama.ee\/en\/wp-json\/wp\/v2\/product"}],"about":[{"href":"https:\/\/getama.ee\/en\/wp-json\/wp\/v2\/types\/product"}],"replies":[{"embeddable":true,"href":"https:\/\/getama.ee\/en\/wp-json\/wp\/v2\/comments?post=3042"}],"wp:featuredmedia":[{"embeddable":true,"href":"https:\/\/getama.ee\/en\/wp-json\/wp\/v2\/media\/3068"}],"wp:attachment":[{"href":"https:\/\/getama.ee\/en\/wp-json\/wp\/v2\/media?parent=3042"}],"wp:term":[{"taxonomy":"product_brand","embeddable":true,"href":"https:\/\/getama.ee\/en\/wp-json\/wp\/v2\/product_brand?post=3042"},{"taxonomy":"product_cat","embeddable":true,"href":"https:\/\/getama.ee\/en\/wp-json\/wp\/v2\/product_cat?post=3042"},{"taxonomy":"product_tag","embeddable":true,"href":"https:\/\/getama.ee\/en\/wp-json\/wp\/v2\/product_tag?post=3042"}],"curies":[{"name":"wp","href":"https:\/\/api.w.org\/{rel}","templated":true}]}}