{"id":2988,"date":"2025-10-21T12:18:17","date_gmt":"2025-10-21T09:18:17","guid":{"rendered":"https:\/\/getama.ee\/?post_type=product&#038;p=2988"},"modified":"2025-10-21T12:18:17","modified_gmt":"2025-10-21T09:18:17","slug":"dynamo-incharge-foot-operated-tootool","status":"publish","type":"product","link":"https:\/\/getama.ee\/en\/toode\/dynamo-incharge-foot-operated-tootool\/","title":{"rendered":"Dynamo Incharge Foot-Operated t\u00f6\u00f6tool"},"content":{"rendered":"","protected":false},"excerpt":{"rendered":"<p data-start=\"42\" data-end=\"350\"><strong>Dynamo InCharge Foot-Operated<\/strong> on Nanna Ditzeli 1993. aastal disainitud elegantne ja funktsionaalne ergonoomiliste t\u00f6\u00f6toolide sari. Selle eesm\u00e4rk on toetada keha loomulikku tasakaalu ja istumist, pakkudes mugavust, liikumisvabadust ja kaasaegset disaini. Iste, mis on v\u00e4lja t\u00f6\u00f6tatud inimese anatoomia p\u00f5hjal, on vormitud vastavalt vaagnale, et pakkuda teile optimaalset istumisasendit. Tooli disain soodustab selgroo loomuliku S-kujulise kumeruse saavutamist. Jalapedaali funktsioon v\u00f5imaldab k\u00e4ed-vabad k\u00f5rguse reguleerimist, mis teeb sellest optimaalse lahenduse steriilsetes keskkondades t\u00f6\u00f6tamiseks.<\/p>\n<ul>\n<li data-start=\"42\" data-end=\"350\">Kvaliteetne, h\u00fcgieeniline kunstnahast kattematerjal.<\/li>\n<li data-start=\"1163\" data-end=\"1212\">Medium k\u00f5rgus 48\u201368 cm.<\/li>\n<li data-start=\"1163\" data-end=\"1212\">Aktiivset istumist ja keha tasakaalu soodustav kuju.<\/li>\n<li data-start=\"1163\" data-end=\"1212\">Reguleeritav istmek\u00f5rgus jalapedaali abil.<\/li>\n<li data-start=\"1163\" data-end=\"1212\">Avatud puusanurk ja loomulik istumisasend.<\/li>\n<li data-start=\"1163\" data-end=\"1212\">Kompaktne ja kergesti liigutatav konstruktsioon.<\/li>\n<li data-start=\"1163\" data-end=\"1212\">Elegantne, ajatu v\u00e4limus.<\/li>\n<\/ul>\n<div class=\"woocommerce-product-details__short-description\">\n<p>Tooli katet saab kergesti puhastada veep\u00f5hise puhastusvahendiga v\u00f5i pesumasinas 60\u00b0 juures.<\/p>\n<\/div>\n","protected":false},"featured_media":3014,"comment_status":"open","ping_status":"closed","template":"","meta":{"_acf_changed":false,"_gspb_post_css":""},"product_brand":[53],"product_cat":[29],"product_tag":[],"class_list":{"0":"post-2988","1":"product","2":"type-product","3":"status-publish","4":"has-post-thumbnail","6":"product_brand-dynamo","7":"product_cat-tootoolid","9":"first","10":"instock","11":"taxable","12":"shipping-taxable","13":"purchasable","14":"product-type-variable"},"acf":[],"yoast_head":"<!-- This site is optimized with the Yoast SEO plugin v27.1.1 - https:\/\/yoast.com\/product\/yoast-seo-wordpress\/ -->\n<title>Dynamo Incharge Foot-Operated t\u00f6\u00f6tool | Getama<\/title>\n<meta name=\"description\" content=\"Dynamo Incharge Foot-Operated t\u00f6\u00f6tool | Getama\" \/>\n<meta name=\"robots\" content=\"index, follow, max-snippet:-1, max-image-preview:large, max-video-preview:-1\" \/>\n<link rel=\"canonical\" href=\"https:\/\/getama.ee\/en\/toode\/dynamo-incharge-foot-operated-tootool\/\" \/>\n<meta property=\"og:locale\" content=\"en_US\" \/>\n<meta property=\"og:type\" content=\"article\" \/>\n<meta property=\"og:title\" content=\"Dynamo Incharge Foot-Operated t\u00f6\u00f6tool | Getama\" \/>\n<meta property=\"og:description\" content=\"Dynamo Incharge Foot-Operated t\u00f6\u00f6tool | Getama\" \/>\n<meta property=\"og:url\" content=\"https:\/\/getama.ee\/en\/toode\/dynamo-incharge-foot-operated-tootool\/\" \/>\n<meta property=\"og:site_name\" content=\"Getama\" \/>\n<meta property=\"article:publisher\" content=\"https:\/\/www.facebook.com\/GetamaOU\" \/>\n<meta property=\"og:image\" content=\"https:\/\/getama.ee\/wp-content\/uploads\/2025\/10\/2-6.png\" \/>\n\t<meta property=\"og:image:width\" content=\"1000\" \/>\n\t<meta property=\"og:image:height\" content=\"1000\" \/>\n\t<meta property=\"og:image:type\" content=\"image\/png\" \/>\n<meta name=\"twitter:card\" content=\"summary_large_image\" \/>\n<meta name=\"twitter:label1\" content=\"Est. reading time\" \/>\n\t<meta name=\"twitter:data1\" content=\"1 minute\" \/>\n<script type=\"application\/ld+json\" class=\"yoast-schema-graph\">{\"@context\":\"https:\/\/schema.org\",\"@graph\":[{\"@type\":[\"WebPage\",\"ItemPage\"],\"@id\":\"https:\/\/getama.ee\/en\/toode\/dynamo-incharge-foot-operated-tootool\/\",\"url\":\"https:\/\/getama.ee\/en\/toode\/dynamo-incharge-foot-operated-tootool\/\",\"name\":\"Dynamo Incharge Foot-Operated t\u00f6\u00f6tool | Getama\",\"isPartOf\":{\"@id\":\"https:\/\/getama.ee\/en\/#website\"},\"primaryImageOfPage\":{\"@id\":\"https:\/\/getama.ee\/en\/toode\/dynamo-incharge-foot-operated-tootool\/#primaryimage\"},\"image\":{\"@id\":\"https:\/\/getama.ee\/en\/toode\/dynamo-incharge-foot-operated-tootool\/#primaryimage\"},\"thumbnailUrl\":\"https:\/\/getama.ee\/wp-content\/uploads\/2025\/10\/2-6.png\",\"datePublished\":\"2025-10-21T09:18:17+00:00\",\"description\":\"Dynamo Incharge Foot-Operated t\u00f6\u00f6tool | Getama\",\"breadcrumb\":{\"@id\":\"https:\/\/getama.ee\/en\/toode\/dynamo-incharge-foot-operated-tootool\/#breadcrumb\"},\"inLanguage\":\"en-US\",\"potentialAction\":[{\"@type\":\"ReadAction\",\"target\":[\"https:\/\/getama.ee\/en\/toode\/dynamo-incharge-foot-operated-tootool\/\"]}]},{\"@type\":\"ImageObject\",\"inLanguage\":\"en-US\",\"@id\":\"https:\/\/getama.ee\/en\/toode\/dynamo-incharge-foot-operated-tootool\/#primaryimage\",\"url\":\"https:\/\/getama.ee\/wp-content\/uploads\/2025\/10\/2-6.png\",\"contentUrl\":\"https:\/\/getama.ee\/wp-content\/uploads\/2025\/10\/2-6.png\",\"width\":1000,\"height\":1000},{\"@type\":\"BreadcrumbList\",\"@id\":\"https:\/\/getama.ee\/en\/toode\/dynamo-incharge-foot-operated-tootool\/#breadcrumb\",\"itemListElement\":[{\"@type\":\"ListItem\",\"position\":1,\"name\":\"Esileht\",\"item\":\"https:\/\/getama.ee\/en\/\"},{\"@type\":\"ListItem\",\"position\":2,\"name\":\"Pood\",\"item\":\"https:\/\/getama.ee\/pood\/\"},{\"@type\":\"ListItem\",\"position\":3,\"name\":\"Dynamo Incharge Foot-Operated t\u00f6\u00f6tool\"}]},{\"@type\":\"WebSite\",\"@id\":\"https:\/\/getama.ee\/en\/#website\",\"url\":\"https:\/\/getama.ee\/en\/\",\"name\":\"Getama\",\"description\":\"Aitame sisustada Sinu hambakliiniku.\",\"publisher\":{\"@id\":\"https:\/\/getama.ee\/en\/#organization\"},\"potentialAction\":[{\"@type\":\"SearchAction\",\"target\":{\"@type\":\"EntryPoint\",\"urlTemplate\":\"https:\/\/getama.ee\/en\/?s={search_term_string}\"},\"query-input\":{\"@type\":\"PropertyValueSpecification\",\"valueRequired\":true,\"valueName\":\"search_term_string\"}}],\"inLanguage\":\"en-US\"},{\"@type\":\"Organization\",\"@id\":\"https:\/\/getama.ee\/en\/#organization\",\"name\":\"Getama O\u00dc\",\"url\":\"https:\/\/getama.ee\/en\/\",\"logo\":{\"@type\":\"ImageObject\",\"inLanguage\":\"en-US\",\"@id\":\"https:\/\/getama.ee\/en\/#\/schema\/logo\/image\/\",\"url\":\"https:\/\/getama.ee\/wp-content\/uploads\/2025\/07\/cropped-Getama-icon.png\",\"contentUrl\":\"https:\/\/getama.ee\/wp-content\/uploads\/2025\/07\/cropped-Getama-icon.png\",\"width\":512,\"height\":512,\"caption\":\"Getama O\u00dc\"},\"image\":{\"@id\":\"https:\/\/getama.ee\/en\/#\/schema\/logo\/image\/\"},\"sameAs\":[\"https:\/\/www.facebook.com\/GetamaOU\",\"https:\/\/www.linkedin.com\/company\/getama\"]}]}<\/script>\n<!-- \/ Yoast SEO plugin. -->","yoast_head_json":{"title":"Dynamo Incharge Foot-Operated t\u00f6\u00f6tool | Getama","description":"Dynamo Incharge Foot-Operated t\u00f6\u00f6tool | Getama","robots":{"index":"index","follow":"follow","max-snippet":"max-snippet:-1","max-image-preview":"max-image-preview:large","max-video-preview":"max-video-preview:-1"},"canonical":"https:\/\/getama.ee\/en\/toode\/dynamo-incharge-foot-operated-tootool\/","og_locale":"en_US","og_type":"article","og_title":"Dynamo Incharge Foot-Operated t\u00f6\u00f6tool | Getama","og_description":"Dynamo Incharge Foot-Operated t\u00f6\u00f6tool | Getama","og_url":"https:\/\/getama.ee\/en\/toode\/dynamo-incharge-foot-operated-tootool\/","og_site_name":"Getama","article_publisher":"https:\/\/www.facebook.com\/GetamaOU","og_image":[{"width":1000,"height":1000,"url":"https:\/\/getama.ee\/wp-content\/uploads\/2025\/10\/2-6.png","type":"image\/png"}],"twitter_card":"summary_large_image","twitter_misc":{"Est. reading time":"1 minute"},"schema":{"@context":"https:\/\/schema.org","@graph":[{"@type":["WebPage","ItemPage"],"@id":"https:\/\/getama.ee\/en\/toode\/dynamo-incharge-foot-operated-tootool\/","url":"https:\/\/getama.ee\/en\/toode\/dynamo-incharge-foot-operated-tootool\/","name":"Dynamo Incharge Foot-Operated t\u00f6\u00f6tool | Getama","isPartOf":{"@id":"https:\/\/getama.ee\/en\/#website"},"primaryImageOfPage":{"@id":"https:\/\/getama.ee\/en\/toode\/dynamo-incharge-foot-operated-tootool\/#primaryimage"},"image":{"@id":"https:\/\/getama.ee\/en\/toode\/dynamo-incharge-foot-operated-tootool\/#primaryimage"},"thumbnailUrl":"https:\/\/getama.ee\/wp-content\/uploads\/2025\/10\/2-6.png","datePublished":"2025-10-21T09:18:17+00:00","description":"Dynamo Incharge Foot-Operated t\u00f6\u00f6tool | Getama","breadcrumb":{"@id":"https:\/\/getama.ee\/en\/toode\/dynamo-incharge-foot-operated-tootool\/#breadcrumb"},"inLanguage":"en-US","potentialAction":[{"@type":"ReadAction","target":["https:\/\/getama.ee\/en\/toode\/dynamo-incharge-foot-operated-tootool\/"]}]},{"@type":"ImageObject","inLanguage":"en-US","@id":"https:\/\/getama.ee\/en\/toode\/dynamo-incharge-foot-operated-tootool\/#primaryimage","url":"https:\/\/getama.ee\/wp-content\/uploads\/2025\/10\/2-6.png","contentUrl":"https:\/\/getama.ee\/wp-content\/uploads\/2025\/10\/2-6.png","width":1000,"height":1000},{"@type":"BreadcrumbList","@id":"https:\/\/getama.ee\/en\/toode\/dynamo-incharge-foot-operated-tootool\/#breadcrumb","itemListElement":[{"@type":"ListItem","position":1,"name":"Esileht","item":"https:\/\/getama.ee\/en\/"},{"@type":"ListItem","position":2,"name":"Pood","item":"https:\/\/getama.ee\/pood\/"},{"@type":"ListItem","position":3,"name":"Dynamo Incharge Foot-Operated t\u00f6\u00f6tool"}]},{"@type":"WebSite","@id":"https:\/\/getama.ee\/en\/#website","url":"https:\/\/getama.ee\/en\/","name":"Getama","description":"Aitame sisustada Sinu hambakliiniku.","publisher":{"@id":"https:\/\/getama.ee\/en\/#organization"},"potentialAction":[{"@type":"SearchAction","target":{"@type":"EntryPoint","urlTemplate":"https:\/\/getama.ee\/en\/?s={search_term_string}"},"query-input":{"@type":"PropertyValueSpecification","valueRequired":true,"valueName":"search_term_string"}}],"inLanguage":"en-US"},{"@type":"Organization","@id":"https:\/\/getama.ee\/en\/#organization","name":"Getama O\u00dc","url":"https:\/\/getama.ee\/en\/","logo":{"@type":"ImageObject","inLanguage":"en-US","@id":"https:\/\/getama.ee\/en\/#\/schema\/logo\/image\/","url":"https:\/\/getama.ee\/wp-content\/uploads\/2025\/07\/cropped-Getama-icon.png","contentUrl":"https:\/\/getama.ee\/wp-content\/uploads\/2025\/07\/cropped-Getama-icon.png","width":512,"height":512,"caption":"Getama O\u00dc"},"image":{"@id":"https:\/\/getama.ee\/en\/#\/schema\/logo\/image\/"},"sameAs":["https:\/\/www.facebook.com\/GetamaOU","https:\/\/www.linkedin.com\/company\/getama"]}]}},"_links":{"self":[{"href":"https:\/\/getama.ee\/en\/wp-json\/wp\/v2\/product\/2988","targetHints":{"allow":["GET"]}}],"collection":[{"href":"https:\/\/getama.ee\/en\/wp-json\/wp\/v2\/product"}],"about":[{"href":"https:\/\/getama.ee\/en\/wp-json\/wp\/v2\/types\/product"}],"replies":[{"embeddable":true,"href":"https:\/\/getama.ee\/en\/wp-json\/wp\/v2\/comments?post=2988"}],"wp:featuredmedia":[{"embeddable":true,"href":"https:\/\/getama.ee\/en\/wp-json\/wp\/v2\/media\/3014"}],"wp:attachment":[{"href":"https:\/\/getama.ee\/en\/wp-json\/wp\/v2\/media?parent=2988"}],"wp:term":[{"taxonomy":"product_brand","embeddable":true,"href":"https:\/\/getama.ee\/en\/wp-json\/wp\/v2\/product_brand?post=2988"},{"taxonomy":"product_cat","embeddable":true,"href":"https:\/\/getama.ee\/en\/wp-json\/wp\/v2\/product_cat?post=2988"},{"taxonomy":"product_tag","embeddable":true,"href":"https:\/\/getama.ee\/en\/wp-json\/wp\/v2\/product_tag?post=2988"}],"curies":[{"name":"wp","href":"https:\/\/api.w.org\/{rel}","templated":true}]}}