{"id":2856,"date":"2025-10-06T10:51:04","date_gmt":"2025-10-06T07:51:04","guid":{"rendered":"https:\/\/getama.ee\/?post_type=product&#038;p=2856"},"modified":"2025-10-06T10:56:17","modified_gmt":"2025-10-06T07:56:17","slug":"nsk-prophy-mate-neo-soodaprits","status":"publish","type":"product","link":"https:\/\/getama.ee\/en\/toode\/nsk-prophy-mate-neo-soodaprits\/","title":{"rendered":"NSK Prophy-Mate Neo soodaprits"},"content":{"rendered":"","protected":false},"excerpt":{"rendered":"<p>Uus ja t\u00e4iustatud Prophy-Mate Neo \u00fchendab endas funktsionaalsuse ja kasutusmugavuse. Suurep\u00e4rane kaalu tasakaal ja kompaktne pulbrikamber muudavad selle man\u00f6\u00f6verdamise lihtsaks, samas kui originaalne NSK k\u00e4epideme \u00fchendus p\u00f6\u00f6rleb 360\u00b0 isegi tugeva \u00f5hur\u00f5hu all. Selle lihtne kasutamine l\u00fchendab hambakatu ja plekkide eemaldamise aega.<\/p>\n<ul>\n<li>Ergonoomiline disain ja suurep\u00e4rane kaalutasakaal<\/li>\n<li>Kaksikd\u00fc\u00fcs suurema poleerimisj\u00f5u tagamiseks<\/li>\n<li>Kompaktne pulbrikamber<\/li>\n<li>NSK k\u00e4epideme \u00fchendus p\u00f6\u00f6rleb 360\u00b0 isegi tugeva \u00f5hur\u00f5hu all<\/li>\n<li>Autoklaavitav kuni 135\u00b0C juures<\/li>\n<li>60\u00b0 ja 80\u00b0 otsikud<\/li>\n<\/ul>\n<p>Prophy-Mate Neo sobib kokku erinevate tootjate \u00fchendustega : NSK, W&amp;H, Sirona, KaVo ja Bien-Air kiir\u00fchendused.<\/p>\n","protected":false},"featured_media":2871,"comment_status":"open","ping_status":"closed","template":"","meta":{"_acf_changed":false,"_gspb_post_css":""},"product_brand":[45],"product_cat":[34],"product_tag":[],"class_list":{"0":"post-2856","1":"product","2":"type-product","3":"status-publish","4":"has-post-thumbnail","6":"product_brand-nsk","7":"product_cat-profulaktikatooted","9":"first","10":"instock","11":"taxable","12":"shipping-taxable","13":"purchasable","14":"product-type-simple"},"acf":[],"yoast_head":"<!-- This site is optimized with the Yoast SEO plugin v27.1.1 - https:\/\/yoast.com\/product\/yoast-seo-wordpress\/ -->\n<title>NSK Prophy-Mate Neo soodaprits | Getama<\/title>\n<meta name=\"description\" content=\"NSK Prophy-Mate Neo soodaprits | Getama\" \/>\n<meta name=\"robots\" content=\"index, follow, max-snippet:-1, max-image-preview:large, max-video-preview:-1\" \/>\n<link rel=\"canonical\" href=\"https:\/\/getama.ee\/en\/toode\/nsk-prophy-mate-neo-soodaprits\/\" \/>\n<meta property=\"og:locale\" content=\"en_US\" \/>\n<meta property=\"og:type\" content=\"article\" \/>\n<meta property=\"og:title\" content=\"NSK Prophy-Mate Neo soodaprits | Getama\" \/>\n<meta property=\"og:description\" content=\"NSK Prophy-Mate Neo soodaprits | Getama\" \/>\n<meta property=\"og:url\" content=\"https:\/\/getama.ee\/en\/toode\/nsk-prophy-mate-neo-soodaprits\/\" \/>\n<meta property=\"og:site_name\" content=\"Getama\" \/>\n<meta property=\"article:publisher\" content=\"https:\/\/www.facebook.com\/GetamaOU\" \/>\n<meta property=\"article:modified_time\" content=\"2025-10-06T07:56:17+00:00\" \/>\n<meta property=\"og:image\" content=\"https:\/\/getama.ee\/wp-content\/uploads\/2025\/10\/9.png\" \/>\n\t<meta property=\"og:image:width\" content=\"1000\" \/>\n\t<meta property=\"og:image:height\" content=\"1000\" \/>\n\t<meta property=\"og:image:type\" content=\"image\/png\" \/>\n<meta name=\"twitter:card\" content=\"summary_large_image\" \/>\n<meta name=\"twitter:label1\" content=\"Est. reading time\" \/>\n\t<meta name=\"twitter:data1\" content=\"1 minute\" \/>\n<script type=\"application\/ld+json\" class=\"yoast-schema-graph\">{\"@context\":\"https:\/\/schema.org\",\"@graph\":[{\"@type\":[\"WebPage\",\"ItemPage\"],\"@id\":\"https:\/\/getama.ee\/en\/toode\/nsk-prophy-mate-neo-soodaprits\/\",\"url\":\"https:\/\/getama.ee\/en\/toode\/nsk-prophy-mate-neo-soodaprits\/\",\"name\":\"NSK Prophy-Mate Neo soodaprits | Getama\",\"isPartOf\":{\"@id\":\"https:\/\/getama.ee\/en\/#website\"},\"primaryImageOfPage\":{\"@id\":\"https:\/\/getama.ee\/en\/toode\/nsk-prophy-mate-neo-soodaprits\/#primaryimage\"},\"image\":{\"@id\":\"https:\/\/getama.ee\/en\/toode\/nsk-prophy-mate-neo-soodaprits\/#primaryimage\"},\"thumbnailUrl\":\"https:\/\/getama.ee\/wp-content\/uploads\/2025\/10\/9.png\",\"datePublished\":\"2025-10-06T07:51:04+00:00\",\"dateModified\":\"2025-10-06T07:56:17+00:00\",\"description\":\"NSK Prophy-Mate Neo soodaprits | Getama\",\"breadcrumb\":{\"@id\":\"https:\/\/getama.ee\/en\/toode\/nsk-prophy-mate-neo-soodaprits\/#breadcrumb\"},\"inLanguage\":\"en-US\",\"potentialAction\":[{\"@type\":\"ReadAction\",\"target\":[\"https:\/\/getama.ee\/en\/toode\/nsk-prophy-mate-neo-soodaprits\/\"]}]},{\"@type\":\"ImageObject\",\"inLanguage\":\"en-US\",\"@id\":\"https:\/\/getama.ee\/en\/toode\/nsk-prophy-mate-neo-soodaprits\/#primaryimage\",\"url\":\"https:\/\/getama.ee\/wp-content\/uploads\/2025\/10\/9.png\",\"contentUrl\":\"https:\/\/getama.ee\/wp-content\/uploads\/2025\/10\/9.png\",\"width\":1000,\"height\":1000},{\"@type\":\"BreadcrumbList\",\"@id\":\"https:\/\/getama.ee\/en\/toode\/nsk-prophy-mate-neo-soodaprits\/#breadcrumb\",\"itemListElement\":[{\"@type\":\"ListItem\",\"position\":1,\"name\":\"Esileht\",\"item\":\"https:\/\/getama.ee\/en\/\"},{\"@type\":\"ListItem\",\"position\":2,\"name\":\"Pood\",\"item\":\"https:\/\/getama.ee\/pood\/\"},{\"@type\":\"ListItem\",\"position\":3,\"name\":\"NSK Prophy-Mate Neo soodaprits\"}]},{\"@type\":\"WebSite\",\"@id\":\"https:\/\/getama.ee\/en\/#website\",\"url\":\"https:\/\/getama.ee\/en\/\",\"name\":\"Getama\",\"description\":\"Aitame sisustada Sinu hambakliiniku.\",\"publisher\":{\"@id\":\"https:\/\/getama.ee\/en\/#organization\"},\"potentialAction\":[{\"@type\":\"SearchAction\",\"target\":{\"@type\":\"EntryPoint\",\"urlTemplate\":\"https:\/\/getama.ee\/en\/?s={search_term_string}\"},\"query-input\":{\"@type\":\"PropertyValueSpecification\",\"valueRequired\":true,\"valueName\":\"search_term_string\"}}],\"inLanguage\":\"en-US\"},{\"@type\":\"Organization\",\"@id\":\"https:\/\/getama.ee\/en\/#organization\",\"name\":\"Getama O\u00dc\",\"url\":\"https:\/\/getama.ee\/en\/\",\"logo\":{\"@type\":\"ImageObject\",\"inLanguage\":\"en-US\",\"@id\":\"https:\/\/getama.ee\/en\/#\/schema\/logo\/image\/\",\"url\":\"https:\/\/getama.ee\/wp-content\/uploads\/2025\/07\/cropped-Getama-icon.png\",\"contentUrl\":\"https:\/\/getama.ee\/wp-content\/uploads\/2025\/07\/cropped-Getama-icon.png\",\"width\":512,\"height\":512,\"caption\":\"Getama O\u00dc\"},\"image\":{\"@id\":\"https:\/\/getama.ee\/en\/#\/schema\/logo\/image\/\"},\"sameAs\":[\"https:\/\/www.facebook.com\/GetamaOU\",\"https:\/\/www.linkedin.com\/company\/getama\"]}]}<\/script>\n<!-- \/ Yoast SEO plugin. -->","yoast_head_json":{"title":"NSK Prophy-Mate Neo soodaprits | Getama","description":"NSK Prophy-Mate Neo soodaprits | Getama","robots":{"index":"index","follow":"follow","max-snippet":"max-snippet:-1","max-image-preview":"max-image-preview:large","max-video-preview":"max-video-preview:-1"},"canonical":"https:\/\/getama.ee\/en\/toode\/nsk-prophy-mate-neo-soodaprits\/","og_locale":"en_US","og_type":"article","og_title":"NSK Prophy-Mate Neo soodaprits | Getama","og_description":"NSK Prophy-Mate Neo soodaprits | Getama","og_url":"https:\/\/getama.ee\/en\/toode\/nsk-prophy-mate-neo-soodaprits\/","og_site_name":"Getama","article_publisher":"https:\/\/www.facebook.com\/GetamaOU","article_modified_time":"2025-10-06T07:56:17+00:00","og_image":[{"width":1000,"height":1000,"url":"https:\/\/getama.ee\/wp-content\/uploads\/2025\/10\/9.png","type":"image\/png"}],"twitter_card":"summary_large_image","twitter_misc":{"Est. reading time":"1 minute"},"schema":{"@context":"https:\/\/schema.org","@graph":[{"@type":["WebPage","ItemPage"],"@id":"https:\/\/getama.ee\/en\/toode\/nsk-prophy-mate-neo-soodaprits\/","url":"https:\/\/getama.ee\/en\/toode\/nsk-prophy-mate-neo-soodaprits\/","name":"NSK Prophy-Mate Neo soodaprits | Getama","isPartOf":{"@id":"https:\/\/getama.ee\/en\/#website"},"primaryImageOfPage":{"@id":"https:\/\/getama.ee\/en\/toode\/nsk-prophy-mate-neo-soodaprits\/#primaryimage"},"image":{"@id":"https:\/\/getama.ee\/en\/toode\/nsk-prophy-mate-neo-soodaprits\/#primaryimage"},"thumbnailUrl":"https:\/\/getama.ee\/wp-content\/uploads\/2025\/10\/9.png","datePublished":"2025-10-06T07:51:04+00:00","dateModified":"2025-10-06T07:56:17+00:00","description":"NSK Prophy-Mate Neo soodaprits | Getama","breadcrumb":{"@id":"https:\/\/getama.ee\/en\/toode\/nsk-prophy-mate-neo-soodaprits\/#breadcrumb"},"inLanguage":"en-US","potentialAction":[{"@type":"ReadAction","target":["https:\/\/getama.ee\/en\/toode\/nsk-prophy-mate-neo-soodaprits\/"]}]},{"@type":"ImageObject","inLanguage":"en-US","@id":"https:\/\/getama.ee\/en\/toode\/nsk-prophy-mate-neo-soodaprits\/#primaryimage","url":"https:\/\/getama.ee\/wp-content\/uploads\/2025\/10\/9.png","contentUrl":"https:\/\/getama.ee\/wp-content\/uploads\/2025\/10\/9.png","width":1000,"height":1000},{"@type":"BreadcrumbList","@id":"https:\/\/getama.ee\/en\/toode\/nsk-prophy-mate-neo-soodaprits\/#breadcrumb","itemListElement":[{"@type":"ListItem","position":1,"name":"Esileht","item":"https:\/\/getama.ee\/en\/"},{"@type":"ListItem","position":2,"name":"Pood","item":"https:\/\/getama.ee\/pood\/"},{"@type":"ListItem","position":3,"name":"NSK Prophy-Mate Neo soodaprits"}]},{"@type":"WebSite","@id":"https:\/\/getama.ee\/en\/#website","url":"https:\/\/getama.ee\/en\/","name":"Getama","description":"Aitame sisustada Sinu hambakliiniku.","publisher":{"@id":"https:\/\/getama.ee\/en\/#organization"},"potentialAction":[{"@type":"SearchAction","target":{"@type":"EntryPoint","urlTemplate":"https:\/\/getama.ee\/en\/?s={search_term_string}"},"query-input":{"@type":"PropertyValueSpecification","valueRequired":true,"valueName":"search_term_string"}}],"inLanguage":"en-US"},{"@type":"Organization","@id":"https:\/\/getama.ee\/en\/#organization","name":"Getama O\u00dc","url":"https:\/\/getama.ee\/en\/","logo":{"@type":"ImageObject","inLanguage":"en-US","@id":"https:\/\/getama.ee\/en\/#\/schema\/logo\/image\/","url":"https:\/\/getama.ee\/wp-content\/uploads\/2025\/07\/cropped-Getama-icon.png","contentUrl":"https:\/\/getama.ee\/wp-content\/uploads\/2025\/07\/cropped-Getama-icon.png","width":512,"height":512,"caption":"Getama O\u00dc"},"image":{"@id":"https:\/\/getama.ee\/en\/#\/schema\/logo\/image\/"},"sameAs":["https:\/\/www.facebook.com\/GetamaOU","https:\/\/www.linkedin.com\/company\/getama"]}]}},"_links":{"self":[{"href":"https:\/\/getama.ee\/en\/wp-json\/wp\/v2\/product\/2856","targetHints":{"allow":["GET"]}}],"collection":[{"href":"https:\/\/getama.ee\/en\/wp-json\/wp\/v2\/product"}],"about":[{"href":"https:\/\/getama.ee\/en\/wp-json\/wp\/v2\/types\/product"}],"replies":[{"embeddable":true,"href":"https:\/\/getama.ee\/en\/wp-json\/wp\/v2\/comments?post=2856"}],"wp:featuredmedia":[{"embeddable":true,"href":"https:\/\/getama.ee\/en\/wp-json\/wp\/v2\/media\/2871"}],"wp:attachment":[{"href":"https:\/\/getama.ee\/en\/wp-json\/wp\/v2\/media?parent=2856"}],"wp:term":[{"taxonomy":"product_brand","embeddable":true,"href":"https:\/\/getama.ee\/en\/wp-json\/wp\/v2\/product_brand?post=2856"},{"taxonomy":"product_cat","embeddable":true,"href":"https:\/\/getama.ee\/en\/wp-json\/wp\/v2\/product_cat?post=2856"},{"taxonomy":"product_tag","embeddable":true,"href":"https:\/\/getama.ee\/en\/wp-json\/wp\/v2\/product_tag?post=2856"}],"curies":[{"name":"wp","href":"https:\/\/api.w.org\/{rel}","templated":true}]}}