{"id":2683,"date":"2025-10-02T13:34:08","date_gmt":"2025-10-02T10:34:08","guid":{"rendered":"https:\/\/getama.ee\/?post_type=product&#038;p=2683"},"modified":"2025-10-02T13:34:08","modified_gmt":"2025-10-02T10:34:08","slug":"woodpecker-o-star-pro-polumerisatsioonilamp","status":"publish","type":"product","link":"https:\/\/getama.ee\/en\/toode\/woodpecker-o-star-pro-polumerisatsioonilamp\/","title":{"rendered":"Woodpecker O-Star Pro pol\u00fcmerisatsioonilamp"},"content":{"rendered":"","protected":false},"excerpt":{"rendered":"<p><strong>Woodpecker O-Star Pro<\/strong> on populaarse O-Star laia spektriga LED-k\u00f5venduslampide seeria uusim versioon.<\/p>\n<ul>\n<li>29 \u00fchtlaselt paigutatud sinist ja lillat LED-kiipi, mis aitavad v\u00e4ltida eba\u00fchtlaseid laike ja tumedaid alasid.<\/li>\n<li>Kontsentreeritum valgusvoog t\u00e4nu vaid 10,8\u00b0 valgusnurgale.<\/li>\n<li>Uus &#8220;Pulse&#8221; re\u017eiim tekitab 20% v\u00e4hem soojust.<\/li>\n<li>Tagab pol\u00fcmerisatsioonis\u00fcgavuse \u00fcle 3 mm vaid 5 sekundiga.<\/li>\n<li>Teostab valgusk\u00f5vendamise 1 sekundiga.<\/li>\n<li>Pikem lainepikkus.<\/li>\n<li>Sisaldab laadimisalusel asuvat valgustugevuse m\u00f5\u00f5turit.<\/li>\n<li>T\u00e4ielikult metallist korpus.<\/li>\n<li>T\u00e4nu ergonoomilisele disainile saab lampi pikalt k\u00e4es hoida ilma v\u00e4simuseta.<\/li>\n<li>7 erinevat t\u00f6\u00f6re\u017eiimi: tavaline, k\u00f5rge intensiivsusega, turbo, orto, pehme, pulss ja kontroll.<\/li>\n<li>\u00dchtlasem ja fokuseeritum valgus, mis tagab suurema l\u00e4bitungivuse.<\/li>\n<li>V\u00e4iksem valguse kadu.<\/li>\n<li>OLED-ekraan kahe nupuga v\u00f5imaldab h\u00f5lpsat kasutamist.<\/li>\n<li>V\u00e4ike p\u00f6\u00f6rlev pea v\u00f5imaldab raskusteta ulatuda suu k\u00f5ikide nurkade ja tagumiste hammasteni.<\/li>\n<\/ul>\n","protected":false},"featured_media":2684,"comment_status":"open","ping_status":"closed","template":"","meta":{"_acf_changed":false,"_gspb_post_css":""},"product_brand":[54],"product_cat":[61],"product_tag":[],"class_list":{"0":"post-2683","1":"product","2":"type-product","3":"status-publish","4":"has-post-thumbnail","6":"product_brand-woodpecker","7":"product_cat-polumerisatsioonilambid","9":"first","10":"instock","11":"taxable","12":"shipping-taxable","13":"purchasable","14":"product-type-simple"},"acf":[],"yoast_head":"<!-- This site is optimized with the Yoast SEO plugin v27.1.1 - https:\/\/yoast.com\/product\/yoast-seo-wordpress\/ -->\n<title>Woodpecker O-Star Pro pol\u00fcmerisatsioonilamp | Getama<\/title>\n<meta name=\"description\" content=\"Woodpecker O-Star Pro pol\u00fcmerisatsioonilamp | Getama\" \/>\n<meta name=\"robots\" content=\"index, follow, max-snippet:-1, max-image-preview:large, max-video-preview:-1\" \/>\n<link rel=\"canonical\" href=\"https:\/\/getama.ee\/en\/toode\/woodpecker-o-star-pro-polumerisatsioonilamp\/\" \/>\n<meta property=\"og:locale\" content=\"en_US\" \/>\n<meta property=\"og:type\" content=\"article\" \/>\n<meta property=\"og:title\" content=\"Woodpecker O-Star Pro pol\u00fcmerisatsioonilamp | Getama\" \/>\n<meta property=\"og:description\" content=\"Woodpecker O-Star Pro pol\u00fcmerisatsioonilamp | Getama\" \/>\n<meta property=\"og:url\" content=\"https:\/\/getama.ee\/en\/toode\/woodpecker-o-star-pro-polumerisatsioonilamp\/\" \/>\n<meta property=\"og:site_name\" content=\"Getama\" \/>\n<meta property=\"article:publisher\" content=\"https:\/\/www.facebook.com\/GetamaOU\" \/>\n<meta property=\"og:image\" content=\"https:\/\/getama.ee\/wp-content\/uploads\/2025\/09\/2-28.png\" \/>\n\t<meta property=\"og:image:width\" content=\"1000\" \/>\n\t<meta property=\"og:image:height\" content=\"1000\" \/>\n\t<meta property=\"og:image:type\" content=\"image\/png\" \/>\n<meta name=\"twitter:card\" content=\"summary_large_image\" \/>\n<meta name=\"twitter:label1\" content=\"Est. reading time\" \/>\n\t<meta name=\"twitter:data1\" content=\"1 minute\" \/>\n<script type=\"application\/ld+json\" class=\"yoast-schema-graph\">{\"@context\":\"https:\/\/schema.org\",\"@graph\":[{\"@type\":[\"WebPage\",\"ItemPage\"],\"@id\":\"https:\/\/getama.ee\/en\/toode\/woodpecker-o-star-pro-polumerisatsioonilamp\/\",\"url\":\"https:\/\/getama.ee\/en\/toode\/woodpecker-o-star-pro-polumerisatsioonilamp\/\",\"name\":\"Woodpecker O-Star Pro pol\u00fcmerisatsioonilamp | Getama\",\"isPartOf\":{\"@id\":\"https:\/\/getama.ee\/en\/#website\"},\"primaryImageOfPage\":{\"@id\":\"https:\/\/getama.ee\/en\/toode\/woodpecker-o-star-pro-polumerisatsioonilamp\/#primaryimage\"},\"image\":{\"@id\":\"https:\/\/getama.ee\/en\/toode\/woodpecker-o-star-pro-polumerisatsioonilamp\/#primaryimage\"},\"thumbnailUrl\":\"https:\/\/getama.ee\/wp-content\/uploads\/2025\/09\/2-28.png\",\"datePublished\":\"2025-10-02T10:34:08+00:00\",\"description\":\"Woodpecker O-Star Pro pol\u00fcmerisatsioonilamp | Getama\",\"breadcrumb\":{\"@id\":\"https:\/\/getama.ee\/en\/toode\/woodpecker-o-star-pro-polumerisatsioonilamp\/#breadcrumb\"},\"inLanguage\":\"en-US\",\"potentialAction\":[{\"@type\":\"ReadAction\",\"target\":[\"https:\/\/getama.ee\/en\/toode\/woodpecker-o-star-pro-polumerisatsioonilamp\/\"]}]},{\"@type\":\"ImageObject\",\"inLanguage\":\"en-US\",\"@id\":\"https:\/\/getama.ee\/en\/toode\/woodpecker-o-star-pro-polumerisatsioonilamp\/#primaryimage\",\"url\":\"https:\/\/getama.ee\/wp-content\/uploads\/2025\/09\/2-28.png\",\"contentUrl\":\"https:\/\/getama.ee\/wp-content\/uploads\/2025\/09\/2-28.png\",\"width\":1000,\"height\":1000},{\"@type\":\"BreadcrumbList\",\"@id\":\"https:\/\/getama.ee\/en\/toode\/woodpecker-o-star-pro-polumerisatsioonilamp\/#breadcrumb\",\"itemListElement\":[{\"@type\":\"ListItem\",\"position\":1,\"name\":\"Esileht\",\"item\":\"https:\/\/getama.ee\/en\/\"},{\"@type\":\"ListItem\",\"position\":2,\"name\":\"Pood\",\"item\":\"https:\/\/getama.ee\/pood\/\"},{\"@type\":\"ListItem\",\"position\":3,\"name\":\"Woodpecker O-Star Pro pol\u00fcmerisatsioonilamp\"}]},{\"@type\":\"WebSite\",\"@id\":\"https:\/\/getama.ee\/en\/#website\",\"url\":\"https:\/\/getama.ee\/en\/\",\"name\":\"Getama\",\"description\":\"Aitame sisustada Sinu hambakliiniku.\",\"publisher\":{\"@id\":\"https:\/\/getama.ee\/en\/#organization\"},\"potentialAction\":[{\"@type\":\"SearchAction\",\"target\":{\"@type\":\"EntryPoint\",\"urlTemplate\":\"https:\/\/getama.ee\/en\/?s={search_term_string}\"},\"query-input\":{\"@type\":\"PropertyValueSpecification\",\"valueRequired\":true,\"valueName\":\"search_term_string\"}}],\"inLanguage\":\"en-US\"},{\"@type\":\"Organization\",\"@id\":\"https:\/\/getama.ee\/en\/#organization\",\"name\":\"Getama O\u00dc\",\"url\":\"https:\/\/getama.ee\/en\/\",\"logo\":{\"@type\":\"ImageObject\",\"inLanguage\":\"en-US\",\"@id\":\"https:\/\/getama.ee\/en\/#\/schema\/logo\/image\/\",\"url\":\"https:\/\/getama.ee\/wp-content\/uploads\/2025\/07\/cropped-Getama-icon.png\",\"contentUrl\":\"https:\/\/getama.ee\/wp-content\/uploads\/2025\/07\/cropped-Getama-icon.png\",\"width\":512,\"height\":512,\"caption\":\"Getama O\u00dc\"},\"image\":{\"@id\":\"https:\/\/getama.ee\/en\/#\/schema\/logo\/image\/\"},\"sameAs\":[\"https:\/\/www.facebook.com\/GetamaOU\",\"https:\/\/www.linkedin.com\/company\/getama\"]}]}<\/script>\n<!-- \/ Yoast SEO plugin. -->","yoast_head_json":{"title":"Woodpecker O-Star Pro pol\u00fcmerisatsioonilamp | Getama","description":"Woodpecker O-Star Pro pol\u00fcmerisatsioonilamp | Getama","robots":{"index":"index","follow":"follow","max-snippet":"max-snippet:-1","max-image-preview":"max-image-preview:large","max-video-preview":"max-video-preview:-1"},"canonical":"https:\/\/getama.ee\/en\/toode\/woodpecker-o-star-pro-polumerisatsioonilamp\/","og_locale":"en_US","og_type":"article","og_title":"Woodpecker O-Star Pro pol\u00fcmerisatsioonilamp | Getama","og_description":"Woodpecker O-Star Pro pol\u00fcmerisatsioonilamp | Getama","og_url":"https:\/\/getama.ee\/en\/toode\/woodpecker-o-star-pro-polumerisatsioonilamp\/","og_site_name":"Getama","article_publisher":"https:\/\/www.facebook.com\/GetamaOU","og_image":[{"width":1000,"height":1000,"url":"https:\/\/getama.ee\/wp-content\/uploads\/2025\/09\/2-28.png","type":"image\/png"}],"twitter_card":"summary_large_image","twitter_misc":{"Est. reading time":"1 minute"},"schema":{"@context":"https:\/\/schema.org","@graph":[{"@type":["WebPage","ItemPage"],"@id":"https:\/\/getama.ee\/en\/toode\/woodpecker-o-star-pro-polumerisatsioonilamp\/","url":"https:\/\/getama.ee\/en\/toode\/woodpecker-o-star-pro-polumerisatsioonilamp\/","name":"Woodpecker O-Star Pro pol\u00fcmerisatsioonilamp | Getama","isPartOf":{"@id":"https:\/\/getama.ee\/en\/#website"},"primaryImageOfPage":{"@id":"https:\/\/getama.ee\/en\/toode\/woodpecker-o-star-pro-polumerisatsioonilamp\/#primaryimage"},"image":{"@id":"https:\/\/getama.ee\/en\/toode\/woodpecker-o-star-pro-polumerisatsioonilamp\/#primaryimage"},"thumbnailUrl":"https:\/\/getama.ee\/wp-content\/uploads\/2025\/09\/2-28.png","datePublished":"2025-10-02T10:34:08+00:00","description":"Woodpecker O-Star Pro pol\u00fcmerisatsioonilamp | Getama","breadcrumb":{"@id":"https:\/\/getama.ee\/en\/toode\/woodpecker-o-star-pro-polumerisatsioonilamp\/#breadcrumb"},"inLanguage":"en-US","potentialAction":[{"@type":"ReadAction","target":["https:\/\/getama.ee\/en\/toode\/woodpecker-o-star-pro-polumerisatsioonilamp\/"]}]},{"@type":"ImageObject","inLanguage":"en-US","@id":"https:\/\/getama.ee\/en\/toode\/woodpecker-o-star-pro-polumerisatsioonilamp\/#primaryimage","url":"https:\/\/getama.ee\/wp-content\/uploads\/2025\/09\/2-28.png","contentUrl":"https:\/\/getama.ee\/wp-content\/uploads\/2025\/09\/2-28.png","width":1000,"height":1000},{"@type":"BreadcrumbList","@id":"https:\/\/getama.ee\/en\/toode\/woodpecker-o-star-pro-polumerisatsioonilamp\/#breadcrumb","itemListElement":[{"@type":"ListItem","position":1,"name":"Esileht","item":"https:\/\/getama.ee\/en\/"},{"@type":"ListItem","position":2,"name":"Pood","item":"https:\/\/getama.ee\/pood\/"},{"@type":"ListItem","position":3,"name":"Woodpecker O-Star Pro pol\u00fcmerisatsioonilamp"}]},{"@type":"WebSite","@id":"https:\/\/getama.ee\/en\/#website","url":"https:\/\/getama.ee\/en\/","name":"Getama","description":"Aitame sisustada Sinu hambakliiniku.","publisher":{"@id":"https:\/\/getama.ee\/en\/#organization"},"potentialAction":[{"@type":"SearchAction","target":{"@type":"EntryPoint","urlTemplate":"https:\/\/getama.ee\/en\/?s={search_term_string}"},"query-input":{"@type":"PropertyValueSpecification","valueRequired":true,"valueName":"search_term_string"}}],"inLanguage":"en-US"},{"@type":"Organization","@id":"https:\/\/getama.ee\/en\/#organization","name":"Getama O\u00dc","url":"https:\/\/getama.ee\/en\/","logo":{"@type":"ImageObject","inLanguage":"en-US","@id":"https:\/\/getama.ee\/en\/#\/schema\/logo\/image\/","url":"https:\/\/getama.ee\/wp-content\/uploads\/2025\/07\/cropped-Getama-icon.png","contentUrl":"https:\/\/getama.ee\/wp-content\/uploads\/2025\/07\/cropped-Getama-icon.png","width":512,"height":512,"caption":"Getama O\u00dc"},"image":{"@id":"https:\/\/getama.ee\/en\/#\/schema\/logo\/image\/"},"sameAs":["https:\/\/www.facebook.com\/GetamaOU","https:\/\/www.linkedin.com\/company\/getama"]}]}},"_links":{"self":[{"href":"https:\/\/getama.ee\/en\/wp-json\/wp\/v2\/product\/2683","targetHints":{"allow":["GET"]}}],"collection":[{"href":"https:\/\/getama.ee\/en\/wp-json\/wp\/v2\/product"}],"about":[{"href":"https:\/\/getama.ee\/en\/wp-json\/wp\/v2\/types\/product"}],"replies":[{"embeddable":true,"href":"https:\/\/getama.ee\/en\/wp-json\/wp\/v2\/comments?post=2683"}],"wp:featuredmedia":[{"embeddable":true,"href":"https:\/\/getama.ee\/en\/wp-json\/wp\/v2\/media\/2684"}],"wp:attachment":[{"href":"https:\/\/getama.ee\/en\/wp-json\/wp\/v2\/media?parent=2683"}],"wp:term":[{"taxonomy":"product_brand","embeddable":true,"href":"https:\/\/getama.ee\/en\/wp-json\/wp\/v2\/product_brand?post=2683"},{"taxonomy":"product_cat","embeddable":true,"href":"https:\/\/getama.ee\/en\/wp-json\/wp\/v2\/product_cat?post=2683"},{"taxonomy":"product_tag","embeddable":true,"href":"https:\/\/getama.ee\/en\/wp-json\/wp\/v2\/product_tag?post=2683"}],"curies":[{"name":"wp","href":"https:\/\/api.w.org\/{rel}","templated":true}]}}