{"id":2662,"date":"2025-09-29T11:34:49","date_gmt":"2025-09-29T08:34:49","guid":{"rendered":"https:\/\/getama.ee\/?post_type=product&#038;p=2662"},"modified":"2025-09-29T11:34:49","modified_gmt":"2025-09-29T08:34:49","slug":"woodpecker-pt-e-ohupoleerija","status":"publish","type":"product","link":"https:\/\/getama.ee\/en\/toode\/woodpecker-pt-e-ohupoleerija\/","title":{"rendered":"Woodpecker PT-E \u00f5hupoleerija"},"content":{"rendered":"","protected":false},"excerpt":{"rendered":"<p><strong>Woodpecker PT-E<\/strong> \u00f5hupoleerija on loodud pakkuma mugavamat, t\u00e4psemat ja t\u00f5husamat ravikogemust. Selle tipptasemel tehnoloogia \u00fchendab \u00f5hupuhastuse ja ultraheli \u00fches seadmes, v\u00f5imaldades protseduure alates supragingivaalsest ja subgingivaalsest prof\u00fclaktikast kuni parodontaalse ravi, endodontia ja implantaatide hoolduseni.<\/p>\n<ul>\n<li data-start=\"52\" data-end=\"204\"><strong>Kahekordne k\u00fcttev\u00f5imsus<\/strong> &#8211; soe vesi nii ultrahelile kui ka \u00f5hupoleerijale, neli temperatuuriastet (25\u00ba, 30\u00ba, 35\u00ba ja 40\u00ba)<\/li>\n<li data-start=\"52\" data-end=\"204\"><strong>Titaanist k\u00e4epidemed<\/strong> &#8211; kergemad, vastupidavamad ja ergonoomilised, libisemisvastase pinnaga.<\/li>\n<li data-start=\"52\" data-end=\"204\"><strong>Uuendatud \u00f5hupoleerija otsik<\/strong>\u00a0tekitab v\u00e4hem m\u00fcra ja tagab suurema mugavuse patsiendile.<\/li>\n<li data-start=\"52\" data-end=\"204\"><strong>Integreeritud LED-valgustus<\/strong>\u00a0parandab n\u00e4htavust suus.<\/li>\n<li data-start=\"52\" data-end=\"204\">Lisatud <strong>SUPRA-k\u00e4epide<\/strong> standardvarustuses &#8211; suurem mitmek\u00fclgsus kliinilises t\u00f6\u00f6s.<\/li>\n<li data-start=\"52\" data-end=\"204\"><strong>Valgustatud pulbermahuti<\/strong> &#8211; LED-v\u00e4rvieristus (valge naatriumbikarbonaadile, roheline er\u00fctritoolile v\u00f5i gl\u00fctsiinile), et optimeerida protseduure ja v\u00e4hendada vigu.<\/li>\n<li data-start=\"52\" data-end=\"204\"><strong>Mitmekeelne liides<\/strong> ja QR-juurdep\u00e4\u00e4s otsiku kasutusjuhendile (15 keelt).<\/li>\n<li data-start=\"52\" data-end=\"204\">Kompaktne ja stabiilne disain nii seadmel kui ka mahutitel.<\/li>\n<\/ul>\n<p>&nbsp;<\/p>\n","protected":false},"featured_media":2663,"comment_status":"open","ping_status":"closed","template":"","meta":{"_acf_changed":false,"_gspb_post_css":""},"product_brand":[54],"product_cat":[34],"product_tag":[],"class_list":{"0":"post-2662","1":"product","2":"type-product","3":"status-publish","4":"has-post-thumbnail","6":"product_brand-woodpecker","7":"product_cat-profulaktikatooted","9":"first","10":"instock","11":"taxable","12":"shipping-taxable","13":"purchasable","14":"product-type-simple"},"acf":[],"yoast_head":"<!-- This site is optimized with the Yoast SEO plugin v27.1.1 - https:\/\/yoast.com\/product\/yoast-seo-wordpress\/ -->\n<title>Woodpecker PT-E \u00f5hupoleerija | Getama<\/title>\n<meta name=\"description\" content=\"Woodpecker PT-E \u00f5hupoleerija | Getama\" \/>\n<meta name=\"robots\" content=\"index, follow, max-snippet:-1, max-image-preview:large, max-video-preview:-1\" \/>\n<link rel=\"canonical\" href=\"https:\/\/getama.ee\/en\/toode\/woodpecker-pt-e-ohupoleerija\/\" \/>\n<meta property=\"og:locale\" content=\"en_US\" \/>\n<meta property=\"og:type\" content=\"article\" \/>\n<meta property=\"og:title\" content=\"Woodpecker PT-E \u00f5hupoleerija | Getama\" \/>\n<meta property=\"og:description\" content=\"Woodpecker PT-E \u00f5hupoleerija | Getama\" \/>\n<meta property=\"og:url\" content=\"https:\/\/getama.ee\/en\/toode\/woodpecker-pt-e-ohupoleerija\/\" \/>\n<meta property=\"og:site_name\" content=\"Getama\" \/>\n<meta property=\"article:publisher\" content=\"https:\/\/www.facebook.com\/GetamaOU\" \/>\n<meta property=\"og:image\" content=\"https:\/\/getama.ee\/wp-content\/uploads\/2025\/09\/1-25.png\" \/>\n\t<meta property=\"og:image:width\" content=\"1000\" \/>\n\t<meta property=\"og:image:height\" content=\"1000\" \/>\n\t<meta property=\"og:image:type\" content=\"image\/png\" \/>\n<meta name=\"twitter:card\" content=\"summary_large_image\" \/>\n<meta name=\"twitter:label1\" content=\"Est. reading time\" \/>\n\t<meta name=\"twitter:data1\" content=\"1 minute\" \/>\n<script type=\"application\/ld+json\" class=\"yoast-schema-graph\">{\"@context\":\"https:\/\/schema.org\",\"@graph\":[{\"@type\":[\"WebPage\",\"ItemPage\"],\"@id\":\"https:\/\/getama.ee\/en\/toode\/woodpecker-pt-e-ohupoleerija\/\",\"url\":\"https:\/\/getama.ee\/en\/toode\/woodpecker-pt-e-ohupoleerija\/\",\"name\":\"Woodpecker PT-E \u00f5hupoleerija | Getama\",\"isPartOf\":{\"@id\":\"https:\/\/getama.ee\/en\/#website\"},\"primaryImageOfPage\":{\"@id\":\"https:\/\/getama.ee\/en\/toode\/woodpecker-pt-e-ohupoleerija\/#primaryimage\"},\"image\":{\"@id\":\"https:\/\/getama.ee\/en\/toode\/woodpecker-pt-e-ohupoleerija\/#primaryimage\"},\"thumbnailUrl\":\"https:\/\/getama.ee\/wp-content\/uploads\/2025\/09\/1-25.png\",\"datePublished\":\"2025-09-29T08:34:49+00:00\",\"description\":\"Woodpecker PT-E \u00f5hupoleerija | Getama\",\"breadcrumb\":{\"@id\":\"https:\/\/getama.ee\/en\/toode\/woodpecker-pt-e-ohupoleerija\/#breadcrumb\"},\"inLanguage\":\"en-US\",\"potentialAction\":[{\"@type\":\"ReadAction\",\"target\":[\"https:\/\/getama.ee\/en\/toode\/woodpecker-pt-e-ohupoleerija\/\"]}]},{\"@type\":\"ImageObject\",\"inLanguage\":\"en-US\",\"@id\":\"https:\/\/getama.ee\/en\/toode\/woodpecker-pt-e-ohupoleerija\/#primaryimage\",\"url\":\"https:\/\/getama.ee\/wp-content\/uploads\/2025\/09\/1-25.png\",\"contentUrl\":\"https:\/\/getama.ee\/wp-content\/uploads\/2025\/09\/1-25.png\",\"width\":1000,\"height\":1000},{\"@type\":\"BreadcrumbList\",\"@id\":\"https:\/\/getama.ee\/en\/toode\/woodpecker-pt-e-ohupoleerija\/#breadcrumb\",\"itemListElement\":[{\"@type\":\"ListItem\",\"position\":1,\"name\":\"Esileht\",\"item\":\"https:\/\/getama.ee\/en\/\"},{\"@type\":\"ListItem\",\"position\":2,\"name\":\"Pood\",\"item\":\"https:\/\/getama.ee\/pood\/\"},{\"@type\":\"ListItem\",\"position\":3,\"name\":\"Woodpecker PT-E \u00f5hupoleerija\"}]},{\"@type\":\"WebSite\",\"@id\":\"https:\/\/getama.ee\/en\/#website\",\"url\":\"https:\/\/getama.ee\/en\/\",\"name\":\"Getama\",\"description\":\"Aitame sisustada Sinu hambakliiniku.\",\"publisher\":{\"@id\":\"https:\/\/getama.ee\/en\/#organization\"},\"potentialAction\":[{\"@type\":\"SearchAction\",\"target\":{\"@type\":\"EntryPoint\",\"urlTemplate\":\"https:\/\/getama.ee\/en\/?s={search_term_string}\"},\"query-input\":{\"@type\":\"PropertyValueSpecification\",\"valueRequired\":true,\"valueName\":\"search_term_string\"}}],\"inLanguage\":\"en-US\"},{\"@type\":\"Organization\",\"@id\":\"https:\/\/getama.ee\/en\/#organization\",\"name\":\"Getama O\u00dc\",\"url\":\"https:\/\/getama.ee\/en\/\",\"logo\":{\"@type\":\"ImageObject\",\"inLanguage\":\"en-US\",\"@id\":\"https:\/\/getama.ee\/en\/#\/schema\/logo\/image\/\",\"url\":\"https:\/\/getama.ee\/wp-content\/uploads\/2025\/07\/cropped-Getama-icon.png\",\"contentUrl\":\"https:\/\/getama.ee\/wp-content\/uploads\/2025\/07\/cropped-Getama-icon.png\",\"width\":512,\"height\":512,\"caption\":\"Getama O\u00dc\"},\"image\":{\"@id\":\"https:\/\/getama.ee\/en\/#\/schema\/logo\/image\/\"},\"sameAs\":[\"https:\/\/www.facebook.com\/GetamaOU\",\"https:\/\/www.linkedin.com\/company\/getama\"]}]}<\/script>\n<!-- \/ Yoast SEO plugin. -->","yoast_head_json":{"title":"Woodpecker PT-E \u00f5hupoleerija | Getama","description":"Woodpecker PT-E \u00f5hupoleerija | Getama","robots":{"index":"index","follow":"follow","max-snippet":"max-snippet:-1","max-image-preview":"max-image-preview:large","max-video-preview":"max-video-preview:-1"},"canonical":"https:\/\/getama.ee\/en\/toode\/woodpecker-pt-e-ohupoleerija\/","og_locale":"en_US","og_type":"article","og_title":"Woodpecker PT-E \u00f5hupoleerija | Getama","og_description":"Woodpecker PT-E \u00f5hupoleerija | Getama","og_url":"https:\/\/getama.ee\/en\/toode\/woodpecker-pt-e-ohupoleerija\/","og_site_name":"Getama","article_publisher":"https:\/\/www.facebook.com\/GetamaOU","og_image":[{"width":1000,"height":1000,"url":"https:\/\/getama.ee\/wp-content\/uploads\/2025\/09\/1-25.png","type":"image\/png"}],"twitter_card":"summary_large_image","twitter_misc":{"Est. reading time":"1 minute"},"schema":{"@context":"https:\/\/schema.org","@graph":[{"@type":["WebPage","ItemPage"],"@id":"https:\/\/getama.ee\/en\/toode\/woodpecker-pt-e-ohupoleerija\/","url":"https:\/\/getama.ee\/en\/toode\/woodpecker-pt-e-ohupoleerija\/","name":"Woodpecker PT-E \u00f5hupoleerija | Getama","isPartOf":{"@id":"https:\/\/getama.ee\/en\/#website"},"primaryImageOfPage":{"@id":"https:\/\/getama.ee\/en\/toode\/woodpecker-pt-e-ohupoleerija\/#primaryimage"},"image":{"@id":"https:\/\/getama.ee\/en\/toode\/woodpecker-pt-e-ohupoleerija\/#primaryimage"},"thumbnailUrl":"https:\/\/getama.ee\/wp-content\/uploads\/2025\/09\/1-25.png","datePublished":"2025-09-29T08:34:49+00:00","description":"Woodpecker PT-E \u00f5hupoleerija | Getama","breadcrumb":{"@id":"https:\/\/getama.ee\/en\/toode\/woodpecker-pt-e-ohupoleerija\/#breadcrumb"},"inLanguage":"en-US","potentialAction":[{"@type":"ReadAction","target":["https:\/\/getama.ee\/en\/toode\/woodpecker-pt-e-ohupoleerija\/"]}]},{"@type":"ImageObject","inLanguage":"en-US","@id":"https:\/\/getama.ee\/en\/toode\/woodpecker-pt-e-ohupoleerija\/#primaryimage","url":"https:\/\/getama.ee\/wp-content\/uploads\/2025\/09\/1-25.png","contentUrl":"https:\/\/getama.ee\/wp-content\/uploads\/2025\/09\/1-25.png","width":1000,"height":1000},{"@type":"BreadcrumbList","@id":"https:\/\/getama.ee\/en\/toode\/woodpecker-pt-e-ohupoleerija\/#breadcrumb","itemListElement":[{"@type":"ListItem","position":1,"name":"Esileht","item":"https:\/\/getama.ee\/en\/"},{"@type":"ListItem","position":2,"name":"Pood","item":"https:\/\/getama.ee\/pood\/"},{"@type":"ListItem","position":3,"name":"Woodpecker PT-E \u00f5hupoleerija"}]},{"@type":"WebSite","@id":"https:\/\/getama.ee\/en\/#website","url":"https:\/\/getama.ee\/en\/","name":"Getama","description":"Aitame sisustada Sinu hambakliiniku.","publisher":{"@id":"https:\/\/getama.ee\/en\/#organization"},"potentialAction":[{"@type":"SearchAction","target":{"@type":"EntryPoint","urlTemplate":"https:\/\/getama.ee\/en\/?s={search_term_string}"},"query-input":{"@type":"PropertyValueSpecification","valueRequired":true,"valueName":"search_term_string"}}],"inLanguage":"en-US"},{"@type":"Organization","@id":"https:\/\/getama.ee\/en\/#organization","name":"Getama O\u00dc","url":"https:\/\/getama.ee\/en\/","logo":{"@type":"ImageObject","inLanguage":"en-US","@id":"https:\/\/getama.ee\/en\/#\/schema\/logo\/image\/","url":"https:\/\/getama.ee\/wp-content\/uploads\/2025\/07\/cropped-Getama-icon.png","contentUrl":"https:\/\/getama.ee\/wp-content\/uploads\/2025\/07\/cropped-Getama-icon.png","width":512,"height":512,"caption":"Getama O\u00dc"},"image":{"@id":"https:\/\/getama.ee\/en\/#\/schema\/logo\/image\/"},"sameAs":["https:\/\/www.facebook.com\/GetamaOU","https:\/\/www.linkedin.com\/company\/getama"]}]}},"_links":{"self":[{"href":"https:\/\/getama.ee\/en\/wp-json\/wp\/v2\/product\/2662","targetHints":{"allow":["GET"]}}],"collection":[{"href":"https:\/\/getama.ee\/en\/wp-json\/wp\/v2\/product"}],"about":[{"href":"https:\/\/getama.ee\/en\/wp-json\/wp\/v2\/types\/product"}],"replies":[{"embeddable":true,"href":"https:\/\/getama.ee\/en\/wp-json\/wp\/v2\/comments?post=2662"}],"wp:featuredmedia":[{"embeddable":true,"href":"https:\/\/getama.ee\/en\/wp-json\/wp\/v2\/media\/2663"}],"wp:attachment":[{"href":"https:\/\/getama.ee\/en\/wp-json\/wp\/v2\/media?parent=2662"}],"wp:term":[{"taxonomy":"product_brand","embeddable":true,"href":"https:\/\/getama.ee\/en\/wp-json\/wp\/v2\/product_brand?post=2662"},{"taxonomy":"product_cat","embeddable":true,"href":"https:\/\/getama.ee\/en\/wp-json\/wp\/v2\/product_cat?post=2662"},{"taxonomy":"product_tag","embeddable":true,"href":"https:\/\/getama.ee\/en\/wp-json\/wp\/v2\/product_tag?post=2662"}],"curies":[{"name":"wp","href":"https:\/\/api.w.org\/{rel}","templated":true}]}}