{"id":2633,"date":"2025-09-25T14:57:07","date_gmt":"2025-09-25T11:57:07","guid":{"rendered":"https:\/\/getama.ee\/?post_type=product&#038;p=2633"},"modified":"2025-09-25T14:57:07","modified_gmt":"2025-09-25T11:57:07","slug":"premium-plus-228-polumerisatsioonilambi-hugieenikiled","status":"publish","type":"product","link":"https:\/\/getama.ee\/en\/toode\/premium-plus-228-polumerisatsioonilambi-hugieenikiled\/","title":{"rendered":"Premium Plus 228 pol\u00fcmerisatsioonilambi h\u00fcgieenikiled"},"content":{"rendered":"","protected":false},"excerpt":{"rendered":"<p>Premium Plus 228 \u00fchekordselt kasutatavad h\u00fcgieenikiled<\/p>\n<ul>\n<li data-start=\"32\" data-end=\"57\">Pol\u00fcprop\u00fcleenist katted<\/li>\n<li data-start=\"32\" data-end=\"57\">Lihtne paigaldada<\/li>\n<li data-start=\"32\" data-end=\"57\">Veekindel<\/li>\n<li data-start=\"32\" data-end=\"57\">\u00dchekordselt kasutatavad<\/li>\n<li>500 tk pakis<\/li>\n<li>3,8 cm x 25 cm<\/li>\n<\/ul>\n","protected":false},"featured_media":2640,"comment_status":"open","ping_status":"closed","template":"","meta":{"_acf_changed":false,"_gspb_post_css":""},"product_brand":[60],"product_cat":[128,131],"product_tag":[],"class_list":{"0":"post-2633","1":"product","2":"type-product","3":"status-publish","4":"has-post-thumbnail","6":"product_brand-premiumplus","7":"product_cat-hugieenikiled","8":"product_cat-valguslambikiled","10":"first","11":"instock","12":"taxable","13":"shipping-taxable","14":"purchasable","15":"product-type-simple"},"acf":[],"yoast_head":"<!-- This site is optimized with the Yoast SEO plugin v27.1.1 - https:\/\/yoast.com\/product\/yoast-seo-wordpress\/ -->\n<title>Premium Plus 228 pol\u00fcmerisatsioonilambi h\u00fcgieenikiled | Getama<\/title>\n<meta name=\"description\" content=\"Premium Plus 228 pol\u00fcmerisatsioonilambi h\u00fcgieenikiled | Getama\" \/>\n<meta name=\"robots\" content=\"index, follow, max-snippet:-1, max-image-preview:large, max-video-preview:-1\" \/>\n<link rel=\"canonical\" href=\"https:\/\/getama.ee\/en\/toode\/premium-plus-228-polumerisatsioonilambi-hugieenikiled\/\" \/>\n<meta property=\"og:locale\" content=\"en_US\" \/>\n<meta property=\"og:type\" content=\"article\" \/>\n<meta property=\"og:title\" content=\"Premium Plus 228 pol\u00fcmerisatsioonilambi h\u00fcgieenikiled | Getama\" \/>\n<meta property=\"og:description\" content=\"Premium Plus 228 pol\u00fcmerisatsioonilambi h\u00fcgieenikiled | Getama\" \/>\n<meta property=\"og:url\" content=\"https:\/\/getama.ee\/en\/toode\/premium-plus-228-polumerisatsioonilambi-hugieenikiled\/\" \/>\n<meta property=\"og:site_name\" content=\"Getama\" \/>\n<meta property=\"article:publisher\" content=\"https:\/\/www.facebook.com\/GetamaOU\" \/>\n<meta property=\"og:image\" content=\"https:\/\/getama.ee\/wp-content\/uploads\/2025\/09\/2-22.png\" \/>\n\t<meta property=\"og:image:width\" content=\"1000\" \/>\n\t<meta property=\"og:image:height\" content=\"1000\" \/>\n\t<meta property=\"og:image:type\" content=\"image\/png\" \/>\n<meta name=\"twitter:card\" content=\"summary_large_image\" \/>\n<meta name=\"twitter:label1\" content=\"Est. reading time\" \/>\n\t<meta name=\"twitter:data1\" content=\"1 minute\" \/>\n<script type=\"application\/ld+json\" class=\"yoast-schema-graph\">{\"@context\":\"https:\/\/schema.org\",\"@graph\":[{\"@type\":[\"WebPage\",\"ItemPage\"],\"@id\":\"https:\/\/getama.ee\/en\/toode\/premium-plus-228-polumerisatsioonilambi-hugieenikiled\/\",\"url\":\"https:\/\/getama.ee\/en\/toode\/premium-plus-228-polumerisatsioonilambi-hugieenikiled\/\",\"name\":\"Premium Plus 228 pol\u00fcmerisatsioonilambi h\u00fcgieenikiled | Getama\",\"isPartOf\":{\"@id\":\"https:\/\/getama.ee\/en\/#website\"},\"primaryImageOfPage\":{\"@id\":\"https:\/\/getama.ee\/en\/toode\/premium-plus-228-polumerisatsioonilambi-hugieenikiled\/#primaryimage\"},\"image\":{\"@id\":\"https:\/\/getama.ee\/en\/toode\/premium-plus-228-polumerisatsioonilambi-hugieenikiled\/#primaryimage\"},\"thumbnailUrl\":\"https:\/\/getama.ee\/wp-content\/uploads\/2025\/09\/2-22.png\",\"datePublished\":\"2025-09-25T11:57:07+00:00\",\"description\":\"Premium Plus 228 pol\u00fcmerisatsioonilambi h\u00fcgieenikiled | Getama\",\"breadcrumb\":{\"@id\":\"https:\/\/getama.ee\/en\/toode\/premium-plus-228-polumerisatsioonilambi-hugieenikiled\/#breadcrumb\"},\"inLanguage\":\"en-US\",\"potentialAction\":[{\"@type\":\"ReadAction\",\"target\":[\"https:\/\/getama.ee\/en\/toode\/premium-plus-228-polumerisatsioonilambi-hugieenikiled\/\"]}]},{\"@type\":\"ImageObject\",\"inLanguage\":\"en-US\",\"@id\":\"https:\/\/getama.ee\/en\/toode\/premium-plus-228-polumerisatsioonilambi-hugieenikiled\/#primaryimage\",\"url\":\"https:\/\/getama.ee\/wp-content\/uploads\/2025\/09\/2-22.png\",\"contentUrl\":\"https:\/\/getama.ee\/wp-content\/uploads\/2025\/09\/2-22.png\",\"width\":1000,\"height\":1000},{\"@type\":\"BreadcrumbList\",\"@id\":\"https:\/\/getama.ee\/en\/toode\/premium-plus-228-polumerisatsioonilambi-hugieenikiled\/#breadcrumb\",\"itemListElement\":[{\"@type\":\"ListItem\",\"position\":1,\"name\":\"Esileht\",\"item\":\"https:\/\/getama.ee\/en\/\"},{\"@type\":\"ListItem\",\"position\":2,\"name\":\"Pood\",\"item\":\"https:\/\/getama.ee\/pood\/\"},{\"@type\":\"ListItem\",\"position\":3,\"name\":\"Premium Plus 228 pol\u00fcmerisatsioonilambi h\u00fcgieenikiled\"}]},{\"@type\":\"WebSite\",\"@id\":\"https:\/\/getama.ee\/en\/#website\",\"url\":\"https:\/\/getama.ee\/en\/\",\"name\":\"Getama\",\"description\":\"Aitame sisustada Sinu hambakliiniku.\",\"publisher\":{\"@id\":\"https:\/\/getama.ee\/en\/#organization\"},\"potentialAction\":[{\"@type\":\"SearchAction\",\"target\":{\"@type\":\"EntryPoint\",\"urlTemplate\":\"https:\/\/getama.ee\/en\/?s={search_term_string}\"},\"query-input\":{\"@type\":\"PropertyValueSpecification\",\"valueRequired\":true,\"valueName\":\"search_term_string\"}}],\"inLanguage\":\"en-US\"},{\"@type\":\"Organization\",\"@id\":\"https:\/\/getama.ee\/en\/#organization\",\"name\":\"Getama O\u00dc\",\"url\":\"https:\/\/getama.ee\/en\/\",\"logo\":{\"@type\":\"ImageObject\",\"inLanguage\":\"en-US\",\"@id\":\"https:\/\/getama.ee\/en\/#\/schema\/logo\/image\/\",\"url\":\"https:\/\/getama.ee\/wp-content\/uploads\/2025\/07\/cropped-Getama-icon.png\",\"contentUrl\":\"https:\/\/getama.ee\/wp-content\/uploads\/2025\/07\/cropped-Getama-icon.png\",\"width\":512,\"height\":512,\"caption\":\"Getama O\u00dc\"},\"image\":{\"@id\":\"https:\/\/getama.ee\/en\/#\/schema\/logo\/image\/\"},\"sameAs\":[\"https:\/\/www.facebook.com\/GetamaOU\",\"https:\/\/www.linkedin.com\/company\/getama\"]}]}<\/script>\n<!-- \/ Yoast SEO plugin. -->","yoast_head_json":{"title":"Premium Plus 228 pol\u00fcmerisatsioonilambi h\u00fcgieenikiled | Getama","description":"Premium Plus 228 pol\u00fcmerisatsioonilambi h\u00fcgieenikiled | Getama","robots":{"index":"index","follow":"follow","max-snippet":"max-snippet:-1","max-image-preview":"max-image-preview:large","max-video-preview":"max-video-preview:-1"},"canonical":"https:\/\/getama.ee\/en\/toode\/premium-plus-228-polumerisatsioonilambi-hugieenikiled\/","og_locale":"en_US","og_type":"article","og_title":"Premium Plus 228 pol\u00fcmerisatsioonilambi h\u00fcgieenikiled | Getama","og_description":"Premium Plus 228 pol\u00fcmerisatsioonilambi h\u00fcgieenikiled | Getama","og_url":"https:\/\/getama.ee\/en\/toode\/premium-plus-228-polumerisatsioonilambi-hugieenikiled\/","og_site_name":"Getama","article_publisher":"https:\/\/www.facebook.com\/GetamaOU","og_image":[{"width":1000,"height":1000,"url":"https:\/\/getama.ee\/wp-content\/uploads\/2025\/09\/2-22.png","type":"image\/png"}],"twitter_card":"summary_large_image","twitter_misc":{"Est. reading time":"1 minute"},"schema":{"@context":"https:\/\/schema.org","@graph":[{"@type":["WebPage","ItemPage"],"@id":"https:\/\/getama.ee\/en\/toode\/premium-plus-228-polumerisatsioonilambi-hugieenikiled\/","url":"https:\/\/getama.ee\/en\/toode\/premium-plus-228-polumerisatsioonilambi-hugieenikiled\/","name":"Premium Plus 228 pol\u00fcmerisatsioonilambi h\u00fcgieenikiled | Getama","isPartOf":{"@id":"https:\/\/getama.ee\/en\/#website"},"primaryImageOfPage":{"@id":"https:\/\/getama.ee\/en\/toode\/premium-plus-228-polumerisatsioonilambi-hugieenikiled\/#primaryimage"},"image":{"@id":"https:\/\/getama.ee\/en\/toode\/premium-plus-228-polumerisatsioonilambi-hugieenikiled\/#primaryimage"},"thumbnailUrl":"https:\/\/getama.ee\/wp-content\/uploads\/2025\/09\/2-22.png","datePublished":"2025-09-25T11:57:07+00:00","description":"Premium Plus 228 pol\u00fcmerisatsioonilambi h\u00fcgieenikiled | Getama","breadcrumb":{"@id":"https:\/\/getama.ee\/en\/toode\/premium-plus-228-polumerisatsioonilambi-hugieenikiled\/#breadcrumb"},"inLanguage":"en-US","potentialAction":[{"@type":"ReadAction","target":["https:\/\/getama.ee\/en\/toode\/premium-plus-228-polumerisatsioonilambi-hugieenikiled\/"]}]},{"@type":"ImageObject","inLanguage":"en-US","@id":"https:\/\/getama.ee\/en\/toode\/premium-plus-228-polumerisatsioonilambi-hugieenikiled\/#primaryimage","url":"https:\/\/getama.ee\/wp-content\/uploads\/2025\/09\/2-22.png","contentUrl":"https:\/\/getama.ee\/wp-content\/uploads\/2025\/09\/2-22.png","width":1000,"height":1000},{"@type":"BreadcrumbList","@id":"https:\/\/getama.ee\/en\/toode\/premium-plus-228-polumerisatsioonilambi-hugieenikiled\/#breadcrumb","itemListElement":[{"@type":"ListItem","position":1,"name":"Esileht","item":"https:\/\/getama.ee\/en\/"},{"@type":"ListItem","position":2,"name":"Pood","item":"https:\/\/getama.ee\/pood\/"},{"@type":"ListItem","position":3,"name":"Premium Plus 228 pol\u00fcmerisatsioonilambi h\u00fcgieenikiled"}]},{"@type":"WebSite","@id":"https:\/\/getama.ee\/en\/#website","url":"https:\/\/getama.ee\/en\/","name":"Getama","description":"Aitame sisustada Sinu hambakliiniku.","publisher":{"@id":"https:\/\/getama.ee\/en\/#organization"},"potentialAction":[{"@type":"SearchAction","target":{"@type":"EntryPoint","urlTemplate":"https:\/\/getama.ee\/en\/?s={search_term_string}"},"query-input":{"@type":"PropertyValueSpecification","valueRequired":true,"valueName":"search_term_string"}}],"inLanguage":"en-US"},{"@type":"Organization","@id":"https:\/\/getama.ee\/en\/#organization","name":"Getama O\u00dc","url":"https:\/\/getama.ee\/en\/","logo":{"@type":"ImageObject","inLanguage":"en-US","@id":"https:\/\/getama.ee\/en\/#\/schema\/logo\/image\/","url":"https:\/\/getama.ee\/wp-content\/uploads\/2025\/07\/cropped-Getama-icon.png","contentUrl":"https:\/\/getama.ee\/wp-content\/uploads\/2025\/07\/cropped-Getama-icon.png","width":512,"height":512,"caption":"Getama O\u00dc"},"image":{"@id":"https:\/\/getama.ee\/en\/#\/schema\/logo\/image\/"},"sameAs":["https:\/\/www.facebook.com\/GetamaOU","https:\/\/www.linkedin.com\/company\/getama"]}]}},"_links":{"self":[{"href":"https:\/\/getama.ee\/en\/wp-json\/wp\/v2\/product\/2633","targetHints":{"allow":["GET"]}}],"collection":[{"href":"https:\/\/getama.ee\/en\/wp-json\/wp\/v2\/product"}],"about":[{"href":"https:\/\/getama.ee\/en\/wp-json\/wp\/v2\/types\/product"}],"replies":[{"embeddable":true,"href":"https:\/\/getama.ee\/en\/wp-json\/wp\/v2\/comments?post=2633"}],"wp:featuredmedia":[{"embeddable":true,"href":"https:\/\/getama.ee\/en\/wp-json\/wp\/v2\/media\/2640"}],"wp:attachment":[{"href":"https:\/\/getama.ee\/en\/wp-json\/wp\/v2\/media?parent=2633"}],"wp:term":[{"taxonomy":"product_brand","embeddable":true,"href":"https:\/\/getama.ee\/en\/wp-json\/wp\/v2\/product_brand?post=2633"},{"taxonomy":"product_cat","embeddable":true,"href":"https:\/\/getama.ee\/en\/wp-json\/wp\/v2\/product_cat?post=2633"},{"taxonomy":"product_tag","embeddable":true,"href":"https:\/\/getama.ee\/en\/wp-json\/wp\/v2\/product_tag?post=2633"}],"curies":[{"name":"wp","href":"https:\/\/api.w.org\/{rel}","templated":true}]}}