{"id":2536,"date":"2025-09-22T11:42:47","date_gmt":"2025-09-22T08:42:47","guid":{"rendered":"https:\/\/getama.ee\/?post_type=product&#038;p=2536"},"modified":"2025-09-24T09:51:44","modified_gmt":"2025-09-24T06:51:44","slug":"eurosafe-60-termodesinfitseerija","status":"publish","type":"product","link":"https:\/\/getama.ee\/en\/toode\/eurosafe-60-termodesinfitseerija\/","title":{"rendered":"Euronda Eurosafe 60 termodesinfitseerija"},"content":{"rendered":"","protected":false},"excerpt":{"rendered":"<p>Eurosafe 60, Euronda Pro Systemi tootesarja kuuluv 60-liitrine termodesinfitseerija, on turule tulnud eksklusiivse disaini ja oluliste uute funktsioonidega, mis \u00fchendavad endas kasutatavuse ja j\u00f5udluse parima automatiseeritud puhastuse ja desinfitseerimisega.<\/p>\n<ul>\n<li>Eelpesu, pesu, kuumdesinfitseerimine (90\u00b0C) ja kuivatamine \u00fches ts\u00fcklis<\/li>\n<li><strong>60l mahuti<\/strong> sobib instrumentide, kassettide ja anumate kuumdesinfitseerimiseks<\/li>\n<li>Kasutajas\u00f5bralik liides, kuni 40 programmeeritavat ts\u00fcklit<\/li>\n<li>Ts\u00fcklid kohandatavad pesuaja ja temperatuuri j\u00e4rgi<\/li>\n<li>Andmete j\u00e4lgitavus \u2013 USB kaudu salvestamine ja arvutisse \u00fclekandmine<\/li>\n<li>Eco-friendly \u2013 1,7 kW energiatarve ja 12 l vett l\u00fchikeses ts\u00fcklis<\/li>\n<li>S\u00fcstemaatiline pesus\u00fcsteem tagab p\u00f5hjaliku puhastuse<\/li>\n<li>LCD-ekraan ja Ethernet-\u00fchendus<\/li>\n<li>Automaatne pesuaine annustamine<\/li>\n<li>Aurukuivatus eemaldab t\u00e4ielikult vee k\u00f5ikjalt<\/li>\n<li>AISI 316L roostevabad pesuvardad, \u00fcmardatud servad<\/li>\n<li>Uks ei avane pesuts\u00fckli ajal<\/li>\n<li>20 eelseadistatud programmi<\/li>\n<li>V\u00e4hendab t\u00f6\u00f6aega, maksimaalne ohutus<\/li>\n<\/ul>\n","protected":false},"featured_media":2554,"comment_status":"open","ping_status":"closed","template":"","meta":{"_acf_changed":false,"_gspb_post_css":""},"product_brand":[50],"product_cat":[26],"product_tag":[],"class_list":{"0":"post-2536","1":"product","2":"type-product","3":"status-publish","4":"has-post-thumbnail","6":"product_brand-euronda","7":"product_cat-sterilisatsiooniseadmed","9":"first","10":"instock","11":"taxable","12":"shipping-taxable","13":"purchasable","14":"product-type-simple"},"acf":[],"yoast_head":"<!-- This site is optimized with the Yoast SEO plugin v27.1.1 - https:\/\/yoast.com\/product\/yoast-seo-wordpress\/ -->\n<title>Euronda Eurosafe 60 termodesinfitseerija | Getama<\/title>\n<meta name=\"description\" content=\"Euronda Eurosafe 60 termodesinfitseerija | Getama\" \/>\n<meta name=\"robots\" content=\"index, follow, max-snippet:-1, max-image-preview:large, max-video-preview:-1\" \/>\n<link rel=\"canonical\" href=\"https:\/\/getama.ee\/en\/toode\/eurosafe-60-termodesinfitseerija\/\" \/>\n<meta property=\"og:locale\" content=\"en_US\" \/>\n<meta property=\"og:type\" content=\"article\" \/>\n<meta property=\"og:title\" content=\"Euronda Eurosafe 60 termodesinfitseerija | Getama\" \/>\n<meta property=\"og:description\" content=\"Euronda Eurosafe 60 termodesinfitseerija | Getama\" \/>\n<meta property=\"og:url\" content=\"https:\/\/getama.ee\/en\/toode\/eurosafe-60-termodesinfitseerija\/\" \/>\n<meta property=\"og:site_name\" content=\"Getama\" \/>\n<meta property=\"article:publisher\" content=\"https:\/\/www.facebook.com\/GetamaOU\" \/>\n<meta property=\"article:modified_time\" content=\"2025-09-24T06:51:44+00:00\" \/>\n<meta property=\"og:image\" content=\"https:\/\/getama.ee\/wp-content\/uploads\/2025\/09\/6-5.png\" \/>\n\t<meta property=\"og:image:width\" content=\"1000\" \/>\n\t<meta property=\"og:image:height\" content=\"1000\" \/>\n\t<meta property=\"og:image:type\" content=\"image\/png\" \/>\n<meta name=\"twitter:card\" content=\"summary_large_image\" \/>\n<meta name=\"twitter:label1\" content=\"Est. reading time\" \/>\n\t<meta name=\"twitter:data1\" content=\"1 minute\" \/>\n<script type=\"application\/ld+json\" class=\"yoast-schema-graph\">{\"@context\":\"https:\/\/schema.org\",\"@graph\":[{\"@type\":[\"WebPage\",\"ItemPage\"],\"@id\":\"https:\/\/getama.ee\/en\/toode\/eurosafe-60-termodesinfitseerija\/\",\"url\":\"https:\/\/getama.ee\/en\/toode\/eurosafe-60-termodesinfitseerija\/\",\"name\":\"Euronda Eurosafe 60 termodesinfitseerija | Getama\",\"isPartOf\":{\"@id\":\"https:\/\/getama.ee\/en\/#website\"},\"primaryImageOfPage\":{\"@id\":\"https:\/\/getama.ee\/en\/toode\/eurosafe-60-termodesinfitseerija\/#primaryimage\"},\"image\":{\"@id\":\"https:\/\/getama.ee\/en\/toode\/eurosafe-60-termodesinfitseerija\/#primaryimage\"},\"thumbnailUrl\":\"https:\/\/getama.ee\/wp-content\/uploads\/2025\/09\/6-5.png\",\"datePublished\":\"2025-09-22T08:42:47+00:00\",\"dateModified\":\"2025-09-24T06:51:44+00:00\",\"description\":\"Euronda Eurosafe 60 termodesinfitseerija | Getama\",\"breadcrumb\":{\"@id\":\"https:\/\/getama.ee\/en\/toode\/eurosafe-60-termodesinfitseerija\/#breadcrumb\"},\"inLanguage\":\"en-US\",\"potentialAction\":[{\"@type\":\"ReadAction\",\"target\":[\"https:\/\/getama.ee\/en\/toode\/eurosafe-60-termodesinfitseerija\/\"]}]},{\"@type\":\"ImageObject\",\"inLanguage\":\"en-US\",\"@id\":\"https:\/\/getama.ee\/en\/toode\/eurosafe-60-termodesinfitseerija\/#primaryimage\",\"url\":\"https:\/\/getama.ee\/wp-content\/uploads\/2025\/09\/6-5.png\",\"contentUrl\":\"https:\/\/getama.ee\/wp-content\/uploads\/2025\/09\/6-5.png\",\"width\":1000,\"height\":1000},{\"@type\":\"BreadcrumbList\",\"@id\":\"https:\/\/getama.ee\/en\/toode\/eurosafe-60-termodesinfitseerija\/#breadcrumb\",\"itemListElement\":[{\"@type\":\"ListItem\",\"position\":1,\"name\":\"Esileht\",\"item\":\"https:\/\/getama.ee\/en\/\"},{\"@type\":\"ListItem\",\"position\":2,\"name\":\"Pood\",\"item\":\"https:\/\/getama.ee\/pood\/\"},{\"@type\":\"ListItem\",\"position\":3,\"name\":\"Euronda Eurosafe 60 termodesinfitseerija\"}]},{\"@type\":\"WebSite\",\"@id\":\"https:\/\/getama.ee\/en\/#website\",\"url\":\"https:\/\/getama.ee\/en\/\",\"name\":\"Getama\",\"description\":\"Aitame sisustada Sinu hambakliiniku.\",\"publisher\":{\"@id\":\"https:\/\/getama.ee\/en\/#organization\"},\"potentialAction\":[{\"@type\":\"SearchAction\",\"target\":{\"@type\":\"EntryPoint\",\"urlTemplate\":\"https:\/\/getama.ee\/en\/?s={search_term_string}\"},\"query-input\":{\"@type\":\"PropertyValueSpecification\",\"valueRequired\":true,\"valueName\":\"search_term_string\"}}],\"inLanguage\":\"en-US\"},{\"@type\":\"Organization\",\"@id\":\"https:\/\/getama.ee\/en\/#organization\",\"name\":\"Getama O\u00dc\",\"url\":\"https:\/\/getama.ee\/en\/\",\"logo\":{\"@type\":\"ImageObject\",\"inLanguage\":\"en-US\",\"@id\":\"https:\/\/getama.ee\/en\/#\/schema\/logo\/image\/\",\"url\":\"https:\/\/getama.ee\/wp-content\/uploads\/2025\/07\/cropped-Getama-icon.png\",\"contentUrl\":\"https:\/\/getama.ee\/wp-content\/uploads\/2025\/07\/cropped-Getama-icon.png\",\"width\":512,\"height\":512,\"caption\":\"Getama O\u00dc\"},\"image\":{\"@id\":\"https:\/\/getama.ee\/en\/#\/schema\/logo\/image\/\"},\"sameAs\":[\"https:\/\/www.facebook.com\/GetamaOU\",\"https:\/\/www.linkedin.com\/company\/getama\"]}]}<\/script>\n<!-- \/ Yoast SEO plugin. -->","yoast_head_json":{"title":"Euronda Eurosafe 60 termodesinfitseerija | Getama","description":"Euronda Eurosafe 60 termodesinfitseerija | Getama","robots":{"index":"index","follow":"follow","max-snippet":"max-snippet:-1","max-image-preview":"max-image-preview:large","max-video-preview":"max-video-preview:-1"},"canonical":"https:\/\/getama.ee\/en\/toode\/eurosafe-60-termodesinfitseerija\/","og_locale":"en_US","og_type":"article","og_title":"Euronda Eurosafe 60 termodesinfitseerija | Getama","og_description":"Euronda Eurosafe 60 termodesinfitseerija | Getama","og_url":"https:\/\/getama.ee\/en\/toode\/eurosafe-60-termodesinfitseerija\/","og_site_name":"Getama","article_publisher":"https:\/\/www.facebook.com\/GetamaOU","article_modified_time":"2025-09-24T06:51:44+00:00","og_image":[{"width":1000,"height":1000,"url":"https:\/\/getama.ee\/wp-content\/uploads\/2025\/09\/6-5.png","type":"image\/png"}],"twitter_card":"summary_large_image","twitter_misc":{"Est. reading time":"1 minute"},"schema":{"@context":"https:\/\/schema.org","@graph":[{"@type":["WebPage","ItemPage"],"@id":"https:\/\/getama.ee\/en\/toode\/eurosafe-60-termodesinfitseerija\/","url":"https:\/\/getama.ee\/en\/toode\/eurosafe-60-termodesinfitseerija\/","name":"Euronda Eurosafe 60 termodesinfitseerija | Getama","isPartOf":{"@id":"https:\/\/getama.ee\/en\/#website"},"primaryImageOfPage":{"@id":"https:\/\/getama.ee\/en\/toode\/eurosafe-60-termodesinfitseerija\/#primaryimage"},"image":{"@id":"https:\/\/getama.ee\/en\/toode\/eurosafe-60-termodesinfitseerija\/#primaryimage"},"thumbnailUrl":"https:\/\/getama.ee\/wp-content\/uploads\/2025\/09\/6-5.png","datePublished":"2025-09-22T08:42:47+00:00","dateModified":"2025-09-24T06:51:44+00:00","description":"Euronda Eurosafe 60 termodesinfitseerija | Getama","breadcrumb":{"@id":"https:\/\/getama.ee\/en\/toode\/eurosafe-60-termodesinfitseerija\/#breadcrumb"},"inLanguage":"en-US","potentialAction":[{"@type":"ReadAction","target":["https:\/\/getama.ee\/en\/toode\/eurosafe-60-termodesinfitseerija\/"]}]},{"@type":"ImageObject","inLanguage":"en-US","@id":"https:\/\/getama.ee\/en\/toode\/eurosafe-60-termodesinfitseerija\/#primaryimage","url":"https:\/\/getama.ee\/wp-content\/uploads\/2025\/09\/6-5.png","contentUrl":"https:\/\/getama.ee\/wp-content\/uploads\/2025\/09\/6-5.png","width":1000,"height":1000},{"@type":"BreadcrumbList","@id":"https:\/\/getama.ee\/en\/toode\/eurosafe-60-termodesinfitseerija\/#breadcrumb","itemListElement":[{"@type":"ListItem","position":1,"name":"Esileht","item":"https:\/\/getama.ee\/en\/"},{"@type":"ListItem","position":2,"name":"Pood","item":"https:\/\/getama.ee\/pood\/"},{"@type":"ListItem","position":3,"name":"Euronda Eurosafe 60 termodesinfitseerija"}]},{"@type":"WebSite","@id":"https:\/\/getama.ee\/en\/#website","url":"https:\/\/getama.ee\/en\/","name":"Getama","description":"Aitame sisustada Sinu hambakliiniku.","publisher":{"@id":"https:\/\/getama.ee\/en\/#organization"},"potentialAction":[{"@type":"SearchAction","target":{"@type":"EntryPoint","urlTemplate":"https:\/\/getama.ee\/en\/?s={search_term_string}"},"query-input":{"@type":"PropertyValueSpecification","valueRequired":true,"valueName":"search_term_string"}}],"inLanguage":"en-US"},{"@type":"Organization","@id":"https:\/\/getama.ee\/en\/#organization","name":"Getama O\u00dc","url":"https:\/\/getama.ee\/en\/","logo":{"@type":"ImageObject","inLanguage":"en-US","@id":"https:\/\/getama.ee\/en\/#\/schema\/logo\/image\/","url":"https:\/\/getama.ee\/wp-content\/uploads\/2025\/07\/cropped-Getama-icon.png","contentUrl":"https:\/\/getama.ee\/wp-content\/uploads\/2025\/07\/cropped-Getama-icon.png","width":512,"height":512,"caption":"Getama O\u00dc"},"image":{"@id":"https:\/\/getama.ee\/en\/#\/schema\/logo\/image\/"},"sameAs":["https:\/\/www.facebook.com\/GetamaOU","https:\/\/www.linkedin.com\/company\/getama"]}]}},"_links":{"self":[{"href":"https:\/\/getama.ee\/en\/wp-json\/wp\/v2\/product\/2536","targetHints":{"allow":["GET"]}}],"collection":[{"href":"https:\/\/getama.ee\/en\/wp-json\/wp\/v2\/product"}],"about":[{"href":"https:\/\/getama.ee\/en\/wp-json\/wp\/v2\/types\/product"}],"replies":[{"embeddable":true,"href":"https:\/\/getama.ee\/en\/wp-json\/wp\/v2\/comments?post=2536"}],"wp:featuredmedia":[{"embeddable":true,"href":"https:\/\/getama.ee\/en\/wp-json\/wp\/v2\/media\/2554"}],"wp:attachment":[{"href":"https:\/\/getama.ee\/en\/wp-json\/wp\/v2\/media?parent=2536"}],"wp:term":[{"taxonomy":"product_brand","embeddable":true,"href":"https:\/\/getama.ee\/en\/wp-json\/wp\/v2\/product_brand?post=2536"},{"taxonomy":"product_cat","embeddable":true,"href":"https:\/\/getama.ee\/en\/wp-json\/wp\/v2\/product_cat?post=2536"},{"taxonomy":"product_tag","embeddable":true,"href":"https:\/\/getama.ee\/en\/wp-json\/wp\/v2\/product_tag?post=2536"}],"curies":[{"name":"wp","href":"https:\/\/api.w.org\/{rel}","templated":true}]}}