{"id":2526,"date":"2025-09-24T10:00:35","date_gmt":"2025-09-24T07:00:35","guid":{"rendered":"https:\/\/getama.ee\/?post_type=product&#038;p=2526"},"modified":"2025-09-25T15:59:36","modified_gmt":"2025-09-25T12:59:36","slug":"caviwipes-desinfitseerimislapid-1-x-160-tk","status":"publish","type":"product","link":"https:\/\/getama.ee\/en\/toode\/caviwipes-desinfitseerimislapid-1-x-160-tk\/","title":{"rendered":"CaviWipes\u2122 desinfitseerimislapid (1 x 160 tk)"},"content":{"rendered":"","protected":false},"excerpt":{"rendered":"<p><strong data-start=\"97\" data-end=\"125\">CaviWipes\u2122 puhastuslapid<\/strong> on mugavad, desinfektsioonilahusega rohkelt immutatud ning kohe kasutusvalmis.<\/p>\n<ul>\n<li>CaviWipes\u2122 sobivad meditsiiniseadmete mittepoorsetele pindadele, mis vajavad puhastamist ja kiiret desinfitseerimist, kuid <strong data-start=\"287\" data-end=\"349\">ei sobi alkoholitundlike pindade ega invasiivsete seadmete<\/strong> desinfitseerimiseks.<\/li>\n<li>CaviWipes\u2122 ei sisalda aldeh\u00fc\u00fcde, fenoole, valgendit ega muid m\u00fcrgiseid kemikaale.<\/li>\n<li>H\u00e4vitab tuberkuloositekitaja 3 minutiga.<\/li>\n<li>H\u00e4vitab MRSA, HIV-1 ja HCV 2 minutiga.<\/li>\n<\/ul>\n<p>&nbsp;<\/p>\n<p data-start=\"891\" data-end=\"982\">Pakend: kaanega plastikpurk, sisaldab <strong data-start=\"929\" data-end=\"964\">160 niisutatud puhastuslapikest.<\/strong><\/p>\n","protected":false},"featured_media":2527,"comment_status":"open","ping_status":"closed","template":"","meta":{"_acf_changed":false,"_gspb_post_css":""},"product_brand":[127],"product_cat":[132],"product_tag":[],"class_list":{"0":"post-2526","1":"product","2":"type-product","3":"status-publish","4":"has-post-thumbnail","6":"product_brand-kerr","7":"product_cat-desinfektsioon-2","9":"first","10":"instock","11":"taxable","12":"shipping-taxable","13":"purchasable","14":"product-type-simple"},"acf":[],"yoast_head":"<!-- This site is optimized with the Yoast SEO plugin v27.1.1 - https:\/\/yoast.com\/product\/yoast-seo-wordpress\/ -->\n<title>CaviWipes\u2122 desinfitseerimislapid (1 x 160 tk) | Getama<\/title>\n<meta name=\"description\" content=\"CaviWipes\u2122 desinfitseerimislapid (1 x 160 tk) | Getama\" \/>\n<meta name=\"robots\" content=\"index, follow, max-snippet:-1, max-image-preview:large, max-video-preview:-1\" \/>\n<link rel=\"canonical\" href=\"https:\/\/getama.ee\/en\/toode\/caviwipes-desinfitseerimislapid-1-x-160-tk\/\" \/>\n<meta property=\"og:locale\" content=\"en_US\" \/>\n<meta property=\"og:type\" content=\"article\" \/>\n<meta property=\"og:title\" content=\"CaviWipes\u2122 desinfitseerimislapid (1 x 160 tk) | Getama\" \/>\n<meta property=\"og:description\" content=\"CaviWipes\u2122 desinfitseerimislapid (1 x 160 tk) | Getama\" \/>\n<meta property=\"og:url\" content=\"https:\/\/getama.ee\/en\/toode\/caviwipes-desinfitseerimislapid-1-x-160-tk\/\" \/>\n<meta property=\"og:site_name\" content=\"Getama\" \/>\n<meta property=\"article:publisher\" content=\"https:\/\/www.facebook.com\/GetamaOU\" \/>\n<meta property=\"article:modified_time\" content=\"2025-09-25T12:59:36+00:00\" \/>\n<meta property=\"og:image\" content=\"https:\/\/getama.ee\/wp-content\/uploads\/2025\/09\/1-14.png\" \/>\n\t<meta property=\"og:image:width\" content=\"1000\" \/>\n\t<meta property=\"og:image:height\" content=\"1000\" \/>\n\t<meta property=\"og:image:type\" content=\"image\/png\" \/>\n<meta name=\"twitter:card\" content=\"summary_large_image\" \/>\n<meta name=\"twitter:label1\" content=\"Est. reading time\" \/>\n\t<meta name=\"twitter:data1\" content=\"1 minute\" \/>\n<script type=\"application\/ld+json\" class=\"yoast-schema-graph\">{\"@context\":\"https:\/\/schema.org\",\"@graph\":[{\"@type\":[\"WebPage\",\"ItemPage\"],\"@id\":\"https:\/\/getama.ee\/en\/toode\/caviwipes-desinfitseerimislapid-1-x-160-tk\/\",\"url\":\"https:\/\/getama.ee\/en\/toode\/caviwipes-desinfitseerimislapid-1-x-160-tk\/\",\"name\":\"CaviWipes\u2122 desinfitseerimislapid (1 x 160 tk) | Getama\",\"isPartOf\":{\"@id\":\"https:\/\/getama.ee\/en\/#website\"},\"primaryImageOfPage\":{\"@id\":\"https:\/\/getama.ee\/en\/toode\/caviwipes-desinfitseerimislapid-1-x-160-tk\/#primaryimage\"},\"image\":{\"@id\":\"https:\/\/getama.ee\/en\/toode\/caviwipes-desinfitseerimislapid-1-x-160-tk\/#primaryimage\"},\"thumbnailUrl\":\"https:\/\/getama.ee\/wp-content\/uploads\/2025\/09\/1-14.png\",\"datePublished\":\"2025-09-24T07:00:35+00:00\",\"dateModified\":\"2025-09-25T12:59:36+00:00\",\"description\":\"CaviWipes\u2122 desinfitseerimislapid (1 x 160 tk) | Getama\",\"breadcrumb\":{\"@id\":\"https:\/\/getama.ee\/en\/toode\/caviwipes-desinfitseerimislapid-1-x-160-tk\/#breadcrumb\"},\"inLanguage\":\"en-US\",\"potentialAction\":[{\"@type\":\"ReadAction\",\"target\":[\"https:\/\/getama.ee\/en\/toode\/caviwipes-desinfitseerimislapid-1-x-160-tk\/\"]}]},{\"@type\":\"ImageObject\",\"inLanguage\":\"en-US\",\"@id\":\"https:\/\/getama.ee\/en\/toode\/caviwipes-desinfitseerimislapid-1-x-160-tk\/#primaryimage\",\"url\":\"https:\/\/getama.ee\/wp-content\/uploads\/2025\/09\/1-14.png\",\"contentUrl\":\"https:\/\/getama.ee\/wp-content\/uploads\/2025\/09\/1-14.png\",\"width\":1000,\"height\":1000},{\"@type\":\"BreadcrumbList\",\"@id\":\"https:\/\/getama.ee\/en\/toode\/caviwipes-desinfitseerimislapid-1-x-160-tk\/#breadcrumb\",\"itemListElement\":[{\"@type\":\"ListItem\",\"position\":1,\"name\":\"Esileht\",\"item\":\"https:\/\/getama.ee\/en\/\"},{\"@type\":\"ListItem\",\"position\":2,\"name\":\"Pood\",\"item\":\"https:\/\/getama.ee\/pood\/\"},{\"@type\":\"ListItem\",\"position\":3,\"name\":\"CaviWipes\u2122 desinfitseerimislapid (1 x 160 tk)\"}]},{\"@type\":\"WebSite\",\"@id\":\"https:\/\/getama.ee\/en\/#website\",\"url\":\"https:\/\/getama.ee\/en\/\",\"name\":\"Getama\",\"description\":\"Aitame sisustada Sinu hambakliiniku.\",\"publisher\":{\"@id\":\"https:\/\/getama.ee\/en\/#organization\"},\"potentialAction\":[{\"@type\":\"SearchAction\",\"target\":{\"@type\":\"EntryPoint\",\"urlTemplate\":\"https:\/\/getama.ee\/en\/?s={search_term_string}\"},\"query-input\":{\"@type\":\"PropertyValueSpecification\",\"valueRequired\":true,\"valueName\":\"search_term_string\"}}],\"inLanguage\":\"en-US\"},{\"@type\":\"Organization\",\"@id\":\"https:\/\/getama.ee\/en\/#organization\",\"name\":\"Getama O\u00dc\",\"url\":\"https:\/\/getama.ee\/en\/\",\"logo\":{\"@type\":\"ImageObject\",\"inLanguage\":\"en-US\",\"@id\":\"https:\/\/getama.ee\/en\/#\/schema\/logo\/image\/\",\"url\":\"https:\/\/getama.ee\/wp-content\/uploads\/2025\/07\/cropped-Getama-icon.png\",\"contentUrl\":\"https:\/\/getama.ee\/wp-content\/uploads\/2025\/07\/cropped-Getama-icon.png\",\"width\":512,\"height\":512,\"caption\":\"Getama O\u00dc\"},\"image\":{\"@id\":\"https:\/\/getama.ee\/en\/#\/schema\/logo\/image\/\"},\"sameAs\":[\"https:\/\/www.facebook.com\/GetamaOU\",\"https:\/\/www.linkedin.com\/company\/getama\"]}]}<\/script>\n<!-- \/ Yoast SEO plugin. -->","yoast_head_json":{"title":"CaviWipes\u2122 desinfitseerimislapid (1 x 160 tk) | Getama","description":"CaviWipes\u2122 desinfitseerimislapid (1 x 160 tk) | Getama","robots":{"index":"index","follow":"follow","max-snippet":"max-snippet:-1","max-image-preview":"max-image-preview:large","max-video-preview":"max-video-preview:-1"},"canonical":"https:\/\/getama.ee\/en\/toode\/caviwipes-desinfitseerimislapid-1-x-160-tk\/","og_locale":"en_US","og_type":"article","og_title":"CaviWipes\u2122 desinfitseerimislapid (1 x 160 tk) | Getama","og_description":"CaviWipes\u2122 desinfitseerimislapid (1 x 160 tk) | Getama","og_url":"https:\/\/getama.ee\/en\/toode\/caviwipes-desinfitseerimislapid-1-x-160-tk\/","og_site_name":"Getama","article_publisher":"https:\/\/www.facebook.com\/GetamaOU","article_modified_time":"2025-09-25T12:59:36+00:00","og_image":[{"width":1000,"height":1000,"url":"https:\/\/getama.ee\/wp-content\/uploads\/2025\/09\/1-14.png","type":"image\/png"}],"twitter_card":"summary_large_image","twitter_misc":{"Est. reading time":"1 minute"},"schema":{"@context":"https:\/\/schema.org","@graph":[{"@type":["WebPage","ItemPage"],"@id":"https:\/\/getama.ee\/en\/toode\/caviwipes-desinfitseerimislapid-1-x-160-tk\/","url":"https:\/\/getama.ee\/en\/toode\/caviwipes-desinfitseerimislapid-1-x-160-tk\/","name":"CaviWipes\u2122 desinfitseerimislapid (1 x 160 tk) | Getama","isPartOf":{"@id":"https:\/\/getama.ee\/en\/#website"},"primaryImageOfPage":{"@id":"https:\/\/getama.ee\/en\/toode\/caviwipes-desinfitseerimislapid-1-x-160-tk\/#primaryimage"},"image":{"@id":"https:\/\/getama.ee\/en\/toode\/caviwipes-desinfitseerimislapid-1-x-160-tk\/#primaryimage"},"thumbnailUrl":"https:\/\/getama.ee\/wp-content\/uploads\/2025\/09\/1-14.png","datePublished":"2025-09-24T07:00:35+00:00","dateModified":"2025-09-25T12:59:36+00:00","description":"CaviWipes\u2122 desinfitseerimislapid (1 x 160 tk) | Getama","breadcrumb":{"@id":"https:\/\/getama.ee\/en\/toode\/caviwipes-desinfitseerimislapid-1-x-160-tk\/#breadcrumb"},"inLanguage":"en-US","potentialAction":[{"@type":"ReadAction","target":["https:\/\/getama.ee\/en\/toode\/caviwipes-desinfitseerimislapid-1-x-160-tk\/"]}]},{"@type":"ImageObject","inLanguage":"en-US","@id":"https:\/\/getama.ee\/en\/toode\/caviwipes-desinfitseerimislapid-1-x-160-tk\/#primaryimage","url":"https:\/\/getama.ee\/wp-content\/uploads\/2025\/09\/1-14.png","contentUrl":"https:\/\/getama.ee\/wp-content\/uploads\/2025\/09\/1-14.png","width":1000,"height":1000},{"@type":"BreadcrumbList","@id":"https:\/\/getama.ee\/en\/toode\/caviwipes-desinfitseerimislapid-1-x-160-tk\/#breadcrumb","itemListElement":[{"@type":"ListItem","position":1,"name":"Esileht","item":"https:\/\/getama.ee\/en\/"},{"@type":"ListItem","position":2,"name":"Pood","item":"https:\/\/getama.ee\/pood\/"},{"@type":"ListItem","position":3,"name":"CaviWipes\u2122 desinfitseerimislapid (1 x 160 tk)"}]},{"@type":"WebSite","@id":"https:\/\/getama.ee\/en\/#website","url":"https:\/\/getama.ee\/en\/","name":"Getama","description":"Aitame sisustada Sinu hambakliiniku.","publisher":{"@id":"https:\/\/getama.ee\/en\/#organization"},"potentialAction":[{"@type":"SearchAction","target":{"@type":"EntryPoint","urlTemplate":"https:\/\/getama.ee\/en\/?s={search_term_string}"},"query-input":{"@type":"PropertyValueSpecification","valueRequired":true,"valueName":"search_term_string"}}],"inLanguage":"en-US"},{"@type":"Organization","@id":"https:\/\/getama.ee\/en\/#organization","name":"Getama O\u00dc","url":"https:\/\/getama.ee\/en\/","logo":{"@type":"ImageObject","inLanguage":"en-US","@id":"https:\/\/getama.ee\/en\/#\/schema\/logo\/image\/","url":"https:\/\/getama.ee\/wp-content\/uploads\/2025\/07\/cropped-Getama-icon.png","contentUrl":"https:\/\/getama.ee\/wp-content\/uploads\/2025\/07\/cropped-Getama-icon.png","width":512,"height":512,"caption":"Getama O\u00dc"},"image":{"@id":"https:\/\/getama.ee\/en\/#\/schema\/logo\/image\/"},"sameAs":["https:\/\/www.facebook.com\/GetamaOU","https:\/\/www.linkedin.com\/company\/getama"]}]}},"_links":{"self":[{"href":"https:\/\/getama.ee\/en\/wp-json\/wp\/v2\/product\/2526","targetHints":{"allow":["GET"]}}],"collection":[{"href":"https:\/\/getama.ee\/en\/wp-json\/wp\/v2\/product"}],"about":[{"href":"https:\/\/getama.ee\/en\/wp-json\/wp\/v2\/types\/product"}],"replies":[{"embeddable":true,"href":"https:\/\/getama.ee\/en\/wp-json\/wp\/v2\/comments?post=2526"}],"wp:featuredmedia":[{"embeddable":true,"href":"https:\/\/getama.ee\/en\/wp-json\/wp\/v2\/media\/2527"}],"wp:attachment":[{"href":"https:\/\/getama.ee\/en\/wp-json\/wp\/v2\/media?parent=2526"}],"wp:term":[{"taxonomy":"product_brand","embeddable":true,"href":"https:\/\/getama.ee\/en\/wp-json\/wp\/v2\/product_brand?post=2526"},{"taxonomy":"product_cat","embeddable":true,"href":"https:\/\/getama.ee\/en\/wp-json\/wp\/v2\/product_cat?post=2526"},{"taxonomy":"product_tag","embeddable":true,"href":"https:\/\/getama.ee\/en\/wp-json\/wp\/v2\/product_tag?post=2526"}],"curies":[{"name":"wp","href":"https:\/\/api.w.org\/{rel}","templated":true}]}}