{"id":2435,"date":"2025-09-15T11:47:34","date_gmt":"2025-09-15T08:47:34","guid":{"rendered":"https:\/\/getama.ee\/?post_type=product&#038;p=2435"},"modified":"2025-09-15T11:49:12","modified_gmt":"2025-09-15T08:49:12","slug":"wh-lisa-autoklaav","status":"publish","type":"product","link":"https:\/\/getama.ee\/en\/toode\/wh-lisa-autoklaav\/","title":{"rendered":"W&#038;H Lisa autoklaav"},"content":{"rendered":"","protected":false},"excerpt":{"rendered":"<p>Lisa sterilisaatorite uus p\u00f5lvkond pakub intelligentseid ja uuenduslikke lahendusi nagu EliSense ja EliTrace, mis tagavad erakordse kasutajas\u00f5bralikkuse ja j\u00e4lgitavuse kuni iga \u00fcksiku instrumendini. Tulemuseks on t\u00e4iesti uus ohutus, mugavus, t\u00f6\u00f6kindlus ja kiirus.<\/p>\n<ul>\n<li data-start=\"635\" data-end=\"683\">Selge v\u00e4rviline <strong>puuteekraan<\/strong><\/li>\n<li data-start=\"635\" data-end=\"683\">Siledad pinnad, kaasaegne ja ergonoomiline disain<\/li>\n<li data-start=\"635\" data-end=\"683\"><strong data-start=\"768\" data-end=\"791\">Suur andmesalvesti:<\/strong> USB-m\u00e4lupulk salvestab k\u00f5ik ts\u00fcklid kogu seadme eluaja jooksul<\/li>\n<li data-start=\"635\" data-end=\"683\"><strong data-start=\"859\" data-end=\"916\">Kohandatav j\u00e4lgitavus ja kasutaja identifitseerimine:<\/strong> 6-kohaline PIN, laadimise\/t\u00fchjendamise logimine, laadungi kinnituse salvestus<\/li>\n<li data-start=\"635\" data-end=\"683\"><strong data-start=\"999\" data-end=\"1033\">Praktiline siltide printimine:<\/strong> automaatne v\u00f5i k\u00e4sitsi, Ethernet-\u00fchendus v\u00f5imaldab jagada \u00fchte printerit kuni 4 sterilisaatori vahel<\/li>\n<li data-start=\"635\" data-end=\"683\"><strong data-start=\"1139\" data-end=\"1157\">W&amp;H Steri App:<\/strong> j\u00e4lgib sterilisaatoreid ja instrumente nutiseadmes, hoiab ajaloolisi aruandeid<\/li>\n<li data-start=\"635\" data-end=\"683\"><strong data-start=\"1241\" data-end=\"1260\">Kiired ts\u00fcklid:<\/strong> 2 kg laadung valmis ja kuivatatud 30 minutiga, fast cycle sterilisation 13 minutiga<\/li>\n<li data-start=\"635\" data-end=\"683\"><strong data-start=\"1349\" data-end=\"1374\">Kiired t\u00f6\u00f6protsessid:<\/strong> Wipe disinfection 1 minut, Maintenance 10 sekundit (Assistina Twin)<\/li>\n<\/ul>\n","protected":false},"featured_media":2437,"comment_status":"open","ping_status":"closed","template":"","meta":{"_acf_changed":false,"_gspb_post_css":""},"product_brand":[49],"product_cat":[26],"product_tag":[],"class_list":{"0":"post-2435","1":"product","2":"type-product","3":"status-publish","4":"has-post-thumbnail","6":"product_brand-wh","7":"product_cat-sterilisatsiooniseadmed","9":"first","10":"instock","11":"taxable","12":"shipping-taxable","13":"purchasable","14":"product-type-variable"},"acf":[],"yoast_head":"<!-- This site is optimized with the Yoast SEO plugin v27.1.1 - https:\/\/yoast.com\/product\/yoast-seo-wordpress\/ -->\n<title>W&amp;H Lisa autoklaav | Getama<\/title>\n<meta name=\"description\" content=\"W&amp;H Lisa autoklaav | Getama\" \/>\n<meta name=\"robots\" content=\"index, follow, max-snippet:-1, max-image-preview:large, max-video-preview:-1\" \/>\n<link rel=\"canonical\" href=\"https:\/\/getama.ee\/en\/toode\/wh-lisa-autoklaav\/\" \/>\n<meta property=\"og:locale\" content=\"en_US\" \/>\n<meta property=\"og:type\" content=\"article\" \/>\n<meta property=\"og:title\" content=\"W&amp;H Lisa autoklaav | Getama\" \/>\n<meta property=\"og:description\" content=\"W&amp;H Lisa autoklaav | Getama\" \/>\n<meta property=\"og:url\" content=\"https:\/\/getama.ee\/en\/toode\/wh-lisa-autoklaav\/\" \/>\n<meta property=\"og:site_name\" content=\"Getama\" \/>\n<meta property=\"article:publisher\" content=\"https:\/\/www.facebook.com\/GetamaOU\" \/>\n<meta property=\"article:modified_time\" content=\"2025-09-15T08:49:12+00:00\" \/>\n<meta property=\"og:image\" content=\"https:\/\/getama.ee\/wp-content\/uploads\/2025\/09\/3-10.png\" \/>\n\t<meta property=\"og:image:width\" content=\"1000\" \/>\n\t<meta property=\"og:image:height\" content=\"1000\" \/>\n\t<meta property=\"og:image:type\" content=\"image\/png\" \/>\n<meta name=\"twitter:card\" content=\"summary_large_image\" \/>\n<meta name=\"twitter:label1\" content=\"Est. reading time\" \/>\n\t<meta name=\"twitter:data1\" content=\"1 minute\" \/>\n<script type=\"application\/ld+json\" class=\"yoast-schema-graph\">{\"@context\":\"https:\/\/schema.org\",\"@graph\":[{\"@type\":[\"WebPage\",\"ItemPage\"],\"@id\":\"https:\/\/getama.ee\/en\/toode\/wh-lisa-autoklaav\/\",\"url\":\"https:\/\/getama.ee\/en\/toode\/wh-lisa-autoklaav\/\",\"name\":\"W&H Lisa autoklaav | Getama\",\"isPartOf\":{\"@id\":\"https:\/\/getama.ee\/en\/#website\"},\"primaryImageOfPage\":{\"@id\":\"https:\/\/getama.ee\/en\/toode\/wh-lisa-autoklaav\/#primaryimage\"},\"image\":{\"@id\":\"https:\/\/getama.ee\/en\/toode\/wh-lisa-autoklaav\/#primaryimage\"},\"thumbnailUrl\":\"https:\/\/getama.ee\/wp-content\/uploads\/2025\/09\/3-10.png\",\"datePublished\":\"2025-09-15T08:47:34+00:00\",\"dateModified\":\"2025-09-15T08:49:12+00:00\",\"description\":\"W&H Lisa autoklaav | Getama\",\"breadcrumb\":{\"@id\":\"https:\/\/getama.ee\/en\/toode\/wh-lisa-autoklaav\/#breadcrumb\"},\"inLanguage\":\"en-US\",\"potentialAction\":[{\"@type\":\"ReadAction\",\"target\":[\"https:\/\/getama.ee\/en\/toode\/wh-lisa-autoklaav\/\"]}]},{\"@type\":\"ImageObject\",\"inLanguage\":\"en-US\",\"@id\":\"https:\/\/getama.ee\/en\/toode\/wh-lisa-autoklaav\/#primaryimage\",\"url\":\"https:\/\/getama.ee\/wp-content\/uploads\/2025\/09\/3-10.png\",\"contentUrl\":\"https:\/\/getama.ee\/wp-content\/uploads\/2025\/09\/3-10.png\",\"width\":1000,\"height\":1000},{\"@type\":\"BreadcrumbList\",\"@id\":\"https:\/\/getama.ee\/en\/toode\/wh-lisa-autoklaav\/#breadcrumb\",\"itemListElement\":[{\"@type\":\"ListItem\",\"position\":1,\"name\":\"Esileht\",\"item\":\"https:\/\/getama.ee\/en\/\"},{\"@type\":\"ListItem\",\"position\":2,\"name\":\"Pood\",\"item\":\"https:\/\/getama.ee\/pood\/\"},{\"@type\":\"ListItem\",\"position\":3,\"name\":\"W&#038;H Lisa autoklaav\"}]},{\"@type\":\"WebSite\",\"@id\":\"https:\/\/getama.ee\/en\/#website\",\"url\":\"https:\/\/getama.ee\/en\/\",\"name\":\"Getama\",\"description\":\"Aitame sisustada Sinu hambakliiniku.\",\"publisher\":{\"@id\":\"https:\/\/getama.ee\/en\/#organization\"},\"potentialAction\":[{\"@type\":\"SearchAction\",\"target\":{\"@type\":\"EntryPoint\",\"urlTemplate\":\"https:\/\/getama.ee\/en\/?s={search_term_string}\"},\"query-input\":{\"@type\":\"PropertyValueSpecification\",\"valueRequired\":true,\"valueName\":\"search_term_string\"}}],\"inLanguage\":\"en-US\"},{\"@type\":\"Organization\",\"@id\":\"https:\/\/getama.ee\/en\/#organization\",\"name\":\"Getama O\u00dc\",\"url\":\"https:\/\/getama.ee\/en\/\",\"logo\":{\"@type\":\"ImageObject\",\"inLanguage\":\"en-US\",\"@id\":\"https:\/\/getama.ee\/en\/#\/schema\/logo\/image\/\",\"url\":\"https:\/\/getama.ee\/wp-content\/uploads\/2025\/07\/cropped-Getama-icon.png\",\"contentUrl\":\"https:\/\/getama.ee\/wp-content\/uploads\/2025\/07\/cropped-Getama-icon.png\",\"width\":512,\"height\":512,\"caption\":\"Getama O\u00dc\"},\"image\":{\"@id\":\"https:\/\/getama.ee\/en\/#\/schema\/logo\/image\/\"},\"sameAs\":[\"https:\/\/www.facebook.com\/GetamaOU\",\"https:\/\/www.linkedin.com\/company\/getama\"]}]}<\/script>\n<!-- \/ Yoast SEO plugin. -->","yoast_head_json":{"title":"W&H Lisa autoklaav | Getama","description":"W&H Lisa autoklaav | Getama","robots":{"index":"index","follow":"follow","max-snippet":"max-snippet:-1","max-image-preview":"max-image-preview:large","max-video-preview":"max-video-preview:-1"},"canonical":"https:\/\/getama.ee\/en\/toode\/wh-lisa-autoklaav\/","og_locale":"en_US","og_type":"article","og_title":"W&H Lisa autoklaav | Getama","og_description":"W&H Lisa autoklaav | Getama","og_url":"https:\/\/getama.ee\/en\/toode\/wh-lisa-autoklaav\/","og_site_name":"Getama","article_publisher":"https:\/\/www.facebook.com\/GetamaOU","article_modified_time":"2025-09-15T08:49:12+00:00","og_image":[{"width":1000,"height":1000,"url":"https:\/\/getama.ee\/wp-content\/uploads\/2025\/09\/3-10.png","type":"image\/png"}],"twitter_card":"summary_large_image","twitter_misc":{"Est. reading time":"1 minute"},"schema":{"@context":"https:\/\/schema.org","@graph":[{"@type":["WebPage","ItemPage"],"@id":"https:\/\/getama.ee\/en\/toode\/wh-lisa-autoklaav\/","url":"https:\/\/getama.ee\/en\/toode\/wh-lisa-autoklaav\/","name":"W&H Lisa autoklaav | Getama","isPartOf":{"@id":"https:\/\/getama.ee\/en\/#website"},"primaryImageOfPage":{"@id":"https:\/\/getama.ee\/en\/toode\/wh-lisa-autoklaav\/#primaryimage"},"image":{"@id":"https:\/\/getama.ee\/en\/toode\/wh-lisa-autoklaav\/#primaryimage"},"thumbnailUrl":"https:\/\/getama.ee\/wp-content\/uploads\/2025\/09\/3-10.png","datePublished":"2025-09-15T08:47:34+00:00","dateModified":"2025-09-15T08:49:12+00:00","description":"W&H Lisa autoklaav | Getama","breadcrumb":{"@id":"https:\/\/getama.ee\/en\/toode\/wh-lisa-autoklaav\/#breadcrumb"},"inLanguage":"en-US","potentialAction":[{"@type":"ReadAction","target":["https:\/\/getama.ee\/en\/toode\/wh-lisa-autoklaav\/"]}]},{"@type":"ImageObject","inLanguage":"en-US","@id":"https:\/\/getama.ee\/en\/toode\/wh-lisa-autoklaav\/#primaryimage","url":"https:\/\/getama.ee\/wp-content\/uploads\/2025\/09\/3-10.png","contentUrl":"https:\/\/getama.ee\/wp-content\/uploads\/2025\/09\/3-10.png","width":1000,"height":1000},{"@type":"BreadcrumbList","@id":"https:\/\/getama.ee\/en\/toode\/wh-lisa-autoklaav\/#breadcrumb","itemListElement":[{"@type":"ListItem","position":1,"name":"Esileht","item":"https:\/\/getama.ee\/en\/"},{"@type":"ListItem","position":2,"name":"Pood","item":"https:\/\/getama.ee\/pood\/"},{"@type":"ListItem","position":3,"name":"W&#038;H Lisa autoklaav"}]},{"@type":"WebSite","@id":"https:\/\/getama.ee\/en\/#website","url":"https:\/\/getama.ee\/en\/","name":"Getama","description":"Aitame sisustada Sinu hambakliiniku.","publisher":{"@id":"https:\/\/getama.ee\/en\/#organization"},"potentialAction":[{"@type":"SearchAction","target":{"@type":"EntryPoint","urlTemplate":"https:\/\/getama.ee\/en\/?s={search_term_string}"},"query-input":{"@type":"PropertyValueSpecification","valueRequired":true,"valueName":"search_term_string"}}],"inLanguage":"en-US"},{"@type":"Organization","@id":"https:\/\/getama.ee\/en\/#organization","name":"Getama O\u00dc","url":"https:\/\/getama.ee\/en\/","logo":{"@type":"ImageObject","inLanguage":"en-US","@id":"https:\/\/getama.ee\/en\/#\/schema\/logo\/image\/","url":"https:\/\/getama.ee\/wp-content\/uploads\/2025\/07\/cropped-Getama-icon.png","contentUrl":"https:\/\/getama.ee\/wp-content\/uploads\/2025\/07\/cropped-Getama-icon.png","width":512,"height":512,"caption":"Getama O\u00dc"},"image":{"@id":"https:\/\/getama.ee\/en\/#\/schema\/logo\/image\/"},"sameAs":["https:\/\/www.facebook.com\/GetamaOU","https:\/\/www.linkedin.com\/company\/getama"]}]}},"_links":{"self":[{"href":"https:\/\/getama.ee\/en\/wp-json\/wp\/v2\/product\/2435","targetHints":{"allow":["GET"]}}],"collection":[{"href":"https:\/\/getama.ee\/en\/wp-json\/wp\/v2\/product"}],"about":[{"href":"https:\/\/getama.ee\/en\/wp-json\/wp\/v2\/types\/product"}],"replies":[{"embeddable":true,"href":"https:\/\/getama.ee\/en\/wp-json\/wp\/v2\/comments?post=2435"}],"wp:featuredmedia":[{"embeddable":true,"href":"https:\/\/getama.ee\/en\/wp-json\/wp\/v2\/media\/2437"}],"wp:attachment":[{"href":"https:\/\/getama.ee\/en\/wp-json\/wp\/v2\/media?parent=2435"}],"wp:term":[{"taxonomy":"product_brand","embeddable":true,"href":"https:\/\/getama.ee\/en\/wp-json\/wp\/v2\/product_brand?post=2435"},{"taxonomy":"product_cat","embeddable":true,"href":"https:\/\/getama.ee\/en\/wp-json\/wp\/v2\/product_cat?post=2435"},{"taxonomy":"product_tag","embeddable":true,"href":"https:\/\/getama.ee\/en\/wp-json\/wp\/v2\/product_tag?post=2435"}],"curies":[{"name":"wp","href":"https:\/\/api.w.org\/{rel}","templated":true}]}}