{"id":2410,"date":"2025-09-15T10:59:52","date_gmt":"2025-09-15T07:59:52","guid":{"rendered":"https:\/\/getama.ee\/?post_type=product&#038;p=2410"},"modified":"2025-09-15T11:13:11","modified_gmt":"2025-09-15T08:13:11","slug":"wh-lara-autoklaav","status":"publish","type":"product","link":"https:\/\/getama.ee\/en\/toode\/wh-lara-autoklaav\/","title":{"rendered":"W&#038;H Lara autoklaav"},"content":{"rendered":"","protected":false},"excerpt":{"rendered":"<p>W&amp;H Lara autoklaav &#8211; \u00fcks turu kiiremaid ja usaldusv\u00e4\u00e4rsemaid B-klassi seadmeid.<\/p>\n<ul>\n<li data-start=\"155\" data-end=\"278\"><strong data-start=\"155\" data-end=\"170\">J\u00e4lgitavus:<\/strong> kohandatav s\u00fcsteem, v\u00f5imalik kasutaja identifitseerimine (6-kohaline PIN).<\/li>\n<li data-start=\"155\" data-end=\"278\"><strong data-start=\"281\" data-end=\"305\">T\u00e4itmine ja hooldus:<\/strong> integreeritud lehter v\u00e4ldib vee pritsimist; paagi kate eemaldatav ilma t\u00f6\u00f6riistadeta; automaatne veet\u00e4itmine demineraliseerimiss\u00fcsteemi kaudu.<\/li>\n<li data-start=\"155\" data-end=\"278\"><strong data-start=\"453\" data-end=\"472\">Andmete haldus:<\/strong>\u00a0USB-m\u00e4lu ts\u00fckliraportite salvestamiseks.<\/li>\n<li data-start=\"155\" data-end=\"278\"><strong data-start=\"572\" data-end=\"598\">Steriliseerimiskiirus:<\/strong> standardmudel pakub oma klassi kiireimat ts\u00fcklit (Type B); Eco Dry+ ja Fast Cycle on t\u00e4iendus veelgi t\u00f5husama t\u00f6\u00f6 saavutamiseks.<\/li>\n<li data-start=\"155\" data-end=\"278\"><strong data-start=\"732\" data-end=\"749\">Kohandatavus:<\/strong> tarkvaralised uuendused Activation Code\u2019i kaudu.<\/li>\n<li data-start=\"155\" data-end=\"278\"><strong data-start=\"845\" data-end=\"856\">Kamber:<\/strong> 17 l, 24 l<\/li>\n<li data-start=\"155\" data-end=\"278\"><strong data-start=\"873\" data-end=\"887\">Veepaagid:<\/strong> 4,8 liitrit (puhas ja kasutatud vesi).<\/li>\n<li data-start=\"155\" data-end=\"278\"><strong data-start=\"931\" data-end=\"946\">T\u00f6\u00f6vahemik:<\/strong> 7\u201315 ts\u00fcklit.<\/li>\n<\/ul>\n<p>&nbsp;<\/p>\n","protected":false},"featured_media":2425,"comment_status":"open","ping_status":"closed","template":"","meta":{"_acf_changed":false,"_gspb_post_css":""},"product_brand":[49],"product_cat":[26],"product_tag":[],"class_list":{"0":"post-2410","1":"product","2":"type-product","3":"status-publish","4":"has-post-thumbnail","6":"product_brand-wh","7":"product_cat-sterilisatsiooniseadmed","9":"first","10":"instock","11":"taxable","12":"shipping-taxable","13":"purchasable","14":"product-type-variable"},"acf":[],"yoast_head":"<!-- This site is optimized with the Yoast SEO plugin v27.1.1 - https:\/\/yoast.com\/product\/yoast-seo-wordpress\/ -->\n<title>W&amp;H Lara autoklaav | Getama<\/title>\n<meta name=\"description\" content=\"W&amp;H Lara autoklaav | Getama\" \/>\n<meta name=\"robots\" content=\"index, follow, max-snippet:-1, max-image-preview:large, max-video-preview:-1\" \/>\n<link rel=\"canonical\" href=\"https:\/\/getama.ee\/en\/toode\/wh-lara-autoklaav\/\" \/>\n<meta property=\"og:locale\" content=\"en_US\" \/>\n<meta property=\"og:type\" content=\"article\" \/>\n<meta property=\"og:title\" content=\"W&amp;H Lara autoklaav | Getama\" \/>\n<meta property=\"og:description\" content=\"W&amp;H Lara autoklaav | Getama\" \/>\n<meta property=\"og:url\" content=\"https:\/\/getama.ee\/en\/toode\/wh-lara-autoklaav\/\" \/>\n<meta property=\"og:site_name\" content=\"Getama\" \/>\n<meta property=\"article:publisher\" content=\"https:\/\/www.facebook.com\/GetamaOU\" \/>\n<meta property=\"article:modified_time\" content=\"2025-09-15T08:13:11+00:00\" \/>\n<meta property=\"og:image\" content=\"https:\/\/getama.ee\/wp-content\/uploads\/2025\/09\/1-9.png\" \/>\n\t<meta property=\"og:image:width\" content=\"500\" \/>\n\t<meta property=\"og:image:height\" content=\"500\" \/>\n\t<meta property=\"og:image:type\" content=\"image\/png\" \/>\n<meta name=\"twitter:card\" content=\"summary_large_image\" \/>\n<meta name=\"twitter:label1\" content=\"Est. reading time\" \/>\n\t<meta name=\"twitter:data1\" content=\"1 minute\" \/>\n<script type=\"application\/ld+json\" class=\"yoast-schema-graph\">{\"@context\":\"https:\/\/schema.org\",\"@graph\":[{\"@type\":[\"WebPage\",\"ItemPage\"],\"@id\":\"https:\/\/getama.ee\/en\/toode\/wh-lara-autoklaav\/\",\"url\":\"https:\/\/getama.ee\/en\/toode\/wh-lara-autoklaav\/\",\"name\":\"W&H Lara autoklaav | Getama\",\"isPartOf\":{\"@id\":\"https:\/\/getama.ee\/en\/#website\"},\"primaryImageOfPage\":{\"@id\":\"https:\/\/getama.ee\/en\/toode\/wh-lara-autoklaav\/#primaryimage\"},\"image\":{\"@id\":\"https:\/\/getama.ee\/en\/toode\/wh-lara-autoklaav\/#primaryimage\"},\"thumbnailUrl\":\"https:\/\/getama.ee\/wp-content\/uploads\/2025\/09\/1-9.png\",\"datePublished\":\"2025-09-15T07:59:52+00:00\",\"dateModified\":\"2025-09-15T08:13:11+00:00\",\"description\":\"W&H Lara autoklaav | Getama\",\"breadcrumb\":{\"@id\":\"https:\/\/getama.ee\/en\/toode\/wh-lara-autoklaav\/#breadcrumb\"},\"inLanguage\":\"en-US\",\"potentialAction\":[{\"@type\":\"ReadAction\",\"target\":[\"https:\/\/getama.ee\/en\/toode\/wh-lara-autoklaav\/\"]}]},{\"@type\":\"ImageObject\",\"inLanguage\":\"en-US\",\"@id\":\"https:\/\/getama.ee\/en\/toode\/wh-lara-autoklaav\/#primaryimage\",\"url\":\"https:\/\/getama.ee\/wp-content\/uploads\/2025\/09\/1-9.png\",\"contentUrl\":\"https:\/\/getama.ee\/wp-content\/uploads\/2025\/09\/1-9.png\",\"width\":500,\"height\":500},{\"@type\":\"BreadcrumbList\",\"@id\":\"https:\/\/getama.ee\/en\/toode\/wh-lara-autoklaav\/#breadcrumb\",\"itemListElement\":[{\"@type\":\"ListItem\",\"position\":1,\"name\":\"Esileht\",\"item\":\"https:\/\/getama.ee\/en\/\"},{\"@type\":\"ListItem\",\"position\":2,\"name\":\"Pood\",\"item\":\"https:\/\/getama.ee\/pood\/\"},{\"@type\":\"ListItem\",\"position\":3,\"name\":\"W&#038;H Lara autoklaav\"}]},{\"@type\":\"WebSite\",\"@id\":\"https:\/\/getama.ee\/en\/#website\",\"url\":\"https:\/\/getama.ee\/en\/\",\"name\":\"Getama\",\"description\":\"Aitame sisustada Sinu hambakliiniku.\",\"publisher\":{\"@id\":\"https:\/\/getama.ee\/en\/#organization\"},\"potentialAction\":[{\"@type\":\"SearchAction\",\"target\":{\"@type\":\"EntryPoint\",\"urlTemplate\":\"https:\/\/getama.ee\/en\/?s={search_term_string}\"},\"query-input\":{\"@type\":\"PropertyValueSpecification\",\"valueRequired\":true,\"valueName\":\"search_term_string\"}}],\"inLanguage\":\"en-US\"},{\"@type\":\"Organization\",\"@id\":\"https:\/\/getama.ee\/en\/#organization\",\"name\":\"Getama O\u00dc\",\"url\":\"https:\/\/getama.ee\/en\/\",\"logo\":{\"@type\":\"ImageObject\",\"inLanguage\":\"en-US\",\"@id\":\"https:\/\/getama.ee\/en\/#\/schema\/logo\/image\/\",\"url\":\"https:\/\/getama.ee\/wp-content\/uploads\/2025\/07\/cropped-Getama-icon.png\",\"contentUrl\":\"https:\/\/getama.ee\/wp-content\/uploads\/2025\/07\/cropped-Getama-icon.png\",\"width\":512,\"height\":512,\"caption\":\"Getama O\u00dc\"},\"image\":{\"@id\":\"https:\/\/getama.ee\/en\/#\/schema\/logo\/image\/\"},\"sameAs\":[\"https:\/\/www.facebook.com\/GetamaOU\",\"https:\/\/www.linkedin.com\/company\/getama\"]}]}<\/script>\n<!-- \/ Yoast SEO plugin. -->","yoast_head_json":{"title":"W&H Lara autoklaav | Getama","description":"W&H Lara autoklaav | Getama","robots":{"index":"index","follow":"follow","max-snippet":"max-snippet:-1","max-image-preview":"max-image-preview:large","max-video-preview":"max-video-preview:-1"},"canonical":"https:\/\/getama.ee\/en\/toode\/wh-lara-autoklaav\/","og_locale":"en_US","og_type":"article","og_title":"W&H Lara autoklaav | Getama","og_description":"W&H Lara autoklaav | Getama","og_url":"https:\/\/getama.ee\/en\/toode\/wh-lara-autoklaav\/","og_site_name":"Getama","article_publisher":"https:\/\/www.facebook.com\/GetamaOU","article_modified_time":"2025-09-15T08:13:11+00:00","og_image":[{"width":500,"height":500,"url":"https:\/\/getama.ee\/wp-content\/uploads\/2025\/09\/1-9.png","type":"image\/png"}],"twitter_card":"summary_large_image","twitter_misc":{"Est. reading time":"1 minute"},"schema":{"@context":"https:\/\/schema.org","@graph":[{"@type":["WebPage","ItemPage"],"@id":"https:\/\/getama.ee\/en\/toode\/wh-lara-autoklaav\/","url":"https:\/\/getama.ee\/en\/toode\/wh-lara-autoklaav\/","name":"W&H Lara autoklaav | Getama","isPartOf":{"@id":"https:\/\/getama.ee\/en\/#website"},"primaryImageOfPage":{"@id":"https:\/\/getama.ee\/en\/toode\/wh-lara-autoklaav\/#primaryimage"},"image":{"@id":"https:\/\/getama.ee\/en\/toode\/wh-lara-autoklaav\/#primaryimage"},"thumbnailUrl":"https:\/\/getama.ee\/wp-content\/uploads\/2025\/09\/1-9.png","datePublished":"2025-09-15T07:59:52+00:00","dateModified":"2025-09-15T08:13:11+00:00","description":"W&H Lara autoklaav | Getama","breadcrumb":{"@id":"https:\/\/getama.ee\/en\/toode\/wh-lara-autoklaav\/#breadcrumb"},"inLanguage":"en-US","potentialAction":[{"@type":"ReadAction","target":["https:\/\/getama.ee\/en\/toode\/wh-lara-autoklaav\/"]}]},{"@type":"ImageObject","inLanguage":"en-US","@id":"https:\/\/getama.ee\/en\/toode\/wh-lara-autoklaav\/#primaryimage","url":"https:\/\/getama.ee\/wp-content\/uploads\/2025\/09\/1-9.png","contentUrl":"https:\/\/getama.ee\/wp-content\/uploads\/2025\/09\/1-9.png","width":500,"height":500},{"@type":"BreadcrumbList","@id":"https:\/\/getama.ee\/en\/toode\/wh-lara-autoklaav\/#breadcrumb","itemListElement":[{"@type":"ListItem","position":1,"name":"Esileht","item":"https:\/\/getama.ee\/en\/"},{"@type":"ListItem","position":2,"name":"Pood","item":"https:\/\/getama.ee\/pood\/"},{"@type":"ListItem","position":3,"name":"W&#038;H Lara autoklaav"}]},{"@type":"WebSite","@id":"https:\/\/getama.ee\/en\/#website","url":"https:\/\/getama.ee\/en\/","name":"Getama","description":"Aitame sisustada Sinu hambakliiniku.","publisher":{"@id":"https:\/\/getama.ee\/en\/#organization"},"potentialAction":[{"@type":"SearchAction","target":{"@type":"EntryPoint","urlTemplate":"https:\/\/getama.ee\/en\/?s={search_term_string}"},"query-input":{"@type":"PropertyValueSpecification","valueRequired":true,"valueName":"search_term_string"}}],"inLanguage":"en-US"},{"@type":"Organization","@id":"https:\/\/getama.ee\/en\/#organization","name":"Getama O\u00dc","url":"https:\/\/getama.ee\/en\/","logo":{"@type":"ImageObject","inLanguage":"en-US","@id":"https:\/\/getama.ee\/en\/#\/schema\/logo\/image\/","url":"https:\/\/getama.ee\/wp-content\/uploads\/2025\/07\/cropped-Getama-icon.png","contentUrl":"https:\/\/getama.ee\/wp-content\/uploads\/2025\/07\/cropped-Getama-icon.png","width":512,"height":512,"caption":"Getama O\u00dc"},"image":{"@id":"https:\/\/getama.ee\/en\/#\/schema\/logo\/image\/"},"sameAs":["https:\/\/www.facebook.com\/GetamaOU","https:\/\/www.linkedin.com\/company\/getama"]}]}},"_links":{"self":[{"href":"https:\/\/getama.ee\/en\/wp-json\/wp\/v2\/product\/2410","targetHints":{"allow":["GET"]}}],"collection":[{"href":"https:\/\/getama.ee\/en\/wp-json\/wp\/v2\/product"}],"about":[{"href":"https:\/\/getama.ee\/en\/wp-json\/wp\/v2\/types\/product"}],"replies":[{"embeddable":true,"href":"https:\/\/getama.ee\/en\/wp-json\/wp\/v2\/comments?post=2410"}],"wp:featuredmedia":[{"embeddable":true,"href":"https:\/\/getama.ee\/en\/wp-json\/wp\/v2\/media\/2425"}],"wp:attachment":[{"href":"https:\/\/getama.ee\/en\/wp-json\/wp\/v2\/media?parent=2410"}],"wp:term":[{"taxonomy":"product_brand","embeddable":true,"href":"https:\/\/getama.ee\/en\/wp-json\/wp\/v2\/product_brand?post=2410"},{"taxonomy":"product_cat","embeddable":true,"href":"https:\/\/getama.ee\/en\/wp-json\/wp\/v2\/product_cat?post=2410"},{"taxonomy":"product_tag","embeddable":true,"href":"https:\/\/getama.ee\/en\/wp-json\/wp\/v2\/product_tag?post=2410"}],"curies":[{"name":"wp","href":"https:\/\/api.w.org\/{rel}","templated":true}]}}