{"id":2348,"date":"2025-09-09T15:20:10","date_gmt":"2025-09-09T12:20:10","guid":{"rendered":"https:\/\/getama.ee\/?post_type=product&#038;p=2348"},"modified":"2025-09-17T10:45:56","modified_gmt":"2025-09-17T07:45:56","slug":"woodpecker-fi-p","status":"publish","type":"product","link":"https:\/\/getama.ee\/en\/toode\/woodpecker-fi-p\/","title":{"rendered":"Woodpecker\u00ae FI-P"},"content":{"rendered":"","protected":false},"excerpt":{"rendered":"<p><strong data-start=\"46\" data-end=\"65\">Woodpecker Fi-P<\/strong> on mugava k\u00e4epidemega seade gutapert\u0161i soojendamiseks, l\u00f5ikamiseks ja kondenseerimiseks. Seade kuumeneb vaid 0,2 sekundiga, on juhtmevaba ning tagab mugava ja t\u00e4pse t\u00f6\u00f6 ka keerukates juurekanalites.<\/p>\n<ul>\n<li data-start=\"179\" data-end=\"333\">V\u00f5imas aku &#8211; Panasonic aku kestab t\u00e4islaetuna kuni 4 tundi v\u00f5i umbes 500 kasutuskorda<\/li>\n<li data-start=\"179\" data-end=\"333\">Laadimisaeg &#8211; 2,5 h horisontaalses laadimisaluses.<\/li>\n<li data-start=\"179\" data-end=\"333\">Kiire kuumenemine \u2013 t\u00f6\u00f6otsik saavutab valitud temperatuuri 0,2\u20130,5 sekundiga.<\/li>\n<li data-start=\"179\" data-end=\"333\">Temperatuurikontroll \u2013 neli temperatuuritaset (150 \u00b0C, 180 \u00b0C, 200 \u00b0C, 230 \u00b0C).<\/li>\n<li data-start=\"179\" data-end=\"333\">Ergonoomiline ja juhtmevaba \u2013 kerge, mugava k\u00e4epidemega seade, mida on lihtne kasutada ja puhastada, sobib nii parema- kui vasakuk\u00e4elisele kasutajale.<\/li>\n<li data-start=\"179\" data-end=\"333\">Ekraan kuvab valitud temperatuuri ja aku laetuse taset.<\/li>\n<li data-start=\"179\" data-end=\"333\">Mitmekesine otsikute valik \u2013 saadaval kuus erinevat t\u00f6\u00f6otsiku kuju ja \u00fcheksa suurust, k\u00f5ik v\u00e4rviliselt m\u00e4rgistatud kiireks tuvastamiseks.<\/li>\n<li data-start=\"179\" data-end=\"333\">T\u00e4pne materjali juhtimine \u2013 v\u00f5imaldab gutapert\u0161i pehmendamist, liigse materjali eemaldamist ja kanali tihedat t\u00e4itmist.<\/li>\n<\/ul>\n","protected":false},"featured_media":2481,"comment_status":"open","ping_status":"closed","template":"","meta":{"_acf_changed":false,"_gspb_post_css":""},"product_brand":[54],"product_cat":[35],"product_tag":[],"class_list":{"0":"post-2348","1":"product","2":"type-product","3":"status-publish","4":"has-post-thumbnail","6":"product_brand-woodpecker","7":"product_cat-endodontia","9":"first","10":"instock","11":"taxable","12":"shipping-taxable","13":"purchasable","14":"product-type-variable"},"acf":[],"yoast_head":"<!-- This site is optimized with the Yoast SEO plugin v27.1.1 - https:\/\/yoast.com\/product\/yoast-seo-wordpress\/ -->\n<title>Woodpecker\u00ae FI-P | Getama<\/title>\n<meta name=\"description\" content=\"Woodpecker\u00ae FI-P | Getama\" \/>\n<meta name=\"robots\" content=\"index, follow, max-snippet:-1, max-image-preview:large, max-video-preview:-1\" \/>\n<link rel=\"canonical\" href=\"https:\/\/getama.ee\/en\/toode\/woodpecker-fi-p\/\" \/>\n<meta property=\"og:locale\" content=\"en_US\" \/>\n<meta property=\"og:type\" content=\"article\" \/>\n<meta property=\"og:title\" content=\"Woodpecker\u00ae FI-P | Getama\" \/>\n<meta property=\"og:description\" content=\"Woodpecker\u00ae FI-P | Getama\" \/>\n<meta property=\"og:url\" content=\"https:\/\/getama.ee\/en\/toode\/woodpecker-fi-p\/\" \/>\n<meta property=\"og:site_name\" content=\"Getama\" \/>\n<meta property=\"article:publisher\" content=\"https:\/\/www.facebook.com\/GetamaOU\" \/>\n<meta property=\"article:modified_time\" content=\"2025-09-17T07:45:56+00:00\" \/>\n<meta property=\"og:image\" content=\"https:\/\/getama.ee\/wp-content\/uploads\/2025\/09\/WOODPECKER-FI-P-2.png\" \/>\n\t<meta property=\"og:image:width\" content=\"1000\" \/>\n\t<meta property=\"og:image:height\" content=\"1000\" \/>\n\t<meta property=\"og:image:type\" content=\"image\/png\" \/>\n<meta name=\"twitter:card\" content=\"summary_large_image\" \/>\n<meta name=\"twitter:label1\" content=\"Est. reading time\" \/>\n\t<meta name=\"twitter:data1\" content=\"1 minute\" \/>\n<script type=\"application\/ld+json\" class=\"yoast-schema-graph\">{\"@context\":\"https:\/\/schema.org\",\"@graph\":[{\"@type\":[\"WebPage\",\"ItemPage\"],\"@id\":\"https:\/\/getama.ee\/en\/toode\/woodpecker-fi-p\/\",\"url\":\"https:\/\/getama.ee\/en\/toode\/woodpecker-fi-p\/\",\"name\":\"Woodpecker\u00ae FI-P | Getama\",\"isPartOf\":{\"@id\":\"https:\/\/getama.ee\/en\/#website\"},\"primaryImageOfPage\":{\"@id\":\"https:\/\/getama.ee\/en\/toode\/woodpecker-fi-p\/#primaryimage\"},\"image\":{\"@id\":\"https:\/\/getama.ee\/en\/toode\/woodpecker-fi-p\/#primaryimage\"},\"thumbnailUrl\":\"https:\/\/getama.ee\/wp-content\/uploads\/2025\/09\/WOODPECKER-FI-P-2.png\",\"datePublished\":\"2025-09-09T12:20:10+00:00\",\"dateModified\":\"2025-09-17T07:45:56+00:00\",\"description\":\"Woodpecker\u00ae FI-P | Getama\",\"breadcrumb\":{\"@id\":\"https:\/\/getama.ee\/en\/toode\/woodpecker-fi-p\/#breadcrumb\"},\"inLanguage\":\"en-US\",\"potentialAction\":[{\"@type\":\"ReadAction\",\"target\":[\"https:\/\/getama.ee\/en\/toode\/woodpecker-fi-p\/\"]}]},{\"@type\":\"ImageObject\",\"inLanguage\":\"en-US\",\"@id\":\"https:\/\/getama.ee\/en\/toode\/woodpecker-fi-p\/#primaryimage\",\"url\":\"https:\/\/getama.ee\/wp-content\/uploads\/2025\/09\/WOODPECKER-FI-P-2.png\",\"contentUrl\":\"https:\/\/getama.ee\/wp-content\/uploads\/2025\/09\/WOODPECKER-FI-P-2.png\",\"width\":1000,\"height\":1000},{\"@type\":\"BreadcrumbList\",\"@id\":\"https:\/\/getama.ee\/en\/toode\/woodpecker-fi-p\/#breadcrumb\",\"itemListElement\":[{\"@type\":\"ListItem\",\"position\":1,\"name\":\"Esileht\",\"item\":\"https:\/\/getama.ee\/en\/\"},{\"@type\":\"ListItem\",\"position\":2,\"name\":\"Pood\",\"item\":\"https:\/\/getama.ee\/pood\/\"},{\"@type\":\"ListItem\",\"position\":3,\"name\":\"Woodpecker\u00ae FI-P\"}]},{\"@type\":\"WebSite\",\"@id\":\"https:\/\/getama.ee\/en\/#website\",\"url\":\"https:\/\/getama.ee\/en\/\",\"name\":\"Getama\",\"description\":\"Aitame sisustada Sinu hambakliiniku.\",\"publisher\":{\"@id\":\"https:\/\/getama.ee\/en\/#organization\"},\"potentialAction\":[{\"@type\":\"SearchAction\",\"target\":{\"@type\":\"EntryPoint\",\"urlTemplate\":\"https:\/\/getama.ee\/en\/?s={search_term_string}\"},\"query-input\":{\"@type\":\"PropertyValueSpecification\",\"valueRequired\":true,\"valueName\":\"search_term_string\"}}],\"inLanguage\":\"en-US\"},{\"@type\":\"Organization\",\"@id\":\"https:\/\/getama.ee\/en\/#organization\",\"name\":\"Getama O\u00dc\",\"url\":\"https:\/\/getama.ee\/en\/\",\"logo\":{\"@type\":\"ImageObject\",\"inLanguage\":\"en-US\",\"@id\":\"https:\/\/getama.ee\/en\/#\/schema\/logo\/image\/\",\"url\":\"https:\/\/getama.ee\/wp-content\/uploads\/2025\/07\/cropped-Getama-icon.png\",\"contentUrl\":\"https:\/\/getama.ee\/wp-content\/uploads\/2025\/07\/cropped-Getama-icon.png\",\"width\":512,\"height\":512,\"caption\":\"Getama O\u00dc\"},\"image\":{\"@id\":\"https:\/\/getama.ee\/en\/#\/schema\/logo\/image\/\"},\"sameAs\":[\"https:\/\/www.facebook.com\/GetamaOU\",\"https:\/\/www.linkedin.com\/company\/getama\"]}]}<\/script>\n<!-- \/ Yoast SEO plugin. -->","yoast_head_json":{"title":"Woodpecker\u00ae FI-P | Getama","description":"Woodpecker\u00ae FI-P | Getama","robots":{"index":"index","follow":"follow","max-snippet":"max-snippet:-1","max-image-preview":"max-image-preview:large","max-video-preview":"max-video-preview:-1"},"canonical":"https:\/\/getama.ee\/en\/toode\/woodpecker-fi-p\/","og_locale":"en_US","og_type":"article","og_title":"Woodpecker\u00ae FI-P | Getama","og_description":"Woodpecker\u00ae FI-P | Getama","og_url":"https:\/\/getama.ee\/en\/toode\/woodpecker-fi-p\/","og_site_name":"Getama","article_publisher":"https:\/\/www.facebook.com\/GetamaOU","article_modified_time":"2025-09-17T07:45:56+00:00","og_image":[{"width":1000,"height":1000,"url":"https:\/\/getama.ee\/wp-content\/uploads\/2025\/09\/WOODPECKER-FI-P-2.png","type":"image\/png"}],"twitter_card":"summary_large_image","twitter_misc":{"Est. reading time":"1 minute"},"schema":{"@context":"https:\/\/schema.org","@graph":[{"@type":["WebPage","ItemPage"],"@id":"https:\/\/getama.ee\/en\/toode\/woodpecker-fi-p\/","url":"https:\/\/getama.ee\/en\/toode\/woodpecker-fi-p\/","name":"Woodpecker\u00ae FI-P | Getama","isPartOf":{"@id":"https:\/\/getama.ee\/en\/#website"},"primaryImageOfPage":{"@id":"https:\/\/getama.ee\/en\/toode\/woodpecker-fi-p\/#primaryimage"},"image":{"@id":"https:\/\/getama.ee\/en\/toode\/woodpecker-fi-p\/#primaryimage"},"thumbnailUrl":"https:\/\/getama.ee\/wp-content\/uploads\/2025\/09\/WOODPECKER-FI-P-2.png","datePublished":"2025-09-09T12:20:10+00:00","dateModified":"2025-09-17T07:45:56+00:00","description":"Woodpecker\u00ae FI-P | Getama","breadcrumb":{"@id":"https:\/\/getama.ee\/en\/toode\/woodpecker-fi-p\/#breadcrumb"},"inLanguage":"en-US","potentialAction":[{"@type":"ReadAction","target":["https:\/\/getama.ee\/en\/toode\/woodpecker-fi-p\/"]}]},{"@type":"ImageObject","inLanguage":"en-US","@id":"https:\/\/getama.ee\/en\/toode\/woodpecker-fi-p\/#primaryimage","url":"https:\/\/getama.ee\/wp-content\/uploads\/2025\/09\/WOODPECKER-FI-P-2.png","contentUrl":"https:\/\/getama.ee\/wp-content\/uploads\/2025\/09\/WOODPECKER-FI-P-2.png","width":1000,"height":1000},{"@type":"BreadcrumbList","@id":"https:\/\/getama.ee\/en\/toode\/woodpecker-fi-p\/#breadcrumb","itemListElement":[{"@type":"ListItem","position":1,"name":"Esileht","item":"https:\/\/getama.ee\/en\/"},{"@type":"ListItem","position":2,"name":"Pood","item":"https:\/\/getama.ee\/pood\/"},{"@type":"ListItem","position":3,"name":"Woodpecker\u00ae FI-P"}]},{"@type":"WebSite","@id":"https:\/\/getama.ee\/en\/#website","url":"https:\/\/getama.ee\/en\/","name":"Getama","description":"Aitame sisustada Sinu hambakliiniku.","publisher":{"@id":"https:\/\/getama.ee\/en\/#organization"},"potentialAction":[{"@type":"SearchAction","target":{"@type":"EntryPoint","urlTemplate":"https:\/\/getama.ee\/en\/?s={search_term_string}"},"query-input":{"@type":"PropertyValueSpecification","valueRequired":true,"valueName":"search_term_string"}}],"inLanguage":"en-US"},{"@type":"Organization","@id":"https:\/\/getama.ee\/en\/#organization","name":"Getama O\u00dc","url":"https:\/\/getama.ee\/en\/","logo":{"@type":"ImageObject","inLanguage":"en-US","@id":"https:\/\/getama.ee\/en\/#\/schema\/logo\/image\/","url":"https:\/\/getama.ee\/wp-content\/uploads\/2025\/07\/cropped-Getama-icon.png","contentUrl":"https:\/\/getama.ee\/wp-content\/uploads\/2025\/07\/cropped-Getama-icon.png","width":512,"height":512,"caption":"Getama O\u00dc"},"image":{"@id":"https:\/\/getama.ee\/en\/#\/schema\/logo\/image\/"},"sameAs":["https:\/\/www.facebook.com\/GetamaOU","https:\/\/www.linkedin.com\/company\/getama"]}]}},"_links":{"self":[{"href":"https:\/\/getama.ee\/en\/wp-json\/wp\/v2\/product\/2348","targetHints":{"allow":["GET"]}}],"collection":[{"href":"https:\/\/getama.ee\/en\/wp-json\/wp\/v2\/product"}],"about":[{"href":"https:\/\/getama.ee\/en\/wp-json\/wp\/v2\/types\/product"}],"replies":[{"embeddable":true,"href":"https:\/\/getama.ee\/en\/wp-json\/wp\/v2\/comments?post=2348"}],"wp:featuredmedia":[{"embeddable":true,"href":"https:\/\/getama.ee\/en\/wp-json\/wp\/v2\/media\/2481"}],"wp:attachment":[{"href":"https:\/\/getama.ee\/en\/wp-json\/wp\/v2\/media?parent=2348"}],"wp:term":[{"taxonomy":"product_brand","embeddable":true,"href":"https:\/\/getama.ee\/en\/wp-json\/wp\/v2\/product_brand?post=2348"},{"taxonomy":"product_cat","embeddable":true,"href":"https:\/\/getama.ee\/en\/wp-json\/wp\/v2\/product_cat?post=2348"},{"taxonomy":"product_tag","embeddable":true,"href":"https:\/\/getama.ee\/en\/wp-json\/wp\/v2\/product_tag?post=2348"}],"curies":[{"name":"wp","href":"https:\/\/api.w.org\/{rel}","templated":true}]}}