{"id":2299,"date":"2025-09-08T11:00:46","date_gmt":"2025-09-08T08:00:46","guid":{"rendered":"https:\/\/getama.ee\/?post_type=product&#038;p=2299"},"modified":"2025-09-08T12:10:31","modified_gmt":"2025-09-08T09:10:31","slug":"dr-weigert-neodisher-mediclean-forte-5-l","status":"publish","type":"product","link":"https:\/\/getama.ee\/en\/toode\/dr-weigert-neodisher-mediclean-forte-5-l\/","title":{"rendered":"Dr. Weigert Neodisher MediClean Forte (5 L)"},"content":{"rendered":"","protected":false},"excerpt":{"rendered":"<p>Neodisher MediClean Forte vedel pesuaine kontsentraat eemaldab t\u00f5husalt kuivanud verej\u00e4\u00e4gid.<\/p>\n<ul>\n<li>Sisaldab leeliselise aine doonoreid, ens\u00fc\u00fcme ja pindaktiivseid aineid.<\/li>\n<li>Suurep\u00e4rane materjalide \u00fchilduvus, universaalselt kasutatav.<\/li>\n<li>V\u00f5ib kasutada k\u00e4sitsi, pesudesinfitseerimisel ja ultrahelivannis.<\/li>\n<li>Valguj\u00e4\u00e4kide uuesti ladestumine on v\u00e4listatud.<\/li>\n<li>Annus 2\u201310 ml\/l.<\/li>\n<\/ul>\n","protected":false},"featured_media":2300,"comment_status":"open","ping_status":"closed","template":"","meta":{"_acf_changed":false,"_gspb_post_css":""},"product_brand":[119],"product_cat":[64],"product_tag":[],"class_list":{"0":"post-2299","1":"product","2":"type-product","3":"status-publish","4":"has-post-thumbnail","6":"product_brand-drweigert","7":"product_cat-sterilisatsiooniseadmete-kulumaterjalid","9":"first","10":"instock","11":"taxable","12":"shipping-taxable","13":"purchasable","14":"product-type-simple"},"acf":[],"yoast_head":"<!-- This site is optimized with the Yoast SEO plugin v27.1.1 - https:\/\/yoast.com\/product\/yoast-seo-wordpress\/ -->\n<title>Dr. Weigert Neodisher MediClean Forte (5 L) | Getama<\/title>\n<meta name=\"description\" content=\"Dr. Weigert Neodisher MediClean Forte (5 L) | Getama\" \/>\n<meta name=\"robots\" content=\"index, follow, max-snippet:-1, max-image-preview:large, max-video-preview:-1\" \/>\n<link rel=\"canonical\" href=\"https:\/\/getama.ee\/en\/toode\/dr-weigert-neodisher-mediclean-forte-5-l\/\" \/>\n<meta property=\"og:locale\" content=\"en_US\" \/>\n<meta property=\"og:type\" content=\"article\" \/>\n<meta property=\"og:title\" content=\"Dr. Weigert Neodisher MediClean Forte (5 L) | Getama\" \/>\n<meta property=\"og:description\" content=\"Dr. Weigert Neodisher MediClean Forte (5 L) | Getama\" \/>\n<meta property=\"og:url\" content=\"https:\/\/getama.ee\/en\/toode\/dr-weigert-neodisher-mediclean-forte-5-l\/\" \/>\n<meta property=\"og:site_name\" content=\"Getama\" \/>\n<meta property=\"article:publisher\" content=\"https:\/\/www.facebook.com\/GetamaOU\" \/>\n<meta property=\"article:modified_time\" content=\"2025-09-08T09:10:31+00:00\" \/>\n<meta property=\"og:image\" content=\"https:\/\/getama.ee\/wp-content\/uploads\/2025\/09\/Neodisher-Mediclean-Forte.png\" \/>\n\t<meta property=\"og:image:width\" content=\"1000\" \/>\n\t<meta property=\"og:image:height\" content=\"1000\" \/>\n\t<meta property=\"og:image:type\" content=\"image\/png\" \/>\n<meta name=\"twitter:card\" content=\"summary_large_image\" \/>\n<meta name=\"twitter:label1\" content=\"Est. reading time\" \/>\n\t<meta name=\"twitter:data1\" content=\"1 minute\" \/>\n<script type=\"application\/ld+json\" class=\"yoast-schema-graph\">{\"@context\":\"https:\/\/schema.org\",\"@graph\":[{\"@type\":[\"WebPage\",\"ItemPage\"],\"@id\":\"https:\/\/getama.ee\/en\/toode\/dr-weigert-neodisher-mediclean-forte-5-l\/\",\"url\":\"https:\/\/getama.ee\/en\/toode\/dr-weigert-neodisher-mediclean-forte-5-l\/\",\"name\":\"Dr. Weigert Neodisher MediClean Forte (5 L) | Getama\",\"isPartOf\":{\"@id\":\"https:\/\/getama.ee\/en\/#website\"},\"primaryImageOfPage\":{\"@id\":\"https:\/\/getama.ee\/en\/toode\/dr-weigert-neodisher-mediclean-forte-5-l\/#primaryimage\"},\"image\":{\"@id\":\"https:\/\/getama.ee\/en\/toode\/dr-weigert-neodisher-mediclean-forte-5-l\/#primaryimage\"},\"thumbnailUrl\":\"https:\/\/getama.ee\/wp-content\/uploads\/2025\/09\/Neodisher-Mediclean-Forte.png\",\"datePublished\":\"2025-09-08T08:00:46+00:00\",\"dateModified\":\"2025-09-08T09:10:31+00:00\",\"description\":\"Dr. Weigert Neodisher MediClean Forte (5 L) | Getama\",\"breadcrumb\":{\"@id\":\"https:\/\/getama.ee\/en\/toode\/dr-weigert-neodisher-mediclean-forte-5-l\/#breadcrumb\"},\"inLanguage\":\"en-US\",\"potentialAction\":[{\"@type\":\"ReadAction\",\"target\":[\"https:\/\/getama.ee\/en\/toode\/dr-weigert-neodisher-mediclean-forte-5-l\/\"]}]},{\"@type\":\"ImageObject\",\"inLanguage\":\"en-US\",\"@id\":\"https:\/\/getama.ee\/en\/toode\/dr-weigert-neodisher-mediclean-forte-5-l\/#primaryimage\",\"url\":\"https:\/\/getama.ee\/wp-content\/uploads\/2025\/09\/Neodisher-Mediclean-Forte.png\",\"contentUrl\":\"https:\/\/getama.ee\/wp-content\/uploads\/2025\/09\/Neodisher-Mediclean-Forte.png\",\"width\":1000,\"height\":1000},{\"@type\":\"BreadcrumbList\",\"@id\":\"https:\/\/getama.ee\/en\/toode\/dr-weigert-neodisher-mediclean-forte-5-l\/#breadcrumb\",\"itemListElement\":[{\"@type\":\"ListItem\",\"position\":1,\"name\":\"Esileht\",\"item\":\"https:\/\/getama.ee\/en\/\"},{\"@type\":\"ListItem\",\"position\":2,\"name\":\"Pood\",\"item\":\"https:\/\/getama.ee\/pood\/\"},{\"@type\":\"ListItem\",\"position\":3,\"name\":\"Dr. Weigert Neodisher MediClean Forte (5 L)\"}]},{\"@type\":\"WebSite\",\"@id\":\"https:\/\/getama.ee\/en\/#website\",\"url\":\"https:\/\/getama.ee\/en\/\",\"name\":\"Getama\",\"description\":\"Aitame sisustada Sinu hambakliiniku.\",\"publisher\":{\"@id\":\"https:\/\/getama.ee\/en\/#organization\"},\"potentialAction\":[{\"@type\":\"SearchAction\",\"target\":{\"@type\":\"EntryPoint\",\"urlTemplate\":\"https:\/\/getama.ee\/en\/?s={search_term_string}\"},\"query-input\":{\"@type\":\"PropertyValueSpecification\",\"valueRequired\":true,\"valueName\":\"search_term_string\"}}],\"inLanguage\":\"en-US\"},{\"@type\":\"Organization\",\"@id\":\"https:\/\/getama.ee\/en\/#organization\",\"name\":\"Getama O\u00dc\",\"url\":\"https:\/\/getama.ee\/en\/\",\"logo\":{\"@type\":\"ImageObject\",\"inLanguage\":\"en-US\",\"@id\":\"https:\/\/getama.ee\/en\/#\/schema\/logo\/image\/\",\"url\":\"https:\/\/getama.ee\/wp-content\/uploads\/2025\/07\/cropped-Getama-icon.png\",\"contentUrl\":\"https:\/\/getama.ee\/wp-content\/uploads\/2025\/07\/cropped-Getama-icon.png\",\"width\":512,\"height\":512,\"caption\":\"Getama O\u00dc\"},\"image\":{\"@id\":\"https:\/\/getama.ee\/en\/#\/schema\/logo\/image\/\"},\"sameAs\":[\"https:\/\/www.facebook.com\/GetamaOU\",\"https:\/\/www.linkedin.com\/company\/getama\"]}]}<\/script>\n<!-- \/ Yoast SEO plugin. -->","yoast_head_json":{"title":"Dr. Weigert Neodisher MediClean Forte (5 L) | Getama","description":"Dr. Weigert Neodisher MediClean Forte (5 L) | Getama","robots":{"index":"index","follow":"follow","max-snippet":"max-snippet:-1","max-image-preview":"max-image-preview:large","max-video-preview":"max-video-preview:-1"},"canonical":"https:\/\/getama.ee\/en\/toode\/dr-weigert-neodisher-mediclean-forte-5-l\/","og_locale":"en_US","og_type":"article","og_title":"Dr. Weigert Neodisher MediClean Forte (5 L) | Getama","og_description":"Dr. Weigert Neodisher MediClean Forte (5 L) | Getama","og_url":"https:\/\/getama.ee\/en\/toode\/dr-weigert-neodisher-mediclean-forte-5-l\/","og_site_name":"Getama","article_publisher":"https:\/\/www.facebook.com\/GetamaOU","article_modified_time":"2025-09-08T09:10:31+00:00","og_image":[{"width":1000,"height":1000,"url":"https:\/\/getama.ee\/wp-content\/uploads\/2025\/09\/Neodisher-Mediclean-Forte.png","type":"image\/png"}],"twitter_card":"summary_large_image","twitter_misc":{"Est. reading time":"1 minute"},"schema":{"@context":"https:\/\/schema.org","@graph":[{"@type":["WebPage","ItemPage"],"@id":"https:\/\/getama.ee\/en\/toode\/dr-weigert-neodisher-mediclean-forte-5-l\/","url":"https:\/\/getama.ee\/en\/toode\/dr-weigert-neodisher-mediclean-forte-5-l\/","name":"Dr. Weigert Neodisher MediClean Forte (5 L) | Getama","isPartOf":{"@id":"https:\/\/getama.ee\/en\/#website"},"primaryImageOfPage":{"@id":"https:\/\/getama.ee\/en\/toode\/dr-weigert-neodisher-mediclean-forte-5-l\/#primaryimage"},"image":{"@id":"https:\/\/getama.ee\/en\/toode\/dr-weigert-neodisher-mediclean-forte-5-l\/#primaryimage"},"thumbnailUrl":"https:\/\/getama.ee\/wp-content\/uploads\/2025\/09\/Neodisher-Mediclean-Forte.png","datePublished":"2025-09-08T08:00:46+00:00","dateModified":"2025-09-08T09:10:31+00:00","description":"Dr. Weigert Neodisher MediClean Forte (5 L) | Getama","breadcrumb":{"@id":"https:\/\/getama.ee\/en\/toode\/dr-weigert-neodisher-mediclean-forte-5-l\/#breadcrumb"},"inLanguage":"en-US","potentialAction":[{"@type":"ReadAction","target":["https:\/\/getama.ee\/en\/toode\/dr-weigert-neodisher-mediclean-forte-5-l\/"]}]},{"@type":"ImageObject","inLanguage":"en-US","@id":"https:\/\/getama.ee\/en\/toode\/dr-weigert-neodisher-mediclean-forte-5-l\/#primaryimage","url":"https:\/\/getama.ee\/wp-content\/uploads\/2025\/09\/Neodisher-Mediclean-Forte.png","contentUrl":"https:\/\/getama.ee\/wp-content\/uploads\/2025\/09\/Neodisher-Mediclean-Forte.png","width":1000,"height":1000},{"@type":"BreadcrumbList","@id":"https:\/\/getama.ee\/en\/toode\/dr-weigert-neodisher-mediclean-forte-5-l\/#breadcrumb","itemListElement":[{"@type":"ListItem","position":1,"name":"Esileht","item":"https:\/\/getama.ee\/en\/"},{"@type":"ListItem","position":2,"name":"Pood","item":"https:\/\/getama.ee\/pood\/"},{"@type":"ListItem","position":3,"name":"Dr. Weigert Neodisher MediClean Forte (5 L)"}]},{"@type":"WebSite","@id":"https:\/\/getama.ee\/en\/#website","url":"https:\/\/getama.ee\/en\/","name":"Getama","description":"Aitame sisustada Sinu hambakliiniku.","publisher":{"@id":"https:\/\/getama.ee\/en\/#organization"},"potentialAction":[{"@type":"SearchAction","target":{"@type":"EntryPoint","urlTemplate":"https:\/\/getama.ee\/en\/?s={search_term_string}"},"query-input":{"@type":"PropertyValueSpecification","valueRequired":true,"valueName":"search_term_string"}}],"inLanguage":"en-US"},{"@type":"Organization","@id":"https:\/\/getama.ee\/en\/#organization","name":"Getama O\u00dc","url":"https:\/\/getama.ee\/en\/","logo":{"@type":"ImageObject","inLanguage":"en-US","@id":"https:\/\/getama.ee\/en\/#\/schema\/logo\/image\/","url":"https:\/\/getama.ee\/wp-content\/uploads\/2025\/07\/cropped-Getama-icon.png","contentUrl":"https:\/\/getama.ee\/wp-content\/uploads\/2025\/07\/cropped-Getama-icon.png","width":512,"height":512,"caption":"Getama O\u00dc"},"image":{"@id":"https:\/\/getama.ee\/en\/#\/schema\/logo\/image\/"},"sameAs":["https:\/\/www.facebook.com\/GetamaOU","https:\/\/www.linkedin.com\/company\/getama"]}]}},"_links":{"self":[{"href":"https:\/\/getama.ee\/en\/wp-json\/wp\/v2\/product\/2299","targetHints":{"allow":["GET"]}}],"collection":[{"href":"https:\/\/getama.ee\/en\/wp-json\/wp\/v2\/product"}],"about":[{"href":"https:\/\/getama.ee\/en\/wp-json\/wp\/v2\/types\/product"}],"replies":[{"embeddable":true,"href":"https:\/\/getama.ee\/en\/wp-json\/wp\/v2\/comments?post=2299"}],"wp:featuredmedia":[{"embeddable":true,"href":"https:\/\/getama.ee\/en\/wp-json\/wp\/v2\/media\/2300"}],"wp:attachment":[{"href":"https:\/\/getama.ee\/en\/wp-json\/wp\/v2\/media?parent=2299"}],"wp:term":[{"taxonomy":"product_brand","embeddable":true,"href":"https:\/\/getama.ee\/en\/wp-json\/wp\/v2\/product_brand?post=2299"},{"taxonomy":"product_cat","embeddable":true,"href":"https:\/\/getama.ee\/en\/wp-json\/wp\/v2\/product_cat?post=2299"},{"taxonomy":"product_tag","embeddable":true,"href":"https:\/\/getama.ee\/en\/wp-json\/wp\/v2\/product_tag?post=2299"}],"curies":[{"name":"wp","href":"https:\/\/api.w.org\/{rel}","templated":true}]}}