{"id":2151,"date":"2025-09-03T10:33:30","date_gmt":"2025-09-03T07:33:30","guid":{"rendered":"https:\/\/getama.ee\/?post_type=product&#038;p=2151"},"modified":"2025-09-04T13:13:31","modified_gmt":"2025-09-04T10:13:31","slug":"premium-plus-c03-c-led-kovenduslamp","status":"publish","type":"product","link":"https:\/\/getama.ee\/en\/toode\/premium-plus-c03-c-led-kovenduslamp\/","title":{"rendered":"Premium Plus C03-C LED pol\u00fcmerisatsioonilamp"},"content":{"rendered":"","protected":false},"excerpt":{"rendered":"<p><strong data-start=\"77\" data-end=\"122\">Premium Plus C03-C Carbolite pol\u00fcmerisatsioonilamp<\/strong> on kvaliteetne seade, mis on loodud hambaravimaterjalide kiireks ja t\u00e4pseks k\u00f5vendamiseks. Lambi korpus on valmistatud t\u00f6\u00f6deldud alumiiniumist, mis tagab suurep\u00e4rase vastupidavuse ja efektiivse soojuse hajumise. Elegantne disain ja kerge k\u00e4epide teevad seadme kasutamise mugavaks ning ergonoomiliseks.<\/p>\n<ul>\n<li>Seade pakub erinevaid re\u017eiime, sealhulgas TAVALINE, K\u00d5RGE, TURBO, ORTHO, PULSE, RAMP, CHECK ja SOFT.<\/li>\n<li>CO3-C maksimaalne v\u00f5imsus on 3000 mW\/cm\u00b2, mis v\u00f5imaldab kuni 2 mm paksuste hambamaterjalide kiiret k\u00f5venemist vaid m\u00f5ne sekundiga.<\/li>\n<li>Kaariese tuvastamine: spetsiaalne funktsioon, mis kasutab violetset valgust kaariese, hambakatu ja emailipragude t\u00e4pseks tuvastamiseks.<\/li>\n<\/ul>\n","protected":false},"featured_media":2152,"comment_status":"open","ping_status":"closed","template":"","meta":{"_acf_changed":false,"_gspb_post_css":""},"product_brand":[60],"product_cat":[61],"product_tag":[],"class_list":{"0":"post-2151","1":"product","2":"type-product","3":"status-publish","4":"has-post-thumbnail","6":"product_brand-premiumplus","7":"product_cat-polumerisatsioonilambid","9":"first","10":"instock","11":"taxable","12":"shipping-taxable","13":"purchasable","14":"product-type-simple"},"acf":[],"yoast_head":"<!-- This site is optimized with the Yoast SEO plugin v27.1.1 - https:\/\/yoast.com\/product\/yoast-seo-wordpress\/ -->\n<title>Premium Plus C03-C LED pol\u00fcmerisatsioonilamp | Getama<\/title>\n<meta name=\"description\" content=\"Premium Plus C03-C LED pol\u00fcmerisatsioonilamp | Getama\" \/>\n<meta name=\"robots\" content=\"index, follow, max-snippet:-1, max-image-preview:large, max-video-preview:-1\" \/>\n<link rel=\"canonical\" href=\"https:\/\/getama.ee\/en\/toode\/premium-plus-c03-c-led-kovenduslamp\/\" \/>\n<meta property=\"og:locale\" content=\"en_US\" \/>\n<meta property=\"og:type\" content=\"article\" \/>\n<meta property=\"og:title\" content=\"Premium Plus C03-C LED pol\u00fcmerisatsioonilamp | Getama\" \/>\n<meta property=\"og:description\" content=\"Premium Plus C03-C LED pol\u00fcmerisatsioonilamp | Getama\" \/>\n<meta property=\"og:url\" content=\"https:\/\/getama.ee\/en\/toode\/premium-plus-c03-c-led-kovenduslamp\/\" \/>\n<meta property=\"og:site_name\" content=\"Getama\" \/>\n<meta property=\"article:publisher\" content=\"https:\/\/www.facebook.com\/GetamaOU\" \/>\n<meta property=\"article:modified_time\" content=\"2025-09-04T10:13:31+00:00\" \/>\n<meta property=\"og:image\" content=\"https:\/\/getama.ee\/wp-content\/uploads\/2025\/09\/1.png\" \/>\n\t<meta property=\"og:image:width\" content=\"1000\" \/>\n\t<meta property=\"og:image:height\" content=\"1000\" \/>\n\t<meta property=\"og:image:type\" content=\"image\/png\" \/>\n<meta name=\"twitter:card\" content=\"summary_large_image\" \/>\n<meta name=\"twitter:label1\" content=\"Est. reading time\" \/>\n\t<meta name=\"twitter:data1\" content=\"1 minute\" \/>\n<script type=\"application\/ld+json\" class=\"yoast-schema-graph\">{\"@context\":\"https:\/\/schema.org\",\"@graph\":[{\"@type\":[\"WebPage\",\"ItemPage\"],\"@id\":\"https:\/\/getama.ee\/en\/toode\/premium-plus-c03-c-led-kovenduslamp\/\",\"url\":\"https:\/\/getama.ee\/en\/toode\/premium-plus-c03-c-led-kovenduslamp\/\",\"name\":\"Premium Plus C03-C LED pol\u00fcmerisatsioonilamp | Getama\",\"isPartOf\":{\"@id\":\"https:\/\/getama.ee\/en\/#website\"},\"primaryImageOfPage\":{\"@id\":\"https:\/\/getama.ee\/en\/toode\/premium-plus-c03-c-led-kovenduslamp\/#primaryimage\"},\"image\":{\"@id\":\"https:\/\/getama.ee\/en\/toode\/premium-plus-c03-c-led-kovenduslamp\/#primaryimage\"},\"thumbnailUrl\":\"https:\/\/getama.ee\/wp-content\/uploads\/2025\/09\/1.png\",\"datePublished\":\"2025-09-03T07:33:30+00:00\",\"dateModified\":\"2025-09-04T10:13:31+00:00\",\"description\":\"Premium Plus C03-C LED pol\u00fcmerisatsioonilamp | Getama\",\"breadcrumb\":{\"@id\":\"https:\/\/getama.ee\/en\/toode\/premium-plus-c03-c-led-kovenduslamp\/#breadcrumb\"},\"inLanguage\":\"en-US\",\"potentialAction\":[{\"@type\":\"ReadAction\",\"target\":[\"https:\/\/getama.ee\/en\/toode\/premium-plus-c03-c-led-kovenduslamp\/\"]}]},{\"@type\":\"ImageObject\",\"inLanguage\":\"en-US\",\"@id\":\"https:\/\/getama.ee\/en\/toode\/premium-plus-c03-c-led-kovenduslamp\/#primaryimage\",\"url\":\"https:\/\/getama.ee\/wp-content\/uploads\/2025\/09\/1.png\",\"contentUrl\":\"https:\/\/getama.ee\/wp-content\/uploads\/2025\/09\/1.png\",\"width\":1000,\"height\":1000},{\"@type\":\"BreadcrumbList\",\"@id\":\"https:\/\/getama.ee\/en\/toode\/premium-plus-c03-c-led-kovenduslamp\/#breadcrumb\",\"itemListElement\":[{\"@type\":\"ListItem\",\"position\":1,\"name\":\"Esileht\",\"item\":\"https:\/\/getama.ee\/en\/\"},{\"@type\":\"ListItem\",\"position\":2,\"name\":\"Pood\",\"item\":\"https:\/\/getama.ee\/pood\/\"},{\"@type\":\"ListItem\",\"position\":3,\"name\":\"Premium Plus C03-C LED pol\u00fcmerisatsioonilamp\"}]},{\"@type\":\"WebSite\",\"@id\":\"https:\/\/getama.ee\/en\/#website\",\"url\":\"https:\/\/getama.ee\/en\/\",\"name\":\"Getama\",\"description\":\"Aitame sisustada Sinu hambakliiniku.\",\"publisher\":{\"@id\":\"https:\/\/getama.ee\/en\/#organization\"},\"potentialAction\":[{\"@type\":\"SearchAction\",\"target\":{\"@type\":\"EntryPoint\",\"urlTemplate\":\"https:\/\/getama.ee\/en\/?s={search_term_string}\"},\"query-input\":{\"@type\":\"PropertyValueSpecification\",\"valueRequired\":true,\"valueName\":\"search_term_string\"}}],\"inLanguage\":\"en-US\"},{\"@type\":\"Organization\",\"@id\":\"https:\/\/getama.ee\/en\/#organization\",\"name\":\"Getama O\u00dc\",\"url\":\"https:\/\/getama.ee\/en\/\",\"logo\":{\"@type\":\"ImageObject\",\"inLanguage\":\"en-US\",\"@id\":\"https:\/\/getama.ee\/en\/#\/schema\/logo\/image\/\",\"url\":\"https:\/\/getama.ee\/wp-content\/uploads\/2025\/07\/cropped-Getama-icon.png\",\"contentUrl\":\"https:\/\/getama.ee\/wp-content\/uploads\/2025\/07\/cropped-Getama-icon.png\",\"width\":512,\"height\":512,\"caption\":\"Getama O\u00dc\"},\"image\":{\"@id\":\"https:\/\/getama.ee\/en\/#\/schema\/logo\/image\/\"},\"sameAs\":[\"https:\/\/www.facebook.com\/GetamaOU\",\"https:\/\/www.linkedin.com\/company\/getama\"]}]}<\/script>\n<!-- \/ Yoast SEO plugin. -->","yoast_head_json":{"title":"Premium Plus C03-C LED pol\u00fcmerisatsioonilamp | Getama","description":"Premium Plus C03-C LED pol\u00fcmerisatsioonilamp | Getama","robots":{"index":"index","follow":"follow","max-snippet":"max-snippet:-1","max-image-preview":"max-image-preview:large","max-video-preview":"max-video-preview:-1"},"canonical":"https:\/\/getama.ee\/en\/toode\/premium-plus-c03-c-led-kovenduslamp\/","og_locale":"en_US","og_type":"article","og_title":"Premium Plus C03-C LED pol\u00fcmerisatsioonilamp | Getama","og_description":"Premium Plus C03-C LED pol\u00fcmerisatsioonilamp | Getama","og_url":"https:\/\/getama.ee\/en\/toode\/premium-plus-c03-c-led-kovenduslamp\/","og_site_name":"Getama","article_publisher":"https:\/\/www.facebook.com\/GetamaOU","article_modified_time":"2025-09-04T10:13:31+00:00","og_image":[{"width":1000,"height":1000,"url":"https:\/\/getama.ee\/wp-content\/uploads\/2025\/09\/1.png","type":"image\/png"}],"twitter_card":"summary_large_image","twitter_misc":{"Est. reading time":"1 minute"},"schema":{"@context":"https:\/\/schema.org","@graph":[{"@type":["WebPage","ItemPage"],"@id":"https:\/\/getama.ee\/en\/toode\/premium-plus-c03-c-led-kovenduslamp\/","url":"https:\/\/getama.ee\/en\/toode\/premium-plus-c03-c-led-kovenduslamp\/","name":"Premium Plus C03-C LED pol\u00fcmerisatsioonilamp | Getama","isPartOf":{"@id":"https:\/\/getama.ee\/en\/#website"},"primaryImageOfPage":{"@id":"https:\/\/getama.ee\/en\/toode\/premium-plus-c03-c-led-kovenduslamp\/#primaryimage"},"image":{"@id":"https:\/\/getama.ee\/en\/toode\/premium-plus-c03-c-led-kovenduslamp\/#primaryimage"},"thumbnailUrl":"https:\/\/getama.ee\/wp-content\/uploads\/2025\/09\/1.png","datePublished":"2025-09-03T07:33:30+00:00","dateModified":"2025-09-04T10:13:31+00:00","description":"Premium Plus C03-C LED pol\u00fcmerisatsioonilamp | Getama","breadcrumb":{"@id":"https:\/\/getama.ee\/en\/toode\/premium-plus-c03-c-led-kovenduslamp\/#breadcrumb"},"inLanguage":"en-US","potentialAction":[{"@type":"ReadAction","target":["https:\/\/getama.ee\/en\/toode\/premium-plus-c03-c-led-kovenduslamp\/"]}]},{"@type":"ImageObject","inLanguage":"en-US","@id":"https:\/\/getama.ee\/en\/toode\/premium-plus-c03-c-led-kovenduslamp\/#primaryimage","url":"https:\/\/getama.ee\/wp-content\/uploads\/2025\/09\/1.png","contentUrl":"https:\/\/getama.ee\/wp-content\/uploads\/2025\/09\/1.png","width":1000,"height":1000},{"@type":"BreadcrumbList","@id":"https:\/\/getama.ee\/en\/toode\/premium-plus-c03-c-led-kovenduslamp\/#breadcrumb","itemListElement":[{"@type":"ListItem","position":1,"name":"Esileht","item":"https:\/\/getama.ee\/en\/"},{"@type":"ListItem","position":2,"name":"Pood","item":"https:\/\/getama.ee\/pood\/"},{"@type":"ListItem","position":3,"name":"Premium Plus C03-C LED pol\u00fcmerisatsioonilamp"}]},{"@type":"WebSite","@id":"https:\/\/getama.ee\/en\/#website","url":"https:\/\/getama.ee\/en\/","name":"Getama","description":"Aitame sisustada Sinu hambakliiniku.","publisher":{"@id":"https:\/\/getama.ee\/en\/#organization"},"potentialAction":[{"@type":"SearchAction","target":{"@type":"EntryPoint","urlTemplate":"https:\/\/getama.ee\/en\/?s={search_term_string}"},"query-input":{"@type":"PropertyValueSpecification","valueRequired":true,"valueName":"search_term_string"}}],"inLanguage":"en-US"},{"@type":"Organization","@id":"https:\/\/getama.ee\/en\/#organization","name":"Getama O\u00dc","url":"https:\/\/getama.ee\/en\/","logo":{"@type":"ImageObject","inLanguage":"en-US","@id":"https:\/\/getama.ee\/en\/#\/schema\/logo\/image\/","url":"https:\/\/getama.ee\/wp-content\/uploads\/2025\/07\/cropped-Getama-icon.png","contentUrl":"https:\/\/getama.ee\/wp-content\/uploads\/2025\/07\/cropped-Getama-icon.png","width":512,"height":512,"caption":"Getama O\u00dc"},"image":{"@id":"https:\/\/getama.ee\/en\/#\/schema\/logo\/image\/"},"sameAs":["https:\/\/www.facebook.com\/GetamaOU","https:\/\/www.linkedin.com\/company\/getama"]}]}},"_links":{"self":[{"href":"https:\/\/getama.ee\/en\/wp-json\/wp\/v2\/product\/2151","targetHints":{"allow":["GET"]}}],"collection":[{"href":"https:\/\/getama.ee\/en\/wp-json\/wp\/v2\/product"}],"about":[{"href":"https:\/\/getama.ee\/en\/wp-json\/wp\/v2\/types\/product"}],"replies":[{"embeddable":true,"href":"https:\/\/getama.ee\/en\/wp-json\/wp\/v2\/comments?post=2151"}],"wp:featuredmedia":[{"embeddable":true,"href":"https:\/\/getama.ee\/en\/wp-json\/wp\/v2\/media\/2152"}],"wp:attachment":[{"href":"https:\/\/getama.ee\/en\/wp-json\/wp\/v2\/media?parent=2151"}],"wp:term":[{"taxonomy":"product_brand","embeddable":true,"href":"https:\/\/getama.ee\/en\/wp-json\/wp\/v2\/product_brand?post=2151"},{"taxonomy":"product_cat","embeddable":true,"href":"https:\/\/getama.ee\/en\/wp-json\/wp\/v2\/product_cat?post=2151"},{"taxonomy":"product_tag","embeddable":true,"href":"https:\/\/getama.ee\/en\/wp-json\/wp\/v2\/product_tag?post=2151"}],"curies":[{"name":"wp","href":"https:\/\/api.w.org\/{rel}","templated":true}]}}