{"id":2145,"date":"2025-09-03T10:21:39","date_gmt":"2025-09-03T07:21:39","guid":{"rendered":"https:\/\/getama.ee\/?post_type=product&#038;p=2145"},"modified":"2025-09-04T13:14:04","modified_gmt":"2025-09-04T10:14:04","slug":"premium-plus-c03-b-led-valguslamp","status":"publish","type":"product","link":"https:\/\/getama.ee\/en\/toode\/premium-plus-c03-b-led-valguslamp\/","title":{"rendered":"Premium Plus C03-B LED pol\u00fcmerisatsioonilamp"},"content":{"rendered":"","protected":false},"excerpt":{"rendered":"<article class=\"text-token-text-primary w-full focus:outline-none scroll-mt-[calc(var(--header-height)+min(200px,max(70px,20svh)))]\" dir=\"auto\" tabindex=\"-1\" data-turn-id=\"request-WEB:57d5c757-fa5c-41fe-954f-bf5422ead3fe-15\" data-testid=\"conversation-turn-32\" data-scroll-anchor=\"true\" data-turn=\"assistant\">\n<div class=\"text-base my-auto mx-auto pb-10 [--thread-content-margin:--spacing(4)] @[37rem]:[--thread-content-margin:--spacing(6)] @[72rem]:[--thread-content-margin:--spacing(16)] px-(--thread-content-margin)\">\n<div class=\"[--thread-content-max-width:32rem] @[34rem]:[--thread-content-max-width:40rem] @[64rem]:[--thread-content-max-width:48rem] mx-auto max-w-(--thread-content-max-width) flex-1 group\/turn-messages focus-visible:outline-hidden relative flex w-full min-w-0 flex-col agent-turn\" tabindex=\"-1\">\n<div class=\"flex max-w-full flex-col grow\">\n<div class=\"min-h-8 text-message relative flex w-full flex-col items-end gap-2 text-start break-words whitespace-normal [.text-message+&amp;]:mt-5\" dir=\"auto\" data-message-author-role=\"assistant\" data-message-id=\"e7bbeb6b-b223-4ccf-bf61-9e0baba04855\" data-message-model-slug=\"gpt-5-mini\">\n<div class=\"flex w-full flex-col gap-1 empty:hidden first:pt-[3px]\">\n<div class=\"markdown prose dark:prose-invert w-full break-words dark markdown-new-styling\">\n<p data-start=\"35\" data-end=\"416\" data-is-last-node=\"\" data-is-only-node=\"\">Premium Plus C03-B on professionaalne hambaravi LED-lamp. Tootel on mitmed t\u00f6\u00f6re\u017eiimid, mis v\u00f5imaldavad kohandada valguse tugevust ja kestust vastavalt protseduuri vajadusele. Selle ergonoomiline ja vastupidav disain tagab mugava kasutuse ning usaldusv\u00e4\u00e4rsed tulemused.<\/p>\n<\/div>\n<\/div>\n<\/div>\n<\/div>\n<ul>\n<li>4 re\u017eiimi k\u00f5igi protseduuride katmiseks<\/li>\n<li>Maksimaalne valgusintensiivsus 2500 mW\/cm\u00b2<\/li>\n<li>Kahe lainepikkus: 385\u2013515 nm<\/li>\n<li>Kollimeeritud kiire v\u00e4ljund<\/li>\n<li>Madalam profiilpea tagab parema juurdep\u00e4\u00e4su suu\u00f5\u00f5nde, mis on loodud stabiilse valgusv\u00e4ljundi s\u00e4ilitamiseks isegi v\u00e4hese aku v\u00f5imsusega<\/li>\n<li>Ker\u00adge 85 g mugavaks kasutamiseks<\/li>\n<\/ul>\n<div class=\"mt-3 w-full empty:hidden\"><\/div>\n<\/div>\n<\/div>\n<\/article>\n","protected":false},"featured_media":2146,"comment_status":"open","ping_status":"closed","template":"","meta":{"_acf_changed":false,"_gspb_post_css":""},"product_brand":[60],"product_cat":[61],"product_tag":[],"class_list":{"0":"post-2145","1":"product","2":"type-product","3":"status-publish","4":"has-post-thumbnail","6":"product_brand-premiumplus","7":"product_cat-polumerisatsioonilambid","9":"first","10":"instock","11":"taxable","12":"shipping-taxable","13":"purchasable","14":"product-type-simple"},"acf":[],"yoast_head":"<!-- This site is optimized with the Yoast SEO plugin v27.1.1 - https:\/\/yoast.com\/product\/yoast-seo-wordpress\/ -->\n<title>Premium Plus C03-B LED pol\u00fcmerisatsioonilamp | Getama<\/title>\n<meta name=\"description\" content=\"Premium Plus C03-B LED pol\u00fcmerisatsioonilamp | Getama\" \/>\n<meta name=\"robots\" content=\"index, follow, max-snippet:-1, max-image-preview:large, max-video-preview:-1\" \/>\n<link rel=\"canonical\" href=\"https:\/\/getama.ee\/en\/toode\/premium-plus-c03-b-led-valguslamp\/\" \/>\n<meta property=\"og:locale\" content=\"en_US\" \/>\n<meta property=\"og:type\" content=\"article\" \/>\n<meta property=\"og:title\" content=\"Premium Plus C03-B LED pol\u00fcmerisatsioonilamp | Getama\" \/>\n<meta property=\"og:description\" content=\"Premium Plus C03-B LED pol\u00fcmerisatsioonilamp | Getama\" \/>\n<meta property=\"og:url\" content=\"https:\/\/getama.ee\/en\/toode\/premium-plus-c03-b-led-valguslamp\/\" \/>\n<meta property=\"og:site_name\" content=\"Getama\" \/>\n<meta property=\"article:publisher\" content=\"https:\/\/www.facebook.com\/GetamaOU\" \/>\n<meta property=\"article:modified_time\" content=\"2025-09-04T10:14:04+00:00\" \/>\n<meta property=\"og:image\" content=\"https:\/\/getama.ee\/wp-content\/uploads\/2025\/09\/Premium-Plus-C03-B.png\" \/>\n\t<meta property=\"og:image:width\" content=\"1000\" \/>\n\t<meta property=\"og:image:height\" content=\"1000\" \/>\n\t<meta property=\"og:image:type\" content=\"image\/png\" \/>\n<meta name=\"twitter:card\" content=\"summary_large_image\" \/>\n<meta name=\"twitter:label1\" content=\"Est. reading time\" \/>\n\t<meta name=\"twitter:data1\" content=\"1 minute\" \/>\n<script type=\"application\/ld+json\" class=\"yoast-schema-graph\">{\"@context\":\"https:\/\/schema.org\",\"@graph\":[{\"@type\":[\"WebPage\",\"ItemPage\"],\"@id\":\"https:\/\/getama.ee\/en\/toode\/premium-plus-c03-b-led-valguslamp\/\",\"url\":\"https:\/\/getama.ee\/en\/toode\/premium-plus-c03-b-led-valguslamp\/\",\"name\":\"Premium Plus C03-B LED pol\u00fcmerisatsioonilamp | Getama\",\"isPartOf\":{\"@id\":\"https:\/\/getama.ee\/en\/#website\"},\"primaryImageOfPage\":{\"@id\":\"https:\/\/getama.ee\/en\/toode\/premium-plus-c03-b-led-valguslamp\/#primaryimage\"},\"image\":{\"@id\":\"https:\/\/getama.ee\/en\/toode\/premium-plus-c03-b-led-valguslamp\/#primaryimage\"},\"thumbnailUrl\":\"https:\/\/getama.ee\/wp-content\/uploads\/2025\/09\/Premium-Plus-C03-B.png\",\"datePublished\":\"2025-09-03T07:21:39+00:00\",\"dateModified\":\"2025-09-04T10:14:04+00:00\",\"description\":\"Premium Plus C03-B LED pol\u00fcmerisatsioonilamp | Getama\",\"breadcrumb\":{\"@id\":\"https:\/\/getama.ee\/en\/toode\/premium-plus-c03-b-led-valguslamp\/#breadcrumb\"},\"inLanguage\":\"en-US\",\"potentialAction\":[{\"@type\":\"ReadAction\",\"target\":[\"https:\/\/getama.ee\/en\/toode\/premium-plus-c03-b-led-valguslamp\/\"]}]},{\"@type\":\"ImageObject\",\"inLanguage\":\"en-US\",\"@id\":\"https:\/\/getama.ee\/en\/toode\/premium-plus-c03-b-led-valguslamp\/#primaryimage\",\"url\":\"https:\/\/getama.ee\/wp-content\/uploads\/2025\/09\/Premium-Plus-C03-B.png\",\"contentUrl\":\"https:\/\/getama.ee\/wp-content\/uploads\/2025\/09\/Premium-Plus-C03-B.png\",\"width\":1000,\"height\":1000},{\"@type\":\"BreadcrumbList\",\"@id\":\"https:\/\/getama.ee\/en\/toode\/premium-plus-c03-b-led-valguslamp\/#breadcrumb\",\"itemListElement\":[{\"@type\":\"ListItem\",\"position\":1,\"name\":\"Esileht\",\"item\":\"https:\/\/getama.ee\/en\/\"},{\"@type\":\"ListItem\",\"position\":2,\"name\":\"Pood\",\"item\":\"https:\/\/getama.ee\/pood\/\"},{\"@type\":\"ListItem\",\"position\":3,\"name\":\"Premium Plus C03-B LED pol\u00fcmerisatsioonilamp\"}]},{\"@type\":\"WebSite\",\"@id\":\"https:\/\/getama.ee\/en\/#website\",\"url\":\"https:\/\/getama.ee\/en\/\",\"name\":\"Getama\",\"description\":\"Aitame sisustada Sinu hambakliiniku.\",\"publisher\":{\"@id\":\"https:\/\/getama.ee\/en\/#organization\"},\"potentialAction\":[{\"@type\":\"SearchAction\",\"target\":{\"@type\":\"EntryPoint\",\"urlTemplate\":\"https:\/\/getama.ee\/en\/?s={search_term_string}\"},\"query-input\":{\"@type\":\"PropertyValueSpecification\",\"valueRequired\":true,\"valueName\":\"search_term_string\"}}],\"inLanguage\":\"en-US\"},{\"@type\":\"Organization\",\"@id\":\"https:\/\/getama.ee\/en\/#organization\",\"name\":\"Getama O\u00dc\",\"url\":\"https:\/\/getama.ee\/en\/\",\"logo\":{\"@type\":\"ImageObject\",\"inLanguage\":\"en-US\",\"@id\":\"https:\/\/getama.ee\/en\/#\/schema\/logo\/image\/\",\"url\":\"https:\/\/getama.ee\/wp-content\/uploads\/2025\/07\/cropped-Getama-icon.png\",\"contentUrl\":\"https:\/\/getama.ee\/wp-content\/uploads\/2025\/07\/cropped-Getama-icon.png\",\"width\":512,\"height\":512,\"caption\":\"Getama O\u00dc\"},\"image\":{\"@id\":\"https:\/\/getama.ee\/en\/#\/schema\/logo\/image\/\"},\"sameAs\":[\"https:\/\/www.facebook.com\/GetamaOU\",\"https:\/\/www.linkedin.com\/company\/getama\"]}]}<\/script>\n<!-- \/ Yoast SEO plugin. -->","yoast_head_json":{"title":"Premium Plus C03-B LED pol\u00fcmerisatsioonilamp | Getama","description":"Premium Plus C03-B LED pol\u00fcmerisatsioonilamp | Getama","robots":{"index":"index","follow":"follow","max-snippet":"max-snippet:-1","max-image-preview":"max-image-preview:large","max-video-preview":"max-video-preview:-1"},"canonical":"https:\/\/getama.ee\/en\/toode\/premium-plus-c03-b-led-valguslamp\/","og_locale":"en_US","og_type":"article","og_title":"Premium Plus C03-B LED pol\u00fcmerisatsioonilamp | Getama","og_description":"Premium Plus C03-B LED pol\u00fcmerisatsioonilamp | Getama","og_url":"https:\/\/getama.ee\/en\/toode\/premium-plus-c03-b-led-valguslamp\/","og_site_name":"Getama","article_publisher":"https:\/\/www.facebook.com\/GetamaOU","article_modified_time":"2025-09-04T10:14:04+00:00","og_image":[{"width":1000,"height":1000,"url":"https:\/\/getama.ee\/wp-content\/uploads\/2025\/09\/Premium-Plus-C03-B.png","type":"image\/png"}],"twitter_card":"summary_large_image","twitter_misc":{"Est. reading time":"1 minute"},"schema":{"@context":"https:\/\/schema.org","@graph":[{"@type":["WebPage","ItemPage"],"@id":"https:\/\/getama.ee\/en\/toode\/premium-plus-c03-b-led-valguslamp\/","url":"https:\/\/getama.ee\/en\/toode\/premium-plus-c03-b-led-valguslamp\/","name":"Premium Plus C03-B LED pol\u00fcmerisatsioonilamp | Getama","isPartOf":{"@id":"https:\/\/getama.ee\/en\/#website"},"primaryImageOfPage":{"@id":"https:\/\/getama.ee\/en\/toode\/premium-plus-c03-b-led-valguslamp\/#primaryimage"},"image":{"@id":"https:\/\/getama.ee\/en\/toode\/premium-plus-c03-b-led-valguslamp\/#primaryimage"},"thumbnailUrl":"https:\/\/getama.ee\/wp-content\/uploads\/2025\/09\/Premium-Plus-C03-B.png","datePublished":"2025-09-03T07:21:39+00:00","dateModified":"2025-09-04T10:14:04+00:00","description":"Premium Plus C03-B LED pol\u00fcmerisatsioonilamp | Getama","breadcrumb":{"@id":"https:\/\/getama.ee\/en\/toode\/premium-plus-c03-b-led-valguslamp\/#breadcrumb"},"inLanguage":"en-US","potentialAction":[{"@type":"ReadAction","target":["https:\/\/getama.ee\/en\/toode\/premium-plus-c03-b-led-valguslamp\/"]}]},{"@type":"ImageObject","inLanguage":"en-US","@id":"https:\/\/getama.ee\/en\/toode\/premium-plus-c03-b-led-valguslamp\/#primaryimage","url":"https:\/\/getama.ee\/wp-content\/uploads\/2025\/09\/Premium-Plus-C03-B.png","contentUrl":"https:\/\/getama.ee\/wp-content\/uploads\/2025\/09\/Premium-Plus-C03-B.png","width":1000,"height":1000},{"@type":"BreadcrumbList","@id":"https:\/\/getama.ee\/en\/toode\/premium-plus-c03-b-led-valguslamp\/#breadcrumb","itemListElement":[{"@type":"ListItem","position":1,"name":"Esileht","item":"https:\/\/getama.ee\/en\/"},{"@type":"ListItem","position":2,"name":"Pood","item":"https:\/\/getama.ee\/pood\/"},{"@type":"ListItem","position":3,"name":"Premium Plus C03-B LED pol\u00fcmerisatsioonilamp"}]},{"@type":"WebSite","@id":"https:\/\/getama.ee\/en\/#website","url":"https:\/\/getama.ee\/en\/","name":"Getama","description":"Aitame sisustada Sinu hambakliiniku.","publisher":{"@id":"https:\/\/getama.ee\/en\/#organization"},"potentialAction":[{"@type":"SearchAction","target":{"@type":"EntryPoint","urlTemplate":"https:\/\/getama.ee\/en\/?s={search_term_string}"},"query-input":{"@type":"PropertyValueSpecification","valueRequired":true,"valueName":"search_term_string"}}],"inLanguage":"en-US"},{"@type":"Organization","@id":"https:\/\/getama.ee\/en\/#organization","name":"Getama O\u00dc","url":"https:\/\/getama.ee\/en\/","logo":{"@type":"ImageObject","inLanguage":"en-US","@id":"https:\/\/getama.ee\/en\/#\/schema\/logo\/image\/","url":"https:\/\/getama.ee\/wp-content\/uploads\/2025\/07\/cropped-Getama-icon.png","contentUrl":"https:\/\/getama.ee\/wp-content\/uploads\/2025\/07\/cropped-Getama-icon.png","width":512,"height":512,"caption":"Getama O\u00dc"},"image":{"@id":"https:\/\/getama.ee\/en\/#\/schema\/logo\/image\/"},"sameAs":["https:\/\/www.facebook.com\/GetamaOU","https:\/\/www.linkedin.com\/company\/getama"]}]}},"_links":{"self":[{"href":"https:\/\/getama.ee\/en\/wp-json\/wp\/v2\/product\/2145","targetHints":{"allow":["GET"]}}],"collection":[{"href":"https:\/\/getama.ee\/en\/wp-json\/wp\/v2\/product"}],"about":[{"href":"https:\/\/getama.ee\/en\/wp-json\/wp\/v2\/types\/product"}],"replies":[{"embeddable":true,"href":"https:\/\/getama.ee\/en\/wp-json\/wp\/v2\/comments?post=2145"}],"wp:featuredmedia":[{"embeddable":true,"href":"https:\/\/getama.ee\/en\/wp-json\/wp\/v2\/media\/2146"}],"wp:attachment":[{"href":"https:\/\/getama.ee\/en\/wp-json\/wp\/v2\/media?parent=2145"}],"wp:term":[{"taxonomy":"product_brand","embeddable":true,"href":"https:\/\/getama.ee\/en\/wp-json\/wp\/v2\/product_brand?post=2145"},{"taxonomy":"product_cat","embeddable":true,"href":"https:\/\/getama.ee\/en\/wp-json\/wp\/v2\/product_cat?post=2145"},{"taxonomy":"product_tag","embeddable":true,"href":"https:\/\/getama.ee\/en\/wp-json\/wp\/v2\/product_tag?post=2145"}],"curies":[{"name":"wp","href":"https:\/\/api.w.org\/{rel}","templated":true}]}}