{"id":2106,"date":"2025-09-03T10:02:22","date_gmt":"2025-09-03T07:02:22","guid":{"rendered":"https:\/\/getama.ee\/?post_type=product&#038;p=2106"},"modified":"2025-09-04T13:14:35","modified_gmt":"2025-09-04T10:14:35","slug":"premium-plus-led-valguslamp-c01-c","status":"publish","type":"product","link":"https:\/\/getama.ee\/en\/toode\/premium-plus-led-valguslamp-c01-c\/","title":{"rendered":"Premium Plus C01-C LED pol\u00fcmerisatsioonilamp"},"content":{"rendered":"","protected":false},"excerpt":{"rendered":"<p>Premium Plus C01-C on kaasaegne pol\u00fcmerisatsioonilamp, mis pakub tugevat valgust ja mitmek\u00fclgseid t\u00f6\u00f6re\u017eiime. Vastupidav ja kasutajas\u00f5bralik disain teeb sellest usaldusv\u00e4\u00e4rse abimehe igap\u00e4evases hambaravit\u00f6\u00f6s.<\/p>\n<ul>\n<li data-start=\"113\" data-end=\"161\">8 mm l\u00e4bim\u00f5\u00f5duga steriliseeritav optiline kiud<\/li>\n<li data-start=\"113\" data-end=\"161\">Piirkiri: 440\u2013480 nm<\/li>\n<li data-start=\"113\" data-end=\"161\">5 W LED-diood<\/li>\n<li data-start=\"113\" data-end=\"161\">Valguse intensiivsus: 900 mW\/cm\u00b2 \u2013 1500 mW\/cm\u00b2, olenevalt re\u017eiimist<\/li>\n<li data-start=\"113\" data-end=\"161\">Juhtmevaba lamp ja sisseehitatud akuga laadija<\/li>\n<li data-start=\"113\" data-end=\"161\">Ergonoomiline kuju<\/li>\n<li data-start=\"113\" data-end=\"161\">Stabiilne ja intensiivne valgus, mis ei s\u00f5ltu aku laetuse tasemest<\/li>\n<li data-start=\"113\" data-end=\"161\">Lambil on neli t\u00f6\u00f6re\u017eiimi: turbo, t\u00e4is, pulseeriv ja pehme<\/li>\n<li data-start=\"113\" data-end=\"161\">Lamp vasaku- ja paremak\u00e4elistele<\/li>\n<li data-start=\"113\" data-end=\"161\">Lambil on neli t\u00f6\u00f6aega: 5s, 10s, 15s, 20s<\/li>\n<li data-start=\"113\" data-end=\"161\">T\u00e4islaadimise aeg: 3\u20134 h<\/li>\n<li data-start=\"113\" data-end=\"161\">T\u00f6\u00f6aeg: 100 t\u00f6\u00f6ts\u00fcklit 10 sekundit t\u00e4islaetud akuga<\/li>\n<\/ul>\n","protected":false},"featured_media":2140,"comment_status":"open","ping_status":"closed","template":"","meta":{"_acf_changed":false,"_gspb_post_css":""},"product_brand":[60],"product_cat":[61],"product_tag":[],"class_list":{"0":"post-2106","1":"product","2":"type-product","3":"status-publish","4":"has-post-thumbnail","6":"product_brand-premiumplus","7":"product_cat-polumerisatsioonilambid","9":"first","10":"instock","11":"taxable","12":"shipping-taxable","13":"purchasable","14":"product-type-simple"},"acf":[],"yoast_head":"<!-- This site is optimized with the Yoast SEO plugin v27.1.1 - https:\/\/yoast.com\/product\/yoast-seo-wordpress\/ -->\n<title>Premium Plus C01-C LED pol\u00fcmerisatsioonilamp | Getama<\/title>\n<meta name=\"description\" content=\"Premium Plus C01-C LED pol\u00fcmerisatsioonilamp | Getama\" \/>\n<meta name=\"robots\" content=\"index, follow, max-snippet:-1, max-image-preview:large, max-video-preview:-1\" \/>\n<link rel=\"canonical\" href=\"https:\/\/getama.ee\/en\/toode\/premium-plus-led-valguslamp-c01-c\/\" \/>\n<meta property=\"og:locale\" content=\"en_US\" \/>\n<meta property=\"og:type\" content=\"article\" \/>\n<meta property=\"og:title\" content=\"Premium Plus C01-C LED pol\u00fcmerisatsioonilamp | Getama\" \/>\n<meta property=\"og:description\" content=\"Premium Plus C01-C LED pol\u00fcmerisatsioonilamp | Getama\" \/>\n<meta property=\"og:url\" content=\"https:\/\/getama.ee\/en\/toode\/premium-plus-led-valguslamp-c01-c\/\" \/>\n<meta property=\"og:site_name\" content=\"Getama\" \/>\n<meta property=\"article:publisher\" content=\"https:\/\/www.facebook.com\/GetamaOU\" \/>\n<meta property=\"article:modified_time\" content=\"2025-09-04T10:14:35+00:00\" \/>\n<meta property=\"og:image\" content=\"https:\/\/getama.ee\/wp-content\/uploads\/2025\/08\/Premium-Plus-c01-c.png\" \/>\n\t<meta property=\"og:image:width\" content=\"1000\" \/>\n\t<meta property=\"og:image:height\" content=\"1000\" \/>\n\t<meta property=\"og:image:type\" content=\"image\/png\" \/>\n<meta name=\"twitter:card\" content=\"summary_large_image\" \/>\n<meta name=\"twitter:label1\" content=\"Est. reading time\" \/>\n\t<meta name=\"twitter:data1\" content=\"1 minute\" \/>\n<script type=\"application\/ld+json\" class=\"yoast-schema-graph\">{\"@context\":\"https:\/\/schema.org\",\"@graph\":[{\"@type\":[\"WebPage\",\"ItemPage\"],\"@id\":\"https:\/\/getama.ee\/en\/toode\/premium-plus-led-valguslamp-c01-c\/\",\"url\":\"https:\/\/getama.ee\/en\/toode\/premium-plus-led-valguslamp-c01-c\/\",\"name\":\"Premium Plus C01-C LED pol\u00fcmerisatsioonilamp | Getama\",\"isPartOf\":{\"@id\":\"https:\/\/getama.ee\/en\/#website\"},\"primaryImageOfPage\":{\"@id\":\"https:\/\/getama.ee\/en\/toode\/premium-plus-led-valguslamp-c01-c\/#primaryimage\"},\"image\":{\"@id\":\"https:\/\/getama.ee\/en\/toode\/premium-plus-led-valguslamp-c01-c\/#primaryimage\"},\"thumbnailUrl\":\"https:\/\/getama.ee\/wp-content\/uploads\/2025\/08\/Premium-Plus-c01-c.png\",\"datePublished\":\"2025-09-03T07:02:22+00:00\",\"dateModified\":\"2025-09-04T10:14:35+00:00\",\"description\":\"Premium Plus C01-C LED pol\u00fcmerisatsioonilamp | Getama\",\"breadcrumb\":{\"@id\":\"https:\/\/getama.ee\/en\/toode\/premium-plus-led-valguslamp-c01-c\/#breadcrumb\"},\"inLanguage\":\"en-US\",\"potentialAction\":[{\"@type\":\"ReadAction\",\"target\":[\"https:\/\/getama.ee\/en\/toode\/premium-plus-led-valguslamp-c01-c\/\"]}]},{\"@type\":\"ImageObject\",\"inLanguage\":\"en-US\",\"@id\":\"https:\/\/getama.ee\/en\/toode\/premium-plus-led-valguslamp-c01-c\/#primaryimage\",\"url\":\"https:\/\/getama.ee\/wp-content\/uploads\/2025\/08\/Premium-Plus-c01-c.png\",\"contentUrl\":\"https:\/\/getama.ee\/wp-content\/uploads\/2025\/08\/Premium-Plus-c01-c.png\",\"width\":1000,\"height\":1000},{\"@type\":\"BreadcrumbList\",\"@id\":\"https:\/\/getama.ee\/en\/toode\/premium-plus-led-valguslamp-c01-c\/#breadcrumb\",\"itemListElement\":[{\"@type\":\"ListItem\",\"position\":1,\"name\":\"Esileht\",\"item\":\"https:\/\/getama.ee\/en\/\"},{\"@type\":\"ListItem\",\"position\":2,\"name\":\"Pood\",\"item\":\"https:\/\/getama.ee\/pood\/\"},{\"@type\":\"ListItem\",\"position\":3,\"name\":\"Premium Plus C01-C LED pol\u00fcmerisatsioonilamp\"}]},{\"@type\":\"WebSite\",\"@id\":\"https:\/\/getama.ee\/en\/#website\",\"url\":\"https:\/\/getama.ee\/en\/\",\"name\":\"Getama\",\"description\":\"Aitame sisustada Sinu hambakliiniku.\",\"publisher\":{\"@id\":\"https:\/\/getama.ee\/en\/#organization\"},\"potentialAction\":[{\"@type\":\"SearchAction\",\"target\":{\"@type\":\"EntryPoint\",\"urlTemplate\":\"https:\/\/getama.ee\/en\/?s={search_term_string}\"},\"query-input\":{\"@type\":\"PropertyValueSpecification\",\"valueRequired\":true,\"valueName\":\"search_term_string\"}}],\"inLanguage\":\"en-US\"},{\"@type\":\"Organization\",\"@id\":\"https:\/\/getama.ee\/en\/#organization\",\"name\":\"Getama O\u00dc\",\"url\":\"https:\/\/getama.ee\/en\/\",\"logo\":{\"@type\":\"ImageObject\",\"inLanguage\":\"en-US\",\"@id\":\"https:\/\/getama.ee\/en\/#\/schema\/logo\/image\/\",\"url\":\"https:\/\/getama.ee\/wp-content\/uploads\/2025\/07\/cropped-Getama-icon.png\",\"contentUrl\":\"https:\/\/getama.ee\/wp-content\/uploads\/2025\/07\/cropped-Getama-icon.png\",\"width\":512,\"height\":512,\"caption\":\"Getama O\u00dc\"},\"image\":{\"@id\":\"https:\/\/getama.ee\/en\/#\/schema\/logo\/image\/\"},\"sameAs\":[\"https:\/\/www.facebook.com\/GetamaOU\",\"https:\/\/www.linkedin.com\/company\/getama\"]}]}<\/script>\n<!-- \/ Yoast SEO plugin. -->","yoast_head_json":{"title":"Premium Plus C01-C LED pol\u00fcmerisatsioonilamp | Getama","description":"Premium Plus C01-C LED pol\u00fcmerisatsioonilamp | Getama","robots":{"index":"index","follow":"follow","max-snippet":"max-snippet:-1","max-image-preview":"max-image-preview:large","max-video-preview":"max-video-preview:-1"},"canonical":"https:\/\/getama.ee\/en\/toode\/premium-plus-led-valguslamp-c01-c\/","og_locale":"en_US","og_type":"article","og_title":"Premium Plus C01-C LED pol\u00fcmerisatsioonilamp | Getama","og_description":"Premium Plus C01-C LED pol\u00fcmerisatsioonilamp | Getama","og_url":"https:\/\/getama.ee\/en\/toode\/premium-plus-led-valguslamp-c01-c\/","og_site_name":"Getama","article_publisher":"https:\/\/www.facebook.com\/GetamaOU","article_modified_time":"2025-09-04T10:14:35+00:00","og_image":[{"width":1000,"height":1000,"url":"https:\/\/getama.ee\/wp-content\/uploads\/2025\/08\/Premium-Plus-c01-c.png","type":"image\/png"}],"twitter_card":"summary_large_image","twitter_misc":{"Est. reading time":"1 minute"},"schema":{"@context":"https:\/\/schema.org","@graph":[{"@type":["WebPage","ItemPage"],"@id":"https:\/\/getama.ee\/en\/toode\/premium-plus-led-valguslamp-c01-c\/","url":"https:\/\/getama.ee\/en\/toode\/premium-plus-led-valguslamp-c01-c\/","name":"Premium Plus C01-C LED pol\u00fcmerisatsioonilamp | Getama","isPartOf":{"@id":"https:\/\/getama.ee\/en\/#website"},"primaryImageOfPage":{"@id":"https:\/\/getama.ee\/en\/toode\/premium-plus-led-valguslamp-c01-c\/#primaryimage"},"image":{"@id":"https:\/\/getama.ee\/en\/toode\/premium-plus-led-valguslamp-c01-c\/#primaryimage"},"thumbnailUrl":"https:\/\/getama.ee\/wp-content\/uploads\/2025\/08\/Premium-Plus-c01-c.png","datePublished":"2025-09-03T07:02:22+00:00","dateModified":"2025-09-04T10:14:35+00:00","description":"Premium Plus C01-C LED pol\u00fcmerisatsioonilamp | Getama","breadcrumb":{"@id":"https:\/\/getama.ee\/en\/toode\/premium-plus-led-valguslamp-c01-c\/#breadcrumb"},"inLanguage":"en-US","potentialAction":[{"@type":"ReadAction","target":["https:\/\/getama.ee\/en\/toode\/premium-plus-led-valguslamp-c01-c\/"]}]},{"@type":"ImageObject","inLanguage":"en-US","@id":"https:\/\/getama.ee\/en\/toode\/premium-plus-led-valguslamp-c01-c\/#primaryimage","url":"https:\/\/getama.ee\/wp-content\/uploads\/2025\/08\/Premium-Plus-c01-c.png","contentUrl":"https:\/\/getama.ee\/wp-content\/uploads\/2025\/08\/Premium-Plus-c01-c.png","width":1000,"height":1000},{"@type":"BreadcrumbList","@id":"https:\/\/getama.ee\/en\/toode\/premium-plus-led-valguslamp-c01-c\/#breadcrumb","itemListElement":[{"@type":"ListItem","position":1,"name":"Esileht","item":"https:\/\/getama.ee\/en\/"},{"@type":"ListItem","position":2,"name":"Pood","item":"https:\/\/getama.ee\/pood\/"},{"@type":"ListItem","position":3,"name":"Premium Plus C01-C LED pol\u00fcmerisatsioonilamp"}]},{"@type":"WebSite","@id":"https:\/\/getama.ee\/en\/#website","url":"https:\/\/getama.ee\/en\/","name":"Getama","description":"Aitame sisustada Sinu hambakliiniku.","publisher":{"@id":"https:\/\/getama.ee\/en\/#organization"},"potentialAction":[{"@type":"SearchAction","target":{"@type":"EntryPoint","urlTemplate":"https:\/\/getama.ee\/en\/?s={search_term_string}"},"query-input":{"@type":"PropertyValueSpecification","valueRequired":true,"valueName":"search_term_string"}}],"inLanguage":"en-US"},{"@type":"Organization","@id":"https:\/\/getama.ee\/en\/#organization","name":"Getama O\u00dc","url":"https:\/\/getama.ee\/en\/","logo":{"@type":"ImageObject","inLanguage":"en-US","@id":"https:\/\/getama.ee\/en\/#\/schema\/logo\/image\/","url":"https:\/\/getama.ee\/wp-content\/uploads\/2025\/07\/cropped-Getama-icon.png","contentUrl":"https:\/\/getama.ee\/wp-content\/uploads\/2025\/07\/cropped-Getama-icon.png","width":512,"height":512,"caption":"Getama O\u00dc"},"image":{"@id":"https:\/\/getama.ee\/en\/#\/schema\/logo\/image\/"},"sameAs":["https:\/\/www.facebook.com\/GetamaOU","https:\/\/www.linkedin.com\/company\/getama"]}]}},"_links":{"self":[{"href":"https:\/\/getama.ee\/en\/wp-json\/wp\/v2\/product\/2106","targetHints":{"allow":["GET"]}}],"collection":[{"href":"https:\/\/getama.ee\/en\/wp-json\/wp\/v2\/product"}],"about":[{"href":"https:\/\/getama.ee\/en\/wp-json\/wp\/v2\/types\/product"}],"replies":[{"embeddable":true,"href":"https:\/\/getama.ee\/en\/wp-json\/wp\/v2\/comments?post=2106"}],"wp:featuredmedia":[{"embeddable":true,"href":"https:\/\/getama.ee\/en\/wp-json\/wp\/v2\/media\/2140"}],"wp:attachment":[{"href":"https:\/\/getama.ee\/en\/wp-json\/wp\/v2\/media?parent=2106"}],"wp:term":[{"taxonomy":"product_brand","embeddable":true,"href":"https:\/\/getama.ee\/en\/wp-json\/wp\/v2\/product_brand?post=2106"},{"taxonomy":"product_cat","embeddable":true,"href":"https:\/\/getama.ee\/en\/wp-json\/wp\/v2\/product_cat?post=2106"},{"taxonomy":"product_tag","embeddable":true,"href":"https:\/\/getama.ee\/en\/wp-json\/wp\/v2\/product_tag?post=2106"}],"curies":[{"name":"wp","href":"https:\/\/api.w.org\/{rel}","templated":true}]}}