{"id":1738,"date":"2025-08-26T10:46:59","date_gmt":"2025-08-26T07:46:59","guid":{"rendered":"https:\/\/getama.ee\/?post_type=product&#038;p=1738"},"modified":"2026-03-27T10:52:54","modified_gmt":"2026-03-27T07:52:54","slug":"wh-hygitechi-steriilne-irrigatsioonikomplekt-10-tk","status":"publish","type":"product","link":"https:\/\/getama.ee\/en\/toode\/wh-hygitechi-steriilne-irrigatsioonikomplekt-10-tk\/","title":{"rendered":"W&#038;H Hygitechi steriilne irrigatsioonikomplekt (10 TK)"},"content":{"rendered":"","protected":false},"excerpt":{"rendered":"<p>Hygitechi steriilne loputuskomplekt on esmaklassiline meditsiiniseade, mis on loodud optimaalse loputuse tagamiseks kirurgiliste protseduuride ajal. Igas pakendis on k\u00fcmme komplekti, tagades teile usaldusv\u00e4\u00e4rse varu mitmeks operatsiooniks. Need on loodud kasutajas\u00f5bralikkust silmas pidades, muutes need h\u00f5lpsasti k\u00e4sitsetavaks.<\/p>\n<p>Hygitechi steriilne irrigatsioonikomplekt \u00fchildub\u00a0<strong>NSK ja Aceptico<\/strong> tootega.<\/p>\n","protected":false},"featured_media":1740,"comment_status":"open","ping_status":"closed","template":"","meta":{"_acf_changed":false,"_gspb_post_css":""},"product_brand":[110,45],"product_cat":[106,37],"product_tag":[],"class_list":{"0":"post-1738","1":"product","2":"type-product","3":"status-publish","4":"has-post-thumbnail","6":"product_brand-hygitech","7":"product_brand-nsk","8":"product_cat-irrigatsioonisusteemid-ja-voolikud","9":"product_cat-kirurgiaseadmed","11":"first","12":"instock","13":"taxable","14":"shipping-taxable","15":"purchasable","16":"product-type-simple"},"acf":[],"yoast_head":"<!-- This site is optimized with the Yoast SEO plugin v27.1.1 - https:\/\/yoast.com\/product\/yoast-seo-wordpress\/ -->\n<title>W&amp;H Hygitechi steriilne irrigatsioonikomplekt (10 TK) | Getama<\/title>\n<meta name=\"description\" content=\"W&amp;H Hygitechi steriilne irrigatsioonikomplekt (10 TK) | Getama\" \/>\n<meta name=\"robots\" content=\"index, follow, max-snippet:-1, max-image-preview:large, max-video-preview:-1\" \/>\n<link rel=\"canonical\" href=\"https:\/\/getama.ee\/en\/toode\/wh-hygitechi-steriilne-irrigatsioonikomplekt-10-tk\/\" \/>\n<meta property=\"og:locale\" content=\"en_US\" \/>\n<meta property=\"og:type\" content=\"article\" \/>\n<meta property=\"og:title\" content=\"W&amp;H Hygitechi steriilne irrigatsioonikomplekt (10 TK) | Getama\" \/>\n<meta property=\"og:description\" content=\"W&amp;H Hygitechi steriilne irrigatsioonikomplekt (10 TK) | Getama\" \/>\n<meta property=\"og:url\" content=\"https:\/\/getama.ee\/en\/toode\/wh-hygitechi-steriilne-irrigatsioonikomplekt-10-tk\/\" \/>\n<meta property=\"og:site_name\" content=\"Getama\" \/>\n<meta property=\"article:publisher\" content=\"https:\/\/www.facebook.com\/GetamaOU\" \/>\n<meta property=\"article:modified_time\" content=\"2026-03-27T07:52:54+00:00\" \/>\n<meta property=\"og:image\" content=\"https:\/\/getama.ee\/wp-content\/uploads\/2025\/08\/WH-Implantmed-infusioonivoolik-Hygitech-10TK-3.png\" \/>\n\t<meta property=\"og:image:width\" content=\"1000\" \/>\n\t<meta property=\"og:image:height\" content=\"1000\" \/>\n\t<meta property=\"og:image:type\" content=\"image\/png\" \/>\n<meta name=\"twitter:card\" content=\"summary_large_image\" \/>\n<meta name=\"twitter:label1\" content=\"Est. reading time\" \/>\n\t<meta name=\"twitter:data1\" content=\"1 minute\" \/>\n<script type=\"application\/ld+json\" class=\"yoast-schema-graph\">{\"@context\":\"https:\/\/schema.org\",\"@graph\":[{\"@type\":[\"WebPage\",\"ItemPage\"],\"@id\":\"https:\/\/getama.ee\/en\/toode\/wh-hygitechi-steriilne-irrigatsioonikomplekt-10-tk\/\",\"url\":\"https:\/\/getama.ee\/en\/toode\/wh-hygitechi-steriilne-irrigatsioonikomplekt-10-tk\/\",\"name\":\"W&H Hygitechi steriilne irrigatsioonikomplekt (10 TK) | Getama\",\"isPartOf\":{\"@id\":\"https:\/\/getama.ee\/en\/#website\"},\"primaryImageOfPage\":{\"@id\":\"https:\/\/getama.ee\/en\/toode\/wh-hygitechi-steriilne-irrigatsioonikomplekt-10-tk\/#primaryimage\"},\"image\":{\"@id\":\"https:\/\/getama.ee\/en\/toode\/wh-hygitechi-steriilne-irrigatsioonikomplekt-10-tk\/#primaryimage\"},\"thumbnailUrl\":\"https:\/\/getama.ee\/wp-content\/uploads\/2025\/08\/WH-Implantmed-infusioonivoolik-Hygitech-10TK-3.png\",\"datePublished\":\"2025-08-26T07:46:59+00:00\",\"dateModified\":\"2026-03-27T07:52:54+00:00\",\"description\":\"W&H Hygitechi steriilne irrigatsioonikomplekt (10 TK) | Getama\",\"breadcrumb\":{\"@id\":\"https:\/\/getama.ee\/en\/toode\/wh-hygitechi-steriilne-irrigatsioonikomplekt-10-tk\/#breadcrumb\"},\"inLanguage\":\"en-US\",\"potentialAction\":[{\"@type\":\"ReadAction\",\"target\":[\"https:\/\/getama.ee\/en\/toode\/wh-hygitechi-steriilne-irrigatsioonikomplekt-10-tk\/\"]}]},{\"@type\":\"ImageObject\",\"inLanguage\":\"en-US\",\"@id\":\"https:\/\/getama.ee\/en\/toode\/wh-hygitechi-steriilne-irrigatsioonikomplekt-10-tk\/#primaryimage\",\"url\":\"https:\/\/getama.ee\/wp-content\/uploads\/2025\/08\/WH-Implantmed-infusioonivoolik-Hygitech-10TK-3.png\",\"contentUrl\":\"https:\/\/getama.ee\/wp-content\/uploads\/2025\/08\/WH-Implantmed-infusioonivoolik-Hygitech-10TK-3.png\",\"width\":1000,\"height\":1000},{\"@type\":\"BreadcrumbList\",\"@id\":\"https:\/\/getama.ee\/en\/toode\/wh-hygitechi-steriilne-irrigatsioonikomplekt-10-tk\/#breadcrumb\",\"itemListElement\":[{\"@type\":\"ListItem\",\"position\":1,\"name\":\"Esileht\",\"item\":\"https:\/\/getama.ee\/en\/\"},{\"@type\":\"ListItem\",\"position\":2,\"name\":\"Pood\",\"item\":\"https:\/\/getama.ee\/pood\/\"},{\"@type\":\"ListItem\",\"position\":3,\"name\":\"W&#038;H Hygitechi steriilne irrigatsioonikomplekt (10 TK)\"}]},{\"@type\":\"WebSite\",\"@id\":\"https:\/\/getama.ee\/en\/#website\",\"url\":\"https:\/\/getama.ee\/en\/\",\"name\":\"Getama\",\"description\":\"Aitame sisustada Sinu hambakliiniku.\",\"publisher\":{\"@id\":\"https:\/\/getama.ee\/en\/#organization\"},\"potentialAction\":[{\"@type\":\"SearchAction\",\"target\":{\"@type\":\"EntryPoint\",\"urlTemplate\":\"https:\/\/getama.ee\/en\/?s={search_term_string}\"},\"query-input\":{\"@type\":\"PropertyValueSpecification\",\"valueRequired\":true,\"valueName\":\"search_term_string\"}}],\"inLanguage\":\"en-US\"},{\"@type\":\"Organization\",\"@id\":\"https:\/\/getama.ee\/en\/#organization\",\"name\":\"Getama O\u00dc\",\"url\":\"https:\/\/getama.ee\/en\/\",\"logo\":{\"@type\":\"ImageObject\",\"inLanguage\":\"en-US\",\"@id\":\"https:\/\/getama.ee\/en\/#\/schema\/logo\/image\/\",\"url\":\"https:\/\/getama.ee\/wp-content\/uploads\/2025\/07\/cropped-Getama-icon.png\",\"contentUrl\":\"https:\/\/getama.ee\/wp-content\/uploads\/2025\/07\/cropped-Getama-icon.png\",\"width\":512,\"height\":512,\"caption\":\"Getama O\u00dc\"},\"image\":{\"@id\":\"https:\/\/getama.ee\/en\/#\/schema\/logo\/image\/\"},\"sameAs\":[\"https:\/\/www.facebook.com\/GetamaOU\",\"https:\/\/www.linkedin.com\/company\/getama\"]}]}<\/script>\n<!-- \/ Yoast SEO plugin. -->","yoast_head_json":{"title":"W&H Hygitechi steriilne irrigatsioonikomplekt (10 TK) | Getama","description":"W&H Hygitechi steriilne irrigatsioonikomplekt (10 TK) | Getama","robots":{"index":"index","follow":"follow","max-snippet":"max-snippet:-1","max-image-preview":"max-image-preview:large","max-video-preview":"max-video-preview:-1"},"canonical":"https:\/\/getama.ee\/en\/toode\/wh-hygitechi-steriilne-irrigatsioonikomplekt-10-tk\/","og_locale":"en_US","og_type":"article","og_title":"W&H Hygitechi steriilne irrigatsioonikomplekt (10 TK) | Getama","og_description":"W&H Hygitechi steriilne irrigatsioonikomplekt (10 TK) | Getama","og_url":"https:\/\/getama.ee\/en\/toode\/wh-hygitechi-steriilne-irrigatsioonikomplekt-10-tk\/","og_site_name":"Getama","article_publisher":"https:\/\/www.facebook.com\/GetamaOU","article_modified_time":"2026-03-27T07:52:54+00:00","og_image":[{"width":1000,"height":1000,"url":"https:\/\/getama.ee\/wp-content\/uploads\/2025\/08\/WH-Implantmed-infusioonivoolik-Hygitech-10TK-3.png","type":"image\/png"}],"twitter_card":"summary_large_image","twitter_misc":{"Est. reading time":"1 minute"},"schema":{"@context":"https:\/\/schema.org","@graph":[{"@type":["WebPage","ItemPage"],"@id":"https:\/\/getama.ee\/en\/toode\/wh-hygitechi-steriilne-irrigatsioonikomplekt-10-tk\/","url":"https:\/\/getama.ee\/en\/toode\/wh-hygitechi-steriilne-irrigatsioonikomplekt-10-tk\/","name":"W&H Hygitechi steriilne irrigatsioonikomplekt (10 TK) | Getama","isPartOf":{"@id":"https:\/\/getama.ee\/en\/#website"},"primaryImageOfPage":{"@id":"https:\/\/getama.ee\/en\/toode\/wh-hygitechi-steriilne-irrigatsioonikomplekt-10-tk\/#primaryimage"},"image":{"@id":"https:\/\/getama.ee\/en\/toode\/wh-hygitechi-steriilne-irrigatsioonikomplekt-10-tk\/#primaryimage"},"thumbnailUrl":"https:\/\/getama.ee\/wp-content\/uploads\/2025\/08\/WH-Implantmed-infusioonivoolik-Hygitech-10TK-3.png","datePublished":"2025-08-26T07:46:59+00:00","dateModified":"2026-03-27T07:52:54+00:00","description":"W&H Hygitechi steriilne irrigatsioonikomplekt (10 TK) | Getama","breadcrumb":{"@id":"https:\/\/getama.ee\/en\/toode\/wh-hygitechi-steriilne-irrigatsioonikomplekt-10-tk\/#breadcrumb"},"inLanguage":"en-US","potentialAction":[{"@type":"ReadAction","target":["https:\/\/getama.ee\/en\/toode\/wh-hygitechi-steriilne-irrigatsioonikomplekt-10-tk\/"]}]},{"@type":"ImageObject","inLanguage":"en-US","@id":"https:\/\/getama.ee\/en\/toode\/wh-hygitechi-steriilne-irrigatsioonikomplekt-10-tk\/#primaryimage","url":"https:\/\/getama.ee\/wp-content\/uploads\/2025\/08\/WH-Implantmed-infusioonivoolik-Hygitech-10TK-3.png","contentUrl":"https:\/\/getama.ee\/wp-content\/uploads\/2025\/08\/WH-Implantmed-infusioonivoolik-Hygitech-10TK-3.png","width":1000,"height":1000},{"@type":"BreadcrumbList","@id":"https:\/\/getama.ee\/en\/toode\/wh-hygitechi-steriilne-irrigatsioonikomplekt-10-tk\/#breadcrumb","itemListElement":[{"@type":"ListItem","position":1,"name":"Esileht","item":"https:\/\/getama.ee\/en\/"},{"@type":"ListItem","position":2,"name":"Pood","item":"https:\/\/getama.ee\/pood\/"},{"@type":"ListItem","position":3,"name":"W&#038;H Hygitechi steriilne irrigatsioonikomplekt (10 TK)"}]},{"@type":"WebSite","@id":"https:\/\/getama.ee\/en\/#website","url":"https:\/\/getama.ee\/en\/","name":"Getama","description":"Aitame sisustada Sinu hambakliiniku.","publisher":{"@id":"https:\/\/getama.ee\/en\/#organization"},"potentialAction":[{"@type":"SearchAction","target":{"@type":"EntryPoint","urlTemplate":"https:\/\/getama.ee\/en\/?s={search_term_string}"},"query-input":{"@type":"PropertyValueSpecification","valueRequired":true,"valueName":"search_term_string"}}],"inLanguage":"en-US"},{"@type":"Organization","@id":"https:\/\/getama.ee\/en\/#organization","name":"Getama O\u00dc","url":"https:\/\/getama.ee\/en\/","logo":{"@type":"ImageObject","inLanguage":"en-US","@id":"https:\/\/getama.ee\/en\/#\/schema\/logo\/image\/","url":"https:\/\/getama.ee\/wp-content\/uploads\/2025\/07\/cropped-Getama-icon.png","contentUrl":"https:\/\/getama.ee\/wp-content\/uploads\/2025\/07\/cropped-Getama-icon.png","width":512,"height":512,"caption":"Getama O\u00dc"},"image":{"@id":"https:\/\/getama.ee\/en\/#\/schema\/logo\/image\/"},"sameAs":["https:\/\/www.facebook.com\/GetamaOU","https:\/\/www.linkedin.com\/company\/getama"]}]}},"_links":{"self":[{"href":"https:\/\/getama.ee\/en\/wp-json\/wp\/v2\/product\/1738","targetHints":{"allow":["GET"]}}],"collection":[{"href":"https:\/\/getama.ee\/en\/wp-json\/wp\/v2\/product"}],"about":[{"href":"https:\/\/getama.ee\/en\/wp-json\/wp\/v2\/types\/product"}],"replies":[{"embeddable":true,"href":"https:\/\/getama.ee\/en\/wp-json\/wp\/v2\/comments?post=1738"}],"wp:featuredmedia":[{"embeddable":true,"href":"https:\/\/getama.ee\/en\/wp-json\/wp\/v2\/media\/1740"}],"wp:attachment":[{"href":"https:\/\/getama.ee\/en\/wp-json\/wp\/v2\/media?parent=1738"}],"wp:term":[{"taxonomy":"product_brand","embeddable":true,"href":"https:\/\/getama.ee\/en\/wp-json\/wp\/v2\/product_brand?post=1738"},{"taxonomy":"product_cat","embeddable":true,"href":"https:\/\/getama.ee\/en\/wp-json\/wp\/v2\/product_cat?post=1738"},{"taxonomy":"product_tag","embeddable":true,"href":"https:\/\/getama.ee\/en\/wp-json\/wp\/v2\/product_tag?post=1738"}],"curies":[{"name":"wp","href":"https:\/\/api.w.org\/{rel}","templated":true}]}}