{"id":1524,"date":"2025-08-15T12:01:27","date_gmt":"2025-08-15T09:01:27","guid":{"rendered":"https:\/\/getama.ee\/?post_type=product&#038;p=1524"},"modified":"2025-09-17T09:53:31","modified_gmt":"2025-09-17T06:53:31","slug":"nsk-flash-pearl-puhastuspulber","status":"publish","type":"product","link":"https:\/\/getama.ee\/en\/toode\/nsk-flash-pearl-puhastuspulber\/","title":{"rendered":"NSK Flash Pearl puhastuspulber (4 x 300ml)"},"content":{"rendered":"","protected":false},"excerpt":{"rendered":"<article class=\"text-token-text-primary w-full focus:outline-none scroll-mt-[calc(var(--header-height)+min(200px,max(70px,20svh)))]\" dir=\"auto\" tabindex=\"-1\" data-turn-id=\"request-WEB:3b70734d-7c72-4a4f-9b13-238faec3c2d9-19\" data-testid=\"conversation-turn-40\" data-scroll-anchor=\"true\" data-turn=\"assistant\">\n<div class=\"text-base my-auto mx-auto pb-10 [--thread-content-margin:--spacing(4)] @[37rem]:[--thread-content-margin:--spacing(6)] @[72rem]:[--thread-content-margin:--spacing(16)] px-(--thread-content-margin)\">\n<div class=\"[--thread-content-max-width:32rem] @[34rem]:[--thread-content-max-width:40rem] @[64rem]:[--thread-content-max-width:48rem] mx-auto max-w-(--thread-content-max-width) flex-1 group\/turn-messages focus-visible:outline-hidden relative flex w-full min-w-0 flex-col agent-turn\" tabindex=\"-1\">\n<div class=\"flex max-w-full flex-col grow\">\n<div class=\"min-h-8 text-message relative flex w-full flex-col items-end gap-2 text-start break-words whitespace-normal [.text-message+&amp;]:mt-5\" dir=\"auto\" data-message-author-role=\"assistant\" data-message-id=\"a993ab2f-e08c-40eb-9a29-fbfd413f2b53\" data-message-model-slug=\"gpt-5-mini\">\n<div class=\"flex w-full flex-col gap-1 empty:hidden first:pt-[3px]\">\n<div class=\"markdown prose dark:prose-invert w-full break-words dark markdown-new-styling\">\n<p data-start=\"0\" data-end=\"345\">Sf\u00e4\u00e4riline kaltsiumisisaldusega puhastuspulber, mis on loodud hambapinnal sujuvalt liikuma ning plekke, hambakattu ja hambakivi edukalt, kiiresti ja ohutult eemaldama.\u00a0Kasutada ainult supragingivaalselt (hammaste \u00fclemisel pinnal).<\/p>\n<p data-start=\"347\" data-end=\"362\"><strong data-start=\"347\" data-end=\"360\">Omadused:<\/strong><\/p>\n<ul>\n<li data-start=\"365\" data-end=\"404\">Peamine koostisosa: kaltsiumkarbonaat<\/li>\n<li data-start=\"365\" data-end=\"404\">Sobib k\u00f5ikide plekkide korral, eriti tugevate plekkide puhul<\/li>\n<li data-start=\"365\" data-end=\"404\">Naatriumivaba<\/li>\n<li data-start=\"365\" data-end=\"404\">\u00dcmarad graanulid on hambapindadele \u00f5rnad<\/li>\n<li data-start=\"365\" data-end=\"404\">Maitsetu<\/li>\n<li data-start=\"365\" data-end=\"404\">Vegan-s\u00f5bralik: fluoriidivaba<\/li>\n<\/ul>\n<p data-start=\"739\" data-end=\"768\"><strong data-start=\"739\" data-end=\"766\">Pulbriosakese omadused:<\/strong><\/p>\n<ul data-start=\"769\" data-end=\"803\" data-is-last-node=\"\" data-is-only-node=\"\">\n<li data-start=\"769\" data-end=\"803\" data-is-last-node=\"\">\n<p data-start=\"771\" data-end=\"803\" data-is-last-node=\"\">Keskmine osakese l\u00e4bim\u00f5\u00f5t: 54 \u03bcm<\/p>\n<\/li>\n<\/ul>\n<\/div>\n<\/div>\n<\/div>\n<\/div>\n<div class=\"flex min-h-[46px] justify-start\"><\/div>\n<div class=\"mt-3 w-full empty:hidden\"><\/div>\n<\/div>\n<\/div>\n<\/article>\n","protected":false},"featured_media":1525,"comment_status":"open","ping_status":"closed","template":"","meta":{"_acf_changed":false,"_gspb_post_css":""},"product_brand":[45],"product_cat":[34,70],"product_tag":[],"class_list":{"0":"post-1524","1":"product","2":"type-product","3":"status-publish","4":"has-post-thumbnail","6":"product_brand-nsk","7":"product_cat-profulaktikatooted","8":"product_cat-puhastuspulbrid","10":"first","11":"instock","12":"taxable","13":"shipping-taxable","14":"purchasable","15":"product-type-simple"},"acf":[],"yoast_head":"<!-- This site is optimized with the Yoast SEO plugin v27.1.1 - https:\/\/yoast.com\/product\/yoast-seo-wordpress\/ -->\n<title>NSK Flash Pearl puhastuspulber (4 x 300ml) | Getama<\/title>\n<meta name=\"description\" content=\"NSK Flash Pearl puhastuspulber (4 x 300ml) | Getama\" \/>\n<meta name=\"robots\" content=\"index, follow, max-snippet:-1, max-image-preview:large, max-video-preview:-1\" \/>\n<link rel=\"canonical\" href=\"https:\/\/getama.ee\/en\/toode\/nsk-flash-pearl-puhastuspulber\/\" \/>\n<meta property=\"og:locale\" content=\"en_US\" \/>\n<meta property=\"og:type\" content=\"article\" \/>\n<meta property=\"og:title\" content=\"NSK Flash Pearl puhastuspulber (4 x 300ml) | Getama\" \/>\n<meta property=\"og:description\" content=\"NSK Flash Pearl puhastuspulber (4 x 300ml) | Getama\" \/>\n<meta property=\"og:url\" content=\"https:\/\/getama.ee\/en\/toode\/nsk-flash-pearl-puhastuspulber\/\" \/>\n<meta property=\"og:site_name\" content=\"Getama\" \/>\n<meta property=\"article:publisher\" content=\"https:\/\/www.facebook.com\/GetamaOU\" \/>\n<meta property=\"article:modified_time\" content=\"2025-09-17T06:53:31+00:00\" \/>\n<meta property=\"og:image\" content=\"https:\/\/getama.ee\/wp-content\/uploads\/2025\/08\/4-4.png\" \/>\n\t<meta property=\"og:image:width\" content=\"1000\" \/>\n\t<meta property=\"og:image:height\" content=\"1000\" \/>\n\t<meta property=\"og:image:type\" content=\"image\/png\" \/>\n<meta name=\"twitter:card\" content=\"summary_large_image\" \/>\n<meta name=\"twitter:label1\" content=\"Est. reading time\" \/>\n\t<meta name=\"twitter:data1\" content=\"1 minute\" \/>\n<script type=\"application\/ld+json\" class=\"yoast-schema-graph\">{\"@context\":\"https:\/\/schema.org\",\"@graph\":[{\"@type\":[\"WebPage\",\"ItemPage\"],\"@id\":\"https:\/\/getama.ee\/en\/toode\/nsk-flash-pearl-puhastuspulber\/\",\"url\":\"https:\/\/getama.ee\/en\/toode\/nsk-flash-pearl-puhastuspulber\/\",\"name\":\"NSK Flash Pearl puhastuspulber (4 x 300ml) | Getama\",\"isPartOf\":{\"@id\":\"https:\/\/getama.ee\/en\/#website\"},\"primaryImageOfPage\":{\"@id\":\"https:\/\/getama.ee\/en\/toode\/nsk-flash-pearl-puhastuspulber\/#primaryimage\"},\"image\":{\"@id\":\"https:\/\/getama.ee\/en\/toode\/nsk-flash-pearl-puhastuspulber\/#primaryimage\"},\"thumbnailUrl\":\"https:\/\/getama.ee\/wp-content\/uploads\/2025\/08\/4-4.png\",\"datePublished\":\"2025-08-15T09:01:27+00:00\",\"dateModified\":\"2025-09-17T06:53:31+00:00\",\"description\":\"NSK Flash Pearl puhastuspulber (4 x 300ml) | Getama\",\"breadcrumb\":{\"@id\":\"https:\/\/getama.ee\/en\/toode\/nsk-flash-pearl-puhastuspulber\/#breadcrumb\"},\"inLanguage\":\"en-US\",\"potentialAction\":[{\"@type\":\"ReadAction\",\"target\":[\"https:\/\/getama.ee\/en\/toode\/nsk-flash-pearl-puhastuspulber\/\"]}]},{\"@type\":\"ImageObject\",\"inLanguage\":\"en-US\",\"@id\":\"https:\/\/getama.ee\/en\/toode\/nsk-flash-pearl-puhastuspulber\/#primaryimage\",\"url\":\"https:\/\/getama.ee\/wp-content\/uploads\/2025\/08\/4-4.png\",\"contentUrl\":\"https:\/\/getama.ee\/wp-content\/uploads\/2025\/08\/4-4.png\",\"width\":1000,\"height\":1000},{\"@type\":\"BreadcrumbList\",\"@id\":\"https:\/\/getama.ee\/en\/toode\/nsk-flash-pearl-puhastuspulber\/#breadcrumb\",\"itemListElement\":[{\"@type\":\"ListItem\",\"position\":1,\"name\":\"Esileht\",\"item\":\"https:\/\/getama.ee\/en\/\"},{\"@type\":\"ListItem\",\"position\":2,\"name\":\"Pood\",\"item\":\"https:\/\/getama.ee\/pood\/\"},{\"@type\":\"ListItem\",\"position\":3,\"name\":\"NSK Flash Pearl puhastuspulber (4 x 300ml)\"}]},{\"@type\":\"WebSite\",\"@id\":\"https:\/\/getama.ee\/en\/#website\",\"url\":\"https:\/\/getama.ee\/en\/\",\"name\":\"Getama\",\"description\":\"Aitame sisustada Sinu hambakliiniku.\",\"publisher\":{\"@id\":\"https:\/\/getama.ee\/en\/#organization\"},\"potentialAction\":[{\"@type\":\"SearchAction\",\"target\":{\"@type\":\"EntryPoint\",\"urlTemplate\":\"https:\/\/getama.ee\/en\/?s={search_term_string}\"},\"query-input\":{\"@type\":\"PropertyValueSpecification\",\"valueRequired\":true,\"valueName\":\"search_term_string\"}}],\"inLanguage\":\"en-US\"},{\"@type\":\"Organization\",\"@id\":\"https:\/\/getama.ee\/en\/#organization\",\"name\":\"Getama O\u00dc\",\"url\":\"https:\/\/getama.ee\/en\/\",\"logo\":{\"@type\":\"ImageObject\",\"inLanguage\":\"en-US\",\"@id\":\"https:\/\/getama.ee\/en\/#\/schema\/logo\/image\/\",\"url\":\"https:\/\/getama.ee\/wp-content\/uploads\/2025\/07\/cropped-Getama-icon.png\",\"contentUrl\":\"https:\/\/getama.ee\/wp-content\/uploads\/2025\/07\/cropped-Getama-icon.png\",\"width\":512,\"height\":512,\"caption\":\"Getama O\u00dc\"},\"image\":{\"@id\":\"https:\/\/getama.ee\/en\/#\/schema\/logo\/image\/\"},\"sameAs\":[\"https:\/\/www.facebook.com\/GetamaOU\",\"https:\/\/www.linkedin.com\/company\/getama\"]}]}<\/script>\n<!-- \/ Yoast SEO plugin. -->","yoast_head_json":{"title":"NSK Flash Pearl puhastuspulber (4 x 300ml) | Getama","description":"NSK Flash Pearl puhastuspulber (4 x 300ml) | Getama","robots":{"index":"index","follow":"follow","max-snippet":"max-snippet:-1","max-image-preview":"max-image-preview:large","max-video-preview":"max-video-preview:-1"},"canonical":"https:\/\/getama.ee\/en\/toode\/nsk-flash-pearl-puhastuspulber\/","og_locale":"en_US","og_type":"article","og_title":"NSK Flash Pearl puhastuspulber (4 x 300ml) | Getama","og_description":"NSK Flash Pearl puhastuspulber (4 x 300ml) | Getama","og_url":"https:\/\/getama.ee\/en\/toode\/nsk-flash-pearl-puhastuspulber\/","og_site_name":"Getama","article_publisher":"https:\/\/www.facebook.com\/GetamaOU","article_modified_time":"2025-09-17T06:53:31+00:00","og_image":[{"width":1000,"height":1000,"url":"https:\/\/getama.ee\/wp-content\/uploads\/2025\/08\/4-4.png","type":"image\/png"}],"twitter_card":"summary_large_image","twitter_misc":{"Est. reading time":"1 minute"},"schema":{"@context":"https:\/\/schema.org","@graph":[{"@type":["WebPage","ItemPage"],"@id":"https:\/\/getama.ee\/en\/toode\/nsk-flash-pearl-puhastuspulber\/","url":"https:\/\/getama.ee\/en\/toode\/nsk-flash-pearl-puhastuspulber\/","name":"NSK Flash Pearl puhastuspulber (4 x 300ml) | Getama","isPartOf":{"@id":"https:\/\/getama.ee\/en\/#website"},"primaryImageOfPage":{"@id":"https:\/\/getama.ee\/en\/toode\/nsk-flash-pearl-puhastuspulber\/#primaryimage"},"image":{"@id":"https:\/\/getama.ee\/en\/toode\/nsk-flash-pearl-puhastuspulber\/#primaryimage"},"thumbnailUrl":"https:\/\/getama.ee\/wp-content\/uploads\/2025\/08\/4-4.png","datePublished":"2025-08-15T09:01:27+00:00","dateModified":"2025-09-17T06:53:31+00:00","description":"NSK Flash Pearl puhastuspulber (4 x 300ml) | Getama","breadcrumb":{"@id":"https:\/\/getama.ee\/en\/toode\/nsk-flash-pearl-puhastuspulber\/#breadcrumb"},"inLanguage":"en-US","potentialAction":[{"@type":"ReadAction","target":["https:\/\/getama.ee\/en\/toode\/nsk-flash-pearl-puhastuspulber\/"]}]},{"@type":"ImageObject","inLanguage":"en-US","@id":"https:\/\/getama.ee\/en\/toode\/nsk-flash-pearl-puhastuspulber\/#primaryimage","url":"https:\/\/getama.ee\/wp-content\/uploads\/2025\/08\/4-4.png","contentUrl":"https:\/\/getama.ee\/wp-content\/uploads\/2025\/08\/4-4.png","width":1000,"height":1000},{"@type":"BreadcrumbList","@id":"https:\/\/getama.ee\/en\/toode\/nsk-flash-pearl-puhastuspulber\/#breadcrumb","itemListElement":[{"@type":"ListItem","position":1,"name":"Esileht","item":"https:\/\/getama.ee\/en\/"},{"@type":"ListItem","position":2,"name":"Pood","item":"https:\/\/getama.ee\/pood\/"},{"@type":"ListItem","position":3,"name":"NSK Flash Pearl puhastuspulber (4 x 300ml)"}]},{"@type":"WebSite","@id":"https:\/\/getama.ee\/en\/#website","url":"https:\/\/getama.ee\/en\/","name":"Getama","description":"Aitame sisustada Sinu hambakliiniku.","publisher":{"@id":"https:\/\/getama.ee\/en\/#organization"},"potentialAction":[{"@type":"SearchAction","target":{"@type":"EntryPoint","urlTemplate":"https:\/\/getama.ee\/en\/?s={search_term_string}"},"query-input":{"@type":"PropertyValueSpecification","valueRequired":true,"valueName":"search_term_string"}}],"inLanguage":"en-US"},{"@type":"Organization","@id":"https:\/\/getama.ee\/en\/#organization","name":"Getama O\u00dc","url":"https:\/\/getama.ee\/en\/","logo":{"@type":"ImageObject","inLanguage":"en-US","@id":"https:\/\/getama.ee\/en\/#\/schema\/logo\/image\/","url":"https:\/\/getama.ee\/wp-content\/uploads\/2025\/07\/cropped-Getama-icon.png","contentUrl":"https:\/\/getama.ee\/wp-content\/uploads\/2025\/07\/cropped-Getama-icon.png","width":512,"height":512,"caption":"Getama O\u00dc"},"image":{"@id":"https:\/\/getama.ee\/en\/#\/schema\/logo\/image\/"},"sameAs":["https:\/\/www.facebook.com\/GetamaOU","https:\/\/www.linkedin.com\/company\/getama"]}]}},"_links":{"self":[{"href":"https:\/\/getama.ee\/en\/wp-json\/wp\/v2\/product\/1524","targetHints":{"allow":["GET"]}}],"collection":[{"href":"https:\/\/getama.ee\/en\/wp-json\/wp\/v2\/product"}],"about":[{"href":"https:\/\/getama.ee\/en\/wp-json\/wp\/v2\/types\/product"}],"replies":[{"embeddable":true,"href":"https:\/\/getama.ee\/en\/wp-json\/wp\/v2\/comments?post=1524"}],"wp:featuredmedia":[{"embeddable":true,"href":"https:\/\/getama.ee\/en\/wp-json\/wp\/v2\/media\/1525"}],"wp:attachment":[{"href":"https:\/\/getama.ee\/en\/wp-json\/wp\/v2\/media?parent=1524"}],"wp:term":[{"taxonomy":"product_brand","embeddable":true,"href":"https:\/\/getama.ee\/en\/wp-json\/wp\/v2\/product_brand?post=1524"},{"taxonomy":"product_cat","embeddable":true,"href":"https:\/\/getama.ee\/en\/wp-json\/wp\/v2\/product_cat?post=1524"},{"taxonomy":"product_tag","embeddable":true,"href":"https:\/\/getama.ee\/en\/wp-json\/wp\/v2\/product_tag?post=1524"}],"curies":[{"name":"wp","href":"https:\/\/api.w.org\/{rel}","templated":true}]}}