{"id":1436,"date":"2025-08-14T14:35:26","date_gmt":"2025-08-14T11:35:26","guid":{"rendered":"https:\/\/getama.ee\/?post_type=product&#038;p=1436"},"modified":"2025-08-14T14:35:26","modified_gmt":"2025-08-14T11:35:26","slug":"woodpecker-ai-endomootor","status":"publish","type":"product","link":"https:\/\/getama.ee\/en\/toode\/woodpecker-ai-endomootor\/","title":{"rendered":"Woodpecker AI Endomootor"},"content":{"rendered":"","protected":false},"excerpt":{"rendered":"<p>Tehisintellektiga endomootor sisseehitatud tipulokaatoriga T-re\u017eiimis &#8211; disaininud dr Yoshi Terrauchi.<\/p>\n<p>AI endomootor on juhtmeta endomootor juurekanali m\u00f5\u00f5tmise v\u00f5imalusega. Seda saab kasutada juurekanalite ettevalmistamiseks ja laiendamiseks v\u00f5i kanali pikkuse m\u00f5\u00f5tmise seadmena. Toode on sobilik kanalite laiendamiseks, j\u00e4lgides samal ajal viili otsa asendit.<\/p>\n<ul>\n<li>T\u00f5hus harjadeta mootor, madal m\u00fcratase, pikk kasutusiga.<\/li>\n<li>Juhtmeta kaasaskantav endomootor kombineeritud pikkuse m\u00e4\u00e4ramisega.<\/li>\n<li>Nurga 360-kraadine p\u00f6\u00f6rlemine;<\/li>\n<li>Reaalajas tagasiside tehnoloogia ja d\u00fcnaamiline p\u00f6\u00f6rdemomendi juhtimine, mis takistavad t\u00f5husalt viili eraldumist. Niipea kui viil j\u00f5uab apikaalse piirini, kuvab ekraan viili reaalajas asukoha kanalis ja peatub automaatselt v\u00f5i p\u00f6\u00f6rab \u00fcmber, et v\u00e4ltida perforatsiooni.<\/li>\n<li>Saadaval on ka automaatse k\u00e4ivitamise ja seiskamise funktsioonid, mis v\u00f5imaldavad mootoril automaatselt k\u00e4ivituda, kui viil on kanalis, ja peatuda, kui see on kanalist v\u00e4ljas.<\/li>\n<li>T-RE\u017dIIM: Enne \u00e4\u00e4rise m\u00f6\u00f6dumist teostab kellakeeramise liigutust fikseeritud 90\u00b0 nurga all ning p\u00e4rast \u00e4\u00e4rise m\u00f6\u00f6dumist liigub edasi-tagasi fikseeritud 180\u00b0 nurga all ja tagasi 90\u00b0 nurga all;<\/li>\n<li>Sisseehitatud apeksilokaator.<\/li>\n<li>Reguleeritav edasi-tagasi liikumisnurk \u2013 (10\u00b0 intervall; reguleerimisvahemik: 20\u2013340\u00b0);<\/li>\n<li>Eesmine raskuskese h\u00f5lpsaks k\u00e4sitsemiseks.<\/li>\n<li>8 mm l\u00e4bim\u00f5\u00f5duga ja 9,7 mm k\u00f5rgusega \u00fcliminipea tagab t\u00f6\u00f6tamise ajal selge n\u00e4htavuse (sobib ideaalselt mikroskoobi all t\u00f6\u00f6tamiseks.<\/li>\n<li>30 sisseehitatud eelprogrammeeritud viilis\u00fcsteemi + 10 kohandatavat programmi.<\/li>\n<li>Laetav 2000 mAh liitiumaku.<\/li>\n<li>6:1 nurkotsak.<\/li>\n<li>Tarkvarauuendus.<\/li>\n<\/ul>\n","protected":false},"featured_media":1443,"comment_status":"open","ping_status":"closed","template":"","meta":{"_acf_changed":false,"_gspb_post_css":""},"product_brand":[54],"product_cat":[35],"product_tag":[],"class_list":{"0":"post-1436","1":"product","2":"type-product","3":"status-publish","4":"has-post-thumbnail","6":"product_brand-woodpecker","7":"product_cat-endodontia","9":"first","10":"instock","11":"taxable","12":"shipping-taxable","13":"purchasable","14":"product-type-simple"},"acf":[],"yoast_head":"<!-- This site is optimized with the Yoast SEO plugin v27.1.1 - https:\/\/yoast.com\/product\/yoast-seo-wordpress\/ -->\n<title>Woodpecker AI Endomootor | Getama<\/title>\n<meta name=\"description\" content=\"Woodpecker AI Endomootor | Getama\" \/>\n<meta name=\"robots\" content=\"index, follow, max-snippet:-1, max-image-preview:large, max-video-preview:-1\" \/>\n<link rel=\"canonical\" href=\"https:\/\/getama.ee\/en\/toode\/woodpecker-ai-endomootor\/\" \/>\n<meta property=\"og:locale\" content=\"en_US\" \/>\n<meta property=\"og:type\" content=\"article\" \/>\n<meta property=\"og:title\" content=\"Woodpecker AI Endomootor | Getama\" \/>\n<meta property=\"og:description\" content=\"Woodpecker AI Endomootor | Getama\" \/>\n<meta property=\"og:url\" content=\"https:\/\/getama.ee\/en\/toode\/woodpecker-ai-endomootor\/\" \/>\n<meta property=\"og:site_name\" content=\"Getama\" \/>\n<meta property=\"article:publisher\" content=\"https:\/\/www.facebook.com\/GetamaOU\" \/>\n<meta property=\"og:image\" content=\"https:\/\/getama.ee\/wp-content\/uploads\/2025\/08\/Woodpecker-AI-Endomootor-2.png\" \/>\n\t<meta property=\"og:image:width\" content=\"1000\" \/>\n\t<meta property=\"og:image:height\" content=\"1000\" \/>\n\t<meta property=\"og:image:type\" content=\"image\/png\" \/>\n<meta name=\"twitter:card\" content=\"summary_large_image\" \/>\n<meta name=\"twitter:label1\" content=\"Est. reading time\" \/>\n\t<meta name=\"twitter:data1\" content=\"1 minute\" \/>\n<script type=\"application\/ld+json\" class=\"yoast-schema-graph\">{\"@context\":\"https:\/\/schema.org\",\"@graph\":[{\"@type\":[\"WebPage\",\"ItemPage\"],\"@id\":\"https:\/\/getama.ee\/en\/toode\/woodpecker-ai-endomootor\/\",\"url\":\"https:\/\/getama.ee\/en\/toode\/woodpecker-ai-endomootor\/\",\"name\":\"Woodpecker AI Endomootor | Getama\",\"isPartOf\":{\"@id\":\"https:\/\/getama.ee\/en\/#website\"},\"primaryImageOfPage\":{\"@id\":\"https:\/\/getama.ee\/en\/toode\/woodpecker-ai-endomootor\/#primaryimage\"},\"image\":{\"@id\":\"https:\/\/getama.ee\/en\/toode\/woodpecker-ai-endomootor\/#primaryimage\"},\"thumbnailUrl\":\"https:\/\/getama.ee\/wp-content\/uploads\/2025\/08\/Woodpecker-AI-Endomootor-2.png\",\"datePublished\":\"2025-08-14T11:35:26+00:00\",\"description\":\"Woodpecker AI Endomootor | Getama\",\"breadcrumb\":{\"@id\":\"https:\/\/getama.ee\/en\/toode\/woodpecker-ai-endomootor\/#breadcrumb\"},\"inLanguage\":\"en-US\",\"potentialAction\":[{\"@type\":\"ReadAction\",\"target\":[\"https:\/\/getama.ee\/en\/toode\/woodpecker-ai-endomootor\/\"]}]},{\"@type\":\"ImageObject\",\"inLanguage\":\"en-US\",\"@id\":\"https:\/\/getama.ee\/en\/toode\/woodpecker-ai-endomootor\/#primaryimage\",\"url\":\"https:\/\/getama.ee\/wp-content\/uploads\/2025\/08\/Woodpecker-AI-Endomootor-2.png\",\"contentUrl\":\"https:\/\/getama.ee\/wp-content\/uploads\/2025\/08\/Woodpecker-AI-Endomootor-2.png\",\"width\":1000,\"height\":1000},{\"@type\":\"BreadcrumbList\",\"@id\":\"https:\/\/getama.ee\/en\/toode\/woodpecker-ai-endomootor\/#breadcrumb\",\"itemListElement\":[{\"@type\":\"ListItem\",\"position\":1,\"name\":\"Esileht\",\"item\":\"https:\/\/getama.ee\/en\/\"},{\"@type\":\"ListItem\",\"position\":2,\"name\":\"Pood\",\"item\":\"https:\/\/getama.ee\/pood\/\"},{\"@type\":\"ListItem\",\"position\":3,\"name\":\"Woodpecker AI Endomootor\"}]},{\"@type\":\"WebSite\",\"@id\":\"https:\/\/getama.ee\/en\/#website\",\"url\":\"https:\/\/getama.ee\/en\/\",\"name\":\"Getama\",\"description\":\"Aitame sisustada Sinu hambakliiniku.\",\"publisher\":{\"@id\":\"https:\/\/getama.ee\/en\/#organization\"},\"potentialAction\":[{\"@type\":\"SearchAction\",\"target\":{\"@type\":\"EntryPoint\",\"urlTemplate\":\"https:\/\/getama.ee\/en\/?s={search_term_string}\"},\"query-input\":{\"@type\":\"PropertyValueSpecification\",\"valueRequired\":true,\"valueName\":\"search_term_string\"}}],\"inLanguage\":\"en-US\"},{\"@type\":\"Organization\",\"@id\":\"https:\/\/getama.ee\/en\/#organization\",\"name\":\"Getama O\u00dc\",\"url\":\"https:\/\/getama.ee\/en\/\",\"logo\":{\"@type\":\"ImageObject\",\"inLanguage\":\"en-US\",\"@id\":\"https:\/\/getama.ee\/en\/#\/schema\/logo\/image\/\",\"url\":\"https:\/\/getama.ee\/wp-content\/uploads\/2025\/07\/cropped-Getama-icon.png\",\"contentUrl\":\"https:\/\/getama.ee\/wp-content\/uploads\/2025\/07\/cropped-Getama-icon.png\",\"width\":512,\"height\":512,\"caption\":\"Getama O\u00dc\"},\"image\":{\"@id\":\"https:\/\/getama.ee\/en\/#\/schema\/logo\/image\/\"},\"sameAs\":[\"https:\/\/www.facebook.com\/GetamaOU\",\"https:\/\/www.linkedin.com\/company\/getama\"]}]}<\/script>\n<!-- \/ Yoast SEO plugin. -->","yoast_head_json":{"title":"Woodpecker AI Endomootor | Getama","description":"Woodpecker AI Endomootor | Getama","robots":{"index":"index","follow":"follow","max-snippet":"max-snippet:-1","max-image-preview":"max-image-preview:large","max-video-preview":"max-video-preview:-1"},"canonical":"https:\/\/getama.ee\/en\/toode\/woodpecker-ai-endomootor\/","og_locale":"en_US","og_type":"article","og_title":"Woodpecker AI Endomootor | Getama","og_description":"Woodpecker AI Endomootor | Getama","og_url":"https:\/\/getama.ee\/en\/toode\/woodpecker-ai-endomootor\/","og_site_name":"Getama","article_publisher":"https:\/\/www.facebook.com\/GetamaOU","og_image":[{"width":1000,"height":1000,"url":"https:\/\/getama.ee\/wp-content\/uploads\/2025\/08\/Woodpecker-AI-Endomootor-2.png","type":"image\/png"}],"twitter_card":"summary_large_image","twitter_misc":{"Est. reading time":"1 minute"},"schema":{"@context":"https:\/\/schema.org","@graph":[{"@type":["WebPage","ItemPage"],"@id":"https:\/\/getama.ee\/en\/toode\/woodpecker-ai-endomootor\/","url":"https:\/\/getama.ee\/en\/toode\/woodpecker-ai-endomootor\/","name":"Woodpecker AI Endomootor | Getama","isPartOf":{"@id":"https:\/\/getama.ee\/en\/#website"},"primaryImageOfPage":{"@id":"https:\/\/getama.ee\/en\/toode\/woodpecker-ai-endomootor\/#primaryimage"},"image":{"@id":"https:\/\/getama.ee\/en\/toode\/woodpecker-ai-endomootor\/#primaryimage"},"thumbnailUrl":"https:\/\/getama.ee\/wp-content\/uploads\/2025\/08\/Woodpecker-AI-Endomootor-2.png","datePublished":"2025-08-14T11:35:26+00:00","description":"Woodpecker AI Endomootor | Getama","breadcrumb":{"@id":"https:\/\/getama.ee\/en\/toode\/woodpecker-ai-endomootor\/#breadcrumb"},"inLanguage":"en-US","potentialAction":[{"@type":"ReadAction","target":["https:\/\/getama.ee\/en\/toode\/woodpecker-ai-endomootor\/"]}]},{"@type":"ImageObject","inLanguage":"en-US","@id":"https:\/\/getama.ee\/en\/toode\/woodpecker-ai-endomootor\/#primaryimage","url":"https:\/\/getama.ee\/wp-content\/uploads\/2025\/08\/Woodpecker-AI-Endomootor-2.png","contentUrl":"https:\/\/getama.ee\/wp-content\/uploads\/2025\/08\/Woodpecker-AI-Endomootor-2.png","width":1000,"height":1000},{"@type":"BreadcrumbList","@id":"https:\/\/getama.ee\/en\/toode\/woodpecker-ai-endomootor\/#breadcrumb","itemListElement":[{"@type":"ListItem","position":1,"name":"Esileht","item":"https:\/\/getama.ee\/en\/"},{"@type":"ListItem","position":2,"name":"Pood","item":"https:\/\/getama.ee\/pood\/"},{"@type":"ListItem","position":3,"name":"Woodpecker AI Endomootor"}]},{"@type":"WebSite","@id":"https:\/\/getama.ee\/en\/#website","url":"https:\/\/getama.ee\/en\/","name":"Getama","description":"Aitame sisustada Sinu hambakliiniku.","publisher":{"@id":"https:\/\/getama.ee\/en\/#organization"},"potentialAction":[{"@type":"SearchAction","target":{"@type":"EntryPoint","urlTemplate":"https:\/\/getama.ee\/en\/?s={search_term_string}"},"query-input":{"@type":"PropertyValueSpecification","valueRequired":true,"valueName":"search_term_string"}}],"inLanguage":"en-US"},{"@type":"Organization","@id":"https:\/\/getama.ee\/en\/#organization","name":"Getama O\u00dc","url":"https:\/\/getama.ee\/en\/","logo":{"@type":"ImageObject","inLanguage":"en-US","@id":"https:\/\/getama.ee\/en\/#\/schema\/logo\/image\/","url":"https:\/\/getama.ee\/wp-content\/uploads\/2025\/07\/cropped-Getama-icon.png","contentUrl":"https:\/\/getama.ee\/wp-content\/uploads\/2025\/07\/cropped-Getama-icon.png","width":512,"height":512,"caption":"Getama O\u00dc"},"image":{"@id":"https:\/\/getama.ee\/en\/#\/schema\/logo\/image\/"},"sameAs":["https:\/\/www.facebook.com\/GetamaOU","https:\/\/www.linkedin.com\/company\/getama"]}]}},"_links":{"self":[{"href":"https:\/\/getama.ee\/en\/wp-json\/wp\/v2\/product\/1436","targetHints":{"allow":["GET"]}}],"collection":[{"href":"https:\/\/getama.ee\/en\/wp-json\/wp\/v2\/product"}],"about":[{"href":"https:\/\/getama.ee\/en\/wp-json\/wp\/v2\/types\/product"}],"replies":[{"embeddable":true,"href":"https:\/\/getama.ee\/en\/wp-json\/wp\/v2\/comments?post=1436"}],"wp:featuredmedia":[{"embeddable":true,"href":"https:\/\/getama.ee\/en\/wp-json\/wp\/v2\/media\/1443"}],"wp:attachment":[{"href":"https:\/\/getama.ee\/en\/wp-json\/wp\/v2\/media?parent=1436"}],"wp:term":[{"taxonomy":"product_brand","embeddable":true,"href":"https:\/\/getama.ee\/en\/wp-json\/wp\/v2\/product_brand?post=1436"},{"taxonomy":"product_cat","embeddable":true,"href":"https:\/\/getama.ee\/en\/wp-json\/wp\/v2\/product_cat?post=1436"},{"taxonomy":"product_tag","embeddable":true,"href":"https:\/\/getama.ee\/en\/wp-json\/wp\/v2\/product_tag?post=1436"}],"curies":[{"name":"wp","href":"https:\/\/api.w.org\/{rel}","templated":true}]}}