{"id":1412,"date":"2025-08-14T12:59:29","date_gmt":"2025-08-14T09:59:29","guid":{"rendered":"https:\/\/getama.ee\/?post_type=product&#038;p=1412"},"modified":"2025-10-13T11:32:08","modified_gmt":"2025-10-13T08:32:08","slug":"autoklaav-euronda-e10","status":"publish","type":"product","link":"https:\/\/getama.ee\/en\/toode\/autoklaav-euronda-e10\/","title":{"rendered":"Autoklaav Euronda E10"},"content":{"rendered":"","protected":false},"excerpt":{"rendered":"<p>Intuitiivne, j\u00e4lgitav ja suure j\u00f5udlusega &#8211; E10 v\u00f5imaldab steriliseerimisandmete t\u00e4ielikku ja \u00fchendatud haldamist parimate digitaalsete ja paberip\u00f5histe j\u00e4lgitavuss\u00fcsteemide abil.<\/p>\n<ul>\n<li>V\u00e4rviline LED-valgustus, lihtsustatud esik\u00fclgne juurdep\u00e4\u00e4s ja esik\u00fcljel olev \u00e4ravool<\/li>\n<li>E-Help funktsioon juhendab, milline steriliseerimists\u00fckkel sobib konkreetsete instrumentide jaoks.<\/li>\n<li>5 erinevat B-ts\u00fcklit ja p\u00e4rast parooli sisestamist 1 S- ja N-ts\u00fcklit, lisaks ts\u00fcklitele saab programmeerida ka teste aja optimeerimiseks.<\/li>\n<li>Paremini ligip\u00e4\u00e4setav printerisaht esik\u00fcljel asuva USB-pordiga<\/li>\n<li>E-Light LED-valgustus k\u00e4epideme juures muudab v\u00e4rvi vastavalt steriliseerimisprotsessi etapile.<\/li>\n<li>Tasuta E-Data tarkvara abil saab k\u00f5ik ts\u00fckliandmed mugavalt arvutisse edastada ja hallata \u2013 seda toetavad standardvarustuses olevad USB- ja Ethernet-\u00fchendused. Sisseehitatud WiFi tagab t\u00e4ieliku digitaalj\u00e4lgitavuse.<\/li>\n<li>Juhtivusm\u00f5\u00f5tur kontrollib veekvaliteeti, samas kui mustuse eemalduss\u00fcsteem juhib saasteained vees\u00fcsteemist v\u00e4lja, hoides E10 t\u00f6\u00f6 alati ohutu ja puhtana.<\/li>\n<\/ul>\n","protected":false},"featured_media":1413,"comment_status":"open","ping_status":"closed","template":"","meta":{"_acf_changed":false,"_gspb_post_css":""},"product_brand":[50],"product_cat":[26],"product_tag":[],"class_list":{"0":"post-1412","1":"product","2":"type-product","3":"status-publish","4":"has-post-thumbnail","6":"product_brand-euronda","7":"product_cat-sterilisatsiooniseadmed","9":"first","10":"instock","11":"taxable","12":"shipping-taxable","13":"purchasable","14":"product-type-variable","15":"has-default-attributes"},"acf":[],"yoast_head":"<!-- This site is optimized with the Yoast SEO plugin v27.1.1 - https:\/\/yoast.com\/product\/yoast-seo-wordpress\/ -->\n<title>Autoklaav Euronda E10 | Getama<\/title>\n<meta name=\"description\" content=\"Autoklaav Euronda E10 | Getama\" \/>\n<meta name=\"robots\" content=\"index, follow, max-snippet:-1, max-image-preview:large, max-video-preview:-1\" \/>\n<link rel=\"canonical\" href=\"https:\/\/getama.ee\/en\/toode\/autoklaav-euronda-e10\/\" \/>\n<meta property=\"og:locale\" content=\"en_US\" \/>\n<meta property=\"og:type\" content=\"article\" \/>\n<meta property=\"og:title\" content=\"Autoklaav Euronda E10 | Getama\" \/>\n<meta property=\"og:description\" content=\"Autoklaav Euronda E10 | Getama\" \/>\n<meta property=\"og:url\" content=\"https:\/\/getama.ee\/en\/toode\/autoklaav-euronda-e10\/\" \/>\n<meta property=\"og:site_name\" content=\"Getama\" \/>\n<meta property=\"article:publisher\" content=\"https:\/\/www.facebook.com\/GetamaOU\" \/>\n<meta property=\"article:modified_time\" content=\"2025-10-13T08:32:08+00:00\" \/>\n<meta property=\"og:image\" content=\"https:\/\/getama.ee\/wp-content\/uploads\/2025\/08\/1.png\" \/>\n\t<meta property=\"og:image:width\" content=\"1000\" \/>\n\t<meta property=\"og:image:height\" content=\"1000\" \/>\n\t<meta property=\"og:image:type\" content=\"image\/png\" \/>\n<meta name=\"twitter:card\" content=\"summary_large_image\" \/>\n<meta name=\"twitter:label1\" content=\"Est. reading time\" \/>\n\t<meta name=\"twitter:data1\" content=\"1 minute\" \/>\n<script type=\"application\/ld+json\" class=\"yoast-schema-graph\">{\"@context\":\"https:\/\/schema.org\",\"@graph\":[{\"@type\":[\"WebPage\",\"ItemPage\"],\"@id\":\"https:\/\/getama.ee\/en\/toode\/autoklaav-euronda-e10\/\",\"url\":\"https:\/\/getama.ee\/en\/toode\/autoklaav-euronda-e10\/\",\"name\":\"Autoklaav Euronda E10 | Getama\",\"isPartOf\":{\"@id\":\"https:\/\/getama.ee\/en\/#website\"},\"primaryImageOfPage\":{\"@id\":\"https:\/\/getama.ee\/en\/toode\/autoklaav-euronda-e10\/#primaryimage\"},\"image\":{\"@id\":\"https:\/\/getama.ee\/en\/toode\/autoklaav-euronda-e10\/#primaryimage\"},\"thumbnailUrl\":\"https:\/\/getama.ee\/wp-content\/uploads\/2025\/08\/1.png\",\"datePublished\":\"2025-08-14T09:59:29+00:00\",\"dateModified\":\"2025-10-13T08:32:08+00:00\",\"description\":\"Autoklaav Euronda E10 | Getama\",\"breadcrumb\":{\"@id\":\"https:\/\/getama.ee\/en\/toode\/autoklaav-euronda-e10\/#breadcrumb\"},\"inLanguage\":\"en-US\",\"potentialAction\":[{\"@type\":\"ReadAction\",\"target\":[\"https:\/\/getama.ee\/en\/toode\/autoklaav-euronda-e10\/\"]}]},{\"@type\":\"ImageObject\",\"inLanguage\":\"en-US\",\"@id\":\"https:\/\/getama.ee\/en\/toode\/autoklaav-euronda-e10\/#primaryimage\",\"url\":\"https:\/\/getama.ee\/wp-content\/uploads\/2025\/08\/1.png\",\"contentUrl\":\"https:\/\/getama.ee\/wp-content\/uploads\/2025\/08\/1.png\",\"width\":1000,\"height\":1000},{\"@type\":\"BreadcrumbList\",\"@id\":\"https:\/\/getama.ee\/en\/toode\/autoklaav-euronda-e10\/#breadcrumb\",\"itemListElement\":[{\"@type\":\"ListItem\",\"position\":1,\"name\":\"Esileht\",\"item\":\"https:\/\/getama.ee\/en\/\"},{\"@type\":\"ListItem\",\"position\":2,\"name\":\"Pood\",\"item\":\"https:\/\/getama.ee\/pood\/\"},{\"@type\":\"ListItem\",\"position\":3,\"name\":\"Autoklaav Euronda E10\"}]},{\"@type\":\"WebSite\",\"@id\":\"https:\/\/getama.ee\/en\/#website\",\"url\":\"https:\/\/getama.ee\/en\/\",\"name\":\"Getama\",\"description\":\"Aitame sisustada Sinu hambakliiniku.\",\"publisher\":{\"@id\":\"https:\/\/getama.ee\/en\/#organization\"},\"potentialAction\":[{\"@type\":\"SearchAction\",\"target\":{\"@type\":\"EntryPoint\",\"urlTemplate\":\"https:\/\/getama.ee\/en\/?s={search_term_string}\"},\"query-input\":{\"@type\":\"PropertyValueSpecification\",\"valueRequired\":true,\"valueName\":\"search_term_string\"}}],\"inLanguage\":\"en-US\"},{\"@type\":\"Organization\",\"@id\":\"https:\/\/getama.ee\/en\/#organization\",\"name\":\"Getama O\u00dc\",\"url\":\"https:\/\/getama.ee\/en\/\",\"logo\":{\"@type\":\"ImageObject\",\"inLanguage\":\"en-US\",\"@id\":\"https:\/\/getama.ee\/en\/#\/schema\/logo\/image\/\",\"url\":\"https:\/\/getama.ee\/wp-content\/uploads\/2025\/07\/cropped-Getama-icon.png\",\"contentUrl\":\"https:\/\/getama.ee\/wp-content\/uploads\/2025\/07\/cropped-Getama-icon.png\",\"width\":512,\"height\":512,\"caption\":\"Getama O\u00dc\"},\"image\":{\"@id\":\"https:\/\/getama.ee\/en\/#\/schema\/logo\/image\/\"},\"sameAs\":[\"https:\/\/www.facebook.com\/GetamaOU\",\"https:\/\/www.linkedin.com\/company\/getama\"]}]}<\/script>\n<!-- \/ Yoast SEO plugin. -->","yoast_head_json":{"title":"Autoklaav Euronda E10 | Getama","description":"Autoklaav Euronda E10 | Getama","robots":{"index":"index","follow":"follow","max-snippet":"max-snippet:-1","max-image-preview":"max-image-preview:large","max-video-preview":"max-video-preview:-1"},"canonical":"https:\/\/getama.ee\/en\/toode\/autoklaav-euronda-e10\/","og_locale":"en_US","og_type":"article","og_title":"Autoklaav Euronda E10 | Getama","og_description":"Autoklaav Euronda E10 | Getama","og_url":"https:\/\/getama.ee\/en\/toode\/autoklaav-euronda-e10\/","og_site_name":"Getama","article_publisher":"https:\/\/www.facebook.com\/GetamaOU","article_modified_time":"2025-10-13T08:32:08+00:00","og_image":[{"width":1000,"height":1000,"url":"https:\/\/getama.ee\/wp-content\/uploads\/2025\/08\/1.png","type":"image\/png"}],"twitter_card":"summary_large_image","twitter_misc":{"Est. reading time":"1 minute"},"schema":{"@context":"https:\/\/schema.org","@graph":[{"@type":["WebPage","ItemPage"],"@id":"https:\/\/getama.ee\/en\/toode\/autoklaav-euronda-e10\/","url":"https:\/\/getama.ee\/en\/toode\/autoklaav-euronda-e10\/","name":"Autoklaav Euronda E10 | Getama","isPartOf":{"@id":"https:\/\/getama.ee\/en\/#website"},"primaryImageOfPage":{"@id":"https:\/\/getama.ee\/en\/toode\/autoklaav-euronda-e10\/#primaryimage"},"image":{"@id":"https:\/\/getama.ee\/en\/toode\/autoklaav-euronda-e10\/#primaryimage"},"thumbnailUrl":"https:\/\/getama.ee\/wp-content\/uploads\/2025\/08\/1.png","datePublished":"2025-08-14T09:59:29+00:00","dateModified":"2025-10-13T08:32:08+00:00","description":"Autoklaav Euronda E10 | Getama","breadcrumb":{"@id":"https:\/\/getama.ee\/en\/toode\/autoklaav-euronda-e10\/#breadcrumb"},"inLanguage":"en-US","potentialAction":[{"@type":"ReadAction","target":["https:\/\/getama.ee\/en\/toode\/autoklaav-euronda-e10\/"]}]},{"@type":"ImageObject","inLanguage":"en-US","@id":"https:\/\/getama.ee\/en\/toode\/autoklaav-euronda-e10\/#primaryimage","url":"https:\/\/getama.ee\/wp-content\/uploads\/2025\/08\/1.png","contentUrl":"https:\/\/getama.ee\/wp-content\/uploads\/2025\/08\/1.png","width":1000,"height":1000},{"@type":"BreadcrumbList","@id":"https:\/\/getama.ee\/en\/toode\/autoklaav-euronda-e10\/#breadcrumb","itemListElement":[{"@type":"ListItem","position":1,"name":"Esileht","item":"https:\/\/getama.ee\/en\/"},{"@type":"ListItem","position":2,"name":"Pood","item":"https:\/\/getama.ee\/pood\/"},{"@type":"ListItem","position":3,"name":"Autoklaav Euronda E10"}]},{"@type":"WebSite","@id":"https:\/\/getama.ee\/en\/#website","url":"https:\/\/getama.ee\/en\/","name":"Getama","description":"Aitame sisustada Sinu hambakliiniku.","publisher":{"@id":"https:\/\/getama.ee\/en\/#organization"},"potentialAction":[{"@type":"SearchAction","target":{"@type":"EntryPoint","urlTemplate":"https:\/\/getama.ee\/en\/?s={search_term_string}"},"query-input":{"@type":"PropertyValueSpecification","valueRequired":true,"valueName":"search_term_string"}}],"inLanguage":"en-US"},{"@type":"Organization","@id":"https:\/\/getama.ee\/en\/#organization","name":"Getama O\u00dc","url":"https:\/\/getama.ee\/en\/","logo":{"@type":"ImageObject","inLanguage":"en-US","@id":"https:\/\/getama.ee\/en\/#\/schema\/logo\/image\/","url":"https:\/\/getama.ee\/wp-content\/uploads\/2025\/07\/cropped-Getama-icon.png","contentUrl":"https:\/\/getama.ee\/wp-content\/uploads\/2025\/07\/cropped-Getama-icon.png","width":512,"height":512,"caption":"Getama O\u00dc"},"image":{"@id":"https:\/\/getama.ee\/en\/#\/schema\/logo\/image\/"},"sameAs":["https:\/\/www.facebook.com\/GetamaOU","https:\/\/www.linkedin.com\/company\/getama"]}]}},"_links":{"self":[{"href":"https:\/\/getama.ee\/en\/wp-json\/wp\/v2\/product\/1412","targetHints":{"allow":["GET"]}}],"collection":[{"href":"https:\/\/getama.ee\/en\/wp-json\/wp\/v2\/product"}],"about":[{"href":"https:\/\/getama.ee\/en\/wp-json\/wp\/v2\/types\/product"}],"replies":[{"embeddable":true,"href":"https:\/\/getama.ee\/en\/wp-json\/wp\/v2\/comments?post=1412"}],"wp:featuredmedia":[{"embeddable":true,"href":"https:\/\/getama.ee\/en\/wp-json\/wp\/v2\/media\/1413"}],"wp:attachment":[{"href":"https:\/\/getama.ee\/en\/wp-json\/wp\/v2\/media?parent=1412"}],"wp:term":[{"taxonomy":"product_brand","embeddable":true,"href":"https:\/\/getama.ee\/en\/wp-json\/wp\/v2\/product_brand?post=1412"},{"taxonomy":"product_cat","embeddable":true,"href":"https:\/\/getama.ee\/en\/wp-json\/wp\/v2\/product_cat?post=1412"},{"taxonomy":"product_tag","embeddable":true,"href":"https:\/\/getama.ee\/en\/wp-json\/wp\/v2\/product_tag?post=1412"}],"curies":[{"name":"wp","href":"https:\/\/api.w.org\/{rel}","templated":true}]}}