{"id":1351,"date":"2025-08-12T10:50:20","date_gmt":"2025-08-12T07:50:20","guid":{"rendered":"https:\/\/getama.ee\/?post_type=product&#038;p=1351"},"modified":"2025-09-17T09:50:49","modified_gmt":"2025-09-17T06:50:49","slug":"ems-air-flow-plus-puhastuspulber-400g","status":"publish","type":"product","link":"https:\/\/getama.ee\/en\/toode\/ems-air-flow-plus-puhastuspulber-400g\/","title":{"rendered":"EMS Air-Flow Plus puhastuspulber (400g)"},"content":{"rendered":"","protected":false},"excerpt":{"rendered":"<p id=\"tw-target-text\" class=\"tw-data-text tw-text-large tw-ta\" dir=\"ltr\" data-placeholder=\"T\u00f5lge\" data-ved=\"2ahUKEwis__bf3oSPAxUQHhAIHZf8PMkQ3ewLegQIChAW\" aria-label=\"T\u00f5lgitud tekst: \u2022 EMS AIRFLOW\u00ae PLUS pulbrit arendab ja toodab eksklusiivselt EMS \/ Dr. Wittman oma keemialaborite pideva kontrolli all Nyonis (\u0160veitsis) ja Zwingenbergis (Saksamaal). \u2022 Nutikate pulbrite juhtiv p\u00f5lvkond ainulaadses ja uues alumiiniumpudeli disainis, mis tagab kiire ja sujuva pulbrikambri t\u00e4itmise, pikaajalise j\u00e4tkusuutlikkuse ja keskkonnas\u00f5braliku lahenduse. \u2022 AINUS ja ainulaadne er\u00fctritool + CHX (kloorheksidiindigl\u00fckonaat) patenteeritud valem K\u00d5IGILE kliinilistele rakendustele ja K\u00d5IGILE patsientidele. Er\u00fctritoolip\u00f5hine AIRFLOW\u00ae PLUS pulber on kliiniliselt t\u00f5estatud, et eemaldab supra- ja subgingivaalse biokile suurima efektiivsusega ja tagab patsiendi maksimaalse mugavuse (Ng E jt, Mensi M jt, 2018). \u2022 CHX s\u00e4ilitusaine on h\u00fcpoallergeenne, see suurendab pulbri mitmek\u00fclgsust ja annab patsientidele AIRFLOW\u00ae-ravi ajal neutraalse maitse. \u2022 N\u00fc\u00fcd ainulaadses ja kvaliteetses toidukvaliteediga alumiiniumpudeli disainis, mis tagab niiskusvaba s\u00e4ilitamise ja v\u00e4hendab keskkonnam\u00f5ju. \u2022 Alumiiniumpudel kaitseb AIRFLOW\u00ae PLUS pulbrit niiskuse ja meie kliente ebaseaduslike koopiate eest. \u2022 BPA-vaba!\"><span class=\"Y2IQFc\" lang=\"et\">EMS AIRFLOW\u00ae PLUS pulbrit arendab ja toodab eksklusiivselt EMS \/ Dr. Wittman oma keemialaborite pideva kontrolli all Nyonis (\u0160veitsis) ja Zwingenbergis (Saksamaal). \u00a0Nutikate pulbrite juhtiv p\u00f5lvkond ainulaadses ja uues alumiiniumpudeli disainis, mis tagab kiire ja sujuva pulbrikambri t\u00e4itmise, pikaajalise j\u00e4tkusuutlikkuse ja keskkonnas\u00f5braliku lahenduse. \u00a0<\/span><\/p>\n<ul>\n<li class=\"tw-data-text tw-text-large tw-ta\" dir=\"ltr\" data-placeholder=\"T\u00f5lge\" data-ved=\"2ahUKEwis__bf3oSPAxUQHhAIHZf8PMkQ3ewLegQIChAW\" aria-label=\"T\u00f5lgitud tekst: \u2022 EMS AIRFLOW\u00ae PLUS pulbrit arendab ja toodab eksklusiivselt EMS \/ Dr. Wittman oma keemialaborite pideva kontrolli all Nyonis (\u0160veitsis) ja Zwingenbergis (Saksamaal). \u2022 Nutikate pulbrite juhtiv p\u00f5lvkond ainulaadses ja uues alumiiniumpudeli disainis, mis tagab kiire ja sujuva pulbrikambri t\u00e4itmise, pikaajalise j\u00e4tkusuutlikkuse ja keskkonnas\u00f5braliku lahenduse. \u2022 AINUS ja ainulaadne er\u00fctritool + CHX (kloorheksidiindigl\u00fckonaat) patenteeritud valem K\u00d5IGILE kliinilistele rakendustele ja K\u00d5IGILE patsientidele. Er\u00fctritoolip\u00f5hine AIRFLOW\u00ae PLUS pulber on kliiniliselt t\u00f5estatud, et eemaldab supra- ja subgingivaalse biokile suurima efektiivsusega ja tagab patsiendi maksimaalse mugavuse (Ng E jt, Mensi M jt, 2018). \u2022 CHX s\u00e4ilitusaine on h\u00fcpoallergeenne, see suurendab pulbri mitmek\u00fclgsust ja annab patsientidele AIRFLOW\u00ae-ravi ajal neutraalse maitse. \u2022 N\u00fc\u00fcd ainulaadses ja kvaliteetses toidukvaliteediga alumiiniumpudeli disainis, mis tagab niiskusvaba s\u00e4ilitamise ja v\u00e4hendab keskkonnam\u00f5ju. \u2022 Alumiiniumpudel kaitseb AIRFLOW\u00ae PLUS pulbrit niiskuse ja meie kliente ebaseaduslike koopiate eest. \u2022 BPA-vaba!\"><span class=\"Y2IQFc\" lang=\"et\"><span class=\"Y2IQFc\" lang=\"et\">Ainus ja ainulaadne er\u00fctritool + CHX (kloorheksidiindigl\u00fckonaat) patenteeritud valem k\u00f5igile kliinilistele rakendustele ja patsientidele.<\/span><\/span><\/li>\n<li><span class=\"Y2IQFc\" lang=\"et\"><span class=\"Y2IQFc\" lang=\"et\"> Er\u00fctritoolip\u00f5hine AIRFLOW\u00ae PLUS pulber on kliiniliselt t\u00f5estatud, et eemaldab supra- ja subgingivaalse biokile suurima efektiivsusega ja tagab patsiendi maksimaalse mugavuse (Ng E jt, Mensi M jt, 2018).<\/span><\/span><\/li>\n<li><span class=\"Y2IQFc\" lang=\"et\"><span class=\"Y2IQFc\" lang=\"et\">CHX s\u00e4ilitusaine on h\u00fcpoallergeenne, see suurendab pulbri mitmek\u00fclgsust ja annab patsientidele AIRFLOW\u00ae-ravi ajal neutraalse maitse.<\/span><\/span><\/li>\n<li><span class=\"Y2IQFc\" lang=\"et\"><span class=\"Y2IQFc\" lang=\"et\">N\u00fc\u00fcd ainulaadses ja kvaliteetses toidukvaliteediga alumiiniumpudeli disainis, mis tagab niiskusvaba s\u00e4ilitamise ja v\u00e4hendab keskkonnam\u00f5ju.<\/span><\/span><\/li>\n<li><span class=\"Y2IQFc\" lang=\"et\"><span class=\"Y2IQFc\" lang=\"et\">Alumiiniumpudel kaitseb AIRFLOW\u00ae PLUS pulbrit niiskuse ja meie kliente ebaseaduslike koopiate eest.<\/span><\/span><\/li>\n<li><span class=\"Y2IQFc\" lang=\"et\">BPA-vaba<\/span><\/li>\n<\/ul>\n","protected":false},"featured_media":1462,"comment_status":"open","ping_status":"closed","template":"","meta":{"_acf_changed":false,"_gspb_post_css":""},"product_brand":[100],"product_cat":[34,70],"product_tag":[],"class_list":{"0":"post-1351","1":"product","2":"type-product","3":"status-publish","4":"has-post-thumbnail","6":"product_brand-ems","7":"product_cat-profulaktikatooted","8":"product_cat-puhastuspulbrid","10":"first","11":"instock","12":"taxable","13":"shipping-taxable","14":"purchasable","15":"product-type-simple"},"acf":[],"yoast_head":"<!-- This site is optimized with the Yoast SEO plugin v27.1.1 - https:\/\/yoast.com\/product\/yoast-seo-wordpress\/ -->\n<title>EMS Air-Flow Plus puhastuspulber (400g) | Getama<\/title>\n<meta name=\"description\" content=\"EMS AIRFLOW\u00ae PLUS pulbrit arendab ja toodab eksklusiivselt EMS \/ Dr. Wittman oma keemialaborite pideva kontrolli all Nyonis (\u0160veitsis) ja Zwingenbergis (Saksamaal). Nutikate pulbrite juhtiv p\u00f5lvkond ainulaadses ja uues alumiiniumpudeli disainis, mis tagab kiire ja sujuva pulbrikambri t\u00e4itmise, pikaajalise j\u00e4tkusuutlikkuse ja keskkonnas\u00f5braliku lahenduse.\" \/>\n<meta name=\"robots\" content=\"index, follow, max-snippet:-1, max-image-preview:large, max-video-preview:-1\" \/>\n<link rel=\"canonical\" href=\"https:\/\/getama.ee\/en\/toode\/ems-air-flow-plus-puhastuspulber-400g\/\" \/>\n<meta property=\"og:locale\" content=\"en_US\" \/>\n<meta property=\"og:type\" content=\"article\" \/>\n<meta property=\"og:title\" content=\"EMS Air-Flow Plus puhastuspulber (400g) | Getama\" \/>\n<meta property=\"og:description\" content=\"EMS AIRFLOW\u00ae PLUS pulbrit arendab ja toodab eksklusiivselt EMS \/ Dr. Wittman oma keemialaborite pideva kontrolli all Nyonis (\u0160veitsis) ja Zwingenbergis (Saksamaal). Nutikate pulbrite juhtiv p\u00f5lvkond ainulaadses ja uues alumiiniumpudeli disainis, mis tagab kiire ja sujuva pulbrikambri t\u00e4itmise, pikaajalise j\u00e4tkusuutlikkuse ja keskkonnas\u00f5braliku lahenduse.\" \/>\n<meta property=\"og:url\" content=\"https:\/\/getama.ee\/en\/toode\/ems-air-flow-plus-puhastuspulber-400g\/\" \/>\n<meta property=\"og:site_name\" content=\"Getama\" \/>\n<meta property=\"article:publisher\" content=\"https:\/\/www.facebook.com\/GetamaOU\" \/>\n<meta property=\"article:modified_time\" content=\"2025-09-17T06:50:49+00:00\" \/>\n<meta property=\"og:image\" content=\"https:\/\/getama.ee\/wp-content\/uploads\/2025\/08\/EMS-Air-Flow-Plus-puhastuspulber-400g-1.png\" \/>\n\t<meta property=\"og:image:width\" content=\"1000\" \/>\n\t<meta property=\"og:image:height\" content=\"1000\" \/>\n\t<meta property=\"og:image:type\" content=\"image\/png\" \/>\n<meta name=\"twitter:card\" content=\"summary_large_image\" \/>\n<meta name=\"twitter:label1\" content=\"Est. reading time\" \/>\n\t<meta name=\"twitter:data1\" content=\"1 minute\" \/>\n<script type=\"application\/ld+json\" class=\"yoast-schema-graph\">{\"@context\":\"https:\/\/schema.org\",\"@graph\":[{\"@type\":[\"WebPage\",\"ItemPage\"],\"@id\":\"https:\/\/getama.ee\/en\/toode\/ems-air-flow-plus-puhastuspulber-400g\/\",\"url\":\"https:\/\/getama.ee\/en\/toode\/ems-air-flow-plus-puhastuspulber-400g\/\",\"name\":\"EMS Air-Flow Plus puhastuspulber (400g) | Getama\",\"isPartOf\":{\"@id\":\"https:\/\/getama.ee\/en\/#website\"},\"primaryImageOfPage\":{\"@id\":\"https:\/\/getama.ee\/en\/toode\/ems-air-flow-plus-puhastuspulber-400g\/#primaryimage\"},\"image\":{\"@id\":\"https:\/\/getama.ee\/en\/toode\/ems-air-flow-plus-puhastuspulber-400g\/#primaryimage\"},\"thumbnailUrl\":\"https:\/\/getama.ee\/wp-content\/uploads\/2025\/08\/EMS-Air-Flow-Plus-puhastuspulber-400g-1.png\",\"datePublished\":\"2025-08-12T07:50:20+00:00\",\"dateModified\":\"2025-09-17T06:50:49+00:00\",\"description\":\"EMS AIRFLOW\u00ae PLUS pulbrit arendab ja toodab eksklusiivselt EMS \/ Dr. Wittman oma keemialaborite pideva kontrolli all Nyonis (\u0160veitsis) ja Zwingenbergis (Saksamaal). Nutikate pulbrite juhtiv p\u00f5lvkond ainulaadses ja uues alumiiniumpudeli disainis, mis tagab kiire ja sujuva pulbrikambri t\u00e4itmise, pikaajalise j\u00e4tkusuutlikkuse ja keskkonnas\u00f5braliku lahenduse.\",\"breadcrumb\":{\"@id\":\"https:\/\/getama.ee\/en\/toode\/ems-air-flow-plus-puhastuspulber-400g\/#breadcrumb\"},\"inLanguage\":\"en-US\",\"potentialAction\":[{\"@type\":\"ReadAction\",\"target\":[\"https:\/\/getama.ee\/en\/toode\/ems-air-flow-plus-puhastuspulber-400g\/\"]}]},{\"@type\":\"ImageObject\",\"inLanguage\":\"en-US\",\"@id\":\"https:\/\/getama.ee\/en\/toode\/ems-air-flow-plus-puhastuspulber-400g\/#primaryimage\",\"url\":\"https:\/\/getama.ee\/wp-content\/uploads\/2025\/08\/EMS-Air-Flow-Plus-puhastuspulber-400g-1.png\",\"contentUrl\":\"https:\/\/getama.ee\/wp-content\/uploads\/2025\/08\/EMS-Air-Flow-Plus-puhastuspulber-400g-1.png\",\"width\":1000,\"height\":1000},{\"@type\":\"BreadcrumbList\",\"@id\":\"https:\/\/getama.ee\/en\/toode\/ems-air-flow-plus-puhastuspulber-400g\/#breadcrumb\",\"itemListElement\":[{\"@type\":\"ListItem\",\"position\":1,\"name\":\"Esileht\",\"item\":\"https:\/\/getama.ee\/en\/\"},{\"@type\":\"ListItem\",\"position\":2,\"name\":\"Pood\",\"item\":\"https:\/\/getama.ee\/pood\/\"},{\"@type\":\"ListItem\",\"position\":3,\"name\":\"EMS Air-Flow Plus puhastuspulber (400g)\"}]},{\"@type\":\"WebSite\",\"@id\":\"https:\/\/getama.ee\/en\/#website\",\"url\":\"https:\/\/getama.ee\/en\/\",\"name\":\"Getama\",\"description\":\"Aitame sisustada Sinu hambakliiniku.\",\"publisher\":{\"@id\":\"https:\/\/getama.ee\/en\/#organization\"},\"potentialAction\":[{\"@type\":\"SearchAction\",\"target\":{\"@type\":\"EntryPoint\",\"urlTemplate\":\"https:\/\/getama.ee\/en\/?s={search_term_string}\"},\"query-input\":{\"@type\":\"PropertyValueSpecification\",\"valueRequired\":true,\"valueName\":\"search_term_string\"}}],\"inLanguage\":\"en-US\"},{\"@type\":\"Organization\",\"@id\":\"https:\/\/getama.ee\/en\/#organization\",\"name\":\"Getama O\u00dc\",\"url\":\"https:\/\/getama.ee\/en\/\",\"logo\":{\"@type\":\"ImageObject\",\"inLanguage\":\"en-US\",\"@id\":\"https:\/\/getama.ee\/en\/#\/schema\/logo\/image\/\",\"url\":\"https:\/\/getama.ee\/wp-content\/uploads\/2025\/07\/cropped-Getama-icon.png\",\"contentUrl\":\"https:\/\/getama.ee\/wp-content\/uploads\/2025\/07\/cropped-Getama-icon.png\",\"width\":512,\"height\":512,\"caption\":\"Getama O\u00dc\"},\"image\":{\"@id\":\"https:\/\/getama.ee\/en\/#\/schema\/logo\/image\/\"},\"sameAs\":[\"https:\/\/www.facebook.com\/GetamaOU\",\"https:\/\/www.linkedin.com\/company\/getama\"]}]}<\/script>\n<!-- \/ Yoast SEO plugin. -->","yoast_head_json":{"title":"EMS Air-Flow Plus puhastuspulber (400g) | Getama","description":"EMS AIRFLOW\u00ae PLUS pulbrit arendab ja toodab eksklusiivselt EMS \/ Dr. Wittman oma keemialaborite pideva kontrolli all Nyonis (\u0160veitsis) ja Zwingenbergis (Saksamaal). Nutikate pulbrite juhtiv p\u00f5lvkond ainulaadses ja uues alumiiniumpudeli disainis, mis tagab kiire ja sujuva pulbrikambri t\u00e4itmise, pikaajalise j\u00e4tkusuutlikkuse ja keskkonnas\u00f5braliku lahenduse.","robots":{"index":"index","follow":"follow","max-snippet":"max-snippet:-1","max-image-preview":"max-image-preview:large","max-video-preview":"max-video-preview:-1"},"canonical":"https:\/\/getama.ee\/en\/toode\/ems-air-flow-plus-puhastuspulber-400g\/","og_locale":"en_US","og_type":"article","og_title":"EMS Air-Flow Plus puhastuspulber (400g) | Getama","og_description":"EMS AIRFLOW\u00ae PLUS pulbrit arendab ja toodab eksklusiivselt EMS \/ Dr. Wittman oma keemialaborite pideva kontrolli all Nyonis (\u0160veitsis) ja Zwingenbergis (Saksamaal). Nutikate pulbrite juhtiv p\u00f5lvkond ainulaadses ja uues alumiiniumpudeli disainis, mis tagab kiire ja sujuva pulbrikambri t\u00e4itmise, pikaajalise j\u00e4tkusuutlikkuse ja keskkonnas\u00f5braliku lahenduse.","og_url":"https:\/\/getama.ee\/en\/toode\/ems-air-flow-plus-puhastuspulber-400g\/","og_site_name":"Getama","article_publisher":"https:\/\/www.facebook.com\/GetamaOU","article_modified_time":"2025-09-17T06:50:49+00:00","og_image":[{"width":1000,"height":1000,"url":"https:\/\/getama.ee\/wp-content\/uploads\/2025\/08\/EMS-Air-Flow-Plus-puhastuspulber-400g-1.png","type":"image\/png"}],"twitter_card":"summary_large_image","twitter_misc":{"Est. reading time":"1 minute"},"schema":{"@context":"https:\/\/schema.org","@graph":[{"@type":["WebPage","ItemPage"],"@id":"https:\/\/getama.ee\/en\/toode\/ems-air-flow-plus-puhastuspulber-400g\/","url":"https:\/\/getama.ee\/en\/toode\/ems-air-flow-plus-puhastuspulber-400g\/","name":"EMS Air-Flow Plus puhastuspulber (400g) | Getama","isPartOf":{"@id":"https:\/\/getama.ee\/en\/#website"},"primaryImageOfPage":{"@id":"https:\/\/getama.ee\/en\/toode\/ems-air-flow-plus-puhastuspulber-400g\/#primaryimage"},"image":{"@id":"https:\/\/getama.ee\/en\/toode\/ems-air-flow-plus-puhastuspulber-400g\/#primaryimage"},"thumbnailUrl":"https:\/\/getama.ee\/wp-content\/uploads\/2025\/08\/EMS-Air-Flow-Plus-puhastuspulber-400g-1.png","datePublished":"2025-08-12T07:50:20+00:00","dateModified":"2025-09-17T06:50:49+00:00","description":"EMS AIRFLOW\u00ae PLUS pulbrit arendab ja toodab eksklusiivselt EMS \/ Dr. Wittman oma keemialaborite pideva kontrolli all Nyonis (\u0160veitsis) ja Zwingenbergis (Saksamaal). Nutikate pulbrite juhtiv p\u00f5lvkond ainulaadses ja uues alumiiniumpudeli disainis, mis tagab kiire ja sujuva pulbrikambri t\u00e4itmise, pikaajalise j\u00e4tkusuutlikkuse ja keskkonnas\u00f5braliku lahenduse.","breadcrumb":{"@id":"https:\/\/getama.ee\/en\/toode\/ems-air-flow-plus-puhastuspulber-400g\/#breadcrumb"},"inLanguage":"en-US","potentialAction":[{"@type":"ReadAction","target":["https:\/\/getama.ee\/en\/toode\/ems-air-flow-plus-puhastuspulber-400g\/"]}]},{"@type":"ImageObject","inLanguage":"en-US","@id":"https:\/\/getama.ee\/en\/toode\/ems-air-flow-plus-puhastuspulber-400g\/#primaryimage","url":"https:\/\/getama.ee\/wp-content\/uploads\/2025\/08\/EMS-Air-Flow-Plus-puhastuspulber-400g-1.png","contentUrl":"https:\/\/getama.ee\/wp-content\/uploads\/2025\/08\/EMS-Air-Flow-Plus-puhastuspulber-400g-1.png","width":1000,"height":1000},{"@type":"BreadcrumbList","@id":"https:\/\/getama.ee\/en\/toode\/ems-air-flow-plus-puhastuspulber-400g\/#breadcrumb","itemListElement":[{"@type":"ListItem","position":1,"name":"Esileht","item":"https:\/\/getama.ee\/en\/"},{"@type":"ListItem","position":2,"name":"Pood","item":"https:\/\/getama.ee\/pood\/"},{"@type":"ListItem","position":3,"name":"EMS Air-Flow Plus puhastuspulber (400g)"}]},{"@type":"WebSite","@id":"https:\/\/getama.ee\/en\/#website","url":"https:\/\/getama.ee\/en\/","name":"Getama","description":"Aitame sisustada Sinu hambakliiniku.","publisher":{"@id":"https:\/\/getama.ee\/en\/#organization"},"potentialAction":[{"@type":"SearchAction","target":{"@type":"EntryPoint","urlTemplate":"https:\/\/getama.ee\/en\/?s={search_term_string}"},"query-input":{"@type":"PropertyValueSpecification","valueRequired":true,"valueName":"search_term_string"}}],"inLanguage":"en-US"},{"@type":"Organization","@id":"https:\/\/getama.ee\/en\/#organization","name":"Getama O\u00dc","url":"https:\/\/getama.ee\/en\/","logo":{"@type":"ImageObject","inLanguage":"en-US","@id":"https:\/\/getama.ee\/en\/#\/schema\/logo\/image\/","url":"https:\/\/getama.ee\/wp-content\/uploads\/2025\/07\/cropped-Getama-icon.png","contentUrl":"https:\/\/getama.ee\/wp-content\/uploads\/2025\/07\/cropped-Getama-icon.png","width":512,"height":512,"caption":"Getama O\u00dc"},"image":{"@id":"https:\/\/getama.ee\/en\/#\/schema\/logo\/image\/"},"sameAs":["https:\/\/www.facebook.com\/GetamaOU","https:\/\/www.linkedin.com\/company\/getama"]}]}},"_links":{"self":[{"href":"https:\/\/getama.ee\/en\/wp-json\/wp\/v2\/product\/1351","targetHints":{"allow":["GET"]}}],"collection":[{"href":"https:\/\/getama.ee\/en\/wp-json\/wp\/v2\/product"}],"about":[{"href":"https:\/\/getama.ee\/en\/wp-json\/wp\/v2\/types\/product"}],"replies":[{"embeddable":true,"href":"https:\/\/getama.ee\/en\/wp-json\/wp\/v2\/comments?post=1351"}],"wp:featuredmedia":[{"embeddable":true,"href":"https:\/\/getama.ee\/en\/wp-json\/wp\/v2\/media\/1462"}],"wp:attachment":[{"href":"https:\/\/getama.ee\/en\/wp-json\/wp\/v2\/media?parent=1351"}],"wp:term":[{"taxonomy":"product_brand","embeddable":true,"href":"https:\/\/getama.ee\/en\/wp-json\/wp\/v2\/product_brand?post=1351"},{"taxonomy":"product_cat","embeddable":true,"href":"https:\/\/getama.ee\/en\/wp-json\/wp\/v2\/product_cat?post=1351"},{"taxonomy":"product_tag","embeddable":true,"href":"https:\/\/getama.ee\/en\/wp-json\/wp\/v2\/product_tag?post=1351"}],"curies":[{"name":"wp","href":"https:\/\/api.w.org\/{rel}","templated":true}]}}